{"id":10385,"date":"2022-08-30T04:25:31","date_gmt":"2022-08-30T04:25:31","guid":{"rendered":"https:\/\/drfeiz.com\/?page_id=10385"},"modified":"2022-08-30T04:25:31","modified_gmt":"2022-08-30T04:25:31","slug":"foothill-regional-medical-center-weight-loss-surgery","status":"publish","type":"page","link":"https:\/\/drfeiz.com\/es\/foothill-regional-medical-center-weight-loss-surgery.html","title":{"rendered":"Foothill Regional Medical Center Weight Loss Surgery"},"content":{"rendered":"<section class=\"fw-main-row\">\n<div class=\"fw-container\">\n<div class=\"fw-row\">\n<div class=\"fw-col-xs-12 fw-col-sm-8\">\n<p class=\"post-content\"><span style=\"font-weight: 400;\">The award-winning Foothill Regional Medical Center has partnered with Dr. Michael Feiz to provide comprehensive weight-loss surgery to Orange County residents. Foothill Regional Medical Center\u2019s <\/span><a href=\"https:\/\/www.foothillregionalmedicalcenter.com\/our-services\/weight-loss-surgery\/\"><span style=\"font-weight: 400;\">Weight Loss Program <\/span><\/a><span style=\"font-weight: 400;\">is conveniently located <\/span><span style=\"font-weight: 400;\">between the 5 and 55 freeways at 14662 Newport Ave. in Tustin. The hospital provides free parking for patients and visitors.<\/span><\/p>\n<\/div>\n<div class=\"fw-col-xs-12 fw-col-sm-4\" style=\"padding-top: 15px;\"><img decoding=\"async\" class=\"alignnone\" src=\"\/\/drfeiz.com\/wp-content\/uploads\/2020\/04\/So_Cal_Hospital_Culver_City_BLUE-Background.jpg\" alt=\"\/\/drfeiz.com\/wp-content\/uploads\/2020\/04\/So_Cal_Hospital_Culver_City_BLUE-Background.jpg\" \/><\/div>\n<\/div>\n<div class=\"fw-row\">\n<div class=\"fw-col-xs-12\">\n<p>&nbsp;<\/p>\n<p><b>Internationally Recognized and Accredited Weight-Loss Surgery Program<br \/>\n<\/b><span style=\"font-weight: 400;\">Foothill Regional Medical Center\u2019s inter<\/span><span style=\"font-weight: 400;\">nationally recognized and accredited weight-loss surgery program offers gastric sleeve, gastric bypass, and revision procedures, including a <\/span><span style=\"font-weight: 400;\">lap-band revision to sleeve, <\/span><span style=\"font-weight: 400;\">using the most advanced technology.<\/span><\/p>\n<h5><\/h5>\n<p><strong>Reconocimiento Nacional<\/strong><\/p>\n<p class=\"post-content\">Si elige la p\u00e9rdida de peso quir\u00fargica, seleccione un programa reconocido a nivel nacional con un buen historial. Estamos orgullosos de ser:<\/p>\n<ul>\n<li><a class=\"post-content\" style=\"text-decoration: none;\" href=\"http:\/\/www.surgicalreview.org\/about-us\/\">Centro de excelencia en cirug\u00eda metab\u00f3lica y bari\u00e1trica (COEMBS) de Surgical Review Corp<\/a>.<\/li>\n<li><a class=\"post-content\" style=\"text-decoration: none;\" href=\"https:\/\/www.sch-culvercity.com\/news\/southern-california-hospital-at-culver-city-among-top-5-in-nation-for-patient-safety-excellence-in-2019\/\">2021 Patient Safety Excellence Award Recipient (top 5% in the nation) by Healthgrades<\/a><\/li>\n<li><a class=\"post-content\" style=\"text-decoration: none;\" href=\"https:\/\/www.facs.org\/quality-programs\/mbsaqip\">Centro acreditado bajo el Programa de Acreditaci\u00f3n y Mejora de la Calidad de Cirug\u00eda Bari\u00e1trica y Metab\u00f3lica (MBSAQIP)<\/a><\/li>\n<li><a href=\"https:\/\/www.sch-culvercity.com\/news\/2020\/southern-california-hospital-at-culver-city-named-blue-distinction\/\" target=\"_blank\" rel=\"noopener\"><span style=\"font-weight: 400;\">Blue Distinction Center for Bariatric Surgery by Blue Cross\/Blue Shield<\/span><\/a><\/li>\n<li><span style=\"font-weight: 400;\">CIGNA Center of Excellence of Bariatric Surgery<\/span><\/li>\n<\/ul>\n<p><span style=\"font-weight: 400;\">This accreditation and recognition means that Orange County residents who are seeking surgical solutions for obesity have a local hospital that meets the highest standards for patient safety and quality care. <\/span><\/p>\n<\/div>\n<\/div>\n<\/div>\n<\/section>\n<section class=\"fw-main-row\">\n<div class=\"fw-container\">\n<div class=\"fw-row\">\n<div class=\"fw-col-xs-12 fw-col-sm-3\"><img decoding=\"async\" src=\"\/\/drfeiz.com\/wp-content\/uploads\/2020\/04\/MSeal.jpg\" alt=\"\/\/drfeiz.com\/wp-content\/uploads\/2020\/04\/MSeal.jpg\" \/><\/div>\n<div class=\"fw-col-xs-12 fw-col-sm-3\"><img decoding=\"async\" src=\"\/\/drfeiz.com\/wp-content\/uploads\/2020\/04\/HG_Patient_Safety_Trophy_Image_2019.jpg\" alt=\"\/\/drfeiz.com\/wp-content\/uploads\/2020\/04\/HG_Patient_Safety_Trophy_Image_2019.jpg\" \/><\/div>\n<div class=\"fw-col-xs-12 fw-col-sm-3\"><img decoding=\"async\" src=\"\/\/drfeiz.com\/wp-content\/uploads\/2020\/04\/src-accred.jpg\" alt=\"\/\/drfeiz.com\/wp-content\/uploads\/2020\/04\/src-accred.jpg\" \/><\/div>\n<div class=\"fw-col-xs-12 fw-col-sm-3\"><img decoding=\"async\" src=\"\/\/drfeiz.com\/wp-content\/uploads\/2020\/04\/BlueSeal.png\" alt=\"\/\/drfeiz.com\/wp-content\/uploads\/2020\/04\/BlueSeal.png\" \/><\/div>\n<\/div>\n<\/div>\n<\/section>\n<section class=\"fw-main-row\">\n<div class=\"fw-container\">\n<div class=\"fw-row\">\n<div class=\"fw-col-xs-12\">\n<div class=\"fw-divider-space\" style=\"padding-top: 80px;\"><b>Comprehensive and Compassionate Care<br \/>\n<span style=\"font-weight: 400;\">Foothill Regional Medical Center, alongside Dr. Michael Feiz, offers pre-operative and post-operative care designed specifically for obese patients. This multidisciplinary approach ensures bariatric surgical patients receive benefits that exceed just a surgical procedure. This approach improves patient outcomes and long-term success.<\/span><\/b><\/div>\n<\/div>\n<\/div>\n<\/div>\n<\/section>\n<div><\/div>\n<div><b>Begin Your Weight-Loss Journey<br \/>\n<\/b>For individuals who have tried diet, exercise, and medication without success, bariatric surgery can be an important tool to lose weight and improve health.<\/div>\n<section class=\"fw-main-row\">\n<div class=\"fw-container\">\n<div class=\"fw-row\">\n<div class=\"fw-col-xs-12\">\n<p><span style=\"font-weight: 400;\">We offer the following bariatric surgeries: gastric sleeve, lap-band revision to sleeve, gastric bypass, and lap-band. We\u2019re excited to start your weight loss journey with you, call us today for a FREE Seminar to meet Dr. Feiz and the team, and learn more about Foothill Regional Medical Center!<\/span><\/p>\n<p>&nbsp;<\/p>\n<p class=\"post-content\"><span style=\"text-align: center;\"><img loading=\"lazy\" decoding=\"async\" width=\"1024\" height=\"313\" class=\"alignnone size-large wp-image-6014\" src=\"https:\/\/drfeiz.com\/wp-content\/uploads\/2020\/04\/weight-loss-center-los-angeles-1024x313.png\" srcset=\"https:\/\/drfeiz.com\/wp-content\/uploads\/2020\/04\/weight-loss-center-los-angeles.png 1024w, https:\/\/drfeiz.com\/wp-content\/uploads\/2020\/04\/weight-loss-center-los-angeles-300x92.png 300w, https:\/\/drfeiz.com\/wp-content\/uploads\/2020\/04\/weight-loss-center-los-angeles-768x235.png 768w, https:\/\/drfeiz.com\/wp-content\/uploads\/2020\/04\/weight-loss-center-los-angeles-300x92@2x.png 600w\" sizes=\"auto, (max-width: 1024px) 100vw, 1024px\" \/><\/span><\/p>\n<\/div>\n<\/div>\n<\/div>\n<\/section>\n<section class=\"fw-main-row\">\n<div class=\"fw-container\">\n<div class=\"fw-row\">\n<div class=\"fw-col-xs-12 fw-col-sm-6\">\n<div class=\"tac\"><a class=\"button-style1\" href=\"tel:3108558058\" target=\"_self\" rel=\"noopener noreferrer\"><br \/>\nLLAME (310) 855-8058<br \/>\n<\/a><\/div>\n<\/div>\n<div class=\"fw-col-xs-12 fw-col-sm-6\">\n<div class=\"tac\"><a class=\"button-style1\" href=\"https:\/\/drfeiz.com\/es\/begin-your-journey.html\/\" target=\"_self\" rel=\"noopener noreferrer\"><br \/>\nComience su viaje<br \/>\n<\/a><\/div>\n<\/div>\n<\/div>\n<div class=\"fw-row\">\n<div class=\"fw-col-xs-12\">\n<div class=\"fw-divider-space\" style=\"padding-top: 80px;\"><\/div>\n<\/div>\n<\/div>\n<\/div>\n<\/section>\n<section class=\"fw-main-row\">\n<div class=\"fw-container\">\n<div class=\"fw-row\">\n<div class=\"fw-col-xs-12 fw-col-sm-4\"><\/div>\n<div class=\"fw-col-xs-12 fw-col-sm-4\">\n<p class=\"post-content\"><a href=\"https:\/\/www.sch-culvercity.com\/globalassets\/schh\/2019-southern-california-hospitals-notice-of-patient-privacy.pdf\"><span style=\"text-align: center;\">Pol\u00edtica de privacidad del paciente<\/span><\/a><\/p>\n<\/div>\n<div class=\"fw-col-xs-12 fw-col-sm-4\"><\/div>\n<\/div>\n<\/div>\n<\/section>\n<p><!-- 488f0122fd3461ce0b6529303935b96b --><\/p>","protected":false},"excerpt":{"rendered":"<p>The award-winning Foothill Regional Medical Center has partnered with Dr. Michael Feiz to provide comprehensive weight-loss surgery to Orange County residents. Foothill Regional Medical Center\u2019s Weight Loss Program is conveniently located between the 5 and 55 freeways at 14662 Newport Ave. in Tustin. The hospital provides free parking for patients and visitors. &nbsp; Internationally Recognized [&hellip;]<\/p>\n","protected":false},"author":21,"featured_media":0,"parent":0,"menu_order":0,"comment_status":"closed","ping_status":"closed","template":"","meta":{"footnotes":""},"class_list":["post-10385","page","type-page","status-publish","hentry"],"yoast_head":"<!-- This site is optimized with the Yoast SEO plugin v27.3 - https:\/\/yoast.com\/product\/yoast-seo-wordpress\/ -->\n<title>Foothill Regional Medical Center Weight Loss Surgery - Dr. Michael Feiz<\/title>\n<meta name=\"robots\" content=\"index, follow, max-snippet:-1, max-image-preview:large, max-video-preview:-1\" \/>\n<link rel=\"canonical\" href=\"https:\/\/drfeiz.com\/es\/foothill-regional-medical-center-weight-loss-surgery.html\/\" \/>\n<meta property=\"og:locale\" content=\"es_ES\" \/>\n<meta property=\"og:type\" content=\"article\" \/>\n<meta property=\"og:title\" content=\"Foothill Regional Medical Center Weight Loss Surgery - Dr. Michael Feiz\" \/>\n<meta property=\"og:description\" content=\"The award-winning Foothill Regional Medical Center has partnered with Dr. Michael Feiz to provide comprehensive weight-loss surgery to Orange County residents. Foothill Regional Medical Center\u2019s Weight Loss Program is conveniently located between the 5 and 55 freeways at 14662 Newport Ave. in Tustin. The hospital provides free parking for patients and visitors. &nbsp; Internationally Recognized [&hellip;]\" \/>\n<meta property=\"og:url\" content=\"https:\/\/drfeiz.com\/es\/foothill-regional-medical-center-weight-loss-surgery.html\/\" \/>\n<meta property=\"og:site_name\" content=\"Weight Loss Surgery Los Angeles | Bariatric Surgeon &amp; Weight Loss Surgery\" \/>\n<meta property=\"article:publisher\" content=\"https:\/\/www.facebook.com\/DrFeiz\/\" \/>\n<meta property=\"og:image\" content=\"\/\/drfeiz.com\/wp-content\/uploads\/2020\/04\/So_Cal_Hospital_Culver_City_BLUE-Background.jpg\" \/>\n<meta name=\"twitter:card\" content=\"summary_large_image\" \/>\n<meta name=\"twitter:site\" content=\"@DrFeiz\" \/>\n<meta name=\"twitter:label1\" content=\"Tiempo de lectura\" \/>\n\t<meta name=\"twitter:data1\" content=\"3 minutos\" \/>\n<!-- \/ Yoast SEO plugin. -->","yoast_head_json":{"title":"Foothill Regional Medical Center Weight Loss Surgery - Dr. Michael Feiz","robots":{"index":"index","follow":"follow","max-snippet":"max-snippet:-1","max-image-preview":"max-image-preview:large","max-video-preview":"max-video-preview:-1"},"canonical":"https:\/\/drfeiz.com\/es\/foothill-regional-medical-center-weight-loss-surgery.html\/","og_locale":"es_ES","og_type":"article","og_title":"Foothill Regional Medical Center Weight Loss Surgery - Dr. Michael Feiz","og_description":"The award-winning Foothill Regional Medical Center has partnered with Dr. Michael Feiz to provide comprehensive weight-loss surgery to Orange County residents. Foothill Regional Medical Center\u2019s Weight Loss Program is conveniently located between the 5 and 55 freeways at 14662 Newport Ave. in Tustin. The hospital provides free parking for patients and visitors. &nbsp; Internationally Recognized [&hellip;]","og_url":"https:\/\/drfeiz.com\/es\/foothill-regional-medical-center-weight-loss-surgery.html\/","og_site_name":"Weight Loss Surgery Los Angeles | Bariatric Surgeon &amp; Weight Loss Surgery","article_publisher":"https:\/\/www.facebook.com\/DrFeiz\/","og_image":[{"url":"\/\/drfeiz.com\/wp-content\/uploads\/2020\/04\/So_Cal_Hospital_Culver_City_BLUE-Background.jpg","type":"","width":"","height":""}],"twitter_card":"summary_large_image","twitter_site":"@DrFeiz","twitter_misc":{"Tiempo de lectura":"3 minutos"},"schema":{"@context":"https:\/\/schema.org","@graph":[{"@type":"WebPage","@id":"https:\/\/drfeiz.com\/foothill-regional-medical-center-weight-loss-surgery.html","url":"https:\/\/drfeiz.com\/foothill-regional-medical-center-weight-loss-surgery.html","name":"Foothill Regional Medical Center Weight Loss Surgery - Dr. Michael Feiz","isPartOf":{"@id":"https:\/\/drfeiz.com\/#website"},"primaryImageOfPage":{"@id":"https:\/\/drfeiz.com\/foothill-regional-medical-center-weight-loss-surgery.html#primaryimage"},"image":{"@id":"https:\/\/drfeiz.com\/foothill-regional-medical-center-weight-loss-surgery.html#primaryimage"},"thumbnailUrl":"https:\/\/drfeiz.com\/wp-content\/uploads\/2020\/04\/weight-loss-center-los-angeles-1024x313.png","datePublished":"2022-08-30T04:25:31+00:00","breadcrumb":{"@id":"https:\/\/drfeiz.com\/foothill-regional-medical-center-weight-loss-surgery.html#breadcrumb"},"inLanguage":"es","potentialAction":[{"@type":"ReadAction","target":["https:\/\/drfeiz.com\/foothill-regional-medical-center-weight-loss-surgery.html"]}]},{"@type":"ImageObject","inLanguage":"es","@id":"https:\/\/drfeiz.com\/foothill-regional-medical-center-weight-loss-surgery.html#primaryimage","url":"https:\/\/drfeiz.com\/wp-content\/uploads\/2020\/04\/weight-loss-center-los-angeles-1024x313.png","contentUrl":"https:\/\/drfeiz.com\/wp-content\/uploads\/2020\/04\/weight-loss-center-los-angeles-1024x313.png"},{"@type":"BreadcrumbList","@id":"https:\/\/drfeiz.com\/foothill-regional-medical-center-weight-loss-surgery.html#breadcrumb","itemListElement":[{"@type":"ListItem","position":1,"name":"Home","item":"https:\/\/drfeiz.com\/"},{"@type":"ListItem","position":2,"name":"Foothill Regional Medical Center Weight Loss Surgery"}]},{"@type":"WebSite","@id":"https:\/\/drfeiz.com\/#website","url":"https:\/\/drfeiz.com\/","name":"Weight Loss Surgery Los Angeles | Bariatric Surgeon &amp; Weight Loss Surgery","description":"Gastric Sleeve Gastrectomy in Los Angeles","potentialAction":[{"@type":"SearchAction","target":{"@type":"EntryPoint","urlTemplate":"https:\/\/drfeiz.com\/?s={search_term_string}"},"query-input":{"@type":"PropertyValueSpecification","valueRequired":true,"valueName":"search_term_string"}}],"inLanguage":"es"}]}},"_links":{"self":[{"href":"https:\/\/drfeiz.com\/es\/wp-json\/wp\/v2\/pages\/10385","targetHints":{"allow":["GET"]}}],"collection":[{"href":"https:\/\/drfeiz.com\/es\/wp-json\/wp\/v2\/pages"}],"about":[{"href":"https:\/\/drfeiz.com\/es\/wp-json\/wp\/v2\/types\/page"}],"author":[{"embeddable":true,"href":"https:\/\/drfeiz.com\/es\/wp-json\/wp\/v2\/users\/21"}],"replies":[{"embeddable":true,"href":"https:\/\/drfeiz.com\/es\/wp-json\/wp\/v2\/comments?post=10385"}],"version-history":[{"count":2,"href":"https:\/\/drfeiz.com\/es\/wp-json\/wp\/v2\/pages\/10385\/revisions"}],"predecessor-version":[{"id":10387,"href":"https:\/\/drfeiz.com\/es\/wp-json\/wp\/v2\/pages\/10385\/revisions\/10387"}],"wp:attachment":[{"href":"https:\/\/drfeiz.com\/es\/wp-json\/wp\/v2\/media?parent=10385"}],"curies":[{"name":"wp","href":"https:\/\/api.w.org\/{rel}","templated":true}]}}