{"id":1466,"date":"2012-01-24T20:40:02","date_gmt":"2012-01-24T20:40:02","guid":{"rendered":"http:\/\/drfeiz.flywheelsites.com\/convert-lap-band-to-sleeve-3\/"},"modified":"2021-06-21T09:33:15","modified_gmt":"2021-06-21T09:33:15","slug":"convert-lap-band-to-sleeve","status":"publish","type":"page","link":"https:\/\/drfeiz.com\/es\/convert-lap-band-to-sleeve.html","title":{"rendered":"Revisi\u00f3n de la banda g\u00e1strica a manga g\u00e1strica"},"content":{"rendered":"<section class=\"fw-main-row\">\n<div class=\"fw-container\">\n<div class=\"fw-row\">\n<div class=\"fw-col-xs-12 fw-col-sm-9\">\n<div class=\"fw-divider-space\" style=\"padding-top: 50px\"><\/div>\n<h2><span style=\"font-size: 24pt\">Convierte una banda g\u00e1strica en manga g\u00e1strica<\/span><\/h2>\n<div class=\"fw-divider-space\" style=\"padding-top: 50px\"><\/div>\n<div class=\"fw-row\">\n<div class=\"fw-col-sm-6\">\n<p><img loading=\"lazy\" decoding=\"async\" class=\"alignleft wp-image-1464 size-full\" title=\"Revisi\u00f3n de la banda g\u00e1strica a manga g\u00e1strica\" src=\"https:\/\/drfeiz.com\/wp-content\/uploads\/2012\/01\/sleeve-gastrectomy.jpg\" alt=\"Convert Lap Band to Sleeve \" width=\"400\" height=\"151\" srcset=\"https:\/\/drfeiz.com\/wp-content\/uploads\/2012\/01\/sleeve-gastrectomy.jpg 400w, https:\/\/drfeiz.com\/wp-content\/uploads\/2012\/01\/sleeve-gastrectomy-300x113.jpg 300w\" sizes=\"auto, (max-width: 400px) 100vw, 400px\" \/><\/p>\n<\/div>\n<div class=\"fw-col-sm-6\">\n<p class=\"post-content\">Si usted es un paciente que ha tenido la banda g\u00e1strica u otro procedimiento relacionando con una banda g\u00e1strica, pero aun no est\u00e1 satisfecho con los resultados, usted debe saber que Michael Feiz, M.D, F.A.C.S. ha tenido mucho \u00e9xito con procedimientos que convierten bandas g\u00e1stricas en mangas g\u00e1stricas.<\/p>\n<\/div>\n<div><\/div>\n<\/div>\n<div class=\"fw-divider-space\" style=\"padding-top: 25px\"><\/div>\n<p><h3 class=\"h4\">Comprensi\u00f3n de la manga g\u00e1strica vs banda g\u00e1strica<\/h3>\n<p><\/p>\n<p class=\"post-content\">Un procedimiento de banda g\u00e1strica es un procedimiento reversible en el que una gran parte del est\u00f3mago est\u00e1 atado con un dispositivo de pl\u00e1stico en forma de anillo que normalmente debe ajustarse varias veces despu\u00e9s del procedimiento inicial. La intenci\u00f3n de el dispositivo es hacer que comer en exceso sea incomodo y reduce el apetito.<\/p>\n<p><\/p>\n<p class=\"post-content\">Una <strong>Manga G\u00e1strica<\/strong> toma una ruta m\u00e1s directa y elimina permanentemente aproximadamente el 75%-85% del est\u00f3mago. Si bien puede parecer m\u00e1s radical que una banda g\u00e1strica, pero a\u00fan est\u00e1 categorizado como una cirug\u00eda m\u00ednimamente invasivo, y a diferencia del procedimiento de bypass g\u00e1strico m\u00e1s antiguo, este procedimiento preserva las funciones esenciales del est\u00f3mago. Los pacientes que han obtenido esta cirug\u00eda a menudo pueden comer la mayor\u00eda de los mismos alimentos que comieron anteriormente, aunque, obviamente, en porciones mucho m\u00e1s peque\u00f1as.<\/p>\n<\/p>\n<div class=\"fw-row\">\n<div class=\"fw-col-sm-4\"><a href=\"\/es\/weight-loss-surgery-patient-stories\/gallery.html\/\"><img loading=\"lazy\" decoding=\"async\" class=\"alignleft wp-image-1464 size-full\" src=\"https:\/\/drfeiz.com\/wp-content\/uploads\/2012\/01\/sleeve-gastrectomy.jpg\" alt=\"Convert Lap Band to Sleeve \" width=\"400\" height=\"151\" srcset=\"https:\/\/drfeiz.com\/wp-content\/uploads\/2012\/01\/sleeve-gastrectomy.jpg 400w, https:\/\/drfeiz.com\/wp-content\/uploads\/2012\/01\/sleeve-gastrectomy-300x113.jpg 300w\" sizes=\"auto, (max-width: 400px) 100vw, 400px\" \/><\/a><\/div>\n<div class=\"fw-col-sm-8\">\n<p class=\"post-content\">Tal vez lo m\u00e1s esencial de la manga g\u00e1strica seria los beneficios adicionales que ofrece. Esto se debe al hecho de que la porci\u00f3n del est\u00f3mago eliminado en el procedimiento es en gran parte responsable de la producci\u00f3n de ghrelina. Esta hormona es lo que va al cerebro y a menudo causa sentimientos de hambre y apetito que hacen que la p\u00e9rdida de peso a largo plazo casi inalcanzable para tantas mujeres y hombres obesos.  El mantenimiento de la p\u00e9rdida de peso se vuelve dram\u00e1ticamente meno dif\u00edcil de adquirir.<\/p>\n<\/div>\n<\/div>\n<p><p class=\"post-content\">La decisi\u00f3n de <a title=\"convertir la banda g\u00e1strica a la manga g\u00e1strica\" href=\"\/es\/convert-lap-band-to-sleeve.html\/\">convertir la banda g\u00e1strica a la manga g\u00e1strica<\/a> debe tomarse solo junto a un cirujano bari\u00e1trico experimentado. El Dr. Feiz ha realizado este procedimiento bari\u00e1trico de revisi\u00f3n muchas veces y puede ayudarlo a determinar el mejor curso.<\/p>\n<\/p>\n<div class=\"fw-divider-space\" style=\"padding-top: 25px\"><\/div>\n<p><div class=\"wondercarousellightbox_options\" data-skinsfoldername=\"\" data-jsfolder=\"https:\/\/drfeiz.com\/wp-content\/plugins\/wonderplugin-carousel\/engine\/\"><\/div>\n<p>@import url(https:\/\/fonts.googleapis.com\/css?family=Open+Sans);   #wonderplugincarousel-1 .amazingcarousel-image {\t \tposition: relative; \tpadding: 4px; }  #wonderplugincarousel-1 .amazingcarousel-image img { \tdisplay: block; \twidth: 100%; \tmax-width: 100%; \tborder: 0; \tmargin: 0; \tpadding: 0; \t-moz-border-radius: 0px; \t-webkit-border-radius: 0px; \tborder-radius: 0px; \t-moz-box-shadow:  0 1px 4px rgba(0, 0, 0, 0.2); \t-webkit-box-shadow: 0 1px 4px rgba(0, 0, 0, 0.2); \tbox-shadow: 0 1px 4px rgba(0, 0, 0, 0.2); }  #wonderplugincarousel-1 .amazingcarousel-title { \tposition:relative; \tfont:14px \"Open Sans\", sans-serif; \tcolor:#333333; \tmargin:6px; \ttext-align:center; \ttext-shadow:0px 1px 1px #fff; }  #wonderplugincarousel-1 .amazingcarousel-list-container {  \tpadding: 16px 0; }  #wonderplugincarousel-1 .amazingcarousel-item-container { \ttext-align: center; \tpadding: 4px; \tbackground-color: #fff; \tborder: 1px solid #ddd; \t-moz-box-shadow: 0px 0px 5px 1px rgba(96, 96, 96, 0.1); \t-webkit-box-shadow: 0px 0px 5px 1px rgba(96, 96, 96, 0.1); \tbox-shadow: 0px 0px 5px 1px rgba(96, 96, 96, 0.1); }  #wonderplugincarousel-1 .amazingcarousel-prev { \tleft: 0%; \ttop: 50%; \tmargin-left: -48px; \tmargin-top: -16px; }  #wonderplugincarousel-1 .amazingcarousel-next { \tright: 0%; \ttop: 50%; \tmargin-right: -48px; \tmargin-top: -16px; }  #wonderplugincarousel-1 .amazingcarousel-nav { \tposition: absolute; \twidth: 100%; \ttop: 100%; }  #wonderplugincarousel-1 .amazingcarousel-bullet-wrapper { \tmargin: 4px auto; }  .amazingcarousel-socialmedia-button { \tdisplay: inline-block; \tmargin: 4px; }  .amazingcarousel-socialmedia-button a { \tbox-shadow: none; }  .amazingcarousel-socialmedia-icon { \tdisplay:table-cell; \twidth:32px; \theight:32px; \tfont-size:18px; \tborder-radius:50%; \tcolor:#fff; \tvertical-align:middle; \ttext-align:center; \tcursor:pointer; \tpadding:0; }  .amazingcarousel-socialmedia-rotate { \ttransition: transform .4s ease-in;  }   .amazingcarousel-socialmedia-rotate:hover {  \ttransform: rotate(360deg);  }<\/p>\n<div class=\"wonderplugincarousel-container\" id=\"wonderplugincarousel-container-1\">\n<div class=\"wonderplugincarousel\" id=\"wonderplugincarousel-1\" data-carouselid=\"1\" data-width=\"240\" data-height=\"200\" data-skin=\"classic\" data-multiplebyrow=\"false\" data-showimgtitle=\"false\" data-sameheight=\"false\" data-sameheightresponsive=\"true\" data-fullwidth=\"true\" data-centerimage=\"true\" data-fitimage=\"false\" data-fitcenterimage=\"false\" data-fixaspectratio=\"true\" data-autoplay=\"true\" data-random=\"false\" data-circular=\"true\" data-pauseonmouseover=\"true\" data-continuous=\"false\" data-responsive=\"true\" data-showhoveroverlay=\"true\" data-showhoveroverlayalways=\"false\" data-hidehoveroverlayontouch=\"false\" data-lightboxresponsive=\"true\" data-lightboxshownavigation=\"false\" data-lightboxnogroup=\"false\" data-lightboxshowtitle=\"true\" data-lightboxshowdescription=\"false\" data-lightboxaddsocialmedia=\"false\" data-usescreenquery=\"false\" data-donotinit=\"false\" data-addinitscript=\"false\" data-doshortcodeontext=\"false\" data-lightboxshowsocial=\"false\" data-lightboxshowemail=\"true\" data-lightboxshowfacebook=\"true\" data-lightboxshowtwitter=\"true\" data-lightboxshowpinterest=\"true\" data-lightboxsocialrotateeffect=\"true\" data-donotcircularforless=\"true\" data-deferloading=\"false\" data-hidecontainerbeforeloaded=\"false\" data-hidecontaineroninit=\"true\" data-lightboximagekeepratio=\"true\" data-showplayvideo=\"true\" data-triggerresize=\"false\" data-lightboxfullscreenmode=\"false\" data-lightboxcloseonoverlay=\"true\" data-lightboxvideohidecontrols=\"false\" data-lightboxautoslide=\"false\" data-lightboxshowtimer=\"true\" data-lightboxshowplaybutton=\"true\" data-lightboxalwaysshownavarrows=\"false\" data-lightboxshowtitleprefix=\"true\" data-spacing=\"18\" data-rownumber=\"1\" data-visibleitems=\"5\" data-arrowstyle=\"always\" data-arrowimage=\"arrows-32-32-2.png\" data-arrowwidth=\"32\" data-arrowheight=\"32\" data-navstyle=\"bullets\" data-navimage=\"bullet-16-16-0.png\" data-navwidth=\"16\" data-navheight=\"16\" data-navspacing=\"8\" data-hoveroverlayimage=\"hoveroverlay-64-64-3.png\" data-lightboxthumbwidth=\"90\" data-lightboxthumbheight=\"60\" data-lightboxthumbtopmargin=\"12\" data-lightboxthumbbottommargin=\"4\" data-lightboxbarheight=\"64\" data-lightboxtitlebottomcss=\"{color:#333; font-size:14px; font-family:Armata,sans-serif,Arial; overflow:hidden; text-align:left;}\" data-lightboxdescriptionbottomcss=\"{color:#333; font-size:12px; font-family:Arial,Helvetica,sans-serif; overflow:hidden; text-align:left; margin:4px 0px 0px; padding: 0px;}\" data-continuousduration=\"2500\" data-autoplaydir=\"left\" data-scrollmode=\"page\" data-interval=\"3000\" data-transitionduration=\"1000\" data-lightboxtitlestyle=\"bottom\" data-lightboximagepercentage=\"75\" data-lightboxdefaultvideovolume=\"1\" data-lightboxoverlaybgcolor=\"#000\" data-lightboxoverlayopacity=\"0.9\" data-lightboxbgcolor=\"#fff\" data-lightboxtitleprefix=\"%NUM \/ %TOTAL\" data-lightboxtitleinsidecss=\"color:#fff; font-size:16px; font-family:Arial,Helvetica,sans-serif; overflow:hidden; text-align:left;\" data-lightboxdescriptioninsidecss=\"color:#fff; font-size:12px; font-family:Arial,Helvetica,sans-serif; overflow:hidden; text-align:left; margin:4px 0px 0px; padding: 0px;\" data-playvideoimage=\"playvideo-64-64-0.png\" data-playvideoimagepos=\"center\" data-imgtitle=\"title\" data-circularlimit=\"3\" data-deferloadingdelay=\"0\" data-lightboxsocialposition=\"position:absolute;top:100%;right:0;\" data-lightboxsocialpositionsmallscreen=\"position:absolute;top:100%;right:0;left:0;\" data-lightboxsocialdirection=\"horizontal\" data-lightboxsocialbuttonsize=\"32\" data-lightboxsocialbuttonfontsize=\"18\" data-sameheightmediumscreen=\"769\" data-sameheightmediumheight=\"200\" data-sameheightsmallscreen=\"415\" data-sameheightsmallheight=\"150\" data-triggerresizedelay=\"100\" data-lightboxslideinterval=\"5000\" data-lightboxtimerposition=\"bottom\" data-lightboxtimercolor=\"#dc572e\" data-lightboxtimeropacity=\"1\" data-lightboxbordersize=\"8\" data-lightboxborderradius=\"0\" data-screenquery='{ \"tablet\": { \"screenwidth\": 800, \"visibleitems\": 2 }, \"mobile\": { \"screenwidth\": 480, \"visibleitems\": 1 } }' data-jsfolder=\"https:\/\/drfeiz.com\/wp-content\/plugins\/wonderplugin-carousel\/engine\/\" style=\"margin:0 auto;width:100%;max-width:1200px\">\n<div class=\"amazingcarousel-list-container\" style=\"overflow:hidden\">\n<ul class=\"amazingcarousel-list\">\n<li class=\"amazingcarousel-item\">\n<div class=\"amazingcarousel-item-container\">\n<div class=\"amazingcarousel-image\"><a href=\"https:\/\/drfeiz.com\/wp-content\/uploads\/2019\/01\/1.jpg\" title=\"slide3\" data-thumbnail=\"https:\/\/drfeiz.com\/wp-content\/uploads\/2019\/01\/1.jpg\" class=\"wondercarousellightbox wondercarousellightbox-1\" data-group=\"wondercarousellightbox-1\"><img decoding=\"async\" class=\"amazingcarousel-image-img\" src=\"https:\/\/drfeiz.com\/wp-content\/uploads\/2019\/01\/1.jpg\" alt=\"slide3\" data-description=\"\" \/><\/a><\/div>\n<\/div>\n<\/li>\n<li class=\"amazingcarousel-item\">\n<div class=\"amazingcarousel-item-container\">\n<div class=\"amazingcarousel-image\"><a href=\"https:\/\/drfeiz.com\/wp-content\/uploads\/2018\/11\/slide5.jpg\" title=\"slide5\" data-thumbnail=\"https:\/\/drfeiz.com\/wp-content\/uploads\/2018\/11\/slide5-150x150.jpg\" class=\"wondercarousellightbox wondercarousellightbox-1\" data-group=\"wondercarousellightbox-1\"><img decoding=\"async\" class=\"amazingcarousel-image-img\" src=\"https:\/\/drfeiz.com\/wp-content\/uploads\/2018\/11\/slide5.jpg\" alt=\"slide5\" data-description=\"\" \/><\/a><\/div>\n<\/div>\n<\/li>\n<li class=\"amazingcarousel-item\">\n<div class=\"amazingcarousel-item-container\">\n<div class=\"amazingcarousel-image\"><a href=\"https:\/\/drfeiz.com\/wp-content\/uploads\/2018\/11\/slide1.jpg\" title=\"slide1\" data-thumbnail=\"https:\/\/drfeiz.com\/wp-content\/uploads\/2018\/11\/slide1-150x150.jpg\" class=\"wondercarousellightbox wondercarousellightbox-1\" data-group=\"wondercarousellightbox-1\"><img decoding=\"async\" class=\"amazingcarousel-image-img\" src=\"https:\/\/drfeiz.com\/wp-content\/uploads\/2018\/11\/slide1.jpg\" alt=\"slide1\" data-description=\"\" \/><\/a><\/div>\n<\/div>\n<\/li>\n<li class=\"amazingcarousel-item\">\n<div class=\"amazingcarousel-item-container\">\n<div class=\"amazingcarousel-image\"><a href=\"https:\/\/drfeiz.com\/wp-content\/uploads\/2018\/11\/slide6.jpg\" title=\"slide6\" data-thumbnail=\"https:\/\/drfeiz.com\/wp-content\/uploads\/2018\/11\/slide6-150x150.jpg\" class=\"wondercarousellightbox wondercarousellightbox-1\" data-group=\"wondercarousellightbox-1\"><img decoding=\"async\" class=\"amazingcarousel-image-img\" src=\"https:\/\/drfeiz.com\/wp-content\/uploads\/2018\/11\/slide6.jpg\" alt=\"slide6\" data-description=\"\" \/><\/a><\/div>\n<\/div>\n<\/li>\n<li class=\"amazingcarousel-item\">\n<div class=\"amazingcarousel-item-container\">\n<div class=\"amazingcarousel-image\"><a href=\"https:\/\/drfeiz.com\/wp-content\/uploads\/2018\/11\/slide7.jpg\" title=\"slide7\" data-thumbnail=\"https:\/\/drfeiz.com\/wp-content\/uploads\/2018\/11\/slide7-150x150.jpg\" class=\"wondercarousellightbox wondercarousellightbox-1\" data-group=\"wondercarousellightbox-1\"><img decoding=\"async\" class=\"amazingcarousel-image-img\" src=\"https:\/\/drfeiz.com\/wp-content\/uploads\/2018\/11\/slide7.jpg\" alt=\"slide7\" data-description=\"\" \/><\/a><\/div>\n<\/div>\n<\/li>\n<li class=\"amazingcarousel-item\">\n<div class=\"amazingcarousel-item-container\">\n<div class=\"amazingcarousel-image\"><a href=\"https:\/\/drfeiz.com\/wp-content\/uploads\/2018\/11\/slide8.jpg\" title=\"slide8\" data-thumbnail=\"https:\/\/drfeiz.com\/wp-content\/uploads\/2018\/11\/slide8-150x150.jpg\" class=\"wondercarousellightbox wondercarousellightbox-1\" data-group=\"wondercarousellightbox-1\"><img decoding=\"async\" class=\"amazingcarousel-image-img\" src=\"https:\/\/drfeiz.com\/wp-content\/uploads\/2018\/11\/slide8.jpg\" alt=\"slide8\" data-description=\"\" \/><\/a><\/div>\n<\/div>\n<\/li>\n<li class=\"amazingcarousel-item\">\n<div class=\"amazingcarousel-item-container\">\n<div class=\"amazingcarousel-image\"><a href=\"https:\/\/drfeiz.com\/wp-content\/uploads\/2018\/11\/slide9.jpg\" title=\"slide9\" data-thumbnail=\"https:\/\/drfeiz.com\/wp-content\/uploads\/2018\/11\/slide9-150x150.jpg\" class=\"wondercarousellightbox wondercarousellightbox-1\" data-group=\"wondercarousellightbox-1\"><img decoding=\"async\" class=\"amazingcarousel-image-img\" src=\"https:\/\/drfeiz.com\/wp-content\/uploads\/2018\/11\/slide9.jpg\" alt=\"\" data-title=\"slide9\" data-description=\"\" \/><\/a><\/div>\n<\/div>\n<\/li>\n<li class=\"amazingcarousel-item\">\n<div class=\"amazingcarousel-item-container\">\n<div class=\"amazingcarousel-image\"><a href=\"https:\/\/drfeiz.com\/wp-content\/uploads\/2019\/01\/2.jpg\" title=\"slide10\" data-thumbnail=\"https:\/\/drfeiz.com\/wp-content\/uploads\/2019\/01\/2.jpg\" class=\"wondercarousellightbox wondercarousellightbox-1\" data-group=\"wondercarousellightbox-1\"><img decoding=\"async\" class=\"amazingcarousel-image-img\" src=\"https:\/\/drfeiz.com\/wp-content\/uploads\/2019\/01\/2.jpg\" alt=\"\" data-title=\"slide10\" data-description=\"\" \/><\/a><\/div>\n<\/div>\n<\/li>\n<li class=\"amazingcarousel-item\">\n<div class=\"amazingcarousel-item-container\">\n<div class=\"amazingcarousel-image\"><a href=\"https:\/\/drfeiz.com\/wp-content\/uploads\/2018\/11\/slide11.jpg\" title=\"slide11\" data-thumbnail=\"https:\/\/drfeiz.com\/wp-content\/uploads\/2018\/11\/slide11-150x150.jpg\" class=\"wondercarousellightbox wondercarousellightbox-1\" data-group=\"wondercarousellightbox-1\"><img decoding=\"async\" class=\"amazingcarousel-image-img\" src=\"https:\/\/drfeiz.com\/wp-content\/uploads\/2018\/11\/slide11.jpg\" alt=\"\" data-title=\"slide11\" data-description=\"\" \/><\/a><\/div>\n<\/div>\n<\/li>\n<\/ul>\n<div class=\"amazingcarousel-prev\"><\/div>\n<div class=\"amazingcarousel-next\"><\/div>\n<\/div>\n<div class=\"amazingcarousel-nav\"><\/div>\n<div class=\"wonderplugin-engine\"><a href=\"http:\/\/www.wonderplugin.com\/wordpress-carousel\/\" title=\"WordPress Image Scroller Plugin\">WordPress Image Scroller Plugin<\/a><\/div>\n<\/div>\n<\/div>\n<div class=\"fw-divider-space\" style=\"padding-top: 50px\"><\/div>\n<\/div>\n<div class=\"fw-col-xs-12 fw-col-sm-3\">\n<div class=\"shortcode-widget-area\"><\/div>\n<div class=\"shortcode-widget-area\"><\/div>\n<\/div>\n<\/div><\/div>\n<\/section>\n<p><!-- b9ae0b76575fbd0c86af20794eb4d97a --><\/p>","protected":false},"excerpt":{"rendered":"<p>Convert a Lap-band to Sleeve If you are a patient who has had a Lap Band or another banding procedure, but who has not been entirely happy with the results, you should know that Michael Feiz, M.D, F.A.C.S. has had a great deal of success with procedures that convert Lap Bands to Sleeves. Understanding Sleeve [&hellip;]<\/p>\n","protected":false},"author":19,"featured_media":1464,"parent":0,"menu_order":485,"comment_status":"closed","ping_status":"closed","template":"page-landing.php","meta":{"footnotes":""},"class_list":["post-1466","page","type-page","status-publish","has-post-thumbnail","hentry"],"yoast_head":"<!-- This site is optimized with the Yoast SEO plugin v27.5 - https:\/\/yoast.com\/product\/yoast-seo-wordpress\/ -->\n<title>Lap Band Revision Surgery In LA | Lap Band Revision Surgeons | Dr.Feiz<\/title>\n<meta name=\"description\" content=\"Are you unhappy with the results of the lap band procedure? Get in touch with us ASAP. We will perform lap band revision surgery in LA for better results.\" \/>\n<meta name=\"robots\" content=\"index, follow, max-snippet:-1, max-image-preview:large, max-video-preview:-1\" \/>\n<link rel=\"canonical\" href=\"https:\/\/drfeiz.com\/es\/convert-lap-band-to-sleeve.html\/\" \/>\n<meta property=\"og:locale\" content=\"es_ES\" \/>\n<meta property=\"og:type\" content=\"article\" \/>\n<meta property=\"og:title\" content=\"Lap Band Revision Surgery In LA | Lap Band Revision Surgeons | Dr.Feiz\" \/>\n<meta property=\"og:description\" content=\"Are you unhappy with the results of the lap band procedure? Get in touch with us ASAP. We will perform lap band revision surgery in LA for better results.\" \/>\n<meta property=\"og:url\" content=\"https:\/\/drfeiz.com\/es\/convert-lap-band-to-sleeve.html\/\" \/>\n<meta property=\"og:site_name\" content=\"Weight Loss Surgery Los Angeles | Bariatric Surgeon &amp; Weight Loss Surgery\" \/>\n<meta property=\"article:publisher\" content=\"https:\/\/www.facebook.com\/DrFeiz\/\" \/>\n<meta property=\"article:modified_time\" content=\"2021-06-21T09:33:15+00:00\" \/>\n<meta property=\"og:image\" content=\"https:\/\/secureservercdn.net\/72.167.242.158\/qpd.390.myftpupload.com\/wp-content\/uploads\/2012\/01\/sleeve-gastrectomy.jpg?time=1653079297\" \/>\n\t<meta property=\"og:image:width\" content=\"400\" \/>\n\t<meta property=\"og:image:height\" content=\"151\" \/>\n\t<meta property=\"og:image:type\" content=\"image\/jpeg\" \/>\n<meta name=\"twitter:card\" content=\"summary_large_image\" \/>\n<meta name=\"twitter:site\" content=\"@DrFeiz\" \/>\n<meta name=\"twitter:label1\" content=\"Tiempo de lectura\" \/>\n\t<meta name=\"twitter:data1\" content=\"2 minutos\" \/>\n<!-- \/ Yoast SEO plugin. -->","yoast_head_json":{"title":"Lap Band Revision Surgery In LA | Lap Band Revision Surgeons | Dr.Feiz","description":"Are you unhappy with the results of the lap band procedure? Get in touch with us ASAP. We will perform lap band revision surgery in LA for better results.","robots":{"index":"index","follow":"follow","max-snippet":"max-snippet:-1","max-image-preview":"max-image-preview:large","max-video-preview":"max-video-preview:-1"},"canonical":"https:\/\/drfeiz.com\/es\/convert-lap-band-to-sleeve.html\/","og_locale":"es_ES","og_type":"article","og_title":"Lap Band Revision Surgery In LA | Lap Band Revision Surgeons | Dr.Feiz","og_description":"Are you unhappy with the results of the lap band procedure? Get in touch with us ASAP. We will perform lap band revision surgery in LA for better results.","og_url":"https:\/\/drfeiz.com\/es\/convert-lap-band-to-sleeve.html\/","og_site_name":"Weight Loss Surgery Los Angeles | Bariatric Surgeon &amp; Weight Loss Surgery","article_publisher":"https:\/\/www.facebook.com\/DrFeiz\/","article_modified_time":"2021-06-21T09:33:15+00:00","og_image":[{"width":400,"height":151,"url":"https:\/\/secureservercdn.net\/72.167.242.158\/qpd.390.myftpupload.com\/wp-content\/uploads\/2012\/01\/sleeve-gastrectomy.jpg?time=1653079297","type":"image\/jpeg"}],"twitter_card":"summary_large_image","twitter_site":"@DrFeiz","twitter_misc":{"Tiempo de lectura":"2 minutos"},"schema":{"@context":"https:\/\/schema.org","@graph":[{"@type":"WebPage","@id":"https:\/\/drfeiz.com\/convert-lap-band-to-sleeve.html","url":"https:\/\/drfeiz.com\/convert-lap-band-to-sleeve.html","name":"Lap Band Revision Surgery In LA | Lap Band Revision Surgeons | Dr.Feiz","isPartOf":{"@id":"https:\/\/drfeiz.com\/#website"},"primaryImageOfPage":{"@id":"https:\/\/drfeiz.com\/convert-lap-band-to-sleeve.html#primaryimage"},"image":{"@id":"https:\/\/drfeiz.com\/convert-lap-band-to-sleeve.html#primaryimage"},"thumbnailUrl":"https:\/\/drfeiz.com\/wp-content\/uploads\/2012\/01\/sleeve-gastrectomy.jpg","datePublished":"2012-01-24T20:40:02+00:00","dateModified":"2021-06-21T09:33:15+00:00","description":"Are you unhappy with the results of the lap band procedure? Get in touch with us ASAP. We will perform lap band revision surgery in LA for better results.","breadcrumb":{"@id":"https:\/\/drfeiz.com\/convert-lap-band-to-sleeve.html#breadcrumb"},"inLanguage":"es","potentialAction":[{"@type":"ReadAction","target":["https:\/\/drfeiz.com\/convert-lap-band-to-sleeve.html"]}]},{"@type":"ImageObject","inLanguage":"es","@id":"https:\/\/drfeiz.com\/convert-lap-band-to-sleeve.html#primaryimage","url":"https:\/\/drfeiz.com\/wp-content\/uploads\/2012\/01\/sleeve-gastrectomy.jpg","contentUrl":"https:\/\/drfeiz.com\/wp-content\/uploads\/2012\/01\/sleeve-gastrectomy.jpg","width":400,"height":151,"caption":"Convert Lap Band to Sleeve"},{"@type":"BreadcrumbList","@id":"https:\/\/drfeiz.com\/convert-lap-band-to-sleeve.html#breadcrumb","itemListElement":[{"@type":"ListItem","position":1,"name":"Home","item":"https:\/\/drfeiz.com\/"},{"@type":"ListItem","position":2,"name":"Lap Band Revision to Sleeve"}]},{"@type":"WebSite","@id":"https:\/\/drfeiz.com\/#website","url":"https:\/\/drfeiz.com\/","name":"Weight Loss Surgery Los Angeles | Bariatric Surgeon &amp; Weight Loss Surgery","description":"Gastric Sleeve Gastrectomy in Los Angeles","potentialAction":[{"@type":"SearchAction","target":{"@type":"EntryPoint","urlTemplate":"https:\/\/drfeiz.com\/?s={search_term_string}"},"query-input":{"@type":"PropertyValueSpecification","valueRequired":true,"valueName":"search_term_string"}}],"inLanguage":"es"}]}},"_links":{"self":[{"href":"https:\/\/drfeiz.com\/es\/wp-json\/wp\/v2\/pages\/1466","targetHints":{"allow":["GET"]}}],"collection":[{"href":"https:\/\/drfeiz.com\/es\/wp-json\/wp\/v2\/pages"}],"about":[{"href":"https:\/\/drfeiz.com\/es\/wp-json\/wp\/v2\/types\/page"}],"author":[{"embeddable":true,"href":"https:\/\/drfeiz.com\/es\/wp-json\/wp\/v2\/users\/19"}],"replies":[{"embeddable":true,"href":"https:\/\/drfeiz.com\/es\/wp-json\/wp\/v2\/comments?post=1466"}],"version-history":[{"count":19,"href":"https:\/\/drfeiz.com\/es\/wp-json\/wp\/v2\/pages\/1466\/revisions"}],"predecessor-version":[{"id":7499,"href":"https:\/\/drfeiz.com\/es\/wp-json\/wp\/v2\/pages\/1466\/revisions\/7499"}],"wp:featuredmedia":[{"embeddable":true,"href":"https:\/\/drfeiz.com\/es\/wp-json\/wp\/v2\/media\/1464"}],"wp:attachment":[{"href":"https:\/\/drfeiz.com\/es\/wp-json\/wp\/v2\/media?parent=1466"}],"curies":[{"name":"wp","href":"https:\/\/api.w.org\/{rel}","templated":true}]}}