{"id":1492,"date":"2012-04-24T18:53:04","date_gmt":"2012-04-24T18:53:04","guid":{"rendered":"http:\/\/drfeiz.flywheelsites.com\/rancho-cucamonga-milliken\/"},"modified":"2020-02-19T23:39:49","modified_gmt":"2020-02-19T23:39:49","slug":"rancho-cucamonga-white-oak","status":"publish","type":"page","link":"https:\/\/drfeiz.com\/es\/rancho-cucamonga-white-oak.html","title":{"rendered":"Rancho Cucamonga - White Oak"},"content":{"rendered":"<section class=\"fw-main-row\">\n<div class=\"fw-container\">\n<div class=\"fw-row\">\n<div class=\"fw-col-xs-12\">\n<div class=\"fw-divider-space\" style=\"padding-top: 50px\"><\/div>\n<p><h2 class=\"h3\">Rancho Cucamonga Weight Loss Surgery<\/h2>\n<\/p>\n<div class=\"fw-row\">\n<div class=\"fw-col-sm-6\" style=\"text-align: left\">\n<p class=\"post-content\">Michael Feiz, M.D., F.A.C.S and the entire medical support team at Dr. Feiz and Associates are now providing outstanding weight loss healthcare at our Rancho Cucamonga location. We\u2019re here to help severely overweight individuals in the Inland Empire fight and win the war against obesity through the use of the latest and best in bariatric (weight loss) surgery.<\/p>\n<\/div>\n<div class=\"fw-col-sm-6\">\n<div class=\"mapouter\">\n<div class=\"gmap_canvas\"><\/div>\n<\/div>\n<p>10851 White Oak Avenue, #201 Rancho Cucamonga, CA 91730<\/p><\/div>\n<\/div>\n<p style=\"text-align: center\">\n<p class=\"post-content\">Typically, we employ a procedure called sleeve gastrectomy. This procedure employs minimally invasive laparoscopic technology to remove roughly 75%-85% of the stomach. The reduction in the size of the stomach makes it uncomfortable to overeat, but it also has additional hormonal benefits that can dramatically reduce the hormonally sparked hunger pangs that make weight loss so difficult.<\/p>\n<\/p>\n<div class=\"fw-divider-space\" style=\"padding-top: 50px\"><\/div>\n<p><\/p>\n<p class=\"post-content\">The gastric sleeve weight loss surgery has become an increasingly popular option for people interested in a serious, permanent weight loss solution. This breakthrough procedure involves the removal of 75% or more of the stomach. What remains is then reshaped into the form of a sleeve, enabling the more regulated flow of food particles and helping the patient achieve a faster, longer-lasting sensation of satiety (thus allowing them to comfortably eat smaller portions at less frequent intervals). It is an extremely safe operation, but it would behoove you to carefully select a surgeon with extensive experience and a proven track record.<\/p>\n<p class=\"post-content\">Here at Dr. Feiz &amp; Associates, our highly trained and experienced medical team has made a name for itself as the go-to source for <strong>gastric sleeve surgery in Rancho Cucamonga<\/strong>. Indeed, Dr. Michael Feiz, M.D., FACS is among an elite group of bariatric surgeons in America who are qualified to offer micro sleeve surgery. This advanced method is identical to that of traditional gastric sleeve surgery, except our specialists employ cutting edge instruments that allow them to perform the surgery with only A SINGLE INCISION to the abdominal area. This means a faster and less painful recovery period, as well as virtually no scarring (you\u2019ll have at most a scar no larger than a freckle).<\/p>\n<p><\/p>\n<\/div>\n<\/div>\n<div class=\"fw-row\">\n<div class=\"fw-col-xs-12\">\n<div class=\"fw-divider-space\" style=\"padding-top: 50px\"><\/div>\n<\/div>\n<\/div><\/div>\n<\/section>\n<div class=\"fw-main-row\">\n<div class=\"fw-container no-padding\">\n<div class=\"fw-row\">\n<div class=\"fw-col-xs-12\">\n<h3 style=\"text-align: center\"><strong>Join Us for an Upcoming In-Person Educational Experience<\/strong><\/h3>\n<div class=\"fw-divider-space\" style=\"padding-top: 40px\"><\/div>\n<p><p class=\"post-content\">\u00bfSientes que lo has intentado todo para adelgazar? \u00bfYa se someti\u00f3 a una cirug\u00eda de p\u00e9rdida de peso sin \u00e9xito? El Dr. Michael Feiz y su equipo le proporcionar\u00e1n toda la informaci\u00f3n y los recursos que necesita para tomar una decisi\u00f3n informada sobre la cirug\u00eda para bajar de peso. Aunque los detalles var\u00edan de un paciente a otro, estaremos con usted en cada paso del camino. De la cirug\u00eda\u2014&gt; a la recuperaci\u00f3n\u2014&gt; \u00a1a un estilo de vida saludable permanente!<\/p>\n<\/p>\n<p><p class=\"post-content\"><strong>Fill out the form below -&gt;<\/strong> We will coordinate a time and location that best fits your needs. We can't wait to meet you.<\/p>\n<\/p>\n<\/div>\n<\/div>\n<div class=\"fw-row\">\n<div class=\"fw-col-xs-12 fw-col-sm-6\">\n<div class=\"fw-divider-space\" style=\"padding-top: 30px\"><\/div>\n<p><\/p>\n<div class=\"fw-divider-space\" style=\"padding-top: 50px\"><\/div>\n<\/div>\n<div class=\"fw-col-xs-12 fw-col-sm-6\">\n<div class=\"fw-divider-space\" style=\"padding-top: 70px\"><\/div>\n<p><img decoding=\"async\" src=\"\/\/drfeiz.com\/wp-content\/uploads\/2019\/03\/featuredimage.png\" alt=\"\/\/drfeiz.com\/wp-content\/uploads\/2019\/03\/featuredimage.png\" \/><\/p>\n<div class=\"fw-divider-space\" style=\"padding-top: 50px\"><\/div>\n<\/div>\n<\/div>\n<div class=\"fw-row\">\n<div class=\"fw-col-xs-12 fw-col-sm-4\">\n<div class=\"shortcode-widget-area\"><\/div>\n<div class=\"shortcode-widget-area\"><\/div>\n<\/div>\n<\/div><\/div>\n<\/div>\n<p><!-- b70431de954fdf5c706670acaba9c502 --><\/p>","protected":false},"excerpt":{"rendered":"<p>Rancho Cucamonga Weight Loss Surgery Michael Feiz, M.D., F.A.C.S and the entire medical support team at Dr. Feiz and Associates are now providing outstanding weight loss healthcare at our Rancho Cucamonga location. We\u2019re here to help severely overweight individuals in the Inland Empire fight and win the war against obesity through the use of the [&hellip;]<\/p>\n","protected":false},"author":19,"featured_media":0,"parent":0,"menu_order":4,"comment_status":"closed","ping_status":"closed","template":"page-landing.php","meta":{"footnotes":""},"class_list":["post-1492","page","type-page","status-publish","hentry"],"yoast_head":"<!-- This site is optimized with the Yoast SEO plugin v27.6 - https:\/\/yoast.com\/product\/yoast-seo-wordpress\/ -->\n<title>Rancho Cucamonga - White Oak - Weight Loss Surgery Los Angeles | Bariatric Surgeon &amp; Weight Loss Surgery<\/title>\n<meta name=\"robots\" content=\"index, follow, max-snippet:-1, max-image-preview:large, max-video-preview:-1\" \/>\n<link rel=\"canonical\" href=\"https:\/\/drfeiz.com\/es\/rancho-cucamonga-white-oak.html\/\" \/>\n<meta property=\"og:locale\" content=\"es_ES\" \/>\n<meta property=\"og:type\" content=\"article\" \/>\n<meta property=\"og:title\" content=\"Rancho Cucamonga - White Oak - Weight Loss Surgery Los Angeles | Bariatric Surgeon &amp; Weight Loss Surgery\" \/>\n<meta property=\"og:description\" content=\"Rancho Cucamonga Weight Loss Surgery Michael Feiz, M.D., F.A.C.S and the entire medical support team at Dr. Feiz and Associates are now providing outstanding weight loss healthcare at our Rancho Cucamonga location. We\u2019re here to help severely overweight individuals in the Inland Empire fight and win the war against obesity through the use of the [&hellip;]\" \/>\n<meta property=\"og:url\" content=\"https:\/\/drfeiz.com\/es\/rancho-cucamonga-white-oak.html\/\" \/>\n<meta property=\"og:site_name\" content=\"Weight Loss Surgery Los Angeles | Bariatric Surgeon &amp; Weight Loss Surgery\" \/>\n<meta property=\"article:publisher\" content=\"https:\/\/www.facebook.com\/DrFeiz\/\" \/>\n<meta property=\"article:modified_time\" content=\"2020-02-19T23:39:49+00:00\" \/>\n<meta property=\"og:image\" content=\"\/\/drfeiz.com\/wp-content\/uploads\/2019\/03\/featuredimage.png\" \/>\n<meta name=\"twitter:card\" content=\"summary_large_image\" \/>\n<meta name=\"twitter:site\" content=\"@DrFeiz\" \/>\n<meta name=\"twitter:label1\" content=\"Tiempo de lectura\" \/>\n\t<meta name=\"twitter:data1\" content=\"2 minutos\" \/>\n<!-- \/ Yoast SEO plugin. -->","yoast_head_json":{"title":"Rancho Cucamonga - White Oak - Weight Loss Surgery Los Angeles | Bariatric Surgeon &amp; Weight Loss Surgery","robots":{"index":"index","follow":"follow","max-snippet":"max-snippet:-1","max-image-preview":"max-image-preview:large","max-video-preview":"max-video-preview:-1"},"canonical":"https:\/\/drfeiz.com\/es\/rancho-cucamonga-white-oak.html\/","og_locale":"es_ES","og_type":"article","og_title":"Rancho Cucamonga - White Oak - Weight Loss Surgery Los Angeles | Bariatric Surgeon &amp; Weight Loss Surgery","og_description":"Rancho Cucamonga Weight Loss Surgery Michael Feiz, M.D., F.A.C.S and the entire medical support team at Dr. Feiz and Associates are now providing outstanding weight loss healthcare at our Rancho Cucamonga location. We\u2019re here to help severely overweight individuals in the Inland Empire fight and win the war against obesity through the use of the [&hellip;]","og_url":"https:\/\/drfeiz.com\/es\/rancho-cucamonga-white-oak.html\/","og_site_name":"Weight Loss Surgery Los Angeles | Bariatric Surgeon &amp; Weight Loss Surgery","article_publisher":"https:\/\/www.facebook.com\/DrFeiz\/","article_modified_time":"2020-02-19T23:39:49+00:00","og_image":[{"url":"\/\/drfeiz.com\/wp-content\/uploads\/2019\/03\/featuredimage.png","type":"","width":"","height":""}],"twitter_card":"summary_large_image","twitter_site":"@DrFeiz","twitter_misc":{"Tiempo de lectura":"2 minutos"},"schema":{"@context":"https:\/\/schema.org","@graph":[{"@type":"WebPage","@id":"https:\/\/drfeiz.com\/rancho-cucamonga-white-oak.html","url":"https:\/\/drfeiz.com\/rancho-cucamonga-white-oak.html","name":"Rancho Cucamonga - White Oak - Weight Loss Surgery Los Angeles | Bariatric Surgeon &amp; Weight Loss Surgery","isPartOf":{"@id":"https:\/\/drfeiz.com\/#website"},"datePublished":"2012-04-24T18:53:04+00:00","dateModified":"2020-02-19T23:39:49+00:00","breadcrumb":{"@id":"https:\/\/drfeiz.com\/rancho-cucamonga-white-oak.html#breadcrumb"},"inLanguage":"es","potentialAction":[{"@type":"ReadAction","target":["https:\/\/drfeiz.com\/rancho-cucamonga-white-oak.html"]}]},{"@type":"BreadcrumbList","@id":"https:\/\/drfeiz.com\/rancho-cucamonga-white-oak.html#breadcrumb","itemListElement":[{"@type":"ListItem","position":1,"name":"Home","item":"https:\/\/drfeiz.com\/"},{"@type":"ListItem","position":2,"name":"Rancho Cucamonga - White Oak"}]},{"@type":"WebSite","@id":"https:\/\/drfeiz.com\/#website","url":"https:\/\/drfeiz.com\/","name":"Weight Loss Surgery Los Angeles | Bariatric Surgeon &amp; Weight Loss Surgery","description":"Gastric Sleeve Gastrectomy in Los Angeles","potentialAction":[{"@type":"SearchAction","target":{"@type":"EntryPoint","urlTemplate":"https:\/\/drfeiz.com\/?s={search_term_string}"},"query-input":{"@type":"PropertyValueSpecification","valueRequired":true,"valueName":"search_term_string"}}],"inLanguage":"es"}]}},"_links":{"self":[{"href":"https:\/\/drfeiz.com\/es\/wp-json\/wp\/v2\/pages\/1492","targetHints":{"allow":["GET"]}}],"collection":[{"href":"https:\/\/drfeiz.com\/es\/wp-json\/wp\/v2\/pages"}],"about":[{"href":"https:\/\/drfeiz.com\/es\/wp-json\/wp\/v2\/types\/page"}],"author":[{"embeddable":true,"href":"https:\/\/drfeiz.com\/es\/wp-json\/wp\/v2\/users\/19"}],"replies":[{"embeddable":true,"href":"https:\/\/drfeiz.com\/es\/wp-json\/wp\/v2\/comments?post=1492"}],"version-history":[{"count":18,"href":"https:\/\/drfeiz.com\/es\/wp-json\/wp\/v2\/pages\/1492\/revisions"}],"predecessor-version":[{"id":5788,"href":"https:\/\/drfeiz.com\/es\/wp-json\/wp\/v2\/pages\/1492\/revisions\/5788"}],"wp:attachment":[{"href":"https:\/\/drfeiz.com\/es\/wp-json\/wp\/v2\/media?parent=1492"}],"curies":[{"name":"wp","href":"https:\/\/api.w.org\/{rel}","templated":true}]}}