{"id":5419,"date":"2019-05-16T13:39:31","date_gmt":"2019-05-16T13:39:31","guid":{"rendered":"http:\/\/drfeiz.flywheelsites.com\/?page_id=5419"},"modified":"2021-06-21T10:07:32","modified_gmt":"2021-06-21T10:07:32","slug":"faq","status":"publish","type":"page","link":"https:\/\/drfeiz.com\/es\/faq.html","title":{"rendered":"FREQUENTLY ASKED QUESTIONS"},"content":{"rendered":"<section class=\"fw-main-row\">\n<div class=\"fw-container\">\n<div class=\"fw-row\">\n<div class=\"fw-col-xs-12 fw-col-sm-9\">\n<div class=\"fw-divider-space\" style=\"padding-top: 50px\"><\/div>\n<ol class=\"post-content\">\n<li><a href=\"#ans1\">\u00bfQui\u00e9n califica para la cirug\u00eda bari\u00e1trica?<\/a><\/li>\n<li><a href=\"#ans2\">\u00bfQu\u00e9 inquietudes m\u00e9dicas se pueden considerar para la elegibilidad?<\/a><\/li>\n<li><a href=\"#ans3\">\u00bfPuedo pagar de mi bolsillo la cirug\u00eda bari\u00e1trica si mi compa\u00f1\u00eda de seguros no paga mi cirug\u00eda?<\/a><\/li>\n<li><a href=\"#ans4\">\u00bfCu\u00e1nto dolor sentir\u00e9 despu\u00e9s de la cirug\u00eda bari\u00e1trica?<\/a><\/li>\n<li><a href=\"#ans5\">\u00bfCu\u00e1nto tiempo permanecen la mayor\u00eda de los pacientes en la cl\u00ednica despu\u00e9s de la cirug\u00eda?<\/a><\/li>\n<li><a href=\"#ans6\">\u00bfSe debe considerar la cirug\u00eda pl\u00e1stica despu\u00e9s de perder el exceso de peso?<\/a><\/li>\n<li><a href=\"#ans7\">\u00bfDeben los pacientes tomar suplementos despu\u00e9s de la cirug\u00eda de p\u00e9rdida de peso?<\/a><\/li>\n<li><a href=\"#ans8\">\u00bfExiste alg\u00fan riesgo de p\u00e9rdida de cabello despu\u00e9s de la cirug\u00eda para adelgazar?<\/a><\/li>\n<li><a href=\"#ans9\">\u00bfQu\u00e9 tan pronto pueden los pacientes comenzar a hacer ejercicio despu\u00e9s de la cirug\u00eda para bajar de peso?<\/a><\/li>\n<li><a href=\"#ans10\">\u00bfCu\u00e1nto tiempo deben esperar los pacientes de cirug\u00eda de p\u00e9rdida de peso antes de regresar al trabajo?<\/a><\/li>\n<li><a href=\"#ans11\">\u00bfEs seguro que las pacientes queden embarazadas despu\u00e9s de una cirug\u00eda bari\u00e1trica?<\/a><\/li>\n<\/ol>\n<h3 id=\"ans1\">\u00bfQui\u00e9n califica para la cirug\u00eda bari\u00e1trica?<\/h3>\n<p class=\"post-content\">El Instituto Nacional de Salud (NIH) dice que los candidatos a la cirug\u00eda de p\u00e9rdida de peso deben tener un \u00edndice de masa corporal (IMC) igual o superior a 40. Alternativamente, el paciente puede tener un problema m\u00e9dico relacionado con la obesidad y un IMC igual o superior a 30. Adem\u00e1s, en el caso de que un paciente no haya podido perder peso durante un largo per\u00edodo de tiempo con varios intentos, la cirug\u00eda de p\u00e9rdida de peso puede considerarse apropiada.<\/p>\n<p class=\"post-content\"><a href=\"#top\">Volver arriba<\/a><\/p>\n<h3 id=\"ans2\">\u00bfQu\u00e9 inquietudes m\u00e9dicas se pueden considerar para la elegibilidad?<\/h3>\n<ul class=\"post-content\">\n<li>Diabetes tipo 1 y tipo 2<\/li>\n<li>Cardiopat\u00eda<\/li>\n<li>Hiperlipidemia: niveles excesivos de grasa en la sangre del paciente.<\/li>\n<li>Dolor severo en las articulaciones.<\/li>\n<li>Enfermedad del h\u00edgado graso no alcoh\u00f3lico<\/li>\n<li>Apnea del sue\u00f1o<\/li>\n<li>Hipertensi\u00f3n: presi\u00f3n arterial alta<\/li>\n<\/ul>\n<p class=\"post-content\"><a href=\"#top\">Volver arriba<\/a><\/p>\n<h3 id=\"ans3\">\u00bfPuedo pagar de mi bolsillo la cirug\u00eda bari\u00e1trica si mi compa\u00f1\u00eda de seguros no paga mi cirug\u00eda?<\/h3>\n<p class=\"post-content\">Ofrecemos cirug\u00eda bari\u00e1trica para pacientes que desean pagar en efectivo. Llame a nuestra oficina para obtener m\u00e1s informaci\u00f3n.<\/p>\n<p class=\"post-content\"><a href=\"#top\">Volver arriba<\/a><\/p>\n<h3 id=\"ans4\">\u00bfCu\u00e1nto dolor sentir\u00e9 despu\u00e9s de la cirug\u00eda bari\u00e1trica?<\/h3>\n<p class=\"post-content\">Es com\u00fan que los pacientes sientan algunas molestias despu\u00e9s de la cirug\u00eda. Sin embargo, suele ser suficiente tomar analg\u00e9sicos orales durante varios d\u00edas despu\u00e9s de la cirug\u00eda. Tenga en cuenta que las operaciones generalmente se realizan por v\u00eda laparosc\u00f3pica, lo que generalmente reduce la incomodidad postoperatoria y el tiempo de recuperaci\u00f3n porque un \u00e1rea m\u00e1s peque\u00f1a se ve afectada en comparaci\u00f3n con las cirug\u00edas m\u00e1s invasivas.<\/p>\n<p class=\"post-content\"><a href=\"#top\">Volver arriba<\/a><\/p>\n<h3 id=\"ans5\">\u00bfCu\u00e1nto tiempo permanecen la mayor\u00eda de los pacientes en la cl\u00ednica despu\u00e9s de la cirug\u00eda?<\/h3>\n<p class=\"post-content\">La mayor\u00eda de los pacientes pueden salir de la cl\u00ednica un d\u00eda despu\u00e9s de la cirug\u00eda y muchos pueden irse horas despu\u00e9s de la cirug\u00eda. Despu\u00e9s del alta, es importante que los pacientes descansen durante un per\u00edodo de tiempo predeterminado.<\/p>\n<p class=\"post-content\"><a href=\"#top\">Volver arriba<\/a><\/p>\n<h3 id=\"ans6\">\u00bfSe debe considerar la cirug\u00eda pl\u00e1stica despu\u00e9s de perder el exceso de peso?<\/h3>\n<p class=\"post-content\">La piel fl\u00e1cida es com\u00fan en quienes han perdido una cantidad significativa de peso; sin embargo, a menudo esto es temporal. Varios factores pueden determinar la extensi\u00f3n y la duraci\u00f3n de la piel colgante, incluida la gen\u00e9tica, los h\u00e1bitos de fumar y ejercicio, la edad y la cantidad de peso que se perdi\u00f3.<\/p>\n<p class=\"post-content\">Si el paciente est\u00e1 interesado en un contorno corporal despu\u00e9s de un per\u00edodo de al menos 18 meses para eliminar la piel fl\u00e1cida, entonces se puede considerar la cirug\u00eda pl\u00e1stica. Hacerlo de antemano podr\u00eda afectar el proceso de curaci\u00f3n y tambi\u00e9n podr\u00eda resultar en una cirug\u00eda pl\u00e1stica que simplemente no es necesaria.<\/p>\n<p class=\"post-content\"><a href=\"#top\">Volver arriba<\/a><\/p>\n<h3 id=\"ans7\">\u00bfDeben los pacientes tomar suplementos despu\u00e9s de la cirug\u00eda de p\u00e9rdida de peso?<\/h3>\n<p class=\"post-content\">Si. Debido al cambio diet\u00e9tico masivo que generalmente sigue a la cirug\u00eda de p\u00e9rdida de peso, los suplementos vitam\u00ednicos suelen ser necesarios para garantizar que el paciente obtenga todos los nutrientes importantes, al menos durante los meses iniciales posteriores a un procedimiento bari\u00e1trico. Posteriormente, se espera que los pacientes visiten la cl\u00ednica cada tres meses durante el primer a\u00f1o para asegurarse de que est\u00e1n satisfaciendo sus necesidades nutricionales. Posteriormente, son necesarias dos revisiones al a\u00f1o.<\/p>\n<p class=\"post-content\"><a href=\"#top\">Volver arriba<\/a><\/p>\n<h3 id=\"ans8\">\u00bfExiste alg\u00fan riesgo de p\u00e9rdida de cabello despu\u00e9s de la cirug\u00eda para adelgazar?<\/h3>\n<p class=\"post-content\">La ingesta de calor\u00edas disminuir\u00e1 considerablemente despu\u00e9s de que los pacientes se sometan a una cirug\u00eda bari\u00e1trica. Como efecto secundario potencial de esto, la ca\u00edda del cabello puede ocurrir de tres a seis meses despu\u00e9s de la cirug\u00eda. Suele ser un efecto temporal. Con una nutrici\u00f3n adecuada, el cabello de un paciente a menudo vuelve a la normalidad sin efectos secundarios a largo plazo.<\/p>\n<p class=\"post-content\"><a href=\"#top\">Volver arriba<\/a><\/p>\n<h3 id=\"ans9\">\u00bfQu\u00e9 tan pronto pueden los pacientes comenzar a hacer ejercicio despu\u00e9s de la cirug\u00eda para bajar de peso?<\/h3>\n<p class=\"post-content\">Se recomienda caminar inmediatamente despu\u00e9s de que el paciente se despierta y, por lo general, se acepta un ejercicio leve durante el primer mes despu\u00e9s de la cirug\u00eda. Los pacientes no deben levantar objetos pesados durante al menos cuatro semanas despu\u00e9s de la cirug\u00eda. Algunos pacientes pueden recuperarse m\u00e1s o menos r\u00e1pidamente que otros, pero todos los ejercicios deben realizarse con precauci\u00f3n.<\/p>\n<p class=\"post-content\"><a href=\"#top\">Volver arriba<\/a><\/p>\n<h3 id=\"ans10\">\u00bfCu\u00e1nto tiempo deben esperar los pacientes de cirug\u00eda de p\u00e9rdida de peso antes de regresar al trabajo?<\/h3>\n<p class=\"post-content\">Esto depender\u00e1 en gran medida de las profesiones de los pacientes. Es probable que los trabajos de alta intensidad o los trabajos que requieran una gran cantidad de actividad f\u00edsica no sean seguros durante un mes completo antes de regresar. Este es definitivamente el caso de los trabajos que requieren levantar objetos pesados, que deben retrasarse cuatro semanas despu\u00e9s de un procedimiento como m\u00ednimo. Por otro lado, los pacientes que no necesitan levantar objetos pesados o trabajar en un entorno f\u00edsicamente activo o estresante pueden regresar en tan solo una o dos semanas. Es importante que los pacientes consulten con su m\u00e9dico sobre su regreso al trabajo y que puedan mantenerse hidratados durante las horas de trabajo.<\/p>\n<p class=\"post-content\"><a href=\"#top\">Volver arriba<\/a><\/p>\n<h3 id=\"ans11\">\u00bfEs seguro que las pacientes queden embarazadas despu\u00e9s de una cirug\u00eda bari\u00e1trica?<\/h3>\n<p class=\"post-content\">Se recomienda que las pacientes esperen al menos de 12 a 18 meses despu\u00e9s de la cirug\u00eda bari\u00e1trica antes de quedar embarazadas. Despu\u00e9s de este per\u00edodo de tiempo, hay menos riesgo de ces\u00e1rea, mortinatos y abortos espont\u00e1neos. Nuevamente, es importante consultar con el m\u00e9dico si es probable que se produzca un embarazo.<\/p>\n<p class=\"post-content\"><strong><em>Nota muy importante:<\/em><\/strong> La cirug\u00eda para bajar de peso y los cambios de estilo de vida que la acompa\u00f1an a menudo conducen a un aumento de la fertilidad en las mujeres despu\u00e9s de la cirug\u00eda bari\u00e1trica. Adem\u00e1s, es poco probable que los m\u00e9todos anticonceptivos que se basan en la alteraci\u00f3n de las hormonas femeninas funcionen tan bien en mujeres obesas o que han perdido una cantidad significativa de peso.<\/p>\n<p class=\"post-content\"><a href=\"#top\">Volver arriba<\/a><\/p>\n<\/div>\n<div class=\"fw-col-xs-12 fw-col-sm-3\">\n<div class=\"shortcode-widget-area\">\n<div class=\"textwidget custom-html-widget\"><a id=\"formAnchor653218838\" name=\"form653218838\"><\/a><\/p>\n<\/div>\n<\/div>\n<\/div>\n<\/div><\/div>\n<\/section>\n<p><!-- 4b4144f943e98d82ba73cfc1c6261f0a --><\/p>","protected":false},"excerpt":{"rendered":"<p>Who qualifies for bariatric surgery? What Medical Concerns Can Be Considered for Eligibility? Can I pay out of pocket for bariatric surgery if my insurance company will not pay for my surgery? How much pain will I feel after bariatric surgery? How long do most patients stay at the clinic after surgery? Should plastic surgery [&hellip;]<\/p>\n","protected":false},"author":19,"featured_media":0,"parent":0,"menu_order":0,"comment_status":"closed","ping_status":"closed","template":"page-landing.php","meta":{"footnotes":""},"class_list":["post-5419","page","type-page","status-publish","hentry"],"yoast_head":"<!-- This site is optimized with the Yoast SEO plugin v27.5 - https:\/\/yoast.com\/product\/yoast-seo-wordpress\/ -->\n<title>Weight Loss Surgery Frequently Asked Questions | Dr. Feiz &amp; Associates<\/title>\n<meta name=\"description\" content=\"Frequently Asked Questions (FAQs) regarding weight loss procedures (aka bariatric surgeries) are answered on this page by Dr. Feiz &amp; Associates.\" \/>\n<meta name=\"robots\" content=\"index, follow, max-snippet:-1, max-image-preview:large, max-video-preview:-1\" \/>\n<link rel=\"canonical\" href=\"https:\/\/drfeiz.com\/es\/faq.html\/\" \/>\n<meta property=\"og:locale\" content=\"es_ES\" \/>\n<meta property=\"og:type\" content=\"article\" \/>\n<meta property=\"og:title\" content=\"Weight Loss Surgery Frequently Asked Questions | Dr. Feiz &amp; Associates\" \/>\n<meta property=\"og:description\" content=\"Frequently Asked Questions (FAQs) regarding weight loss procedures (aka bariatric surgeries) are answered on this page by Dr. Feiz &amp; Associates.\" \/>\n<meta property=\"og:url\" content=\"https:\/\/drfeiz.com\/es\/faq.html\/\" \/>\n<meta property=\"og:site_name\" content=\"Weight Loss Surgery Los Angeles | Bariatric Surgeon &amp; Weight Loss Surgery\" \/>\n<meta property=\"article:publisher\" content=\"https:\/\/www.facebook.com\/DrFeiz\/\" \/>\n<meta property=\"article:modified_time\" content=\"2021-06-21T10:07:32+00:00\" \/>\n<meta name=\"twitter:card\" content=\"summary_large_image\" \/>\n<meta name=\"twitter:site\" content=\"@DrFeiz\" \/>\n<meta name=\"twitter:label1\" content=\"Tiempo de lectura\" \/>\n\t<meta name=\"twitter:data1\" content=\"5 minutos\" \/>\n<!-- \/ Yoast SEO plugin. -->","yoast_head_json":{"title":"Weight Loss Surgery Frequently Asked Questions | Dr. Feiz & Associates","description":"Frequently Asked Questions (FAQs) regarding weight loss procedures (aka bariatric surgeries) are answered on this page by Dr. Feiz & Associates.","robots":{"index":"index","follow":"follow","max-snippet":"max-snippet:-1","max-image-preview":"max-image-preview:large","max-video-preview":"max-video-preview:-1"},"canonical":"https:\/\/drfeiz.com\/es\/faq.html\/","og_locale":"es_ES","og_type":"article","og_title":"Weight Loss Surgery Frequently Asked Questions | Dr. Feiz & Associates","og_description":"Frequently Asked Questions (FAQs) regarding weight loss procedures (aka bariatric surgeries) are answered on this page by Dr. Feiz & Associates.","og_url":"https:\/\/drfeiz.com\/es\/faq.html\/","og_site_name":"Weight Loss Surgery Los Angeles | Bariatric Surgeon &amp; Weight Loss Surgery","article_publisher":"https:\/\/www.facebook.com\/DrFeiz\/","article_modified_time":"2021-06-21T10:07:32+00:00","twitter_card":"summary_large_image","twitter_site":"@DrFeiz","twitter_misc":{"Tiempo de lectura":"5 minutos"},"schema":{"@context":"https:\/\/schema.org","@graph":[{"@type":"WebPage","@id":"https:\/\/drfeiz.com\/faq.html","url":"https:\/\/drfeiz.com\/faq.html","name":"Weight Loss Surgery Frequently Asked Questions | Dr. Feiz & Associates","isPartOf":{"@id":"https:\/\/drfeiz.com\/#website"},"datePublished":"2019-05-16T13:39:31+00:00","dateModified":"2021-06-21T10:07:32+00:00","description":"Frequently Asked Questions (FAQs) regarding weight loss procedures (aka bariatric surgeries) are answered on this page by Dr. Feiz & Associates.","breadcrumb":{"@id":"https:\/\/drfeiz.com\/faq.html#breadcrumb"},"inLanguage":"es","potentialAction":[{"@type":"ReadAction","target":["https:\/\/drfeiz.com\/faq.html"]}]},{"@type":"BreadcrumbList","@id":"https:\/\/drfeiz.com\/faq.html#breadcrumb","itemListElement":[{"@type":"ListItem","position":1,"name":"Home","item":"https:\/\/drfeiz.com\/"},{"@type":"ListItem","position":2,"name":"FREQUENTLY ASKED QUESTIONS"}]},{"@type":"WebSite","@id":"https:\/\/drfeiz.com\/#website","url":"https:\/\/drfeiz.com\/","name":"Weight Loss Surgery Los Angeles | Bariatric Surgeon &amp; Weight Loss Surgery","description":"Gastric Sleeve Gastrectomy in Los Angeles","potentialAction":[{"@type":"SearchAction","target":{"@type":"EntryPoint","urlTemplate":"https:\/\/drfeiz.com\/?s={search_term_string}"},"query-input":{"@type":"PropertyValueSpecification","valueRequired":true,"valueName":"search_term_string"}}],"inLanguage":"es"}]}},"_links":{"self":[{"href":"https:\/\/drfeiz.com\/es\/wp-json\/wp\/v2\/pages\/5419","targetHints":{"allow":["GET"]}}],"collection":[{"href":"https:\/\/drfeiz.com\/es\/wp-json\/wp\/v2\/pages"}],"about":[{"href":"https:\/\/drfeiz.com\/es\/wp-json\/wp\/v2\/types\/page"}],"author":[{"embeddable":true,"href":"https:\/\/drfeiz.com\/es\/wp-json\/wp\/v2\/users\/19"}],"replies":[{"embeddable":true,"href":"https:\/\/drfeiz.com\/es\/wp-json\/wp\/v2\/comments?post=5419"}],"version-history":[{"count":8,"href":"https:\/\/drfeiz.com\/es\/wp-json\/wp\/v2\/pages\/5419\/revisions"}],"predecessor-version":[{"id":5441,"href":"https:\/\/drfeiz.com\/es\/wp-json\/wp\/v2\/pages\/5419\/revisions\/5441"}],"wp:attachment":[{"href":"https:\/\/drfeiz.com\/es\/wp-json\/wp\/v2\/media?parent=5419"}],"curies":[{"name":"wp","href":"https:\/\/api.w.org\/{rel}","templated":true}]}}