{"id":5489,"date":"2019-08-14T05:02:28","date_gmt":"2019-08-14T05:02:28","guid":{"rendered":"http:\/\/drfeiz.flywheelsites.com\/?page_id=5489"},"modified":"2021-06-21T09:58:51","modified_gmt":"2021-06-21T09:58:51","slug":"cancer-prevention","status":"publish","type":"page","link":"https:\/\/drfeiz.com\/es\/cancer-prevention.html","title":{"rendered":"Prevenci\u00f3n del c\u00e1ncer y cirug\u00eda bari\u00e1trica"},"content":{"rendered":"<section class=\"fw-main-row\">\n<div class=\"fw-container\">\n<div class=\"fw-row\">\n<div class=\"fw-col-xs-12 fw-col-sm-9\">\n<p><p class=\"post-content\">More and more people have been asking the team at Dr. Feiz &amp; Associates about whether or not cancer prevention can be included among the long list of weight loss surgery benefits. The short answer is yes.<\/p>\n<p><\/p>\n<h3 class=\"h4\">Cancer Prevention Study in <em>Anales de cirug\u00eda<\/em><\/h3>\n<p><\/p>\n<p class=\"post-content\">La obesidad se ha asociado durante mucho tiempo con ciertos tipos de c\u00e1nceres, incluidos el c\u00e1ncer de mama, ovario y colon. Teniendo en cuenta la eficacia de los procedimientos de p\u00e9rdida de peso para combatir la obesidad, no es de extra\u00f1ar que las cirug\u00edas bari\u00e1tricas parezcan reducir las probabilidades de contraer un c\u00e1ncer. En <a href=\"https:\/\/journals.lww.com\/annalsofsurgery\/Abstract\/2019\/01000\/Bariatric_Surgery_and_the_Risk_of_Cancer_in_a.21.aspx\">un estudio de Enero de 2019<\/a> publicado en el <em>Anales de cirug\u00eda<\/em>, los pacientes que se sometieron a cirug\u00edas bari\u00e1tricas ten\u00edan un 33 por ciento menos de probabilidades de desarrollar c\u00e1ncer en comparaci\u00f3n con los pacientes que no se hab\u00edan sometido a una cirug\u00eda para bajar de peso. Quiz\u00e1s a\u00fan m\u00e1s importante, los c\u00e1nceres que normalmente est\u00e1n relacionados con la obesidad, como los c\u00e1nceres de mama, endometrio, colon y p\u00e1ncreas, disminuyeron un ocho por ciento adicional para una ca\u00edda total del 41 por ciento. Evidentemente, se trata de reducciones significativas.<\/p>\n<\/p>\n<p><p class=\"post-content\">Es importante se\u00f1alar dos cosas sobre el estudio. Primero, la mayor\u00eda de los participantes eran mujeres; Todav\u00eda existe un desequilibrio de g\u00e9nero en el n\u00famero de mujeres que recibieron estas operaciones en comparaci\u00f3n con los hombres. Afortunadamente, la mayor\u00eda de los expertos est\u00e1n de acuerdo en que los hombres probablemente disfrutar\u00e1n de beneficios similares de la cirug\u00eda para bajar de peso. Dicho esto, los procedimientos bari\u00e1tricos parecen ser particularmente efectivos para reducir las posibilidades de dos de las neoplasias malignas m\u00e1s comunes que se encuentran en las mujeres: c\u00e1ncer de mama y c\u00e1ncer de endometrio. El segundo punto de este estudio es que solo sigui\u00f3 a los pacientes durante un per\u00edodo de cuatro a\u00f1os. Sin embargo, el autor del estudio ha se\u00f1alado que existen muchas razones para anticipar que los beneficios continuar\u00e1n junto con las p\u00e9rdidas de peso duraderas.<\/p>\n<\/p>\n<p><p class=\"post-content\">En breve:<\/p>\n<\/p>\n<ul class=\"post-content\">\n<li>La cirug\u00eda para bajar de peso parece reducir las posibilidades de desarrollar c\u00e1ncer entre un 33 y un 41 por ciento en comparaci\u00f3n con los pacientes que no se someten a cirug\u00eda.<\/li>\n<li>Los c\u00e1nceres de endometrio, mama, p\u00e1ncreas y colon experimentaron la disminuci\u00f3n m\u00e1s significativa.<\/li>\n<li>Estos resultados, por el momento, se han centrado principalmente en las mujeres. Sin embargo, se plantea la hip\u00f3tesis de que estudios adicionales dirigidos a los hombres confirmar\u00e1n reducciones similares en las posibilidades de desarrollar c\u00e1ncer.<\/li>\n<\/ul>\n<p><h3 class=\"h4\">Razones para la prevenci\u00f3n del c\u00e1ncer en la cirug\u00eda para bajar de peso<\/h3>\n<p><\/p>\n<p class=\"post-content\">La obesidad ha sido <a href=\"https:\/\/www.usatoday.com\/story\/news\/health\/2019\/04\/30\/obesity-linked-thyroid-liver-kindey-ovary-pancreas-colon-cancer\/3630418002\/\">vinculado a hasta 13 tipos diferentes de c\u00e1ncer<\/a> y es generalmente el segundo factor de riesgo de c\u00e1ncer m\u00e1s com\u00fan, inmediatamente despu\u00e9s de fumar. De hecho, a medida que el tabaquismo en los Estados Unidos contin\u00faa disminuyendo, la obesidad pronto se convertir\u00e1 en la causa m\u00e1s com\u00fan de c\u00e1ncer.<\/p>\n<\/p>\n<p><p class=\"post-content\">Al mismo tiempo, no se comprende completamente la relaci\u00f3n exacta entre obesidad y c\u00e1ncer. La grasa del vientre, generalmente el tipo de grasa m\u00e1s peligrosa desde el punto de vista estad\u00edstico, parece ser un posible culpable. Una teor\u00eda sugiere que la grasa extra puede alterar los niveles de hormonas y otras sustancias qu\u00edmicas corporales, provocando as\u00ed el desarrollo de varios tipos de c\u00e1nceres. Tambi\u00e9n es posible que la correlaci\u00f3n entre la obesidad y un alto riesgo de c\u00e1ncer se base en un estilo de vida sedentario. Durante mucho tiempo se pens\u00f3 que la inactividad era una causa potencial de c\u00e1ncer; la combinaci\u00f3n de la falta de ejercicio y la obesidad puede producir un riesgo excepcionalmente alto de c\u00e1ncer cuando se combinan. Esto se ve agravado por el hecho de que incluso las personas con sobrepeso anteriormente muy activas pueden verse demasiado obstaculizadas por el dolor y otros problemas para todos, excepto para el esfuerzo m\u00e1s m\u00ednimo.<\/p>\n<\/p>\n<p><p class=\"post-content\">Adem\u00e1s, las dietas ricas en alimentos ultraprocesados, espec\u00edficamente aquellas que tienen un alto contenido de az\u00facar y grasa, se han asociado durante mucho tiempo con la obesidad y el c\u00e1ncer. Adem\u00e1s, algunos alimentos altamente procesados \u200b\u200btambi\u00e9n pueden inducir un mayor riesgo de c\u00e1ncer. <a href=\"https:\/\/www.bmj.com\/content\/360\/bmj.k322\">independiente de la obesidad<\/a>.<\/p>\n<\/p>\n<p><p class=\"post-content\">Adem\u00e1s de alentar a los pacientes a comer mucho menos que antes, la cirug\u00eda para bajar de peso tambi\u00e9n apoya un estilo de vida m\u00e1s saludable con mejores opciones de dieta y ejercicio m\u00e1s frecuente. Los alimentos ultraprocesados \u200b\u200btienden a desaconsejarse. Si se comen en exceso, pueden desencadenar una afecci\u00f3n llamada s\u00edndrome de dumping que, como su nombre lo indica, conlleva una serie de s\u00edntomas desagradables y, a veces, dolorosos. No es sorprendente que la mayor\u00eda de los pacientes bari\u00e1tricos tiendan a evitar este tipo de alimentos.<\/p>\n<\/p>\n<p><p class=\"post-content\">Sin embargo, en \u00faltima instancia, todos los beneficios para la salud de la cirug\u00eda bari\u00e1trica, incluida la reducci\u00f3n del riesgo de c\u00e1ncer, se reducen a la capacidad de vencer la obesidad de una vez por todas. El hecho lamentable es que la mayor\u00eda de las personas no pueden perder de forma permanente el peso suficiente para vencer la obesidad sin la ayuda de un procedimiento quir\u00fargico. Esto se debe a que la medicina bari\u00e1trica es actualmente la \u00fanica terapia que dirige los ataques a la raz\u00f3n de las estad\u00edsticas por lo dem\u00e1s sombr\u00edas sobre la p\u00e9rdida de peso: punzadas de apetito que son casi imposibles de ignorar durante un largo per\u00edodo. La cirug\u00eda hace posible una p\u00e9rdida de peso dram\u00e1tica y permanente y, junto con ella, beneficios para la salud dram\u00e1ticos y duraderos que significar\u00e1n una vida m\u00e1s larga y feliz.<\/p>\n<p><\/p>\n<h4 class=\"h6\">Introducci\u00f3n a Dr. Feiz &amp; Associates<\/h4>\n<p><\/p>\n<p class=\"post-content\">Si usted o un ser querido ha estado luchando con obesidad severa, definida como un IMC (\u00edndice de masa corporal) de 40 o m\u00e1s o de 35 o m\u00e1s con problemas de salud relacionados con el peso, el Dr. Michael Feiz y su equipo de profesionales m\u00e9dicos est\u00e1n aqu\u00ed para proporcionar toda la informaci\u00f3n necesaria para tomar una decisi\u00f3n informada. Para obtener m\u00e1s informaci\u00f3n, comun\u00edquese con el Dr. Feiz &amp; Associates hoy mismo llamando al n\u00famero de tel\u00e9fono anterior o comunic\u00e1ndose a trav\u00e9s de <a href=\"https:\/\/drfeiz.com\/es\/contact-us.html\/\">nuestra pagina de contacto<\/a>.<\/p>\n<\/p>\n<\/div>\n<div class=\"fw-col-xs-12 fw-col-sm-3\">\n<div class=\"shortcode-widget-area\">\n<div class=\"textwidget custom-html-widget\">\n<div class=\"fw-divider-space\" style=\"padding-top: 50px\"><\/div>\n<div class=\"Mysidenav\">\n\t<a href=\"\/es\/health-benefits.html\/\" target=\"\" rel=\"noopener noreferrer\">Beneficios de la salud<\/a><br \/>\n\t<a href=\"\/es\/type-2-diabetes.html\/\" target=\"\" rel=\"noopener noreferrer\">Diabetes tipo 2<\/a><br \/>\n\t<a href=\"\/es\/high-blood-pressure-heart-disease.html\/\" target=\"\" rel=\"noopener noreferrer\">Cardiopat\u00eda<\/a><br \/>\n\t<a href=\"\/es\/dyslipidemia-high-cholesterol.html\/\" target=\"\" rel=\"noopener noreferrer\">Colesterol alto<\/a><br \/>\n\t<a href=\"\/es\/bone-and-joint-pain-arthritis.html\/\" target=\"\" rel=\"noopener noreferrer\">Dolor de huesos y articulaciones<\/a><br \/>\n\t<a href=\"\/es\/depression.html\/\" target=\"\" rel=\"noopener noreferrer\">Depresi\u00f3n<\/a><br \/>\n\t<a href=\"\/es\/sleep-apnea-and-respiratory-problems.html\/\" target=\"\" rel=\"noopener noreferrer\">Apnea del sue\u00f1o<\/a><br \/>\n\t<a href=\"\/es\/gastroesophageal-reflux-disease-gerd.html\/\" target=\"\" rel=\"noopener noreferrer\">GERD<\/a><br \/>\n\t<a href=\"\/es\/urinary-stress-incontinence.html\/\" target=\"\" rel=\"noopener noreferrer\">Incontinencia urinaria<\/a><br \/>\n\t<a href=\"\/es\/reproductive-health.html\/\" target=\"\" rel=\"noopener noreferrer\">Salud reproductiva<\/a>\n<\/div>\n<div class=\"fw-divider-space\" style=\"padding-top: 20px\"><\/div>\n<\/div>\n<\/div>\n<div class=\"shortcode-widget-area\">\n<div class=\"textwidget custom-html-widget\"><a id=\"formAnchor653218838\" name=\"form653218838\"><\/a><\/p>\n<\/div>\n<\/div>\n<\/div>\n<\/div><\/div>\n<\/section>\n<p><!-- 4c81a6803c4e8def8b44d36c99cdb808 --><\/p>","protected":false},"excerpt":{"rendered":"<p>More and more people have been asking the team at Dr. Feiz &amp; Associates about whether or not cancer prevention can be included among the long list of weight loss surgery benefits. The short answer is yes. Cancer Prevention Study in Annals of Surgery Obesity has long been associated with certain types of cancers, including [&hellip;]<\/p>\n","protected":false},"author":19,"featured_media":0,"parent":0,"menu_order":0,"comment_status":"closed","ping_status":"closed","template":"page-landing.php","meta":{"footnotes":""},"class_list":["post-5489","page","type-page","status-publish","hentry"],"yoast_head":"<!-- This site is optimized with the Yoast SEO plugin v27.5 - https:\/\/yoast.com\/product\/yoast-seo-wordpress\/ -->\n<title>Cancer Prevention | Bariatric Surgery LA | Weight Loss | Dr. Feiz &amp; Assoc.<\/title>\n<meta name=\"description\" content=\"A cancer prevention and weight loss surgery link has been found; contact the team at Dr. Feiz &amp; Associates for more on bariatric procedures.\" \/>\n<meta name=\"robots\" content=\"index, follow, max-snippet:-1, max-image-preview:large, max-video-preview:-1\" \/>\n<link rel=\"canonical\" href=\"https:\/\/drfeiz.com\/es\/cancer-prevention.html\/\" \/>\n<meta property=\"og:locale\" content=\"es_ES\" \/>\n<meta property=\"og:type\" content=\"article\" \/>\n<meta property=\"og:title\" content=\"Cancer Prevention | Bariatric Surgery LA | Weight Loss | Dr. Feiz &amp; Assoc.\" \/>\n<meta property=\"og:description\" content=\"A cancer prevention and weight loss surgery link has been found; contact the team at Dr. Feiz &amp; Associates for more on bariatric procedures.\" \/>\n<meta property=\"og:url\" content=\"https:\/\/drfeiz.com\/es\/cancer-prevention.html\/\" \/>\n<meta property=\"og:site_name\" content=\"Weight Loss Surgery Los Angeles | Bariatric Surgeon &amp; Weight Loss Surgery\" \/>\n<meta property=\"article:publisher\" content=\"https:\/\/www.facebook.com\/DrFeiz\/\" \/>\n<meta property=\"article:modified_time\" content=\"2021-06-21T09:58:51+00:00\" \/>\n<meta name=\"twitter:card\" content=\"summary_large_image\" \/>\n<meta name=\"twitter:site\" content=\"@DrFeiz\" \/>\n<meta name=\"twitter:label1\" content=\"Tiempo de lectura\" \/>\n\t<meta name=\"twitter:data1\" content=\"8 minutos\" \/>\n<!-- \/ Yoast SEO plugin. -->","yoast_head_json":{"title":"Cancer Prevention | Bariatric Surgery LA | Weight Loss | Dr. Feiz & Assoc.","description":"A cancer prevention and weight loss surgery link has been found; contact the team at Dr. Feiz & Associates for more on bariatric procedures.","robots":{"index":"index","follow":"follow","max-snippet":"max-snippet:-1","max-image-preview":"max-image-preview:large","max-video-preview":"max-video-preview:-1"},"canonical":"https:\/\/drfeiz.com\/es\/cancer-prevention.html\/","og_locale":"es_ES","og_type":"article","og_title":"Cancer Prevention | Bariatric Surgery LA | Weight Loss | Dr. Feiz & Assoc.","og_description":"A cancer prevention and weight loss surgery link has been found; contact the team at Dr. Feiz & Associates for more on bariatric procedures.","og_url":"https:\/\/drfeiz.com\/es\/cancer-prevention.html\/","og_site_name":"Weight Loss Surgery Los Angeles | Bariatric Surgeon &amp; Weight Loss Surgery","article_publisher":"https:\/\/www.facebook.com\/DrFeiz\/","article_modified_time":"2021-06-21T09:58:51+00:00","twitter_card":"summary_large_image","twitter_site":"@DrFeiz","twitter_misc":{"Tiempo de lectura":"8 minutos"},"schema":{"@context":"https:\/\/schema.org","@graph":[{"@type":"WebPage","@id":"https:\/\/drfeiz.com\/cancer-prevention.html","url":"https:\/\/drfeiz.com\/cancer-prevention.html","name":"Cancer Prevention | Bariatric Surgery LA | Weight Loss | Dr. Feiz & Assoc.","isPartOf":{"@id":"https:\/\/drfeiz.com\/#website"},"datePublished":"2019-08-14T05:02:28+00:00","dateModified":"2021-06-21T09:58:51+00:00","description":"A cancer prevention and weight loss surgery link has been found; contact the team at Dr. Feiz & Associates for more on bariatric procedures.","breadcrumb":{"@id":"https:\/\/drfeiz.com\/cancer-prevention.html#breadcrumb"},"inLanguage":"es","potentialAction":[{"@type":"ReadAction","target":["https:\/\/drfeiz.com\/cancer-prevention.html"]}]},{"@type":"BreadcrumbList","@id":"https:\/\/drfeiz.com\/cancer-prevention.html#breadcrumb","itemListElement":[{"@type":"ListItem","position":1,"name":"Home","item":"https:\/\/drfeiz.com\/"},{"@type":"ListItem","position":2,"name":"Cancer Prevention and Bariatric Surgery"}]},{"@type":"WebSite","@id":"https:\/\/drfeiz.com\/#website","url":"https:\/\/drfeiz.com\/","name":"Weight Loss Surgery Los Angeles | Bariatric Surgeon &amp; Weight Loss Surgery","description":"Gastric Sleeve Gastrectomy in Los Angeles","potentialAction":[{"@type":"SearchAction","target":{"@type":"EntryPoint","urlTemplate":"https:\/\/drfeiz.com\/?s={search_term_string}"},"query-input":{"@type":"PropertyValueSpecification","valueRequired":true,"valueName":"search_term_string"}}],"inLanguage":"es"}]}},"_links":{"self":[{"href":"https:\/\/drfeiz.com\/es\/wp-json\/wp\/v2\/pages\/5489","targetHints":{"allow":["GET"]}}],"collection":[{"href":"https:\/\/drfeiz.com\/es\/wp-json\/wp\/v2\/pages"}],"about":[{"href":"https:\/\/drfeiz.com\/es\/wp-json\/wp\/v2\/types\/page"}],"author":[{"embeddable":true,"href":"https:\/\/drfeiz.com\/es\/wp-json\/wp\/v2\/users\/19"}],"replies":[{"embeddable":true,"href":"https:\/\/drfeiz.com\/es\/wp-json\/wp\/v2\/comments?post=5489"}],"version-history":[{"count":6,"href":"https:\/\/drfeiz.com\/es\/wp-json\/wp\/v2\/pages\/5489\/revisions"}],"predecessor-version":[{"id":10660,"href":"https:\/\/drfeiz.com\/es\/wp-json\/wp\/v2\/pages\/5489\/revisions\/10660"}],"wp:attachment":[{"href":"https:\/\/drfeiz.com\/es\/wp-json\/wp\/v2\/media?parent=5489"}],"curies":[{"name":"wp","href":"https:\/\/api.w.org\/{rel}","templated":true}]}}