{"id":5717,"date":"2020-02-03T19:59:58","date_gmt":"2020-02-03T19:59:58","guid":{"rendered":"http:\/\/drfeiz.flywheelsites.com\/?page_id=5717"},"modified":"2020-02-03T21:27:52","modified_gmt":"2020-02-03T21:27:52","slug":"message-received","status":"publish","type":"page","link":"https:\/\/drfeiz.com\/es\/message-received.html","title":{"rendered":"Message Received"},"content":{"rendered":"<section class=\"fw-main-row\">\n<div class=\"fw-container\">\n<div class=\"fw-row\">\n<div class=\"fw-col-xs-12\">\n<h3 style=\"text-align: center\"><strong>A team member will reach out to you directly according to your communication preferences<\/strong><\/h3>\n<div class=\"fw-divider-space\" style=\"padding-top: 10px\"><\/div>\n<p><strong>Next Steps -&gt;<\/strong> Please take a moment to fill out the quick form below for a free insurance verification. Our goal is to be by your side every step of the way in your weight loss journey. Watch the video below and get excited about the new life that awaits you! We can't wait to connect with you.<\/p>\n<div class=\"fw-divider-space\" style=\"padding-top: 50px\"><\/div>\n<div class=\"fw-divider-line\">\n<hr \/>\n<\/div>\n<\/div>\n<\/div>\n<div class=\"fw-row\">\n<div class=\"fw-col-xs-12 fw-col-sm-6\">\n<div class=\"fw-divider-space\" style=\"padding-top: 50px\"><\/div>\n<h3>Verificaci\u00f3n de seguro gratuita<\/h3>\n<p>Env\u00ede los detalles de su seguro y nuestro equipo de expertos investigar\u00e1 si su plan actual cubrir\u00e1 el costo de la cirug\u00eda para bajar de peso.<\/p>\n<div class=\"fw-divider-space\" style=\"padding-top: 5px\"><\/div>\n<p><\/p>\n<\/p>\n<div class=\"fw-divider-space\" style=\"padding-top: 50px\"><\/div>\n<\/div>\n<div class=\"fw-col-xs-12 fw-col-sm-6\">\n<div class=\"fw-divider-space\" style=\"padding-top: 50px\"><\/div>\n<p style=\"text-align: center\">\n<div class=\"fw-divider-space\" style=\"padding-top: 50px\"><\/div>\n<\/div>\n<\/div><\/div>\n<\/section>\n<p><!-- cec53b99569ba1e8250383bedae27f44 --><\/p>","protected":false},"excerpt":{"rendered":"<p>A team member will reach out to you directly according to your communication preferences Next Steps -&gt; Please take a moment to fill out the quick form below for a free insurance verification. Our goal is to be by your side every step of the way in your weight loss journey. Watch the video below [&hellip;]<\/p>\n","protected":false},"author":6,"featured_media":0,"parent":0,"menu_order":0,"comment_status":"closed","ping_status":"closed","template":"","meta":{"footnotes":""},"class_list":["post-5717","page","type-page","status-publish","hentry"],"yoast_head":"<!-- This site is optimized with the Yoast SEO plugin v27.3 - https:\/\/yoast.com\/product\/yoast-seo-wordpress\/ -->\n<title>Message Received - Weight Loss Surgery Los Angeles | Bariatric Surgeon &amp; Weight Loss Surgery<\/title>\n<meta name=\"robots\" content=\"index, follow, max-snippet:-1, max-image-preview:large, max-video-preview:-1\" \/>\n<link rel=\"canonical\" href=\"https:\/\/drfeiz.com\/es\/message-received.html\/\" \/>\n<meta property=\"og:locale\" content=\"es_ES\" \/>\n<meta property=\"og:type\" content=\"article\" \/>\n<meta property=\"og:title\" content=\"Message Received - Weight Loss Surgery Los Angeles | Bariatric Surgeon &amp; Weight Loss Surgery\" \/>\n<meta property=\"og:description\" content=\"A team member will reach out to you directly according to your communication preferences Next Steps -&gt; Please take a moment to fill out the quick form below for a free insurance verification. Our goal is to be by your side every step of the way in your weight loss journey. Watch the video below [&hellip;]\" \/>\n<meta property=\"og:url\" content=\"https:\/\/drfeiz.com\/es\/message-received.html\/\" \/>\n<meta property=\"og:site_name\" content=\"Weight Loss Surgery Los Angeles | Bariatric Surgeon &amp; Weight Loss Surgery\" \/>\n<meta property=\"article:publisher\" content=\"https:\/\/www.facebook.com\/DrFeiz\/\" \/>\n<meta property=\"article:modified_time\" content=\"2020-02-03T21:27:52+00:00\" \/>\n<meta name=\"twitter:card\" content=\"summary_large_image\" \/>\n<meta name=\"twitter:site\" content=\"@DrFeiz\" \/>\n<!-- \/ Yoast SEO plugin. -->","yoast_head_json":{"title":"Message Received - Weight Loss Surgery Los Angeles | Bariatric Surgeon &amp; Weight Loss Surgery","robots":{"index":"index","follow":"follow","max-snippet":"max-snippet:-1","max-image-preview":"max-image-preview:large","max-video-preview":"max-video-preview:-1"},"canonical":"https:\/\/drfeiz.com\/es\/message-received.html\/","og_locale":"es_ES","og_type":"article","og_title":"Message Received - Weight Loss Surgery Los Angeles | Bariatric Surgeon &amp; Weight Loss Surgery","og_description":"A team member will reach out to you directly according to your communication preferences Next Steps -&gt; Please take a moment to fill out the quick form below for a free insurance verification. Our goal is to be by your side every step of the way in your weight loss journey. Watch the video below [&hellip;]","og_url":"https:\/\/drfeiz.com\/es\/message-received.html\/","og_site_name":"Weight Loss Surgery Los Angeles | Bariatric Surgeon &amp; Weight Loss Surgery","article_publisher":"https:\/\/www.facebook.com\/DrFeiz\/","article_modified_time":"2020-02-03T21:27:52+00:00","twitter_card":"summary_large_image","twitter_site":"@DrFeiz","schema":{"@context":"https:\/\/schema.org","@graph":[{"@type":"WebPage","@id":"https:\/\/drfeiz.com\/message-received.html","url":"https:\/\/drfeiz.com\/message-received.html","name":"Message Received - Weight Loss Surgery Los Angeles | Bariatric Surgeon &amp; Weight Loss Surgery","isPartOf":{"@id":"https:\/\/drfeiz.com\/#website"},"datePublished":"2020-02-03T19:59:58+00:00","dateModified":"2020-02-03T21:27:52+00:00","breadcrumb":{"@id":"https:\/\/drfeiz.com\/message-received.html#breadcrumb"},"inLanguage":"es","potentialAction":[{"@type":"ReadAction","target":["https:\/\/drfeiz.com\/message-received.html"]}]},{"@type":"BreadcrumbList","@id":"https:\/\/drfeiz.com\/message-received.html#breadcrumb","itemListElement":[{"@type":"ListItem","position":1,"name":"Home","item":"https:\/\/drfeiz.com\/"},{"@type":"ListItem","position":2,"name":"Message Received"}]},{"@type":"WebSite","@id":"https:\/\/drfeiz.com\/#website","url":"https:\/\/drfeiz.com\/","name":"Weight Loss Surgery Los Angeles | Bariatric Surgeon &amp; Weight Loss Surgery","description":"Gastric Sleeve Gastrectomy in Los Angeles","potentialAction":[{"@type":"SearchAction","target":{"@type":"EntryPoint","urlTemplate":"https:\/\/drfeiz.com\/?s={search_term_string}"},"query-input":{"@type":"PropertyValueSpecification","valueRequired":true,"valueName":"search_term_string"}}],"inLanguage":"es"}]}},"_links":{"self":[{"href":"https:\/\/drfeiz.com\/es\/wp-json\/wp\/v2\/pages\/5717","targetHints":{"allow":["GET"]}}],"collection":[{"href":"https:\/\/drfeiz.com\/es\/wp-json\/wp\/v2\/pages"}],"about":[{"href":"https:\/\/drfeiz.com\/es\/wp-json\/wp\/v2\/types\/page"}],"author":[{"embeddable":true,"href":"https:\/\/drfeiz.com\/es\/wp-json\/wp\/v2\/users\/6"}],"replies":[{"embeddable":true,"href":"https:\/\/drfeiz.com\/es\/wp-json\/wp\/v2\/comments?post=5717"}],"version-history":[{"count":10,"href":"https:\/\/drfeiz.com\/es\/wp-json\/wp\/v2\/pages\/5717\/revisions"}],"predecessor-version":[{"id":5732,"href":"https:\/\/drfeiz.com\/es\/wp-json\/wp\/v2\/pages\/5717\/revisions\/5732"}],"wp:attachment":[{"href":"https:\/\/drfeiz.com\/es\/wp-json\/wp\/v2\/media?parent=5717"}],"curies":[{"name":"wp","href":"https:\/\/api.w.org\/{rel}","templated":true}]}}