{"id":5987,"date":"2020-04-03T00:39:56","date_gmt":"2020-04-03T00:39:56","guid":{"rendered":"http:\/\/drfeiz.flywheelsites.com\/?page_id=5987"},"modified":"2022-12-14T04:27:53","modified_gmt":"2022-12-14T04:27:53","slug":"southern-california-hospital-culver-city-weight-loss-surgery","status":"publish","type":"page","link":"https:\/\/drfeiz.com\/es\/southern-california-hospital-culver-city-weight-loss-surgery.html","title":{"rendered":"Cirug\u00eda de p\u00e9rdida de peso del Hospital del Sur de California en Culver City"},"content":{"rendered":"<section class=\"fw-main-row\">\n<div class=\"fw-container\">\n<div class=\"fw-row\">\n<div class=\"fw-col-xs-12 fw-col-sm-8\">\n<p class=\"post-content\">El galardonado Hospital del Sur de California en Culver City y el Dr. Michael Feiz se han asociado para brindar una cirug\u00eda integral para bajar de peso a los residentes del oeste de Los \u00c1ngeles. El hospital tiene una ubicaci\u00f3n c\u00e9ntrica entre los bulevares de Venecia y Culver, a una cuadra de Sony Pictures Studio.<\/p>\n<p class=\"post-content\">El Hospital del Sur de California en Culver City <a href=\"https:\/\/www.sch-culvercity.com\/programs-and-services\/accredited-weight-loss-surgery\/\" rel=\"nofollow\">Programa de adelgazamiento<\/a> est\u00e1 ubicado en 3828 Delmas Terrace con valet parking.<\/p>\n<\/div>\n<div class=\"fw-col-xs-12 fw-col-sm-4\" style=\"padding-top: 15px;\"><img decoding=\"async\" src=\"\/\/drfeiz.com\/wp-content\/uploads\/2020\/04\/So_Cal_Hospital_Culver_City_BLUE-Background.jpg\" alt=\"\/\/drfeiz.com\/wp-content\/uploads\/2020\/04\/So_Cal_Hospital_Culver_City_BLUE-Background.jpg\" \/><\/div>\n<\/div>\n<div class=\"fw-row\">\n<div class=\"fw-col-xs-12\">\n<h5><strong>Reconocimiento Nacional<\/strong><\/h5>\n<p>&nbsp;<\/p>\n<p class=\"post-content\">Si elige la p\u00e9rdida de peso quir\u00fargica, seleccione un programa reconocido a nivel nacional con un buen historial. Estamos orgullosos de ser:<\/p>\n<ul>\n<li><a class=\"post-content\" style=\"text-decoration: none;\" href=\"http:\/\/www.surgicalreview.org\/about-us\/\">Centro de excelencia en cirug\u00eda metab\u00f3lica y bari\u00e1trica (COEMBS) de Surgical Review Corp<\/a>.<\/li>\n<li><a class=\"post-content\" style=\"text-decoration: none;\" href=\"https:\/\/www.sch-culvercity.com\/news\/southern-california-hospital-at-culver-city-among-top-5-in-nation-for-patient-safety-excellence-in-2019\/\">Ganador del Premio a la Excelencia en Seguridad del Paciente 2019 (5% superior en la naci\u00f3n) por Healthgrades<\/a><\/li>\n<li><a class=\"post-content\" style=\"text-decoration: none;\" href=\"https:\/\/www.facs.org\/quality-programs\/mbsaqip\">Centro acreditado bajo el Programa de Acreditaci\u00f3n y Mejora de la Calidad de Cirug\u00eda Bari\u00e1trica y Metab\u00f3lica (MBSAQIP)<\/a><\/li>\n<li><a class=\"post-content\" style=\"text-decoration: none;\" href=\"https:\/\/www.sch-culvercity.com\/news\/2020\/southern-california-hospital-at-culver-city-named-blue-distinction\/\">El Hospital del Sur de California en Culver City nombrado Centro de Distinci\u00f3n Azul para Cirug\u00eda Bari\u00e1trica por Blue Cross \/ Blue Shield<\/a><\/li>\n<\/ul>\n<\/div>\n<\/div>\n<\/div>\n<\/section>\n<section class=\"fw-main-row\">\n<div class=\"fw-container\">\n<div class=\"fw-row\">\n<div class=\"fw-col-xs-12 fw-col-sm-3\"><img decoding=\"async\" src=\"\/\/drfeiz.com\/wp-content\/uploads\/2020\/04\/MSeal.jpg\" alt=\"\/\/drfeiz.com\/wp-content\/uploads\/2020\/04\/MSeal.jpg\" \/><\/div>\n<div class=\"fw-col-xs-12 fw-col-sm-3\"><img decoding=\"async\" src=\"\/\/drfeiz.com\/wp-content\/uploads\/2020\/04\/HG_Patient_Safety_Trophy_Image_2019.jpg\" alt=\"\/\/drfeiz.com\/wp-content\/uploads\/2020\/04\/HG_Patient_Safety_Trophy_Image_2019.jpg\" \/><\/div>\n<div class=\"fw-col-xs-12 fw-col-sm-3\"><img decoding=\"async\" src=\"\/\/drfeiz.com\/wp-content\/uploads\/2020\/04\/src-accred.jpg\" alt=\"\/\/drfeiz.com\/wp-content\/uploads\/2020\/04\/src-accred.jpg\" \/><\/div>\n<div class=\"fw-col-xs-12 fw-col-sm-3\"><img decoding=\"async\" src=\"\/\/drfeiz.com\/wp-content\/uploads\/2020\/04\/BlueSeal.png\" alt=\"\/\/drfeiz.com\/wp-content\/uploads\/2020\/04\/BlueSeal.png\" \/><\/div>\n<\/div>\n<\/div>\n<\/section>\n<section class=\"fw-main-row\">\n<div class=\"fw-container\">\n<div class=\"fw-row\">\n<div class=\"fw-col-xs-12\">\n<div class=\"fw-divider-space\" style=\"padding-top: 80px;\"><\/div>\n<\/div>\n<\/div>\n<\/div>\n<\/section>\n<section class=\"fw-main-row\">\n<div class=\"fw-container\">\n<div class=\"fw-row\">\n<div class=\"fw-col-xs-12\">\n<p class=\"post-content\"><span style=\"text-align: center;\">Ofrecemos las siguientes cirug\u00edas bari\u00e1tricas: manga g\u00e1strica, revisi\u00f3n de la banda de vuelta a la manga, bypass g\u00e1strico y banda de vuelta. Estamos emocionados de comenzar su viaje de p\u00e9rdida de peso con usted, ll\u00e1menos hoy para un seminario GRATUITO para conocer al Dr. Feiz y al equipo, y aprender m\u00e1s sobre el Hospital del Sur de California en Culver City.<\/span><\/p>\n<p>&nbsp;<\/p>\n<p class=\"post-content\"><span style=\"text-align: center;\"><img loading=\"lazy\" decoding=\"async\" width=\"1024\" height=\"313\" class=\"alignnone size-large wp-image-6014\" src=\"https:\/\/drfeiz.com\/wp-content\/uploads\/2020\/04\/weight-loss-center-los-angeles-1024x313.png\" srcset=\"https:\/\/drfeiz.com\/wp-content\/uploads\/2020\/04\/weight-loss-center-los-angeles.png 1024w, https:\/\/drfeiz.com\/wp-content\/uploads\/2020\/04\/weight-loss-center-los-angeles-300x92.png 300w, https:\/\/drfeiz.com\/wp-content\/uploads\/2020\/04\/weight-loss-center-los-angeles-768x235.png 768w, https:\/\/drfeiz.com\/wp-content\/uploads\/2020\/04\/weight-loss-center-los-angeles-300x92@2x.png 600w\" sizes=\"auto, (max-width: 1024px) 100vw, 1024px\" \/><\/span><\/p>\n<\/div>\n<\/div>\n<\/div>\n<\/section>\n<section class=\"fw-main-row\">\n<div class=\"fw-container\">\n<div class=\"fw-row\">\n<div class=\"fw-col-xs-12 fw-col-sm-6\">\n<div class=\"tac\"><a class=\"button-style1\" href=\"tel:3108558058\" target=\"_self\" rel=\"noopener noreferrer\"><br \/>\nLLAME (310) 855-8058<br \/>\n<\/a><\/div>\n<\/div>\n<div class=\"fw-col-xs-12 fw-col-sm-6\">\n<div class=\"tac\"><a class=\"button-style1\" href=\"https:\/\/drfeiz.com\/es\/begin-your-journey.html\/\" target=\"_self\" rel=\"noopener noreferrer\"><br \/>\nComience su viaje<br \/>\n<\/a><\/div>\n<\/div>\n<\/div>\n<div class=\"fw-row\">\n<div class=\"fw-col-xs-12\">\n<div class=\"fw-divider-space\" style=\"padding-top: 80px;\"><\/div>\n<\/div>\n<\/div>\n<\/div>\n<\/section>\n<section class=\"fw-main-row\">\n<div class=\"fw-container\">\n<div class=\"fw-row\">\n<div class=\"fw-col-xs-12 fw-col-sm-4\"><\/div>\n<div class=\"fw-col-xs-12 fw-col-sm-4\">\n<p class=\"post-content\"><a href=\"https:\/\/www.sch-culvercity.com\/globalassets\/schh\/2019-southern-california-hospitals-notice-of-patient-privacy.pdf\"><span style=\"text-align: center;\">Pol\u00edtica de privacidad del paciente<\/span><\/a><\/p>\n<\/div>\n<div class=\"fw-col-xs-12 fw-col-sm-4\"><\/div>\n<\/div>\n<\/div>\n<\/section>\n<p><!-- 488f0122fd3461ce0b6529303935b96b --><\/p>","protected":false},"excerpt":{"rendered":"<p>The award-winning Southern California Hospital at Culver City and Dr. Michael Feiz have partnered to provide comprehensive weight-loss surgery to West Los Angeles residents. The hospital is centrally located between Venice and Culver boulevards one block from Sony Pictures Studio. The Southern California Hospital at Culver City Weight-Loss Program is located at 3828 Delmas Terrace [&hellip;]<\/p>\n","protected":false},"author":8,"featured_media":0,"parent":0,"menu_order":0,"comment_status":"closed","ping_status":"closed","template":"","meta":{"footnotes":""},"class_list":["post-5987","page","type-page","status-publish","hentry"],"yoast_head":"<!-- This site is optimized with the Yoast SEO plugin v27.5 - https:\/\/yoast.com\/product\/yoast-seo-wordpress\/ -->\n<title>Southern California Hospital Culver City Weight Loss Surgery - Dr. Michael Feiz<\/title>\n<meta name=\"robots\" content=\"index, follow, max-snippet:-1, max-image-preview:large, max-video-preview:-1\" \/>\n<link rel=\"canonical\" href=\"https:\/\/drfeiz.com\/es\/southern-california-hospital-culver-city-weight-loss-surgery.html\/\" \/>\n<meta property=\"og:locale\" content=\"es_ES\" \/>\n<meta property=\"og:type\" content=\"article\" \/>\n<meta property=\"og:title\" content=\"Southern California Hospital Culver City Weight Loss Surgery - Dr. Michael Feiz\" \/>\n<meta property=\"og:description\" content=\"The award-winning Southern California Hospital at Culver City and Dr. Michael Feiz have partnered to provide comprehensive weight-loss surgery to West Los Angeles residents. The hospital is centrally located between Venice and Culver boulevards one block from Sony Pictures Studio. The Southern California Hospital at Culver City Weight-Loss Program is located at 3828 Delmas Terrace [&hellip;]\" \/>\n<meta property=\"og:url\" content=\"https:\/\/drfeiz.com\/es\/southern-california-hospital-culver-city-weight-loss-surgery.html\/\" \/>\n<meta property=\"og:site_name\" content=\"Weight Loss Surgery Los Angeles | Bariatric Surgeon &amp; Weight Loss Surgery\" \/>\n<meta property=\"article:publisher\" content=\"https:\/\/www.facebook.com\/DrFeiz\/\" \/>\n<meta property=\"article:modified_time\" content=\"2022-12-14T04:27:53+00:00\" \/>\n<meta property=\"og:image\" content=\"https:\/\/drfeiz.com\/wp-content\/uploads\/2020\/04\/weight-loss-center-los-angeles-1024x313.png\" \/>\n<meta name=\"twitter:card\" content=\"summary_large_image\" \/>\n<meta name=\"twitter:site\" content=\"@DrFeiz\" \/>\n<meta name=\"twitter:label1\" content=\"Tiempo de lectura\" \/>\n\t<meta name=\"twitter:data1\" content=\"3 minutos\" \/>\n<!-- \/ Yoast SEO plugin. -->","yoast_head_json":{"title":"Southern California Hospital Culver City Weight Loss Surgery - Dr. Michael Feiz","robots":{"index":"index","follow":"follow","max-snippet":"max-snippet:-1","max-image-preview":"max-image-preview:large","max-video-preview":"max-video-preview:-1"},"canonical":"https:\/\/drfeiz.com\/es\/southern-california-hospital-culver-city-weight-loss-surgery.html\/","og_locale":"es_ES","og_type":"article","og_title":"Southern California Hospital Culver City Weight Loss Surgery - Dr. Michael Feiz","og_description":"The award-winning Southern California Hospital at Culver City and Dr. Michael Feiz have partnered to provide comprehensive weight-loss surgery to West Los Angeles residents. The hospital is centrally located between Venice and Culver boulevards one block from Sony Pictures Studio. The Southern California Hospital at Culver City Weight-Loss Program is located at 3828 Delmas Terrace [&hellip;]","og_url":"https:\/\/drfeiz.com\/es\/southern-california-hospital-culver-city-weight-loss-surgery.html\/","og_site_name":"Weight Loss Surgery Los Angeles | Bariatric Surgeon &amp; Weight Loss Surgery","article_publisher":"https:\/\/www.facebook.com\/DrFeiz\/","article_modified_time":"2022-12-14T04:27:53+00:00","og_image":[{"url":"https:\/\/drfeiz.com\/wp-content\/uploads\/2020\/04\/weight-loss-center-los-angeles-1024x313.png","type":"","width":"","height":""}],"twitter_card":"summary_large_image","twitter_site":"@DrFeiz","twitter_misc":{"Tiempo de lectura":"3 minutos"},"schema":{"@context":"https:\/\/schema.org","@graph":[{"@type":"WebPage","@id":"https:\/\/drfeiz.com\/southern-california-hospital-culver-city-weight-loss-surgery.html","url":"https:\/\/drfeiz.com\/southern-california-hospital-culver-city-weight-loss-surgery.html","name":"Southern California Hospital Culver City Weight Loss Surgery - Dr. Michael Feiz","isPartOf":{"@id":"https:\/\/drfeiz.com\/#website"},"primaryImageOfPage":{"@id":"https:\/\/drfeiz.com\/southern-california-hospital-culver-city-weight-loss-surgery.html#primaryimage"},"image":{"@id":"https:\/\/drfeiz.com\/southern-california-hospital-culver-city-weight-loss-surgery.html#primaryimage"},"thumbnailUrl":"https:\/\/drfeiz.com\/wp-content\/uploads\/2020\/04\/weight-loss-center-los-angeles-1024x313.png","datePublished":"2020-04-03T00:39:56+00:00","dateModified":"2022-12-14T04:27:53+00:00","breadcrumb":{"@id":"https:\/\/drfeiz.com\/southern-california-hospital-culver-city-weight-loss-surgery.html#breadcrumb"},"inLanguage":"es","potentialAction":[{"@type":"ReadAction","target":["https:\/\/drfeiz.com\/southern-california-hospital-culver-city-weight-loss-surgery.html"]}]},{"@type":"ImageObject","inLanguage":"es","@id":"https:\/\/drfeiz.com\/southern-california-hospital-culver-city-weight-loss-surgery.html#primaryimage","url":"https:\/\/drfeiz.com\/wp-content\/uploads\/2020\/04\/weight-loss-center-los-angeles-1024x313.png","contentUrl":"https:\/\/drfeiz.com\/wp-content\/uploads\/2020\/04\/weight-loss-center-los-angeles-1024x313.png"},{"@type":"BreadcrumbList","@id":"https:\/\/drfeiz.com\/southern-california-hospital-culver-city-weight-loss-surgery.html#breadcrumb","itemListElement":[{"@type":"ListItem","position":1,"name":"Home","item":"https:\/\/drfeiz.com\/"},{"@type":"ListItem","position":2,"name":"Southern California Hospital Culver City Weight Loss Surgery"}]},{"@type":"WebSite","@id":"https:\/\/drfeiz.com\/#website","url":"https:\/\/drfeiz.com\/","name":"Weight Loss Surgery Los Angeles | Bariatric Surgeon &amp; Weight Loss Surgery","description":"Gastric Sleeve Gastrectomy in Los Angeles","potentialAction":[{"@type":"SearchAction","target":{"@type":"EntryPoint","urlTemplate":"https:\/\/drfeiz.com\/?s={search_term_string}"},"query-input":{"@type":"PropertyValueSpecification","valueRequired":true,"valueName":"search_term_string"}}],"inLanguage":"es"}]}},"_links":{"self":[{"href":"https:\/\/drfeiz.com\/es\/wp-json\/wp\/v2\/pages\/5987","targetHints":{"allow":["GET"]}}],"collection":[{"href":"https:\/\/drfeiz.com\/es\/wp-json\/wp\/v2\/pages"}],"about":[{"href":"https:\/\/drfeiz.com\/es\/wp-json\/wp\/v2\/types\/page"}],"author":[{"embeddable":true,"href":"https:\/\/drfeiz.com\/es\/wp-json\/wp\/v2\/users\/8"}],"replies":[{"embeddable":true,"href":"https:\/\/drfeiz.com\/es\/wp-json\/wp\/v2\/comments?post=5987"}],"version-history":[{"count":28,"href":"https:\/\/drfeiz.com\/es\/wp-json\/wp\/v2\/pages\/5987\/revisions"}],"predecessor-version":[{"id":10439,"href":"https:\/\/drfeiz.com\/es\/wp-json\/wp\/v2\/pages\/5987\/revisions\/10439"}],"wp:attachment":[{"href":"https:\/\/drfeiz.com\/es\/wp-json\/wp\/v2\/media?parent=5987"}],"curies":[{"name":"wp","href":"https:\/\/api.w.org\/{rel}","templated":true}]}}