{"id":795,"date":"2009-04-09T00:24:23","date_gmt":"2009-04-09T00:24:23","guid":{"rendered":"http:\/\/drfeiz.flywheelsites.com\/begin-your-journey\/"},"modified":"2022-12-01T06:45:34","modified_gmt":"2022-12-01T06:45:34","slug":"begin-your-journey","status":"publish","type":"page","link":"https:\/\/drfeiz.com\/es\/begin-your-journey.html","title":{"rendered":"Comience su viaje"},"content":{"rendered":"<div class=\"brz-root__container brz-reset-all\">\n<section id=\"ybunabzqcm\" class=\"brz-section brz-css-mracy\" data-uid=\"ybunabzqcm\">\n<div class=\"brz-section__content brz-section--fullWidth brz-css-tigax brz-css-mhdof\" data-custom-id=\"fdlfpgrhnx\">\n<div class=\"brz-bg\">\n<div class=\"brz-bg-color\"><\/div>\n<\/div>\n<div class=\"brz-container brz-css-knamd brz-css-sxdzw\">\n<div class=\"brz-row__container brz-css-jvurg\" data-custom-id=\"mtlhurabcv\">\n<div class=\"brz-row brz-css-szdhe brz-css-hzlwd\">\n<div class=\"brz-columns brz-css-hwgvs brz-css-ggubv\" data-custom-id=\"vavrnedrzf\">\n<div class=\"brz-bg\">\n<div class=\"brz-bg-image\"><\/div>\n<div class=\"brz-bg-color\"><\/div>\n<\/div>\n<div class=\"brz-column__items brz-css-loaat brz-css-fqkjr\">\n<div class=\"brz-css-cxgbc brz-css-icpba brz-wrapper\">\n<div class=\"brz-rich-text brz-css-ggrmk\" data-custom-id=\"ennwujgrmj\">\n<h1 class=\"brz-tp-heading1 brz-text-lg-center\"><span class=\"brz-cp-color8\">Comience su viaje<\/span><\/h1>\n<\/div>\n<\/div>\n<\/div>\n<\/div>\n<div class=\"brz-columns brz-css-hwgvs brz-css-qydxn\" data-custom-id=\"ptfhwjnlen\">\n<div class=\"brz-bg\">\n<div class=\"brz-bg-image\"><\/div>\n<\/div>\n<div class=\"brz-column__items brz-css-loaat brz-css-tgtky\"><\/div>\n<\/div>\n<div class=\"brz-columns brz-css-hwgvs brz-css-krfws\" data-custom-id=\"smezamxbkn\">\n<div class=\"brz-bg\">\n<div class=\"brz-bg-image\"><\/div>\n<\/div>\n<div class=\"brz-column__items brz-css-loaat brz-css-oubaz\"><\/div>\n<\/div>\n<div class=\"brz-columns brz-css-hwgvs brz-css-vycmt\" data-custom-id=\"netbefkzmh\">\n<div class=\"brz-bg\">\n<div class=\"brz-bg-image\"><\/div>\n<\/div>\n<div class=\"brz-column__items brz-css-loaat brz-css-gxrpe\"><\/div>\n<\/div>\n<\/div>\n<\/div>\n<\/div>\n<\/div>\n<\/section>\n<section id=\"vwkyqscoia\" class=\"brz-section brz-css-mracy\" data-uid=\"vwkyqscoia\">\n<div class=\"brz-section__content brz-section--fullWidth brz-css-tigax brz-css-fmikf\" data-custom-id=\"odjcuubalg\">\n<div class=\"brz-container brz-css-knamd brz-css-flmaj\">\n<div class=\"brz-row__container brz-css-jvurg\" data-custom-id=\"mnftzkgzrd\">\n<div class=\"brz-row brz-css-szdhe\">\n<div class=\"brz-columns brz-css-hwgvs brz-css-ssoyv\" data-custom-id=\"nteswfqbms\">\n<div class=\"brz-column__items brz-css-loaat brz-css-kxccd\">\n<div class=\"brz-css-cxgbc brz-wrapper h4\">\n<div class=\"brz-rich-text brz-css-ggrmk\" data-custom-id=\"ntozucjpgi\">\n<h3 class=\"brz-tp-heading4\">People from all around the world have benefited from Weight Loss\u00a0surgery.<\/h3>\n<\/div>\n<\/div>\n<div class=\"brz-css-cxgbc brz-wrapper pt30 pb10\">\n<div class=\"brz-rich-text brz-css-ggrmk\" data-custom-id=\"kfpzxkmpmt\">\n<p class=\"brz-tp-paragraph\">Patients will tell you that the path to surgery requires commitment to treatment. It takes the\u00a0resolve to face certain challenges. Educating yourself about the risks will empower you to make an\u00a0informed decision.<\/p>\n<p class=\"brz-tp-paragraph\">The benefits of surgery, can be worth your time and effort.<\/p>\n<p class=\"brz-tp-paragraph\">This website is dedicated to providing you with the information and resources to help you make an\u00a0educated decision. Although details vary from patient to patient, our website provides a thorough\u00a0guide, from surgery to recovery to a permanent healthy lifestyle.<\/p>\n<\/div>\n<\/div>\n<div class=\"brz-css-cxgbc brz-wrapper blue-color\">\n<div class=\"brz-rich-text brz-css-ggrmk\" data-custom-id=\"klkmndsfez\">\n<h6 class=\"brz-tp-heading6\">Get familiar with the stages of Weight Loss surgery:<\/h6>\n<\/div>\n<\/div>\n<div class=\"brz-css-cxgbc brz-wrapper\">\n<div class=\"brz-embed-code brz-css-cubid\" data-custom-id=\"gcaoccplbr\">\n<div class=\"brz-embed-content\">\n<div class=\"\">\n<p><a class=\"button-style2\" href=\"\/es\/qualifying-for-weight-loss-surgery.html\/\">Qualifying for <\/a><\/p>\n<p>Cirug\u00eda para adelgazar<br \/>\n<a class=\"button-style2\" href=\"\/es\/preparing-for-weight-loss-surgery.html\/\">Preparaci\u00f3n para la cirug\u00eda de p\u00e9rdida de peso<\/a><br \/>\n<a class=\"button-style2\" href=\"\/es\/instructions-for-day-of-surgery.html\/\">The Day of Surgery<\/a><br \/>\n<a class=\"button-style2\" href=\"\/es\/recovering-from-weight-loss-surgery.html\/\">Life after Surgery<\/a><\/p>\n<\/div>\n<\/div>\n<\/div>\n<\/div>\n<\/div>\n<\/div>\n<div class=\"brz-columns brz-css-hwgvs brz-css-iuipm\" data-custom-id=\"pdvvufgcec\">\n<div class=\"brz-bg\"><\/div>\n<div class=\"brz-column__items brz-css-loaat brz-css-wqioj\">\n<div class=\"brz-css-cxgbc brz-css-ugmol brz-wrapper\">\n<div class=\"brz-rich-text brz-css-ggrmk\" data-custom-id=\"unnzqrbyhb\">\n<p class=\"brz-text-lg-center brz-tp-heading5\">Krystyn lost over 100 pounds!<\/p>\n<\/div>\n<\/div>\n<div class=\"brz-css-cxgbc brz-wrapper\">\n<div class=\"brz-image brz-css-fljtr brz-css-fnvpg\"><picture class=\"brz-picture brz-d-block brz-p-relative brz-css-luzbh\" data-custom-id=\"qnvrvdcrcu\"><source srcset=\"{@brizy_SITE_URL_PLACEHOLDER@}\/?brizy_media=wp-d20970a833bf2ef0c6ef6c81007a1076&amp;brizy_crop=iW%3D449%26iH%3D363%26oX%3D0%26oY%3D13%26cW%3D449%26cH%3D337&amp;brizy_post=795 1x, {@brizy_SITE_URL_PLACEHOLDER@}\/?brizy_media=wp-d20970a833bf2ef0c6ef6c81007a1076&amp;brizy_crop=iW%3D898%26iH%3D726%26oX%3D0%26oY%3D26%26cW%3D898%26cH%3D674&amp;brizy_post=795 2x\" media=\"(min-width: 992px)\" \/><source srcset=\"{@brizy_SITE_URL_PLACEHOLDER@}\/?brizy_media=wp-d20970a833bf2ef0c6ef6c81007a1076&amp;brizy_crop=iW%3D290%26iH%3D235%26oX%3D0%26oY%3D8%26cW%3D290%26cH%3D218&amp;brizy_post=795 1x, {@brizy_SITE_URL_PLACEHOLDER@}\/?brizy_media=wp-d20970a833bf2ef0c6ef6c81007a1076&amp;brizy_crop=iW%3D580%26iH%3D470%26oX%3D0%26oY%3D16%26cW%3D580%26cH%3D436&amp;brizy_post=795 2x\" media=\"(min-width: 768px)\" \/><img decoding=\"async\" class=\"brz-img brz-p-absolute\" draggable=\"false\" src=\"{@brizy_SITE_URL_PLACEHOLDER@}\/?brizy_media=wp-d20970a833bf2ef0c6ef6c81007a1076&amp;brizy_crop=iW%3D449%26iH%3D363%26oX%3D0%26oY%3D13%26cW%3D449%26cH%3D337&amp;brizy_post=795\" srcset=\"{@brizy_SITE_URL_PLACEHOLDER@}\/?brizy_media=wp-d20970a833bf2ef0c6ef6c81007a1076&amp;brizy_crop=iW%3D328%26iH%3D265%26oX%3D0%26oY%3D9%26cW%3D328%26cH%3D246&amp;brizy_post=795 1x, {@brizy_SITE_URL_PLACEHOLDER@}\/?brizy_media=wp-d20970a833bf2ef0c6ef6c81007a1076&amp;brizy_crop=iW%3D656%26iH%3D530%26oX%3D0%26oY%3D18%26cW%3D656%26cH%3D492&amp;brizy_post=795 2x\" alt=\"{{ brizy_dc_image_alt uid='wp-d20970a833bf2ef0c6ef6c81007a1076' }}\" \/><\/picture><\/div>\n<\/div>\n<div class=\"brz-css-cxgbc brz-wrapper\">\n<div class=\"brz-rich-text brz-css-ggrmk\" data-custom-id=\"dwmchjwmbt\">\n<p class=\"brz-text-lg-center brz-tp-paragraph\">I had my Lap Band Surgery with Dr.Feiz &amp; Associates on April 13th\u00a02011 and I have lost over 100 pounds!<\/p>\n<p class=\"brz-tp-paragraph brz-text-lg-center\">Couldn\u2019t have been happier!<\/p>\n<\/div>\n<\/div>\n<\/div>\n<\/div>\n<div class=\"brz-columns brz-css-hwgvs brz-css-hcxvm\" data-custom-id=\"qrcxioyxrj\">\n<div class=\"brz-column__items brz-css-loaat brz-css-vxlpw\">\n<div class=\"brz-css-cxgbc brz-wrapper\">\n<div class=\"brz-embed-code brz-css-cubid\" data-custom-id=\"ohgmzzrutv\">\n<div class=\"brz-embed-content\">\n<div class=\"\">\n<div class=\"mySidebarcontainer\">\n<div class=\"mySidebarlink\">\n<div class=\"text\"><a href=\"\/es\/begin-your-journey.html\/\">Comience su viaje<\/a><\/div>\n<\/div>\n<div class=\"mySidebarlink\">\n<div class=\"text\"><a href=\"\/es\/qualifying-for-weight-loss-surgery.html\/\">Qualification<\/a><\/div>\n<\/div>\n<div class=\"mySidebarlink\">\n<div class=\"text\"><a href=\"\/es\/preparing-for-weight-loss-surgery.html\/\">Preparation<\/a><\/div>\n<\/div>\n<div class=\"mySidebarlink\">\n<div class=\"text\"><a href=\"\/es\/instructions-for-day-of-surgery.html\/\">The Day of Surgery<\/a><\/div>\n<\/div>\n<div class=\"mySidebarlink\">\n<div class=\"text\"><a href=\"\/es\/financing.html\/\">Financiaci\u00f3n<\/a><\/div>\n<\/div>\n<\/div>\n<\/div>\n<\/div>\n<\/div>\n<\/div>\n<\/div>\n<\/div>\n<\/div>\n<\/div>\n<\/div>\n<\/div>\n<\/section>\n<\/div>\n<p><!-- version:1609771039 --><\/p>","protected":false},"excerpt":{"rendered":"<p>Begin Your Journey People from all around the world have benefited from Weight Loss\u00a0surgery. Patients will tell you that the path to surgery requires commitment to treatment. It takes the\u00a0resolve to face certain challenges. Educating yourself about the risks will empower you to make an\u00a0informed decision. The benefits of surgery, can be worth your time [&hellip;]<\/p>\n","protected":false},"author":19,"featured_media":0,"parent":0,"menu_order":1,"comment_status":"closed","ping_status":"closed","template":"","meta":{"footnotes":""},"class_list":["post-795","page","type-page","status-publish","hentry"],"yoast_head":"<!-- This site is optimized with the Yoast SEO plugin v27.5 - https:\/\/yoast.com\/product\/yoast-seo-wordpress\/ -->\n<title>Begin Your Weight Loss Journey<\/title>\n<meta name=\"description\" content=\"Learn all there is to weight loss surgery how to qualify for it, how to prepare for it, etc. Fill out our contact form online for a free seminar!\" \/>\n<meta name=\"robots\" content=\"index, follow, max-snippet:-1, max-image-preview:large, max-video-preview:-1\" \/>\n<link rel=\"canonical\" href=\"https:\/\/drfeiz.com\/es\/begin-your-journey.html\/\" \/>\n<meta property=\"og:locale\" content=\"es_ES\" \/>\n<meta property=\"og:type\" content=\"article\" \/>\n<meta property=\"og:title\" content=\"Begin Your Weight Loss Journey\" \/>\n<meta property=\"og:description\" content=\"Learn all there is to weight loss surgery how to qualify for it, how to prepare for it, etc. Fill out our contact form online for a free seminar!\" \/>\n<meta property=\"og:url\" content=\"https:\/\/drfeiz.com\/es\/begin-your-journey.html\/\" \/>\n<meta property=\"og:site_name\" content=\"Weight Loss Surgery Los Angeles | Bariatric Surgeon &amp; Weight Loss Surgery\" \/>\n<meta property=\"article:publisher\" content=\"https:\/\/www.facebook.com\/DrFeiz\/\" \/>\n<meta property=\"article:modified_time\" content=\"2022-12-01T06:45:34+00:00\" \/>\n<meta name=\"twitter:card\" content=\"summary_large_image\" \/>\n<meta name=\"twitter:site\" content=\"@DrFeiz\" \/>\n<meta name=\"twitter:label1\" content=\"Tiempo de lectura\" \/>\n\t<meta name=\"twitter:data1\" content=\"1 minuto\" \/>\n<!-- \/ Yoast SEO plugin. -->","yoast_head_json":{"title":"Begin Your Weight Loss Journey","description":"Learn all there is to weight loss surgery how to qualify for it, how to prepare for it, etc. Fill out our contact form online for a free seminar!","robots":{"index":"index","follow":"follow","max-snippet":"max-snippet:-1","max-image-preview":"max-image-preview:large","max-video-preview":"max-video-preview:-1"},"canonical":"https:\/\/drfeiz.com\/es\/begin-your-journey.html\/","og_locale":"es_ES","og_type":"article","og_title":"Begin Your Weight Loss Journey","og_description":"Learn all there is to weight loss surgery how to qualify for it, how to prepare for it, etc. Fill out our contact form online for a free seminar!","og_url":"https:\/\/drfeiz.com\/es\/begin-your-journey.html\/","og_site_name":"Weight Loss Surgery Los Angeles | Bariatric Surgeon &amp; Weight Loss Surgery","article_publisher":"https:\/\/www.facebook.com\/DrFeiz\/","article_modified_time":"2022-12-01T06:45:34+00:00","twitter_card":"summary_large_image","twitter_site":"@DrFeiz","twitter_misc":{"Tiempo de lectura":"1 minuto"},"schema":{"@context":"https:\/\/schema.org","@graph":[{"@type":"WebPage","@id":"https:\/\/drfeiz.com\/begin-your-journey.html","url":"https:\/\/drfeiz.com\/begin-your-journey.html","name":"Begin Your Weight Loss Journey","isPartOf":{"@id":"https:\/\/drfeiz.com\/#website"},"datePublished":"2009-04-09T00:24:23+00:00","dateModified":"2022-12-01T06:45:34+00:00","description":"Learn all there is to weight loss surgery how to qualify for it, how to prepare for it, etc. Fill out our contact form online for a free seminar!","breadcrumb":{"@id":"https:\/\/drfeiz.com\/begin-your-journey.html#breadcrumb"},"inLanguage":"es","potentialAction":[{"@type":"ReadAction","target":["https:\/\/drfeiz.com\/begin-your-journey.html"]}]},{"@type":"BreadcrumbList","@id":"https:\/\/drfeiz.com\/begin-your-journey.html#breadcrumb","itemListElement":[{"@type":"ListItem","position":1,"name":"Home","item":"https:\/\/drfeiz.com\/"},{"@type":"ListItem","position":2,"name":"Begin Your Journey"}]},{"@type":"WebSite","@id":"https:\/\/drfeiz.com\/#website","url":"https:\/\/drfeiz.com\/","name":"Weight Loss Surgery Los Angeles | Bariatric Surgeon &amp; Weight Loss Surgery","description":"Gastric Sleeve Gastrectomy in Los Angeles","potentialAction":[{"@type":"SearchAction","target":{"@type":"EntryPoint","urlTemplate":"https:\/\/drfeiz.com\/?s={search_term_string}"},"query-input":{"@type":"PropertyValueSpecification","valueRequired":true,"valueName":"search_term_string"}}],"inLanguage":"es"}]}},"_links":{"self":[{"href":"https:\/\/drfeiz.com\/es\/wp-json\/wp\/v2\/pages\/795","targetHints":{"allow":["GET"]}}],"collection":[{"href":"https:\/\/drfeiz.com\/es\/wp-json\/wp\/v2\/pages"}],"about":[{"href":"https:\/\/drfeiz.com\/es\/wp-json\/wp\/v2\/types\/page"}],"author":[{"embeddable":true,"href":"https:\/\/drfeiz.com\/es\/wp-json\/wp\/v2\/users\/19"}],"replies":[{"embeddable":true,"href":"https:\/\/drfeiz.com\/es\/wp-json\/wp\/v2\/comments?post=795"}],"version-history":[{"count":102,"href":"https:\/\/drfeiz.com\/es\/wp-json\/wp\/v2\/pages\/795\/revisions"}],"predecessor-version":[{"id":10433,"href":"https:\/\/drfeiz.com\/es\/wp-json\/wp\/v2\/pages\/795\/revisions\/10433"}],"wp:attachment":[{"href":"https:\/\/drfeiz.com\/es\/wp-json\/wp\/v2\/media?parent=795"}],"curies":[{"name":"wp","href":"https:\/\/api.w.org\/{rel}","templated":true}]}}