{"id":799,"date":"2009-04-09T00:39:53","date_gmt":"2009-04-09T00:39:53","guid":{"rendered":"http:\/\/drfeiz.flywheelsites.com\/lap-band-southern-california\/"},"modified":"2021-06-21T09:30:56","modified_gmt":"2021-06-21T09:30:56","slug":"bariatric-surgery","status":"publish","type":"page","link":"https:\/\/drfeiz.com\/es\/bariatric-surgery.html","title":{"rendered":"Cirug\u00eda bari\u00e1trica"},"content":{"rendered":"<section class=\"fw-main-row\">\n<div class=\"fw-container\">\n<div class=\"fw-row\">\n<div class=\"fw-col-xs-12\">\n<div class=\"fw-divider-space\" style=\"padding-top: 50px\"><\/div>\n<p><p class=\"post-content\">La cirug\u00eda bari\u00e1trica es un t\u00e9rmino general para una serie de procedimientos dise\u00f1ados para hacer que la p\u00e9rdida de peso sea menos dif\u00edcil. Es importante darse cuenta de que estos procedimientos nunca son una \"salida f\u00e1cil\"; Como sabe cualquiera que haya intentado perder una cantidad significativa de peso o estudiado las estad\u00edsticas sobre la p\u00e9rdida de peso, no existe tal cosa.<\/p>\n<p class=\"post-content\">Lo que hacen estos procedimientos, sin embargo, es abordar los dolores persistentes del hambre y el apetito que sabotean la gran mayor\u00eda de los esfuerzos para derrotar la obesidad a largo plazo al hacer que comer en exceso sea menos c\u00f3modo y, a menudo, reduciendo realmente la necesidad imperiosa de comer en exceso. Las cirug\u00edas bari\u00e1tricas no facilitan la p\u00e9rdida de peso, la hacen alcanzable.<\/p>\n<\/p>\n<div class=\"fw-divider-space\" style=\"padding-top: 25px\"><\/div>\n<div class=\"fw-row\">\n<div class=\"fw-col-sm-3\">\n<p><!-- Category item --><\/p>\n<div class=\"category-item\" style=\"background-image: url('\/\/drfeiz.com\/wp-content\/uploads\/2018\/12\/pro2.jpg')\">\n<div class=\"centered-container\"><a class=\"button-style2 white big\" href=\"\/es\/sleeve-gastrectomy.html\/\">Banda g\u00e1strica<\/a><\/div>\n<\/div>\n<p><!-- END Category item --><\/p>\n<\/div>\n<div class=\"fw-col-sm-3\">\n<p><!-- Category item --><\/p>\n<div class=\"category-item\" style=\"background-image: url('\/\/drfeiz.com\/wp-content\/uploads\/2018\/12\/pro1.jpg')\">\n<div class=\"centered-container\"><a class=\"button-style2 white big\" href=\"\/es\/convert-lap-band-to-sleeve.html\/\">Lap Band to Sleeve Conversion<\/a><\/div>\n<\/div>\n<p><!-- END Category item --><\/p>\n<\/div>\n<div class=\"fw-col-sm-3\">\n<p><!-- Category item --><\/p>\n<div class=\"category-item\" style=\"background-image: url('\/\/drfeiz.com\/wp-content\/uploads\/2018\/12\/pro3.jpg')\">\n<div class=\"centered-container\"><a class=\"button-style2 white big\" href=\"\/es\/lap-gastric-bypass.html\/\">Bypass g\u00e1strico<\/a><\/div>\n<\/div>\n<p><!-- END Category item --><\/p>\n<\/div>\n<div class=\"fw-col-sm-3\"><!-- Category item --><br \/><!-- END Category item --><\/div>\n<\/div>\n<div class=\"fw-divider-space\" style=\"padding-top: 25px\"><\/div>\n<p><h3 class=\"h4\">\u00bfQu\u00e9 tipos de procedimientos bari\u00e1tricos est\u00e1n disponibles?<\/h3>\n<p><\/p>\n<p class=\"post-content\">Cada vez m\u00e1s, los procedimientos bari\u00e1tricos que se realizan en la actualidad se dividen en dos categor\u00edas. Ellos son:<\/p>\n<p class=\"post-content\"><a href=\"\/es\/sleeve-gastrectomy.html\/\">Banda g\u00e1strica<\/a><strong>. <\/strong>Con mucho, el procedimiento m\u00e1s com\u00fan que se realiza en la actualidad, esta cirug\u00eda elimina aproximadamente el 75-85% del est\u00f3mago del paciente. Este procedimiento es menos radical que las t\u00e9cnicas anteriores y, al mismo tiempo, cuenta con una tasa muy alta de seguridad y eficacia en t\u00e9rminos de fomentar una p\u00e9rdida de peso significativa y permanente. Este procedimiento es muy eficaz porque funciona de dos formas distintas. Primero, hacer que el est\u00f3mago sea m\u00e1s peque\u00f1o hace que sea inc\u00f3modo comer en exceso, lo que reduce el apetito. En segundo lugar, elimina la parte del est\u00f3mago que parece ser en gran parte responsable de la producci\u00f3n de grelina, la \"hormona del hambre\" que parece ser responsable de los deseos constantes de comer que afectan a casi todas las personas que hacen dieta seriamente.<\/p>\n<p class=\"post-content\"><a href=\"\/es\/lap-gastric-bypass.html\/\">Bypass g\u00e1strico<\/a>. El m\u00e1s antiguo de los procedimientos bari\u00e1tricos m\u00e1s populares ha desarrollado un excelente historial de efectividad, pero se ha vuelto menos com\u00fan ya que tambi\u00e9n es el procedimiento m\u00e1s radical. Crea una bolsa de est\u00f3mago muy peque\u00f1a, del tama\u00f1o de un huevo, que se une quir\u00fargicamente al intestino delgado. Esto significa que no solo es inc\u00f3modo comer en exceso, sino que pueden producirse reacciones muy desagradables en el tracto digestivo si el paciente come demasiado de ciertos tipos de alimentos. Los pacientes que se someten a este procedimiento deben vigilar cuidadosamente su nutrici\u00f3n y usar el tipo correcto de suplementaci\u00f3n.<\/p>\n<\/p>\n<div class=\"fw-divider-space\" style=\"padding-top: 25px\"><\/div>\n<p><h4 class=\"h6\">\u00bfPara qui\u00e9n es la cirug\u00eda bari\u00e1trica?<\/h4>\n<p class=\"post-content\">La cirug\u00eda bari\u00e1trica est\u00e1 destinada a pacientes que se consideran obesos graves. Las personas con obesidad severa se definen como cualquier persona con un \u00edndice de masa corporal (IMC) de 40 o m\u00e1s, o cualquier persona con un IMC de 30 o m\u00e1s y una comorbilidad relacionada (problema de salud), como diabetes tipo 2 o enfermedad card\u00edaca.<\/p>\n<\/p>\n<div class=\"fw-divider-space\" style=\"padding-top: 25px\"><\/div>\n<p><h4 class=\"h6\">\u00bfEs la cirug\u00eda bari\u00e1trica para m\u00ed?<\/h4>\n<p class=\"post-content\">La \u00fanica forma de averiguarlo es consultar a un cirujano bari\u00e1trico calificado. Michael Feiz, M.D., F.A.C.S., ha realizado innumerables procedimientos exitosos para hombres y mujeres de todos los \u00e1mbitos de la vida, y es ampliamente considerado como uno de los mejores cirujanos en el campo. Para obtener m\u00e1s informaci\u00f3n, comun\u00edquese con nuestras oficinas al n\u00famero de tel\u00e9fono anterior o comun\u00edquese con el Dr. Feiz y nuestro equipo a trav\u00e9s de <a href=\"\/es\/contact-us.html\/\">nuestra pagina de contacto<\/a>. Puede ver c\u00f3mo ser\u00eda su experiencia con el Dr. Feiz viendo el video a continuaci\u00f3n. <\/p>\n<\/p>\n<p class=\"post-content\">\n<div class=\"wistia_responsive_padding\" style=\"padding: 56.25% 0 0 0\">\n<div class=\"wistia_responsive_wrapper\" style=\"height: 100%;width: 100%\">\n<div class=\"wistia_embed wistia_async_2hnkhn6qfb videoFoam=true\" style=\"height: 100%;width: 100%\"><\/div>\n<\/div>\n<\/div>\n<p><p class=\"post-content\">Debido a Internet y a la amplia difusi\u00f3n del conocimiento en el mundo actual, es f\u00e1cil aprender mucho sobre la cirug\u00eda para bajar de peso, especialmente para aquellos que esperan someterse a ella. Sin embargo, lo que falta en esta informaci\u00f3n de f\u00e1cil acceso es una opini\u00f3n experta y personalizada de un m\u00e9dico. Michael Feiz, MD, FACS cree que no existe un enfoque \u00fanico para la cirug\u00eda bari\u00e1trica y que es incre\u00edblemente importante reunirse con un cirujano experimentado en p\u00e9rdida de peso antes de comprometerse con un tipo de cirug\u00eda en lugar de otro.<\/p>\n<\/p>\n<p><p class=\"post-content\">El Dr. Feiz ofrece consultas gratuitas en una amplia gama de ubicaciones en Los \u00c1ngeles, en \u00e1reas que incluyen Beverly Hills, Rancho Cucamonga, Valencia, Lancaster, Thousand Oaks, Oxnard, Hesperia, Bakersfield y mucho m\u00e1s. En una de estas reuniones amistosas de bajo compromiso, el Dr. Feiz discutir\u00e1 los muchos tipos de cirug\u00edas bari\u00e1tricas como bypass g\u00e1strico, gastrectom\u00eda en manga, Lap Band que cumple con la FDA e incluso cirug\u00edas de conversi\u00f3n (donde uno de estos procedimientos se convierte manga para una p\u00e9rdida de peso sostenida). Luego escuchar\u00e1 su historial m\u00e9dico y le informar\u00e1 si califica para la cirug\u00eda de p\u00e9rdida de peso.<\/p>\n<\/p>\n<p><p class=\"post-content\">Una vez que se haya determinado, el Dr. Feiz y su equipo pueden discutir con usted cu\u00e1l de los procedimientos es el m\u00e1s apropiado para usted. Hay muchas variables en juego cuando se trata de determinar el procedimiento adecuado para usted, incluida la edad, el historial m\u00e9dico, el estilo de vida y m\u00e1s. Estas consultas est\u00e1n destinadas a ser informativas; como tal, el Dr. Feiz tambi\u00e9n responder\u00e1 preguntas sobre el costo y los tiempos de recuperaci\u00f3n de la cirug\u00eda de manga g\u00e1strica, bypass y banda g\u00e1strica. M\u00e1s que nada, el Dr. Feiz quiere que sus pacientes est\u00e9n mentalmente preparados para los cambios que se avecinan. <a href=\"\/es\/contact-us.html\/\">\u00a1Cont\u00e1ctenos en l\u00ednea para obtener m\u00e1s informaci\u00f3n!<\/a><\/p>\n<\/p>\n<div class=\"fw-divider-space\" style=\"padding-top: 50px\"><\/div>\n<h3><strong>\u00danase a nosotros para un pr\u00f3ximo seminario de p\u00e9rdida de peso en l\u00ednea<\/strong><\/h3>\n<div class=\"fw-divider-space\" style=\"padding-top: 40px\"><\/div>\n<p><p class=\"post-content\">\u00bfSientes que lo has intentado todo para adelgazar? \u00bfYa se someti\u00f3 a una cirug\u00eda de p\u00e9rdida de peso sin \u00e9xito? El Dr. Michael Feiz y su equipo le proporcionar\u00e1n toda la informaci\u00f3n y los recursos que necesita para tomar una decisi\u00f3n informada sobre la cirug\u00eda para bajar de peso. Aunque los detalles var\u00edan de un paciente a otro, estaremos con usted en cada paso del camino. De la cirug\u00eda\u2014&gt; a la recuperaci\u00f3n\u2014&gt; \u00a1a un estilo de vida saludable permanente!<\/p>\n<\/p>\n<div class=\"fw-divider-space\" style=\"padding-top: 30px\"><\/div>\n<div class='gf_browser_chrome gform_wrapper' id='gform_wrapper_4'>\n<div class='gform_body'>\n<ul id='gform_fields_4' class='gform_fields top_label form_sublabel_below description_below'>\n<li id='field_4_3' class='gfield gf_left_half gfield_contains_required field_sublabel_below field_description_below gfield_visibility_visible'><label class='gfield_label' for='input_4_3'>Nombre propio<span class='gfield_required'>*<\/span><\/label>\n<div class='ginput_container ginput_container_text'><\/div>\n<\/li>\n<li id='field_4_4' class='gfield gf_right_half gfield_contains_required field_sublabel_below field_description_below gfield_visibility_visible'><label class='gfield_label' for='input_4_4'>Apellido<span class='gfield_required'>*<\/span><\/label>\n<div class='ginput_container ginput_container_text'><\/div>\n<\/li>\n<li id='field_4_5' class='gfield gf_left_half gfield_contains_required field_sublabel_below field_description_below gfield_visibility_visible'><label class='gfield_label' for='input_4_5'>Correo electr\u00f3nico<span class='gfield_required'>*<\/span><\/label>\n<div class='ginput_container ginput_container_email'><\/div>\n<\/li>\n<li id='field_4_6' class='gfield gf_right_half gfield_contains_required field_sublabel_below field_description_below gfield_visibility_visible'><label class='gfield_label' for='input_4_6'>Tel\u00e9fono<span class='gfield_required'>*<\/span><\/label>\n<div class='ginput_container ginput_container_phone'><\/div>\n<\/li>\n<li id='field_4_15' class='gfield gf_left_third gfield_contains_required field_sublabel_below field_description_below gfield_visibility_visible'><label class='gfield_label' for='input_4_15'>Pies de altura<span class='gfield_required'>*<\/span><\/label>\n<div class='ginput_container ginput_container_number'>\n<div class='instruction'>Please enter a number less than or equal to <strong>9<\/strong>.<\/div>\n<\/div>\n<\/li>\n<li id='field_4_16' class='gfield gf_middle_third gfield_contains_required field_sublabel_below field_description_below gfield_visibility_visible'><label class='gfield_label' for='input_4_16'>Altura- pulgadas<span class='gfield_required'>*<\/span><\/label>\n<div class='ginput_container ginput_container_number'>\n<div class='instruction'>Please enter a number less than or equal to <strong>11<\/strong>.<\/div>\n<\/div>\n<\/li>\n<li id='field_4_17' class='gfield gf_right_third gfield_contains_required field_sublabel_below field_description_below gfield_visibility_visible'><label class='gfield_label' for='input_4_17'>Peso (libras)<span class='gfield_required'>*<\/span><\/label>\n<div class='ginput_container ginput_container_number'>\n<div class='instruction'>Please enter a number less than or equal to <strong>800<\/strong>.<\/div>\n<\/div>\n<\/li>\n<li id='field_4_18' class='gfield gfield_calculation field_sublabel_below field_description_below gfield_visibility_visible'><label class='gfield_label' for='input_4_18'>IMC calculado<\/label>\n<div class='ginput_container ginput_container_number'><\/div>\n<\/li>\n<li id='field_4_8' class='gfield gfield_contains_required field_sublabel_below field_description_below gfield_visibility_visible'><label class='gfield_label' for='input_4_8'>Tipo de seguro<span class='gfield_required'>*<\/span><\/label>\n<div class='ginput_container ginput_container_select'>PPOSelf Paid \/ Financing<\/div>\n<\/li>\n<li id='field_4_12' class='gfield gf_right_half field_sublabel_below field_description_below gfield_visibility_visible'><label class='gfield_label' for='input_4_12'>\u00bfC\u00f3mo debemos ponernos en contacto con usted?<\/label>\n<div class='ginput_container ginput_container_select'>CallTextEmail<\/div>\n<\/li>\n<li id='field_4_20' class='gfield gf_right_half field_sublabel_below field_description_below gfield_visibility_visible'><label class='gfield_label' for='input_4_20'>\u00bfC\u00f3mo te enteraste de nosotros?<\/label>\n<div class='ginput_container ginput_container_select'>Search EngineTVRadioPrintSocial MediaWord of MouthOther<\/div>\n<\/li>\n<li id='field_4_19' class='gfield field_sublabel_below field_description_below gfield_visibility_visible'><label class='gfield_label' for='input_4_19'>Mensaje para el Dr. Feiz<\/label>\n<div class='ginput_container ginput_container_textarea'><textarea name='input_19' id='input_4_19' class='textarea small' rows='10' cols='50'><\/textarea><\/div>\n<\/li>\n<li id='field_4_21' class='gfield field_sublabel_below field_description_below hidden_label gfield_visibility_hidden'><label class='gfield_label' for='input_4_21'>utm_campaign<\/label>\n<div class='ginput_container ginput_container_text'><\/div>\n<\/li>\n<li id='field_4_22' class='gfield field_sublabel_below field_description_below hidden_label gfield_visibility_hidden'><label class='gfield_label' for='input_4_22'>utm_source<\/label>\n<div class='ginput_container ginput_container_text'><\/div>\n<\/li>\n<li id='field_4_23' class='gfield field_sublabel_below field_description_below hidden_label gfield_visibility_hidden'><label class='gfield_label' for='input_4_23'>utm_medium<\/label>\n<div class='ginput_container ginput_container_text'><\/div>\n<\/li>\n<li id='field_4_24' class='gfield field_sublabel_below field_description_below hidden_label gfield_visibility_hidden'><label class='gfield_label' for='input_4_24'>utm_content<\/label>\n<div class='ginput_container ginput_container_text'><\/div>\n<\/li>\n<li id='field_4_25' class='gfield field_sublabel_below field_description_below hidden_label gfield_visibility_hidden'><label class='gfield_label' for='input_4_25'>utm_term<\/label>\n<div class='ginput_container ginput_container_text'><\/div>\n<\/li>\n<\/ul>\n<\/div>\n<div class='gform_footer top_label'><\/div>\n<\/p><\/div>\n<p><\/p>\n<div class=\"fw-divider-space\" style=\"padding-top: 50px\"><\/div>\n<\/div>\n<\/div><\/div>\n<\/section>\n<p><!-- 714bde3f1f22773e7f298503b862b609 --><\/p>","protected":false},"excerpt":{"rendered":"<p>Bariatric surgery is a blanket term for a number of procedures designed to make weight loss less difficult. It is important to realize these procedures are never an \u201ceasy way out\u201d; as anyone who has tried to lose a significant amount of weight or studied the statistics on weight loss knows, there is no such [&hellip;]<\/p>\n","protected":false},"author":19,"featured_media":797,"parent":0,"menu_order":33,"comment_status":"closed","ping_status":"closed","template":"page-landing.php","meta":{"footnotes":""},"class_list":["post-799","page","type-page","status-publish","has-post-thumbnail","hentry"],"yoast_head":"<!-- This site is optimized with the Yoast SEO plugin v27.5 - https:\/\/yoast.com\/product\/yoast-seo-wordpress\/ -->\n<title>Bariatric Surgery In Los Angeles | Bariatric Surgery near me | Dr.Feiz<\/title>\n<meta name=\"description\" content=\"Get in touch with Dr Feiz to find if you qualify for bariatric surgery in Los Angeles. The suitable options will be discussed. Start now!\" \/>\n<meta name=\"robots\" content=\"index, follow, max-snippet:-1, max-image-preview:large, max-video-preview:-1\" \/>\n<link rel=\"canonical\" href=\"https:\/\/drfeiz.com\/es\/bariatric-surgery.html\/\" \/>\n<meta property=\"og:locale\" content=\"es_ES\" \/>\n<meta property=\"og:type\" content=\"article\" \/>\n<meta property=\"og:title\" content=\"Bariatric Surgery In Los Angeles | Bariatric Surgery near me | Dr.Feiz\" \/>\n<meta property=\"og:description\" content=\"Get in touch with Dr Feiz to find if you qualify for bariatric surgery in Los Angeles. The suitable options will be discussed. Start now!\" \/>\n<meta property=\"og:url\" content=\"https:\/\/drfeiz.com\/es\/bariatric-surgery.html\/\" \/>\n<meta property=\"og:site_name\" content=\"Weight Loss Surgery Los Angeles | Bariatric Surgeon &amp; Weight Loss Surgery\" \/>\n<meta property=\"article:publisher\" content=\"https:\/\/www.facebook.com\/DrFeiz\/\" \/>\n<meta property=\"article:modified_time\" content=\"2021-06-21T09:30:56+00:00\" \/>\n<meta property=\"og:image\" content=\"https:\/\/secureservercdn.net\/72.167.242.158\/qpd.390.myftpupload.com\/wp-content\/uploads\/2009\/04\/patients-stories-icon.png?time=1653079297\" \/>\n\t<meta property=\"og:image:width\" content=\"258\" \/>\n\t<meta property=\"og:image:height\" content=\"74\" \/>\n\t<meta property=\"og:image:type\" content=\"image\/png\" \/>\n<meta name=\"twitter:card\" content=\"summary_large_image\" \/>\n<meta name=\"twitter:site\" content=\"@DrFeiz\" \/>\n<meta name=\"twitter:label1\" content=\"Tiempo de lectura\" \/>\n\t<meta name=\"twitter:data1\" content=\"5 minutos\" \/>\n<!-- \/ Yoast SEO plugin. -->","yoast_head_json":{"title":"Bariatric Surgery In Los Angeles | Bariatric Surgery near me | Dr.Feiz","description":"Get in touch with Dr Feiz to find if you qualify for bariatric surgery in Los Angeles. The suitable options will be discussed. Start now!","robots":{"index":"index","follow":"follow","max-snippet":"max-snippet:-1","max-image-preview":"max-image-preview:large","max-video-preview":"max-video-preview:-1"},"canonical":"https:\/\/drfeiz.com\/es\/bariatric-surgery.html\/","og_locale":"es_ES","og_type":"article","og_title":"Bariatric Surgery In Los Angeles | Bariatric Surgery near me | Dr.Feiz","og_description":"Get in touch with Dr Feiz to find if you qualify for bariatric surgery in Los Angeles. The suitable options will be discussed. Start now!","og_url":"https:\/\/drfeiz.com\/es\/bariatric-surgery.html\/","og_site_name":"Weight Loss Surgery Los Angeles | Bariatric Surgeon &amp; Weight Loss Surgery","article_publisher":"https:\/\/www.facebook.com\/DrFeiz\/","article_modified_time":"2021-06-21T09:30:56+00:00","og_image":[{"width":258,"height":74,"url":"https:\/\/secureservercdn.net\/72.167.242.158\/qpd.390.myftpupload.com\/wp-content\/uploads\/2009\/04\/patients-stories-icon.png?time=1653079297","type":"image\/png"}],"twitter_card":"summary_large_image","twitter_site":"@DrFeiz","twitter_misc":{"Tiempo de lectura":"5 minutos"},"schema":{"@context":"https:\/\/schema.org","@graph":[{"@type":"WebPage","@id":"https:\/\/drfeiz.com\/bariatric-surgery.html","url":"https:\/\/drfeiz.com\/bariatric-surgery.html","name":"Bariatric Surgery In Los Angeles | Bariatric Surgery near me | Dr.Feiz","isPartOf":{"@id":"https:\/\/drfeiz.com\/#website"},"primaryImageOfPage":{"@id":"https:\/\/drfeiz.com\/bariatric-surgery.html#primaryimage"},"image":{"@id":"https:\/\/drfeiz.com\/bariatric-surgery.html#primaryimage"},"thumbnailUrl":"https:\/\/drfeiz.com\/wp-content\/uploads\/2009\/04\/patients-stories-icon.png","datePublished":"2009-04-09T00:39:53+00:00","dateModified":"2021-06-21T09:30:56+00:00","description":"Get in touch with Dr Feiz to find if you qualify for bariatric surgery in Los Angeles. The suitable options will be discussed. Start now!","breadcrumb":{"@id":"https:\/\/drfeiz.com\/bariatric-surgery.html#breadcrumb"},"inLanguage":"es","potentialAction":[{"@type":"ReadAction","target":["https:\/\/drfeiz.com\/bariatric-surgery.html"]}]},{"@type":"ImageObject","inLanguage":"es","@id":"https:\/\/drfeiz.com\/bariatric-surgery.html#primaryimage","url":"https:\/\/drfeiz.com\/wp-content\/uploads\/2009\/04\/patients-stories-icon.png","contentUrl":"https:\/\/drfeiz.com\/wp-content\/uploads\/2009\/04\/patients-stories-icon.png","width":258,"height":74,"caption":"Patient Stories"},{"@type":"BreadcrumbList","@id":"https:\/\/drfeiz.com\/bariatric-surgery.html#breadcrumb","itemListElement":[{"@type":"ListItem","position":1,"name":"Home","item":"https:\/\/drfeiz.com\/"},{"@type":"ListItem","position":2,"name":"Bariatric Surgery"}]},{"@type":"WebSite","@id":"https:\/\/drfeiz.com\/#website","url":"https:\/\/drfeiz.com\/","name":"Weight Loss Surgery Los Angeles | Bariatric Surgeon &amp; Weight Loss Surgery","description":"Gastric Sleeve Gastrectomy in Los Angeles","potentialAction":[{"@type":"SearchAction","target":{"@type":"EntryPoint","urlTemplate":"https:\/\/drfeiz.com\/?s={search_term_string}"},"query-input":{"@type":"PropertyValueSpecification","valueRequired":true,"valueName":"search_term_string"}}],"inLanguage":"es"}]}},"_links":{"self":[{"href":"https:\/\/drfeiz.com\/es\/wp-json\/wp\/v2\/pages\/799","targetHints":{"allow":["GET"]}}],"collection":[{"href":"https:\/\/drfeiz.com\/es\/wp-json\/wp\/v2\/pages"}],"about":[{"href":"https:\/\/drfeiz.com\/es\/wp-json\/wp\/v2\/types\/page"}],"author":[{"embeddable":true,"href":"https:\/\/drfeiz.com\/es\/wp-json\/wp\/v2\/users\/19"}],"replies":[{"embeddable":true,"href":"https:\/\/drfeiz.com\/es\/wp-json\/wp\/v2\/comments?post=799"}],"version-history":[{"count":26,"href":"https:\/\/drfeiz.com\/es\/wp-json\/wp\/v2\/pages\/799\/revisions"}],"predecessor-version":[{"id":6367,"href":"https:\/\/drfeiz.com\/es\/wp-json\/wp\/v2\/pages\/799\/revisions\/6367"}],"wp:featuredmedia":[{"embeddable":true,"href":"https:\/\/drfeiz.com\/es\/wp-json\/wp\/v2\/media\/797"}],"wp:attachment":[{"href":"https:\/\/drfeiz.com\/es\/wp-json\/wp\/v2\/media?parent=799"}],"curies":[{"name":"wp","href":"https:\/\/api.w.org\/{rel}","templated":true}]}}