{"id":800,"date":"2009-04-09T00:48:39","date_gmt":"2009-04-09T00:48:39","guid":{"rendered":"http:\/\/drfeiz.flywheelsites.com\/health-benefits\/"},"modified":"2021-06-21T09:47:12","modified_gmt":"2021-06-21T09:47:12","slug":"health-benefits","status":"publish","type":"page","link":"https:\/\/drfeiz.com\/es\/health-benefits.html","title":{"rendered":"Beneficios de la salud"},"content":{"rendered":"<div class=\"brz-root__container brz-reset-all\">\n<section data-uid=\"zunfdwgzgt\" id=\"zunfdwgzgt\" class=\"brz-section brz-css-vujnf\">\n<div class=\"brz-section__content brz-section--fullWidth brz-css-fbwxm brz-css-ilnty\" data-custom-id=\"fcicpqddgj\">\n<div class=\"brz-bg\">\n<div class=\"brz-bg-color\"><\/div>\n<\/div>\n<div class=\"brz-container brz-css-wmkon brz-css-bhavv\">\n<div class=\"brz-row__container brz-css-dikst\" data-custom-id=\"duzfevelgi\">\n<div class=\"brz-row brz-css-auwqb brz-css-acgxe\">\n<div class=\"brz-columns brz-css-krnjl brz-css-ygzkk\" data-custom-id=\"xsjlgamgbs\">\n<div class=\"brz-bg\">\n<div class=\"brz-bg-image\"><\/div>\n<div class=\"brz-bg-color\"><\/div>\n<\/div>\n<div class=\"brz-column__items brz-css-jzjyz brz-css-tuglq\">\n<div class=\"brz-css-vjfhq brz-css-aceok brz-wrapper\">\n<div class=\"brz-rich-text brz-css-vjdhx\" data-custom-id=\"wvucbbkusq\">\n<h1 class=\"brz-text-lg-center brz-tp-heading1\"><span class=\"brz-cp-color8\">Beneficios de la salud<\/span><\/h1>\n<\/div>\n<\/div>\n<\/div>\n<\/div>\n<div class=\"brz-columns brz-css-krnjl brz-css-edkrj\" data-custom-id=\"yvpivdtkmx\">\n<div class=\"brz-bg\">\n<div class=\"brz-bg-image\"><\/div>\n<\/div>\n<div class=\"brz-column__items brz-css-jzjyz brz-css-cgwzj\"><\/div>\n<\/div>\n<div class=\"brz-columns brz-css-krnjl brz-css-znhkp\" data-custom-id=\"obzuumszhy\">\n<div class=\"brz-bg\">\n<div class=\"brz-bg-image\"><\/div>\n<\/div>\n<div class=\"brz-column__items brz-css-jzjyz brz-css-xtqfj\"><\/div>\n<\/div>\n<div class=\"brz-columns brz-css-krnjl brz-css-pnyap\" data-custom-id=\"bznbysaqmc\">\n<div class=\"brz-bg\">\n<div class=\"brz-bg-image\"><\/div>\n<\/div>\n<div class=\"brz-column__items brz-css-jzjyz brz-css-bcedv\"><\/div>\n<\/div>\n<\/div>\n<\/div>\n<\/div>\n<\/div>\n<\/section>\n<section data-uid=\"alekfvnzyw\" id=\"alekfvnzyw\" class=\"brz-section brz-css-vujnf\">\n<div class=\"brz-section__content brz-section--fullWidth brz-css-fbwxm brz-css-arbuk\" data-custom-id=\"hmptzrflub\">\n<div class=\"brz-container brz-css-wmkon brz-css-gsymg\">\n<div class=\"brz-row__container brz-css-dikst\" data-custom-id=\"hbdffvdohq\">\n<div class=\"brz-row brz-css-auwqb\">\n<div class=\"brz-columns brz-css-krnjl brz-css-qhljr\" data-custom-id=\"ipikmzehna\">\n<div class=\"brz-column__items brz-css-jzjyz brz-css-yddil\">\n<div class=\"brz-row__container brz-css-dikst\" data-custom-id=\"cyznlwekzt\">\n<div class=\"brz-row brz-row--inner brz-css-auwqb\">\n<div class=\"brz-columns brz-css-krnjl\" data-custom-id=\"cghtirhsha\">\n<div class=\"brz-column__items brz-css-jzjyz\">\n<div class=\"brz-css-vjfhq brz-wrapper h4\">\n<div class=\"brz-rich-text brz-css-vjdhx\" data-custom-id=\"tynfcxpunb\">\n<h3 class=\"brz-tp-heading4\">Beneficios para la salud de la cirug\u00eda para bajar de peso<\/h3>\n<\/div>\n<\/div>\n<div class=\"brz-css-vjfhq brz-wrapper pt30 pb10\">\n<div class=\"brz-rich-text brz-css-vjdhx\" data-custom-id=\"getenuxkfr\">\n<p class=\"brz-tp-paragraph\">La obesidad grave puede conducir a una vida m\u00e1s corta y muchos problemas de salud potencialmente mortales, a menudo referidos m\u00e9dicamente como comorbilidades.Los cient\u00edficos han demostrado que aquellos que luchan con obesidad severa tienen el doble de probabilidades de morir prematuramente que alguien que no es obeso.Por el contrario, con tratamientos que combaten eficazmente la obesidad, los pacientes tienen una gran probabilidad de disfrutar de una buena salud y una vida m\u00e1s larga.<\/p>\n<\/div>\n<\/div>\n<div class=\"brz-css-vjfhq brz-wrapper\">\n<div class=\"brz-video brz-youtube-video brz-video-on-controls-hidden brz-css-woriv\" data-custom-id=\"rtsiltzsvj\">\n<div class=\"brz-video-content\">\n<div class=\"video-wrapper brz-image-fix-16-9 brz-css-nfhgy brz-css-gqfxy\">\n<div class=\"brz-video-data brz-hidden\" data-src=\"https:\/\/www.youtube.com\/embed\/IKOF5U5l7es?autoplay=0&controls=1&start=0&end=0&modestbranding=0&wmode=transparent&enablejsapi=1&loop=0&rel=0\" data-population data-controls=\"true\" data-branding=\"true\" data-intro=\"true\" data-start=\"0\" data-end=\"0\"><\/div>\n<p><iframe loading=\"lazy\" allowfullscreen class=\"intrinsic-ignore brz-iframe\" src=\"https:\/\/www.youtube.com\/embed\/IKOF5U5l7es?autoplay=0&controls=1&start=0&end=0&modestbranding=0&wmode=transparent&enablejsapi=1&loop=0&rel=0\"><\/iframe><\/div>\n<\/div>\n<\/div>\n<\/div>\n<div class=\"brz-css-vjfhq brz-wrapper blue-color\">\n<div class=\"brz-rich-text brz-css-vjdhx\" data-custom-id=\"ztbcgkvtzk\">\n<h6 class=\"brz-tp-heading6\">Condiciones de salud relacionadas con la obesidad<\/h6>\n<\/div>\n<\/div>\n<div class=\"brz-css-vjfhq brz-css-kwdab brz-wrapper\">\n<div class=\"brz-rich-text brz-css-vjdhx\" data-custom-id=\"qmmhaidwpv\">\n<p class=\"brz-tp-paragraph\">If have a BMI (body mass index) of 35 or over and you find yourself struggling with one or more obesity-related health conditions, weight loss surgery may be right for you. A list of some of the more common obesity-related health conditions follows. (Your doctor can provide more complete information.)<\/p>\n<\/div>\n<\/div>\n<div class=\"brz-css-vjfhq brz-css-bxbri brz-wrapper\">\n<div class=\"brz-line brz-css-kudnm\" data-custom-id=\"gtoczftuqy\">\n<hr class=\"brz-hr\"><\/div>\n<\/div>\n<div class=\"brz-css-vjfhq brz-wrapper\">\n<div class=\"brz-rich-text brz-css-vjdhx\" data-custom-id=\"jsuypqfzfr\">\n<p class=\"brz-tp-paragraph brz-mt-lg-84\">Los estudios demuestran que la cirug\u00eda bari\u00e1trica puede mejorar y resolver con \u00e9xito muchas condiciones de salud relacionadas con el peso.Una revisi\u00f3n de m\u00e1s de 22.000 pacientes con cirug\u00eda bari\u00e1trica mostr\u00f3 una mejor\u00eda o resoluci\u00f3n completa de las afecciones, incluyendo diabetes tipo 2, hipertensi\u00f3n y apnea del sue\u00f1o.<\/p>\n<p class=\"brz-tp-paragraph\">If you have a BMI of 35 or over and suffer from any of these comorbidities, you may qualify for a bariatric procedure. If your BMI is 40 or over, you also may qualify before these issues develop. To find out more about&nbsp; the very latest in weight loss medicine, please contact Dr. Feiz &amp; Associates at the phone numbers on this page. You can also reach out to us via e-mail through our\u00a0<a href=\"\/es\/contact-us.html\/\" style class=\"link--external\" data-brz-link-type=\"external\">p\u00e1gina de contacto<\/a>.\u00a0<\/p>\n<\/div>\n<\/div>\n<\/div>\n<\/div>\n<div class=\"brz-columns brz-css-krnjl\" data-custom-id=\"mwitdcnvdb\">\n<div class=\"brz-column__items brz-css-jzjyz\">\n<div class=\"brz-css-vjfhq brz-css-tmhja brz-wrapper\">\n<div class=\"brz-rich-text brz-css-vjdhx\" data-custom-id=\"zatqkuxrod\">\n<h5 class=\"brz-tp-heading5 brz-text-xs-center\"><a href=\"\/es\/type-2-diabetes.html\/\" style class=\"brz-cp-color2 link--external\" data-brz-link-type=\"external\">Diabetes tipo 2<\/a><\/h5>\n<\/div>\n<\/div>\n<div class=\"brz-css-vjfhq brz-css-ppwfw brz-wrapper\">\n<div class=\"brz-rich-text brz-css-vjdhx\" data-custom-id=\"uaunjozgma\">\n<p class=\"brz-text-xs-center brz-text-lg-left brz-tp-paragraph\"><span class=\"brz-cp-color7\">This common condition related to excessive blood sugar has been associated with an increased risk of numerous serious health problems, including heart disease, strokes, kidney failure, and many other life threatening issues.<\/span><\/p>\n<\/div>\n<\/div>\n<div class=\"brz-css-vjfhq brz-css-itkso brz-wrapper\">\n<div class=\"brz-rich-text brz-css-vjdhx\" data-custom-id=\"melzlwoltb\">\n<h5 class=\"brz-text-xs-center brz-tp-heading5\"><a href=\"\/es\/high-blood-pressure-heart-disease.html\/\" style class=\"brz-cp-color2 link--external\" data-brz-link-type=\"external\">Cardiopat\u00eda<\/a><\/h5>\n<\/div>\n<\/div>\n<div class=\"brz-css-vjfhq brz-css-vgwgw brz-wrapper\">\n<div class=\"brz-rich-text brz-css-vjdhx\" data-custom-id=\"gcifhlkued\">\n<p class=\"brz-tp-paragraph brz-text-lg-left brz-text-xs-center\"><span class=\"brz-cp-color7\">Often related to high blood pressure caused by obesity, the increased blood pressure can damage the heart, greatly increasing the chances of heart attacks and heart failure.<\/span><\/p>\n<\/div>\n<\/div>\n<div class=\"brz-css-vjfhq brz-css-ssmxp brz-wrapper\">\n<div class=\"brz-rich-text brz-css-vjdhx\" data-custom-id=\"smwyssslpx\">\n<h5 class=\"brz-text-xs-center brz-tp-heading5\"><a href=\"\/es\/dyslipidemia-high-cholesterol.html\/\" style class=\"brz-cp-color2 link--external\" data-brz-link-type=\"external\">Colesterol alto (dislipidemia)<\/a><\/h5>\n<\/div>\n<\/div>\n<div class=\"brz-css-vjfhq brz-css-ajqxp brz-wrapper\">\n<div class=\"brz-rich-text brz-css-vjdhx\" data-custom-id=\"oyjulxdhph\">\n<p class=\"brz-text-xs-center brz-text-lg-left brz-tp-paragraph\"><span class=\"brz-cp-color7\">Los niveles excesivos de colesterols da\u00f1inos y otros l\u00edpidos da\u00f1inos, a menudo relacionados con problemas de peso y dieta deficiente, pueden aumentar el riesgo de numerosas afecciones, incluyendo ataques card\u00edacos y accidentes cerebrovasculares.<\/span><\/p>\n<\/div>\n<\/div>\n<div class=\"brz-css-vjfhq brz-css-yhysx brz-wrapper\">\n<div class=\"brz-rich-text brz-css-vjdhx\" data-custom-id=\"kttfatcmfl\">\n<h5 class=\"brz-tp-heading5 brz-text-xs-center\"><a href=\"\/es\/bone-and-joint-pain-arthritis.html\/\" style class=\"brz-cp-color2 link--external\" data-brz-link-type=\"external\">Dolor de huesos y articulaciones<\/a><\/h5>\n<\/div>\n<\/div>\n<div class=\"brz-css-vjfhq brz-css-ghgwc brz-wrapper\">\n<div class=\"brz-rich-text brz-css-vjdhx\" data-custom-id=\"qsadvqsbyg\">\n<p class=\"brz-text-xs-center brz-text-lg-left brz-tp-paragraph\"><span class=\"brz-cp-color7\">El exceso de tensi\u00f3n colocado en las articulaciones asociadas con la obesidad grave puede empeorar en gran medida o aumentar el riesgo de osteoartritis.Afortunadamente, reducir el peso en las articulaciones puede disminuir o eliminar r\u00e1pidamente este tipo de dolor.<\/span><\/p>\n<\/div>\n<\/div>\n<div class=\"brz-css-vjfhq brz-css-lysqe brz-wrapper\">\n<div class=\"brz-rich-text brz-css-vjdhx\" data-custom-id=\"hypgokzxai\">\n<h5 class=\"brz-text-xs-center brz-tp-heading5\"><a href=\"\/es\/depression.html\/\" style class=\"brz-cp-color2 link--external\" data-brz-link-type=\"external\">Depresi\u00f3n<\/a><\/h5>\n<\/div>\n<\/div>\n<div class=\"brz-css-vjfhq brz-css-gmjfk brz-wrapper\">\n<div class=\"brz-rich-text brz-css-vjdhx\" data-custom-id=\"ncoekxvejz\">\n<p class=\"brz-text-xs-center brz-text-lg-left brz-tp-paragraph\"><span class=\"brz-cp-color7\"> Las personas con obesidad grave deben lidiar con una serie de factores \u2013 f\u00edsicos, sociales y psicol\u00f3gicos \u2013 que pueden aumentar su riesgo de desarrollar un trastorno del estado de \u00e1nimo.La depresi\u00f3n es m\u00e1s com\u00fan en individuos obesos en comparaci\u00f3n con el resto de la poblaci\u00f3n, pero perder peso definitivamente puede mejorar o prevenir esta condici\u00f3n potencialmente mortal.<\/span><\/p>\n<\/div>\n<\/div>\n<div class=\"brz-css-vjfhq brz-css-thwlm brz-wrapper\">\n<div class=\"brz-rich-text brz-css-vjdhx\" data-custom-id=\"coeyztyfkx\">\n<h5 class=\"brz-tp-heading5 brz-text-xs-center\"><a href=\"\/es\/sleep-apnea-and-respiratory-problems.html\/\" style class=\"brz-cp-color2 link--external\" data-brz-link-type=\"external\">Apnea del sue\u00f1o<\/a><\/h5>\n<\/div>\n<\/div>\n<div class=\"brz-css-vjfhq brz-css-mwfso brz-wrapper\">\n<div class=\"brz-rich-text brz-css-vjdhx\" data-custom-id=\"gijlqlkqrc\">\n<p class=\"brz-text-xs-center brz-text-lg-left brz-tp-paragraph\"><span class=\"brz-cp-color7\">Esta es una dolencia com\u00fan donde la respiraci\u00f3n inadecuada causa interrupciones del sue\u00f1o a menudo imperceptibles, lo que resulta en fatiga y aumenta la probabilidad de numerosos asuntos de salud graves.<\/span><\/p>\n<\/div>\n<\/div>\n<div class=\"brz-css-vjfhq brz-css-vxbtg brz-wrapper\">\n<div class=\"brz-rich-text brz-css-vjdhx\" data-custom-id=\"dyyhzybsyh\">\n<h5 class=\"brz-tp-heading5 brz-text-xs-center\"><a href=\"\/es\/gastroesophageal-reflux-disease-gerd.html\/\" style class=\"brz-cp-color2 link--external\" data-brz-link-type=\"external\">ERGE (Enfermedad por reflujo gastroesof\u00e1gico)<\/a><\/h5>\n<\/div>\n<\/div>\n<div class=\"brz-css-vjfhq brz-css-ivxct brz-wrapper\">\n<div class=\"brz-rich-text brz-css-vjdhx\" data-custom-id=\"elmnzdjvkt\">\n<p class=\"brz-tp-paragraph brz-text-lg-left brz-text-xs-center\"><span class=\"brz-cp-color7\">Conocido com\u00fanmente como acidez estomacal, LA ERGE no s\u00f3lo es inc\u00f3modo, es un factor de riesgo para una serie de enfermedades graves, incluyendo c\u00e1ncer de es\u00f3fago y a menudo se asocia con la obesidad.<\/span><\/p>\n<\/div>\n<\/div>\n<div class=\"brz-css-vjfhq brz-css-bxmof brz-wrapper\">\n<div class=\"brz-rich-text brz-css-vjdhx\" data-custom-id=\"qcypappfwy\">\n<h5 class=\"brz-tp-heading5 brz-text-xs-center\"><a href=\"\/es\/urinary-stress-incontinence.html\/\" style class=\"brz-cp-color2 link--external\" data-brz-link-type=\"external\">Incontinencia urinaria<\/a><\/h5>\n<\/div>\n<\/div>\n<div class=\"brz-css-vjfhq brz-css-ksfyt brz-wrapper\">\n<div class=\"brz-rich-text brz-css-vjdhx\" data-custom-id=\"tcbmyisdry\">\n<p class=\"brz-tp-paragraph brz-text-lg-left brz-text-xs-center\"><span class=\"brz-cp-color7\">Involuntary urination is a frequent issue affecting obese women, because excess weight can weaken pelvic muscles. Studies have shown that bariatric surgery can help to reverse the issue in the large majority of cases.<\/span><\/p>\n<\/div>\n<\/div>\n<div class=\"brz-css-vjfhq brz-css-gpbgf brz-wrapper\">\n<div class=\"brz-rich-text brz-css-vjdhx\" data-custom-id=\"jisknjccxg\">\n<h5 class=\"brz-tp-heading5 brz-text-xs-center\"><a href=\"\/es\/reproductive-health.html\/\" style class=\"brz-cp-color2 link--external\" data-brz-link-type=\"external\">Problemas de salud reproductiva<\/a><\/h5>\n<\/div>\n<\/div>\n<div class=\"brz-css-vjfhq brz-css-wwyko brz-wrapper\">\n<div class=\"brz-rich-text brz-css-vjdhx\" data-custom-id=\"tgpslplxml\">\n<p class=\"brz-tp-paragraph brz-text-lg-left brz-text-xs-center\"><span class=\"brz-cp-color7\">La obesidad grave puede hacer que las mujeres experimenten una serie de problemas que pueden interferir con el ciclo menstrual y causar infertilidad, malestar y otros s\u00edntomas angustiosos.Muchas mujeres experimentan una reversi\u00f3n en estos problemas despu\u00e9s de un procedimiento de p\u00e9rdida de peso.<\/span><\/p>\n<\/div>\n<\/div>\n<\/div>\n<\/div>\n<\/div>\n<\/div>\n<\/div>\n<\/div>\n<div class=\"brz-columns brz-css-krnjl brz-css-alzln\" data-custom-id=\"mwuxahmvso\">\n<div class=\"brz-column__items brz-css-jzjyz brz-css-edelh\">\n<div class=\"brz-css-vjfhq brz-wrapper\">\n<div class=\"brz-embed-code brz-css-vjcyd\" data-custom-id=\"vdyfxllchg\">\n<div class=\"brz-embed-content\">\n<div class>\n<div class=\"mySidebarcontainer\">\n<div class=\"mySidebarlink\">\n<div class=\"text\"><a href=\"\/es\/health-benefits.html\/\">Los beneficios para la salud<\/a><\/div>\n<\/p><\/div>\n<div class=\"mySidebarlink\">\n<div class=\"text\"><a href=\"\/es\/type-2-diabetes.html\/\">Diabetes tipo 2<\/a><\/div>\n<\/p><\/div>\n<div class=\"mySidebarlink\">\n<div class=\"text\"><a href=\"\/es\/high-blood-pressure-heart-disease.html\/\">Cardiopat\u00eda<\/a><\/div>\n<\/p><\/div>\n<div class=\"mySidebarlink\">\n<div class=\"text\"><a href=\"\/es\/dyslipidemia-high-cholesterol.html\/\">Colesterol alto<\/a><\/div>\n<\/p><\/div>\n<div class=\"mySidebarlink\">\n<div class=\"text\"><a href=\"\/es\/bone-and-joint-pain-arthritis.html\/\">Dolor de huesos y articulaciones<\/a><\/div>\n<\/p><\/div>\n<div class=\"mySidebarlink\">\n<div class=\"text\"><a href=\"\/es\/depression.html\/\">Depresi\u00f3n<\/a><\/div>\n<\/p><\/div>\n<div class=\"mySidebarlink\">\n<div class=\"text\"><a href=\"\/es\/sleep-apnea-and-respiratory-problems.html\/\">Apnea del sue\u00f1o<\/a><\/div>\n<\/p><\/div>\n<div class=\"mySidebarlink\">\n<div class=\"text\"><a href=\"\/es\/gastroesophageal-reflux-disease-gerd.html\/\">GERD<\/a><\/div>\n<\/p><\/div>\n<div class=\"mySidebarlink\">\n<div class=\"text\"><a href=\"\/es\/urinary-stress-incontinence.html\/\">Incontinencia urinaria<\/a><\/div>\n<\/p><\/div>\n<div class=\"mySidebarlink\">\n<div class=\"text\"><a href=\"\/es\/reproductive-health.html\/\">Salud reproductiva<\/a><\/div>\n<\/p><\/div>\n<\/div>\n<\/div>\n<\/div>\n<\/div>\n<\/div>\n<\/div>\n<\/div>\n<\/div>\n<\/div>\n<\/div>\n<\/div>\n<\/section>\n<section data-uid=\"utnxogecii\" id=\"utnxogecii\" class=\"brz-section brz-css-vujnf\">\n<div class=\"brz-section__content brz-section--boxed brz-css-fbwxm brz-css-ntwzl\" data-custom-id=\"sgfqwqoswd\">\n<div class=\"brz-bg\">\n<div class=\"brz-bg-image\"><\/div>\n<div class=\"brz-bg-map\"><iframe class=\"brz-iframe intrinsic-ignore brz-bg-map__cover\" src=\"https:\/\/www.google.com\/maps\/embed\/v1\/place?key=AIzaSyCcywKcxXeMZiMwLDcLgyEnNglcLOyB_qw&q=Los Angeles&zoom=9\" style=\"display:block\"><\/iframe><\/div>\n<div class=\"brz-bg-color\"><\/div>\n<\/div>\n<div class=\"brz-container brz-css-wmkon brz-css-dujzp\">\n<div class=\"brz-css-vjfhq brz-css-vnzrb brz-css-lbxyw brz-wrapper\">\n<div class=\"brz-spacer brz-css-jrcyf brz-css-rvsjt\"><\/div>\n<\/div>\n<div class=\"brz-row__container brz-css-dikst\" data-custom-id=\"biaqqaqcpg\">\n<div class=\"brz-row brz-css-auwqb brz-css-acgxe\">\n<div class=\"brz-columns brz-css-krnjl brz-css-mcguu\" data-custom-id=\"bkclgprbqm\">\n<div class=\"brz-column__items brz-css-jzjyz brz-css-lqzzq\">\n<div class=\"brz-css-vjfhq brz-css-oqaac brz-wrapper\">\n<div class=\"brz-embed-code brz-css-vjcyd brz-css-xygbs\" data-custom-id=\"wmmltczfpj\">\n<div class=\"brz-embed-content\">\n<div class><iframe frameborder=\"0\" id=\"frame-one653218838\" scrolling=\"yes\" src=\"https:\/\/fs17.formsite.com\/res\/showFormEmbed?EParam=B6fiTn%2BRcO6qS53MV5P2nGrgI846v8s2FzpUCZwnDno%3D&653218838&EmbedId=653218838&MobileResponsive\" title style=\"border: 0px; margin: 0px; padding: 0px; width: 100%;\" height=\"493\"><\/iframe><\/div>\n<\/div>\n<\/div>\n<\/div>\n<\/div>\n<\/div>\n<\/div>\n<\/div>\n<\/div>\n<\/div>\n<\/section>\n<\/div>\n<p><!-- version:1609772608 --><\/p>","protected":false},"excerpt":{"rendered":"<p>Health Benefits Health Benefits of Weight Loss Surgery Severe obesity can lead to a shorter life and many potentially life-threatening health problems, often referred to medically as comorbidities. Scientists have shown that those struggling with severe obesity are twice as likely to die an early death as someone who is non-obese. Conversely, with treatments that [&hellip;]<\/p>\n","protected":false},"author":19,"featured_media":0,"parent":0,"menu_order":10,"comment_status":"closed","ping_status":"closed","template":"page-landing.php","meta":{"footnotes":""},"class_list":["post-800","page","type-page","status-publish","hentry"],"yoast_head":"<!-- This site is optimized with the Yoast SEO plugin v27.5 - https:\/\/yoast.com\/product\/yoast-seo-wordpress\/ -->\n<title>Weight Loss Health Benefits | Health Benefits Of Bariatric Surgery | Dr.Feiz<\/title>\n<meta name=\"description\" content=\"Dr Feiz helps people with severe obesity as they are at risk of life-threatening diseases. Click to know the health benefits of bariatric surgery.\" \/>\n<meta name=\"robots\" content=\"index, follow, max-snippet:-1, max-image-preview:large, max-video-preview:-1\" \/>\n<link rel=\"canonical\" href=\"https:\/\/drfeiz.com\/es\/health-benefits.html\" \/>\n<meta property=\"og:locale\" content=\"es_ES\" \/>\n<meta property=\"og:type\" content=\"article\" \/>\n<meta property=\"og:title\" content=\"Weight Loss Health Benefits | Health Benefits Of Bariatric Surgery | Dr.Feiz\" \/>\n<meta property=\"og:description\" content=\"Dr Feiz helps people with severe obesity as they are at risk of life-threatening diseases. Click to know the health benefits of bariatric surgery.\" \/>\n<meta property=\"og:url\" content=\"https:\/\/drfeiz.com\/es\/health-benefits.html\" \/>\n<meta property=\"og:site_name\" content=\"Weight Loss Surgery Los Angeles | Bariatric Surgeon &amp; Weight Loss Surgery\" \/>\n<meta property=\"article:publisher\" content=\"https:\/\/www.facebook.com\/DrFeiz\/\" \/>\n<meta property=\"article:modified_time\" content=\"2021-06-21T09:47:12+00:00\" \/>\n<meta name=\"twitter:card\" content=\"summary_large_image\" \/>\n<meta name=\"twitter:site\" content=\"@DrFeiz\" \/>\n<meta name=\"twitter:label1\" content=\"Tiempo de lectura\" \/>\n\t<meta name=\"twitter:data1\" content=\"3 minutos\" \/>\n<!-- \/ Yoast SEO plugin. -->","yoast_head_json":{"title":"Weight Loss Health Benefits | Health Benefits Of Bariatric Surgery | Dr.Feiz","description":"Dr Feiz helps people with severe obesity as they are at risk of life-threatening diseases. Click to know the health benefits of bariatric surgery.","robots":{"index":"index","follow":"follow","max-snippet":"max-snippet:-1","max-image-preview":"max-image-preview:large","max-video-preview":"max-video-preview:-1"},"canonical":"https:\/\/drfeiz.com\/es\/health-benefits.html","og_locale":"es_ES","og_type":"article","og_title":"Weight Loss Health Benefits | Health Benefits Of Bariatric Surgery | Dr.Feiz","og_description":"Dr Feiz helps people with severe obesity as they are at risk of life-threatening diseases. Click to know the health benefits of bariatric surgery.","og_url":"https:\/\/drfeiz.com\/es\/health-benefits.html","og_site_name":"Weight Loss Surgery Los Angeles | Bariatric Surgeon &amp; Weight Loss Surgery","article_publisher":"https:\/\/www.facebook.com\/DrFeiz\/","article_modified_time":"2021-06-21T09:47:12+00:00","twitter_card":"summary_large_image","twitter_site":"@DrFeiz","twitter_misc":{"Tiempo de lectura":"3 minutos"},"schema":{"@context":"https:\/\/schema.org","@graph":[{"@type":"WebPage","@id":"https:\/\/drfeiz.com\/es\/health-benefits.html","url":"https:\/\/drfeiz.com\/es\/health-benefits.html","name":"Weight Loss Health Benefits | Health Benefits Of Bariatric Surgery | Dr.Feiz","isPartOf":{"@id":"https:\/\/drfeiz.com\/#website"},"datePublished":"2009-04-09T00:48:39+00:00","dateModified":"2021-06-21T09:47:12+00:00","description":"Dr Feiz helps people with severe obesity as they are at risk of life-threatening diseases. Click to know the health benefits of bariatric surgery.","breadcrumb":{"@id":"https:\/\/drfeiz.com\/es\/health-benefits.html#breadcrumb"},"inLanguage":"es","potentialAction":[{"@type":"ReadAction","target":["https:\/\/drfeiz.com\/es\/health-benefits.html"]}]},{"@type":"BreadcrumbList","@id":"https:\/\/drfeiz.com\/es\/health-benefits.html#breadcrumb","itemListElement":[{"@type":"ListItem","position":1,"name":"Home","item":"https:\/\/drfeiz.com\/"},{"@type":"ListItem","position":2,"name":"Health Benefits"}]},{"@type":"WebSite","@id":"https:\/\/drfeiz.com\/#website","url":"https:\/\/drfeiz.com\/","name":"Weight Loss Surgery Los Angeles | Bariatric Surgeon &amp; Weight Loss Surgery","description":"Gastric Sleeve Gastrectomy in Los Angeles","potentialAction":[{"@type":"SearchAction","target":{"@type":"EntryPoint","urlTemplate":"https:\/\/drfeiz.com\/?s={search_term_string}"},"query-input":{"@type":"PropertyValueSpecification","valueRequired":true,"valueName":"search_term_string"}}],"inLanguage":"es"}]}},"_links":{"self":[{"href":"https:\/\/drfeiz.com\/es\/wp-json\/wp\/v2\/pages\/800","targetHints":{"allow":["GET"]}}],"collection":[{"href":"https:\/\/drfeiz.com\/es\/wp-json\/wp\/v2\/pages"}],"about":[{"href":"https:\/\/drfeiz.com\/es\/wp-json\/wp\/v2\/types\/page"}],"author":[{"embeddable":true,"href":"https:\/\/drfeiz.com\/es\/wp-json\/wp\/v2\/users\/19"}],"replies":[{"embeddable":true,"href":"https:\/\/drfeiz.com\/es\/wp-json\/wp\/v2\/comments?post=800"}],"version-history":[{"count":50,"href":"https:\/\/drfeiz.com\/es\/wp-json\/wp\/v2\/pages\/800\/revisions"}],"predecessor-version":[{"id":7507,"href":"https:\/\/drfeiz.com\/es\/wp-json\/wp\/v2\/pages\/800\/revisions\/7507"}],"wp:attachment":[{"href":"https:\/\/drfeiz.com\/es\/wp-json\/wp\/v2\/media?parent=800"}],"curies":[{"name":"wp","href":"https:\/\/api.w.org\/{rel}","templated":true}]}}