{"id":802,"date":"2009-04-09T00:49:15","date_gmt":"2009-04-09T00:49:15","guid":{"rendered":"http:\/\/drfeiz.flywheelsites.com\/risks-of-surgery-2\/"},"modified":"2021-06-21T09:42:26","modified_gmt":"2021-06-21T09:42:26","slug":"risks-of-surgery","status":"publish","type":"page","link":"https:\/\/drfeiz.com\/es\/risks-of-surgery.html","title":{"rendered":"Riesgos de la cirug\u00eda"},"content":{"rendered":"<section class=\"fw-main-row\">\n<div class=\"fw-container\">\n<div class=\"fw-row\">\n<div class=\"fw-col-xs-12 fw-col-sm-9\">\n<div class=\"fw-divider-space\" style=\"padding-top: 50px\"><\/div>\n<p><h2 class=\"h3\">Consideraciones importantes<\/h2>\n<p><\/p>\n<p class=\"post-content\">El mejor enfoque de la cirug\u00eda bari\u00e1trica requiere una discusi\u00f3n de lo siguiente con su m\u00e9dico:<\/p>\n<\/p>\n<div class=\"fw-row\">\n<div class=\"fw-col-sm-6\">\n<ol class=\"post-content\">\n<li>La cirug\u00eda bari\u00e1trica no implica la extirpaci\u00f3n del tejido adiposo (grasa) por succi\u00f3n o extirpaci\u00f3n quir\u00fargica.<\/li>\n<li>El paciente y el m\u00e9dico deben discutir los beneficios y riesgos juntos.<\/li>\n<li>El paciente debe comprometerse con cambios en el estilo de vida a largo plazo, incluyendo dieta y ejercicio, que es clave para el \u00e9xito de la cirug\u00eda bari\u00e1trica.<\/li>\n<li>Los problemas despu\u00e9s de la cirug\u00eda pueden requerir m\u00e1s operaciones para corregirlos.<\/li>\n<\/ol>\n<\/div>\n<div class=\"fw-col-sm-6\"><img decoding=\"async\" class=\"size-full wp-image-801\" src=\"\/wp-content\/uploads\/2009\/04\/risk.png\" alt=\"Riesgos de la cirug\u00eda\" width=\"100%\" srcset=\"https:\/\/drfeiz.com\/wp-content\/uploads\/2009\/04\/risk.png 400w, https:\/\/drfeiz.com\/wp-content\/uploads\/2009\/04\/risk-300x221.png 300w\" sizes=\"(max-width: 400px) 100vw, 400px\" \/><\/div>\n<\/div>\n<div class=\"fw-divider-space\" style=\"padding-top: 25px\"><\/div>\n<p><h3 class=\"h4\">Complicaciones de la cirug\u00eda bari\u00e1trica<\/h3>\n<p><\/p>\n<p class=\"post-content\">Al igual que con cualquier cirug\u00eda, hay complicaciones y riesgos inmediatos y a largo plazo. Su equipo de atenci\u00f3n m\u00e9dica puede hablar con usted m\u00e1s sobre los beneficios y riesgos. Los posibles riesgos pueden incluir, pero no se limitan a:<\/p>\n<\/p>\n<ul class=\"post-content\">\n<li>Desangrando<\/li>\n<li>Complicaciones debido a anestesia y medicamentos<\/li>\n<li>Vena profunda\n<ul>\n<li>Embolia pulmonar<\/li>\n<li>Trombosis de vena mesenteric o portal<\/li>\n<\/ul>\n<\/li>\n<li>Infecciones<\/li>\n<li>Fugas de las l\u00edneas b\u00e1sicas<\/li>\n<li>\u00dalceras marginales<\/li>\n<li>Lesi\u00f3n de bazo<\/li>\n<li>Estenosis<\/li>\n<li>Muerte<\/li>\n<\/ul>\n<p><h4 class=\"h6\">Posibles efectos secundarios<\/h4>\n<\/p>\n<ul class=\"post-content\">\n<li>Vomito<\/li>\n<li>S\u00edndrome de dumping<\/li>\n<li>Deficiencias nutricionales<\/li>\n<li>C\u00e1lculos biliares<\/li>\n<li>Necesidad de evitar el embarazo temporalmente<\/li>\n<li>N\u00e1useas, v\u00f3mitos, distensi\u00f3n abdominal, diarrea, aumento del gas<\/li>\n<\/ul>\n<div class=\"fw-divider-space\" style=\"padding-top: 25px\"><\/div>\n<p><h3 class=\"h4\">\u00bfPor qu\u00e9 tendr\u00eda un procedimiento abierto?<\/h3>\n<p><\/p>\n<p class=\"post-content\">En algunos pacientes, no se puede utilizar el enfoque laparosc\u00f3pico o m\u00ednimamente invasivo de la cirug\u00eda. Estas son las razones por las que puede tener un procedimiento abierto, o que pueden llevar al cirujano a cambiar durante el procedimiento de laparosc\u00f3pico a abierto:<\/p>\n<\/p>\n<ul class=\"post-content\">\n<li>Cirug\u00eda abdominal previa que ha causado tejido cicatricial denso<\/li>\n<li>Incapacidad para ver \u00f3rganos<\/li>\n<li>Problemas de sangrado durante la operaci\u00f3n<\/li>\n<\/ul>\n<p><p class=\"post-content\">La decisi\u00f3n de convertirse en un procedimiento abierto es una llamada de juicio hecha por su cirujano antes o durante la operaci\u00f3n real y se basa en la seguridad del paciente.<\/p>\n<\/p>\n<div class=\"fw-divider-space\" style=\"padding-top: 25px\"><\/div>\n<p><div class=\"wondercarousellightbox_options\" data-skinsfoldername=\"\" data-jsfolder=\"https:\/\/drfeiz.com\/wp-content\/plugins\/wonderplugin-carousel\/engine\/\"><\/div>\n<p>@import url(https:\/\/fonts.googleapis.com\/css?family=Open+Sans);   #wonderplugincarousel-1 .amazingcarousel-image {\t \tposition: relative; \tpadding: 4px; }  #wonderplugincarousel-1 .amazingcarousel-image img { \tdisplay: block; \twidth: 100%; \tmax-width: 100%; \tborder: 0; \tmargin: 0; \tpadding: 0; \t-moz-border-radius: 0px; \t-webkit-border-radius: 0px; \tborder-radius: 0px; \t-moz-box-shadow:  0 1px 4px rgba(0, 0, 0, 0.2); \t-webkit-box-shadow: 0 1px 4px rgba(0, 0, 0, 0.2); \tbox-shadow: 0 1px 4px rgba(0, 0, 0, 0.2); }  #wonderplugincarousel-1 .amazingcarousel-title { \tposition:relative; \tfont:14px \"Open Sans\", sans-serif; \tcolor:#333333; \tmargin:6px; \ttext-align:center; \ttext-shadow:0px 1px 1px #fff; }  #wonderplugincarousel-1 .amazingcarousel-list-container {  \tpadding: 16px 0; }  #wonderplugincarousel-1 .amazingcarousel-item-container { \ttext-align: center; \tpadding: 4px; \tbackground-color: #fff; \tborder: 1px solid #ddd; \t-moz-box-shadow: 0px 0px 5px 1px rgba(96, 96, 96, 0.1); \t-webkit-box-shadow: 0px 0px 5px 1px rgba(96, 96, 96, 0.1); \tbox-shadow: 0px 0px 5px 1px rgba(96, 96, 96, 0.1); }  #wonderplugincarousel-1 .amazingcarousel-prev { \tleft: 0%; \ttop: 50%; \tmargin-left: -48px; \tmargin-top: -16px; }  #wonderplugincarousel-1 .amazingcarousel-next { \tright: 0%; \ttop: 50%; \tmargin-right: -48px; \tmargin-top: -16px; }  #wonderplugincarousel-1 .amazingcarousel-nav { \tposition: absolute; \twidth: 100%; \ttop: 100%; }  #wonderplugincarousel-1 .amazingcarousel-bullet-wrapper { \tmargin: 4px auto; }  .amazingcarousel-socialmedia-button { \tdisplay: inline-block; \tmargin: 4px; }  .amazingcarousel-socialmedia-button a { \tbox-shadow: none; }  .amazingcarousel-socialmedia-icon { \tdisplay:table-cell; \twidth:32px; \theight:32px; \tfont-size:18px; \tborder-radius:50%; \tcolor:#fff; \tvertical-align:middle; \ttext-align:center; \tcursor:pointer; \tpadding:0; }  .amazingcarousel-socialmedia-rotate { \ttransition: transform .4s ease-in;  }   .amazingcarousel-socialmedia-rotate:hover {  \ttransform: rotate(360deg);  }<\/p>\n<div class=\"wonderplugincarousel-container\" id=\"wonderplugincarousel-container-1\">\n<div class=\"wonderplugincarousel\" id=\"wonderplugincarousel-1\" data-carouselid=\"1\" data-width=\"240\" data-height=\"200\" data-skin=\"classic\" data-multiplebyrow=\"false\" data-showimgtitle=\"false\" data-sameheight=\"false\" data-sameheightresponsive=\"true\" data-fullwidth=\"true\" data-centerimage=\"true\" data-fitimage=\"false\" data-fitcenterimage=\"false\" data-fixaspectratio=\"true\" data-autoplay=\"true\" data-random=\"false\" data-circular=\"true\" data-pauseonmouseover=\"true\" data-continuous=\"false\" data-responsive=\"true\" data-showhoveroverlay=\"true\" data-showhoveroverlayalways=\"false\" data-hidehoveroverlayontouch=\"false\" data-lightboxresponsive=\"true\" data-lightboxshownavigation=\"false\" data-lightboxnogroup=\"false\" data-lightboxshowtitle=\"true\" data-lightboxshowdescription=\"false\" data-lightboxaddsocialmedia=\"false\" data-usescreenquery=\"false\" data-donotinit=\"false\" data-addinitscript=\"false\" data-doshortcodeontext=\"false\" data-lightboxshowsocial=\"false\" data-lightboxshowemail=\"true\" data-lightboxshowfacebook=\"true\" data-lightboxshowtwitter=\"true\" data-lightboxshowpinterest=\"true\" data-lightboxsocialrotateeffect=\"true\" data-donotcircularforless=\"true\" data-deferloading=\"false\" data-hidecontainerbeforeloaded=\"false\" data-hidecontaineroninit=\"true\" data-lightboximagekeepratio=\"true\" data-showplayvideo=\"true\" data-triggerresize=\"false\" data-lightboxfullscreenmode=\"false\" data-lightboxcloseonoverlay=\"true\" data-lightboxvideohidecontrols=\"false\" data-lightboxautoslide=\"false\" data-lightboxshowtimer=\"true\" data-lightboxshowplaybutton=\"true\" data-lightboxalwaysshownavarrows=\"false\" data-lightboxshowtitleprefix=\"true\" data-spacing=\"18\" data-rownumber=\"1\" data-visibleitems=\"5\" data-arrowstyle=\"always\" data-arrowimage=\"arrows-32-32-2.png\" data-arrowwidth=\"32\" data-arrowheight=\"32\" data-navstyle=\"bullets\" data-navimage=\"bullet-16-16-0.png\" data-navwidth=\"16\" data-navheight=\"16\" data-navspacing=\"8\" data-hoveroverlayimage=\"hoveroverlay-64-64-3.png\" data-lightboxthumbwidth=\"90\" data-lightboxthumbheight=\"60\" data-lightboxthumbtopmargin=\"12\" data-lightboxthumbbottommargin=\"4\" data-lightboxbarheight=\"64\" data-lightboxtitlebottomcss=\"{color:#333; font-size:14px; font-family:Armata,sans-serif,Arial; overflow:hidden; text-align:left;}\" data-lightboxdescriptionbottomcss=\"{color:#333; font-size:12px; font-family:Arial,Helvetica,sans-serif; overflow:hidden; text-align:left; margin:4px 0px 0px; padding: 0px;}\" data-continuousduration=\"2500\" data-autoplaydir=\"left\" data-scrollmode=\"page\" data-interval=\"3000\" data-transitionduration=\"1000\" data-lightboxtitlestyle=\"bottom\" data-lightboximagepercentage=\"75\" data-lightboxdefaultvideovolume=\"1\" data-lightboxoverlaybgcolor=\"#000\" data-lightboxoverlayopacity=\"0.9\" data-lightboxbgcolor=\"#fff\" data-lightboxtitleprefix=\"%NUM \/ %TOTAL\" data-lightboxtitleinsidecss=\"color:#fff; font-size:16px; font-family:Arial,Helvetica,sans-serif; overflow:hidden; text-align:left;\" data-lightboxdescriptioninsidecss=\"color:#fff; font-size:12px; font-family:Arial,Helvetica,sans-serif; overflow:hidden; text-align:left; margin:4px 0px 0px; padding: 0px;\" data-playvideoimage=\"playvideo-64-64-0.png\" data-playvideoimagepos=\"center\" data-imgtitle=\"title\" data-circularlimit=\"3\" data-deferloadingdelay=\"0\" data-lightboxsocialposition=\"position:absolute;top:100%;right:0;\" data-lightboxsocialpositionsmallscreen=\"position:absolute;top:100%;right:0;left:0;\" data-lightboxsocialdirection=\"horizontal\" data-lightboxsocialbuttonsize=\"32\" data-lightboxsocialbuttonfontsize=\"18\" data-sameheightmediumscreen=\"769\" data-sameheightmediumheight=\"200\" data-sameheightsmallscreen=\"415\" data-sameheightsmallheight=\"150\" data-triggerresizedelay=\"100\" data-lightboxslideinterval=\"5000\" data-lightboxtimerposition=\"bottom\" data-lightboxtimercolor=\"#dc572e\" data-lightboxtimeropacity=\"1\" data-lightboxbordersize=\"8\" data-lightboxborderradius=\"0\" data-screenquery='{ \"tablet\": { \"screenwidth\": 800, \"visibleitems\": 2 }, \"mobile\": { \"screenwidth\": 480, \"visibleitems\": 1 } }' data-jsfolder=\"https:\/\/drfeiz.com\/wp-content\/plugins\/wonderplugin-carousel\/engine\/\" style=\"margin:0 auto;width:100%;max-width:1200px\">\n<div class=\"amazingcarousel-list-container\" style=\"overflow:hidden\">\n<ul class=\"amazingcarousel-list\">\n<li class=\"amazingcarousel-item\">\n<div class=\"amazingcarousel-item-container\">\n<div class=\"amazingcarousel-image\"><a href=\"https:\/\/drfeiz.com\/wp-content\/uploads\/2019\/01\/1.jpg\" title=\"slide3\" data-thumbnail=\"https:\/\/drfeiz.com\/wp-content\/uploads\/2019\/01\/1.jpg\" class=\"wondercarousellightbox wondercarousellightbox-1\" data-group=\"wondercarousellightbox-1\"><img decoding=\"async\" class=\"amazingcarousel-image-img\" src=\"https:\/\/drfeiz.com\/wp-content\/uploads\/2019\/01\/1.jpg\" alt=\"slide3\" data-description=\"\" \/><\/a><\/div>\n<\/div>\n<\/li>\n<li class=\"amazingcarousel-item\">\n<div class=\"amazingcarousel-item-container\">\n<div class=\"amazingcarousel-image\"><a href=\"https:\/\/drfeiz.com\/wp-content\/uploads\/2018\/11\/slide5.jpg\" title=\"slide5\" data-thumbnail=\"https:\/\/drfeiz.com\/wp-content\/uploads\/2018\/11\/slide5-150x150.jpg\" class=\"wondercarousellightbox wondercarousellightbox-1\" data-group=\"wondercarousellightbox-1\"><img decoding=\"async\" class=\"amazingcarousel-image-img\" src=\"https:\/\/drfeiz.com\/wp-content\/uploads\/2018\/11\/slide5.jpg\" alt=\"slide5\" data-description=\"\" \/><\/a><\/div>\n<\/div>\n<\/li>\n<li class=\"amazingcarousel-item\">\n<div class=\"amazingcarousel-item-container\">\n<div class=\"amazingcarousel-image\"><a href=\"https:\/\/drfeiz.com\/wp-content\/uploads\/2018\/11\/slide1.jpg\" title=\"slide1\" data-thumbnail=\"https:\/\/drfeiz.com\/wp-content\/uploads\/2018\/11\/slide1-150x150.jpg\" class=\"wondercarousellightbox wondercarousellightbox-1\" data-group=\"wondercarousellightbox-1\"><img decoding=\"async\" class=\"amazingcarousel-image-img\" src=\"https:\/\/drfeiz.com\/wp-content\/uploads\/2018\/11\/slide1.jpg\" alt=\"slide1\" data-description=\"\" \/><\/a><\/div>\n<\/div>\n<\/li>\n<li class=\"amazingcarousel-item\">\n<div class=\"amazingcarousel-item-container\">\n<div class=\"amazingcarousel-image\"><a href=\"https:\/\/drfeiz.com\/wp-content\/uploads\/2018\/11\/slide6.jpg\" title=\"slide6\" data-thumbnail=\"https:\/\/drfeiz.com\/wp-content\/uploads\/2018\/11\/slide6-150x150.jpg\" class=\"wondercarousellightbox wondercarousellightbox-1\" data-group=\"wondercarousellightbox-1\"><img decoding=\"async\" class=\"amazingcarousel-image-img\" src=\"https:\/\/drfeiz.com\/wp-content\/uploads\/2018\/11\/slide6.jpg\" alt=\"slide6\" data-description=\"\" \/><\/a><\/div>\n<\/div>\n<\/li>\n<li class=\"amazingcarousel-item\">\n<div class=\"amazingcarousel-item-container\">\n<div class=\"amazingcarousel-image\"><a href=\"https:\/\/drfeiz.com\/wp-content\/uploads\/2018\/11\/slide7.jpg\" title=\"slide7\" data-thumbnail=\"https:\/\/drfeiz.com\/wp-content\/uploads\/2018\/11\/slide7-150x150.jpg\" class=\"wondercarousellightbox wondercarousellightbox-1\" data-group=\"wondercarousellightbox-1\"><img decoding=\"async\" class=\"amazingcarousel-image-img\" src=\"https:\/\/drfeiz.com\/wp-content\/uploads\/2018\/11\/slide7.jpg\" alt=\"slide7\" data-description=\"\" \/><\/a><\/div>\n<\/div>\n<\/li>\n<li class=\"amazingcarousel-item\">\n<div class=\"amazingcarousel-item-container\">\n<div class=\"amazingcarousel-image\"><a href=\"https:\/\/drfeiz.com\/wp-content\/uploads\/2018\/11\/slide8.jpg\" title=\"slide8\" data-thumbnail=\"https:\/\/drfeiz.com\/wp-content\/uploads\/2018\/11\/slide8-150x150.jpg\" class=\"wondercarousellightbox wondercarousellightbox-1\" data-group=\"wondercarousellightbox-1\"><img decoding=\"async\" class=\"amazingcarousel-image-img\" src=\"https:\/\/drfeiz.com\/wp-content\/uploads\/2018\/11\/slide8.jpg\" alt=\"slide8\" data-description=\"\" \/><\/a><\/div>\n<\/div>\n<\/li>\n<li class=\"amazingcarousel-item\">\n<div class=\"amazingcarousel-item-container\">\n<div class=\"amazingcarousel-image\"><a href=\"https:\/\/drfeiz.com\/wp-content\/uploads\/2018\/11\/slide9.jpg\" title=\"slide9\" data-thumbnail=\"https:\/\/drfeiz.com\/wp-content\/uploads\/2018\/11\/slide9-150x150.jpg\" class=\"wondercarousellightbox wondercarousellightbox-1\" data-group=\"wondercarousellightbox-1\"><img decoding=\"async\" class=\"amazingcarousel-image-img\" src=\"https:\/\/drfeiz.com\/wp-content\/uploads\/2018\/11\/slide9.jpg\" alt=\"\" data-title=\"slide9\" data-description=\"\" \/><\/a><\/div>\n<\/div>\n<\/li>\n<li class=\"amazingcarousel-item\">\n<div class=\"amazingcarousel-item-container\">\n<div class=\"amazingcarousel-image\"><a href=\"https:\/\/drfeiz.com\/wp-content\/uploads\/2019\/01\/2.jpg\" title=\"slide10\" data-thumbnail=\"https:\/\/drfeiz.com\/wp-content\/uploads\/2019\/01\/2.jpg\" class=\"wondercarousellightbox wondercarousellightbox-1\" data-group=\"wondercarousellightbox-1\"><img decoding=\"async\" class=\"amazingcarousel-image-img\" src=\"https:\/\/drfeiz.com\/wp-content\/uploads\/2019\/01\/2.jpg\" alt=\"\" data-title=\"slide10\" data-description=\"\" \/><\/a><\/div>\n<\/div>\n<\/li>\n<li class=\"amazingcarousel-item\">\n<div class=\"amazingcarousel-item-container\">\n<div class=\"amazingcarousel-image\"><a href=\"https:\/\/drfeiz.com\/wp-content\/uploads\/2018\/11\/slide11.jpg\" title=\"slide11\" data-thumbnail=\"https:\/\/drfeiz.com\/wp-content\/uploads\/2018\/11\/slide11-150x150.jpg\" class=\"wondercarousellightbox wondercarousellightbox-1\" data-group=\"wondercarousellightbox-1\"><img decoding=\"async\" class=\"amazingcarousel-image-img\" src=\"https:\/\/drfeiz.com\/wp-content\/uploads\/2018\/11\/slide11.jpg\" alt=\"\" data-title=\"slide11\" data-description=\"\" \/><\/a><\/div>\n<\/div>\n<\/li>\n<\/ul>\n<div class=\"amazingcarousel-prev\"><\/div>\n<div class=\"amazingcarousel-next\"><\/div>\n<\/div>\n<div class=\"amazingcarousel-nav\"><\/div>\n<div class=\"wonderplugin-engine\"><a href=\"http:\/\/www.wonderplugin.com\/wordpress-carousel\/\" title=\"WordPress Image Scroller Plugin\">WordPress Image Scroller Plugin<\/a><\/div>\n<\/div>\n<\/div>\n<div class=\"fw-divider-space\" style=\"padding-top: 50px\"><\/div>\n<\/div>\n<div class=\"fw-col-xs-12 fw-col-sm-3\">\n<div class=\"shortcode-widget-area\">\n<div class=\"textwidget custom-html-widget\">\n<div class=\"fw-divider-space\" style=\"padding-top: 50px\"><\/div>\n<p>\t<b> Procedures<\/b>\t<\/p>\n<div class=\"Mysidenav\">\n\t<a href=\"\/es\/bariatric-surgery.html\/\" target=\"\" rel=\"noopener\">Cirug\u00eda bari\u00e1trica<\/a><br \/>\n\t<a href=\"\/es\/convert-lap-band-to-sleeve.html\/\" target=\"\" rel=\"noopener\">Sleeve Conversion<\/a><br \/>\n\t\t<a href=\"\/es\/needlescopic-sleeve-gastrectomy.html\/\" target=\"\" rel=\"noopener\">Needlescopic Sleeve Gastrectomy<\/a><br \/>\n\t<a href=\"\/es\/sleeve-gastrectomy.html\/\" target=\"\" rel=\"noopener\">Lap Band Conversion Sleeve<\/a><br \/>\n\t<a href=\"\/es\/lap-gastric-bypass.html\/\" target=\"\" rel=\"noopener\">Bypass g\u00e1strico<\/a><br \/>\n\t\t<a href=\"\/es\/lap-band-beverly-hills.html\/\" target=\"\" rel=\"noopener\">Banda de vuelta<\/a><br \/>\n\t<a href=\"\/es\/gallstones-surgery-california.html\/\" target=\"\" rel=\"noopener\">Cirug\u00eda de ves\u00edcula biliar<\/a><br \/>\n\t<a href=\"\/es\/gastroesophageal-reflux-disease.html\/\" target=\"\" rel=\"noopener\">Hiatal Hernia<\/a><\/p>\n<\/div>\n<div class=\"fw-divider-space\" style=\"padding-top: 20px\"><\/div>\n<\/div>\n<\/div>\n<div class=\"shortcode-widget-area\">\n<div class=\"textwidget custom-html-widget\"><a id=\"formAnchor653218838\" name=\"form653218838\"><\/a><\/p>\n<\/div>\n<\/div>\n<p><a href=\"\/es\/weight-loss-surgery-patient-stories\/gallery.html\/\"><img decoding=\"async\" class=\"alignnone size-full wp-image-4196\" src=\"\/wp-content\/uploads\/2018\/12\/patients-stories-icon.jpg\" alt=\"patients-stories-icon\" width=\"100%\" \/><\/a><\/p>\n<\/div>\n<\/div><\/div>\n<\/section>\n<p><!-- 4abcc777aff632ddb9051a7a07a53113 --><\/p>","protected":false},"excerpt":{"rendered":"<p>Important Considerations The best approach to bariatric surgery calls for discussion of the following with your doctor: Bariatric surgery does not involve the removal of adipose tissue (fat) by suction or surgical removal. The patient and doctor should discuss the benefits and risks together. The patient should commit to long-term lifestyle changes, including diet and [&hellip;]<\/p>\n","protected":false},"author":19,"featured_media":801,"parent":0,"menu_order":1,"comment_status":"closed","ping_status":"closed","template":"page-landing.php","meta":{"footnotes":""},"class_list":["post-802","page","type-page","status-publish","has-post-thumbnail","hentry"],"yoast_head":"<!-- This site is optimized with the Yoast SEO plugin v27.5 - https:\/\/yoast.com\/product\/yoast-seo-wordpress\/ -->\n<title>Bariatric Surgery Risks la | Bariatric Surgery Risk Factors | Dr Michael Feiz<\/title>\n<meta name=\"description\" content=\"As with any procedure, there are risk factors with bariatric surgery as well. Click to know the risks &amp; complications or contact for details.\" \/>\n<meta name=\"robots\" content=\"index, follow, max-snippet:-1, max-image-preview:large, max-video-preview:-1\" \/>\n<link rel=\"canonical\" href=\"https:\/\/drfeiz.com\/es\/risks-of-surgery.html\/\" \/>\n<meta property=\"og:locale\" content=\"es_ES\" \/>\n<meta property=\"og:type\" content=\"article\" \/>\n<meta property=\"og:title\" content=\"Bariatric Surgery Risks la | Bariatric Surgery Risk Factors | Dr Michael Feiz\" \/>\n<meta property=\"og:description\" content=\"As with any procedure, there are risk factors with bariatric surgery as well. Click to know the risks &amp; complications or contact for details.\" \/>\n<meta property=\"og:url\" content=\"https:\/\/drfeiz.com\/es\/risks-of-surgery.html\/\" \/>\n<meta property=\"og:site_name\" content=\"Weight Loss Surgery Los Angeles | Bariatric Surgeon &amp; Weight Loss Surgery\" \/>\n<meta property=\"article:publisher\" content=\"https:\/\/www.facebook.com\/DrFeiz\/\" \/>\n<meta property=\"article:modified_time\" content=\"2021-06-21T09:42:26+00:00\" \/>\n<meta property=\"og:image\" content=\"https:\/\/secureservercdn.net\/72.167.242.158\/qpd.390.myftpupload.com\/wp-content\/uploads\/2009\/04\/risk.png?time=1653105936\" \/>\n\t<meta property=\"og:image:width\" content=\"400\" \/>\n\t<meta property=\"og:image:height\" content=\"295\" \/>\n\t<meta property=\"og:image:type\" content=\"image\/png\" \/>\n<meta name=\"twitter:card\" content=\"summary_large_image\" \/>\n<meta name=\"twitter:site\" content=\"@DrFeiz\" \/>\n<meta name=\"twitter:label1\" content=\"Tiempo de lectura\" \/>\n\t<meta name=\"twitter:data1\" content=\"2 minutos\" \/>\n<!-- \/ Yoast SEO plugin. -->","yoast_head_json":{"title":"Bariatric Surgery Risks la | Bariatric Surgery Risk Factors | Dr Michael Feiz","description":"As with any procedure, there are risk factors with bariatric surgery as well. Click to know the risks & complications or contact for details.","robots":{"index":"index","follow":"follow","max-snippet":"max-snippet:-1","max-image-preview":"max-image-preview:large","max-video-preview":"max-video-preview:-1"},"canonical":"https:\/\/drfeiz.com\/es\/risks-of-surgery.html\/","og_locale":"es_ES","og_type":"article","og_title":"Bariatric Surgery Risks la | Bariatric Surgery Risk Factors | Dr Michael Feiz","og_description":"As with any procedure, there are risk factors with bariatric surgery as well. Click to know the risks & complications or contact for details.","og_url":"https:\/\/drfeiz.com\/es\/risks-of-surgery.html\/","og_site_name":"Weight Loss Surgery Los Angeles | Bariatric Surgeon &amp; Weight Loss Surgery","article_publisher":"https:\/\/www.facebook.com\/DrFeiz\/","article_modified_time":"2021-06-21T09:42:26+00:00","og_image":[{"width":400,"height":295,"url":"https:\/\/secureservercdn.net\/72.167.242.158\/qpd.390.myftpupload.com\/wp-content\/uploads\/2009\/04\/risk.png?time=1653105936","type":"image\/png"}],"twitter_card":"summary_large_image","twitter_site":"@DrFeiz","twitter_misc":{"Tiempo de lectura":"2 minutos"},"schema":{"@context":"https:\/\/schema.org","@graph":[{"@type":"WebPage","@id":"https:\/\/drfeiz.com\/risks-of-surgery.html","url":"https:\/\/drfeiz.com\/risks-of-surgery.html","name":"Bariatric Surgery Risks la | Bariatric Surgery Risk Factors | Dr Michael Feiz","isPartOf":{"@id":"https:\/\/drfeiz.com\/#website"},"primaryImageOfPage":{"@id":"https:\/\/drfeiz.com\/risks-of-surgery.html#primaryimage"},"image":{"@id":"https:\/\/drfeiz.com\/risks-of-surgery.html#primaryimage"},"thumbnailUrl":"https:\/\/drfeiz.com\/wp-content\/uploads\/2009\/04\/risk.png","datePublished":"2009-04-09T00:49:15+00:00","dateModified":"2021-06-21T09:42:26+00:00","description":"As with any procedure, there are risk factors with bariatric surgery as well. Click to know the risks & complications or contact for details.","breadcrumb":{"@id":"https:\/\/drfeiz.com\/risks-of-surgery.html#breadcrumb"},"inLanguage":"es","potentialAction":[{"@type":"ReadAction","target":["https:\/\/drfeiz.com\/risks-of-surgery.html"]}]},{"@type":"ImageObject","inLanguage":"es","@id":"https:\/\/drfeiz.com\/risks-of-surgery.html#primaryimage","url":"https:\/\/drfeiz.com\/wp-content\/uploads\/2009\/04\/risk.png","contentUrl":"https:\/\/drfeiz.com\/wp-content\/uploads\/2009\/04\/risk.png","width":400,"height":295,"caption":"Risks of Surgery"},{"@type":"BreadcrumbList","@id":"https:\/\/drfeiz.com\/risks-of-surgery.html#breadcrumb","itemListElement":[{"@type":"ListItem","position":1,"name":"Home","item":"https:\/\/drfeiz.com\/"},{"@type":"ListItem","position":2,"name":"Risks of Surgery"}]},{"@type":"WebSite","@id":"https:\/\/drfeiz.com\/#website","url":"https:\/\/drfeiz.com\/","name":"Weight Loss Surgery Los Angeles | Bariatric Surgeon &amp; Weight Loss Surgery","description":"Gastric Sleeve Gastrectomy in Los Angeles","potentialAction":[{"@type":"SearchAction","target":{"@type":"EntryPoint","urlTemplate":"https:\/\/drfeiz.com\/?s={search_term_string}"},"query-input":{"@type":"PropertyValueSpecification","valueRequired":true,"valueName":"search_term_string"}}],"inLanguage":"es"}]}},"_links":{"self":[{"href":"https:\/\/drfeiz.com\/es\/wp-json\/wp\/v2\/pages\/802","targetHints":{"allow":["GET"]}}],"collection":[{"href":"https:\/\/drfeiz.com\/es\/wp-json\/wp\/v2\/pages"}],"about":[{"href":"https:\/\/drfeiz.com\/es\/wp-json\/wp\/v2\/types\/page"}],"author":[{"embeddable":true,"href":"https:\/\/drfeiz.com\/es\/wp-json\/wp\/v2\/users\/19"}],"replies":[{"embeddable":true,"href":"https:\/\/drfeiz.com\/es\/wp-json\/wp\/v2\/comments?post=802"}],"version-history":[{"count":11,"href":"https:\/\/drfeiz.com\/es\/wp-json\/wp\/v2\/pages\/802\/revisions"}],"predecessor-version":[{"id":7506,"href":"https:\/\/drfeiz.com\/es\/wp-json\/wp\/v2\/pages\/802\/revisions\/7506"}],"wp:featuredmedia":[{"embeddable":true,"href":"https:\/\/drfeiz.com\/es\/wp-json\/wp\/v2\/media\/801"}],"wp:attachment":[{"href":"https:\/\/drfeiz.com\/es\/wp-json\/wp\/v2\/media?parent=802"}],"curies":[{"name":"wp","href":"https:\/\/api.w.org\/{rel}","templated":true}]}}