{"id":806,"date":"2009-04-16T21:20:16","date_gmt":"2009-04-16T21:20:16","guid":{"rendered":"http:\/\/drfeiz.flywheelsites.com\/qualifying-for-weight-loss-surgery\/"},"modified":"2021-06-21T10:02:19","modified_gmt":"2021-06-21T10:02:19","slug":"qualifying-for-weight-loss-surgery","status":"publish","type":"page","link":"https:\/\/drfeiz.com\/es\/qualifying-for-weight-loss-surgery.html","title":{"rendered":"\u00bfEs la cirug\u00eda para bajar de peso adecuada para m\u00ed?"},"content":{"rendered":"<section class=\"fw-main-row\">\n<div class=\"fw-container\">\n<div class=\"fw-row\">\n<div class=\"fw-col-xs-12 fw-col-sm-9\">\n<div class=\"fw-divider-space\" style=\"padding-top: 50px\"><\/div>\n<h2 class=\"h3\">\u00bfCu\u00e1les son mis pautas de requisitos?<\/h2>\n<p class=\"post-content\">Los Institutos Nacionales de Salud (NIH) han establecido requisitos m\u00ednimos para recomendar la cirug\u00eda bari\u00e1trica como una opci\u00f3n de tratamiento para la p\u00e9rdida de peso:<\/p>\n<ul class=\"post-content\">\n<li>IMC de 30-40 con problemas m\u00e9dicos documentados relacionados con la obesidad (o)<\/li>\n<li>IMC de 40 o m\u00e1s<\/li>\n<\/ul>\n<p><a class=\"button-style1\" style=\"width: 330px\" href=\"\/es\/bmi-calculator.html\/\"><span style=\"font-weight: bold;font-size: 12pt\">Calculadora de IMC<\/span><\/a><\/p>\n<div class=\"fw-divider-space\" style=\"padding-top: 25px\"><\/div>\n<div class=\"shortcode-widget-area\">\n<div class=\"textwidget custom-html-widget\"><a name=\"form2099811886\" id=\"formAnchor2099811886\"><\/a><\/p>\n<\/div>\n<\/div>\n<div class=\"fw-divider-space\" style=\"padding-top: 25px\"><\/div>\n<h3 class=\"h4\">\u00bfC\u00f3mo determinar\u00e1 el Dr. Feiz si la cirug\u00eda es adecuada para m\u00ed?<\/h3>\n<p class=\"post-content\">Haremos una evaluaci\u00f3n completa para ver si es adecuado para la cirug\u00eda bari\u00e1trica. Esto puede incluir una aplicaci\u00f3n que describa su historial de salud y p\u00e9rdida de peso. Tambi\u00e9n realizaremos otras evaluaciones, como nutricionales, psicol\u00f3gicas y m\u00e9dicas, examinaremos su IMC y analizaremos cualquier afecci\u00f3n de salud relacionada con la obesidad que pueda tener.<\/p>\n<\/div>\n<div class=\"fw-col-xs-12 fw-col-sm-3\">\n<div class=\"shortcode-widget-area\">\n<div class=\"textwidget custom-html-widget\">\n<div class=\"fw-divider-space\" style=\"padding-top: 50px\"><\/div>\n<p>\t<b> Comience su viaje<\/b>\t<\/p>\n<div class=\"Mysidenav\">\n\t<a href=\"\/es\/qualifying-for-weight-loss-surgery.html\/\" target=\"\" rel=\"noopener\">Qualification<\/a><br \/>\n\t<a href=\"\/es\/preparing-for-weight-loss-surgery.html\/\" target=\"\" rel=\"noopener\">Preparation<\/a><br \/>\n\t\t<a href=\"\/es\/financing.html\/\" target=\"\" rel=\"noopener\">Insurance Authentication \/ Financing<\/a><br \/>\n\t<a href=\"\/es\/instructions-for-day-of-surgery.html\/\" target=\"\" rel=\"noopener\">Day of Surgery<\/a> <\/p>\n<\/div>\n<div class=\"fw-divider-space\" style=\"padding-top: 20px\"><\/div>\n<\/div>\n<\/div>\n<div class=\"shortcode-widget-area\">\n<div class=\"textwidget custom-html-widget\"><a id=\"formAnchor653218838\" name=\"form653218838\"><\/a><\/p>\n<\/div>\n<\/div>\n<\/div>\n<\/div><\/div>\n<\/section>\n<p><!-- 727177e5bc6e7cac297a70f19666760f --><\/p>","protected":false},"excerpt":{"rendered":"<p>What Are My Requirement Guidelines? The National Institutes of Health (NIH) have set minimum requirements for recommending bariatric surgery as a treatment option for weight loss: BMI of 30-40 with documented obesity-related medical problems (or) BMI of 40 or greater BMI Calculator How Will Dr. Feiz Determine If Surgery Is Right for Me? We will [&hellip;]<\/p>\n","protected":false},"author":19,"featured_media":0,"parent":0,"menu_order":16,"comment_status":"closed","ping_status":"closed","template":"page-landing.php","meta":{"footnotes":""},"class_list":["post-806","page","type-page","status-publish","hentry"],"yoast_head":"<!-- This site is optimized with the Yoast SEO plugin v27.5 - https:\/\/yoast.com\/product\/yoast-seo-wordpress\/ -->\n<title>Is Weight Loss Surgery Right For Me? | Weight Loss Surgery Los Angeles<\/title>\n<meta name=\"description\" content=\"Is Weight Loss Surgery Right For Me? Click on the link for minimum requirements suggested by NIH. Or, contact Dr. Feiz for a complete assessment.\" \/>\n<meta name=\"robots\" content=\"index, follow, max-snippet:-1, max-image-preview:large, max-video-preview:-1\" \/>\n<link rel=\"canonical\" href=\"https:\/\/drfeiz.com\/es\/qualifying-for-weight-loss-surgery.html\/\" \/>\n<meta property=\"og:locale\" content=\"es_ES\" \/>\n<meta property=\"og:type\" content=\"article\" \/>\n<meta property=\"og:title\" content=\"Is Weight Loss Surgery Right For Me? | Weight Loss Surgery Los Angeles\" \/>\n<meta property=\"og:description\" content=\"Is Weight Loss Surgery Right For Me? Click on the link for minimum requirements suggested by NIH. Or, contact Dr. Feiz for a complete assessment.\" \/>\n<meta property=\"og:url\" content=\"https:\/\/drfeiz.com\/es\/qualifying-for-weight-loss-surgery.html\/\" \/>\n<meta property=\"og:site_name\" content=\"Weight Loss Surgery Los Angeles | Bariatric Surgeon &amp; Weight Loss Surgery\" \/>\n<meta property=\"article:publisher\" content=\"https:\/\/www.facebook.com\/DrFeiz\/\" \/>\n<meta property=\"article:modified_time\" content=\"2021-06-21T10:02:19+00:00\" \/>\n<meta name=\"twitter:card\" content=\"summary_large_image\" \/>\n<meta name=\"twitter:site\" content=\"@DrFeiz\" \/>\n<meta name=\"twitter:label1\" content=\"Tiempo de lectura\" \/>\n\t<meta name=\"twitter:data1\" content=\"1 minuto\" \/>\n<!-- \/ Yoast SEO plugin. -->","yoast_head_json":{"title":"Is Weight Loss Surgery Right For Me? | Weight Loss Surgery Los Angeles","description":"Is Weight Loss Surgery Right For Me? Click on the link for minimum requirements suggested by NIH. Or, contact Dr. Feiz for a complete assessment.","robots":{"index":"index","follow":"follow","max-snippet":"max-snippet:-1","max-image-preview":"max-image-preview:large","max-video-preview":"max-video-preview:-1"},"canonical":"https:\/\/drfeiz.com\/es\/qualifying-for-weight-loss-surgery.html\/","og_locale":"es_ES","og_type":"article","og_title":"Is Weight Loss Surgery Right For Me? | Weight Loss Surgery Los Angeles","og_description":"Is Weight Loss Surgery Right For Me? Click on the link for minimum requirements suggested by NIH. Or, contact Dr. Feiz for a complete assessment.","og_url":"https:\/\/drfeiz.com\/es\/qualifying-for-weight-loss-surgery.html\/","og_site_name":"Weight Loss Surgery Los Angeles | Bariatric Surgeon &amp; Weight Loss Surgery","article_publisher":"https:\/\/www.facebook.com\/DrFeiz\/","article_modified_time":"2021-06-21T10:02:19+00:00","twitter_card":"summary_large_image","twitter_site":"@DrFeiz","twitter_misc":{"Tiempo de lectura":"1 minuto"},"schema":{"@context":"https:\/\/schema.org","@graph":[{"@type":"WebPage","@id":"https:\/\/drfeiz.com\/qualifying-for-weight-loss-surgery.html","url":"https:\/\/drfeiz.com\/qualifying-for-weight-loss-surgery.html","name":"Is Weight Loss Surgery Right For Me? | Weight Loss Surgery Los Angeles","isPartOf":{"@id":"https:\/\/drfeiz.com\/#website"},"datePublished":"2009-04-16T21:20:16+00:00","dateModified":"2021-06-21T10:02:19+00:00","description":"Is Weight Loss Surgery Right For Me? Click on the link for minimum requirements suggested by NIH. Or, contact Dr. Feiz for a complete assessment.","breadcrumb":{"@id":"https:\/\/drfeiz.com\/qualifying-for-weight-loss-surgery.html#breadcrumb"},"inLanguage":"es","potentialAction":[{"@type":"ReadAction","target":["https:\/\/drfeiz.com\/qualifying-for-weight-loss-surgery.html"]}]},{"@type":"BreadcrumbList","@id":"https:\/\/drfeiz.com\/qualifying-for-weight-loss-surgery.html#breadcrumb","itemListElement":[{"@type":"ListItem","position":1,"name":"Home","item":"https:\/\/drfeiz.com\/"},{"@type":"ListItem","position":2,"name":"Is Weight Loss Surgery Right For Me?"}]},{"@type":"WebSite","@id":"https:\/\/drfeiz.com\/#website","url":"https:\/\/drfeiz.com\/","name":"Weight Loss Surgery Los Angeles | Bariatric Surgeon &amp; Weight Loss Surgery","description":"Gastric Sleeve Gastrectomy in Los Angeles","potentialAction":[{"@type":"SearchAction","target":{"@type":"EntryPoint","urlTemplate":"https:\/\/drfeiz.com\/?s={search_term_string}"},"query-input":{"@type":"PropertyValueSpecification","valueRequired":true,"valueName":"search_term_string"}}],"inLanguage":"es"}]}},"_links":{"self":[{"href":"https:\/\/drfeiz.com\/es\/wp-json\/wp\/v2\/pages\/806","targetHints":{"allow":["GET"]}}],"collection":[{"href":"https:\/\/drfeiz.com\/es\/wp-json\/wp\/v2\/pages"}],"about":[{"href":"https:\/\/drfeiz.com\/es\/wp-json\/wp\/v2\/types\/page"}],"author":[{"embeddable":true,"href":"https:\/\/drfeiz.com\/es\/wp-json\/wp\/v2\/users\/19"}],"replies":[{"embeddable":true,"href":"https:\/\/drfeiz.com\/es\/wp-json\/wp\/v2\/comments?post=806"}],"version-history":[{"count":67,"href":"https:\/\/drfeiz.com\/es\/wp-json\/wp\/v2\/pages\/806\/revisions"}],"predecessor-version":[{"id":7523,"href":"https:\/\/drfeiz.com\/es\/wp-json\/wp\/v2\/pages\/806\/revisions\/7523"}],"wp:attachment":[{"href":"https:\/\/drfeiz.com\/es\/wp-json\/wp\/v2\/media?parent=806"}],"curies":[{"name":"wp","href":"https:\/\/api.w.org\/{rel}","templated":true}]}}