{"id":809,"date":"2009-04-16T21:27:15","date_gmt":"2009-04-16T21:27:15","guid":{"rendered":"http:\/\/drfeiz.flywheelsites.com\/preparing-for-weight-loss-surgery\/"},"modified":"2021-06-21T10:03:30","modified_gmt":"2021-06-21T10:03:30","slug":"preparing-for-weight-loss-surgery","status":"publish","type":"page","link":"https:\/\/drfeiz.com\/es\/preparing-for-weight-loss-surgery.html","title":{"rendered":"Preparaci\u00f3n para la cirug\u00eda de p\u00e9rdida de peso"},"content":{"rendered":"<section class=\"fw-main-row\">\n<div class=\"fw-container\">\n<div class=\"fw-row\">\n<div class=\"fw-col-xs-12 fw-col-sm-9\">\n<div class=\"fw-divider-space\" style=\"padding-top: 50px\"><\/div>\n<h2 class=\"h3\">Nuestro enfoque de equipo integral<\/h2>\n<p class=\"post-content\">Nuestro programa combina cuatro componentes: m\u00e9dico, nutricional, psicol\u00f3gico y quir\u00fargico. Nuestro equipo multidisciplinario eval\u00faa al paciente antes de la cirug\u00eda y contin\u00faa con la educaci\u00f3n y el tratamiento despu\u00e9s de la cirug\u00eda.<\/p>\n<div class=\"fw-divider-space\" style=\"padding-top: 25px\"><\/div>\n<h3 class=\"h4\">\u00bfQu\u00e9 puedo hacer para prepararme?<\/h3>\n<p class=\"post-content\">La cirug\u00eda bari\u00e1trica es como otras cirug\u00edas mayores. Puede prepararse mejor si conoce los beneficios y riesgos de la cirug\u00eda y si sigue de cerca las instrucciones de su m\u00e9dico.<\/p>\n<div class=\"fw-divider-space\" style=\"padding-top: 30px\"><\/div>\n<h3 class=\"h4\">\u00bfC\u00f3mo me preparo mentalmente?<\/h3>\n<ul class=\"post-content\">\n<li>Comprenda el proceso quir\u00fargico y qu\u00e9 esperar despu\u00e9s.<\/li>\n<li>Tenga en cuenta que nunca podr\u00e1 comer como lo hac\u00eda antes y que tendr\u00e1 que vigilar la forma en que come por el resto de su vida.<\/li>\n<li>Hable con personas que se hayan sometido a una cirug\u00eda bari\u00e1trica. Puede escuchar las historias de otros pacientes en la secci\u00f3n de Testimonios.<\/li>\n<\/ul>\n<div class=\"fw-divider-space\" style=\"padding-top: 30px\"><\/div>\n<h3 class=\"h4\">\u00bfC\u00f3mo me preparo f\u00edsicamente?<\/h3>\n<p class=\"post-content\">Antes de que ganemos peso en el exterior, su cuerpo est\u00e1 ocupado aumentando de peso en el interior del abdomen. El h\u00edgado es uno de los \u00f3rganos que se agranda y gana grasa a medida que aumentamos de peso (com\u00fanmente conocido como \"h\u00edgado graso\"). De manera similar, a medida que perdemos peso, primero lo perdemos desde el interior del abdomen. Por ejemplo, una p\u00e9rdida de peso de 5 a 10 libras justo antes de la cirug\u00eda ayudar\u00e1 a encoger el h\u00edgado. Esto puede facilitar una cirug\u00eda m\u00e1s r\u00e1pida y puede disminuir el dolor posoperatorio.<br \/>Esto a menudo se puede lograr reemplazando una comida al d\u00eda con un batido de prote\u00ednas bajo en carbohidratos.<\/p>\n<div class=\"fw-divider-space\" style=\"padding-top: 30px\"><\/div>\n<h3 class=\"h4\">\u00bfCu\u00e1nto tiempo antes de que me puedan operar?<\/h3>\n<p class=\"post-content\">Si ha estado contemplando una cirug\u00eda para bajar de peso durante alg\u00fan tiempo, es natural que est\u00e9 ansioso por comenzar una vez que haya decidido seguir adelante. La buena noticia es que Dr. Feiz &amp; Associates emplea un enfoque de equipo integral que brinda una gran eficiencia en t\u00e9rminos de tiempo. Sin embargo, la cantidad de tiempo entre la primera consulta y la fecha de la cirug\u00eda depende de varios factores, muchos de los cuales dependen de la capacidad de nuestros pacientes para completar las evaluaciones necesarias.<\/p>\n<p class=\"post-content\">Si bien algunos pacientes pueden prepararse para la cirug\u00eda tan pronto como dos semanas despu\u00e9s de su consulta inicial, cada procedimiento bari\u00e1trico es diferente, por lo que la cantidad total de tiempo puede variar. Los retrasos pueden ser necesarios por varias razones.<\/p>\n<div class=\"fw-divider-space\" style=\"padding-top: 30px\"><\/div>\n<h3 class=\"h4\">\u00bfQu\u00e9 factores pueden retrasar un procedimiento de p\u00e9rdida de peso?<\/h3>\n<p class=\"post-content translation-block\"><strong> <em> El paciente necesita perder peso. <\/em> <\/strong> Esto puede parecer contradictorio, pero a veces determinaremos que, para maximizar la seguridad y eficacia del procedimiento, el paciente debe intentar y perder algo de peso antes del procedimiento. Entendemos que la p\u00e9rdida de peso es dif\u00edcil; el objetivo de estos procedimientos es hacerlo m\u00e1s alcanzable. Sin embargo, la mayor\u00eda de las personas obesas han logrado perder temporalmente al menos algo de peso, a veces repetidamente a lo largo de su vida. A menudo es una buena idea intentarlo una \u00faltima vez.<\/p>\n<p class=\"post-content translation-block\"><strong> <em> Un paciente tiene que dejar de fumar. <\/em> <\/strong> Si es fumador, probablemente le hayan recordado muchas veces que lo \u00fanico peor para la salud de una persona que la obesidad es de fumar. Como era de esperar, fumar tambi\u00e9n aumenta la probabilidad de complicaciones y las operaciones deben evitarse hasta que el paciente haya dejado de fumar durante al menos treinta d\u00edas antes del procedimiento.<\/p>\n<p class=\"post-content translation-block\"><strong><em>Seguro.<\/em> <\/strong> Haremos todo lo posible para ayudar a los pacientes a garantizar que sus procedimientos est\u00e9n cubiertos siempre que sea posible. Sin embargo, como probablemente sepa, las compa\u00f1\u00edas de seguros pueden actuar con lentitud y la resoluci\u00f3n de problemas a menudo puede llevar un poco de tiempo.<\/p>\n<p class=\"post-content translation-block\"><strong><em> Programaci\u00f3n.<\/em> <\/strong> Los pacientes pueden esperar ser programados dentro de una semana o dos despu\u00e9s de recibir la autorizaci\u00f3n del seguro y obtener la autorizaci\u00f3n m\u00e9dica completa de un m\u00e9dico de atenci\u00f3n primaria o especialistas.<\/p>\n<div class=\"fw-divider-space\" style=\"padding-top: 30px\"><\/div>\n<h3 class=\"h4\">Empieza ahora.<\/h3>\n<p class=\"post-content\">Nuestro equipo en Dr. Feiz &amp; Associates sabe que es de inter\u00e9s para todos realizar cirug\u00edas bari\u00e1tricas de la manera m\u00e1s oportuna posible. Sin embargo, el proceso de p\u00e9rdida de peso no comenzar\u00e1 hasta que reserve su consulta inicial en nuestras oficinas. Para comenzar, ll\u00e1menos al n\u00famero de tel\u00e9fono anterior o comun\u00edquese con\u00a0<a href=\"https:\/\/drfeiz.com\/es\/contact-us.html\/\">nuestra p\u00e1gina de contacto.<\/a><\/p>\n<\/div>\n<div class=\"fw-col-xs-12 fw-col-sm-3\">\n<div class=\"shortcode-widget-area\">\n<div class=\"textwidget custom-html-widget\">\n<div class=\"fw-divider-space\" style=\"padding-top: 50px\"><\/div>\n<div class=\"Mysidenav\">\n\t<a href=\"\/es\/weight-loss-surgery-california.html\/\" target=\"\" rel=\"noopener\">Cirug\u00eda para adelgazar<\/a><br \/>\n\t<a href=\"\/es\/needlescopic-sleeve-gastrectomy.html\/\" target=\"\" rel=\"noopener\">Needlescopic Sleeve Gastrectomy<\/a><br \/>\n\t<a href=\"\/es\/starr-treatment-surgical-approach.html\/\" target=\"\" rel=\"noopener\">STARR Treatment<\/a><br \/>\n\t<a href=\"\/es\/lap-band-beverly-hills.html\/\" target=\"\" rel=\"noopener\">Lap Band \/ Realize Band<\/a><br \/>\n\t<a href=\"\/es\/lap-gastric-bypass.html\/\" target=\"\" rel=\"noopener\">Lap Gastric Bypass<\/a><br \/>\n\t<a href=\"\/es\/sleeve-gastrectomy.html\/\" target=\"\" rel=\"noopener\">Banda g\u00e1strica<\/a><br \/>\n\t<a href=\"\/es\/lap-band-and-realize-band-videos.html\/\" target=\"\" rel=\"noopener\">Videos quir\u00fargicos<\/a><br \/>\n\t<a href=\"\/es\/health-benefits.html\/\" target=\"\" rel=\"noopener\">Beneficios de la salud<\/a><br \/>\n\t<a href=\"\/es\/other-laparoscopic-surgeries.html\/\" target=\"\" rel=\"noopener\">Other Laparoscopic Surgeries<\/a>\n<\/div>\n<div class=\"fw-divider-space\" style=\"padding-top: 20px\"><\/div>\n<\/div>\n<\/div>\n<div class=\"shortcode-widget-area\">\n<div class=\"textwidget custom-html-widget\"><a id=\"formAnchor653218838\" name=\"form653218838\"><\/a><\/p>\n<\/div>\n<\/div>\n<\/div>\n<\/div><\/div>\n<\/section>\n<p><!-- cd446ac59460c2a6051dd2feafd5ccfd --><\/p>","protected":false},"excerpt":{"rendered":"<p>Our Comprehensive Team\u00a0Approach Our program combines four components: medical, nutritional, psychological, and surgical. Our\u00a0multidisciplinary team evaluates the patient before surgery and continues with education and\u00a0treatment after surgery. What Can I Do to Prepare? Bariatric surgery is like other major surgeries. You can best prepare by knowing the benefits and\u00a0risks of surgery and by closely following [&hellip;]<\/p>\n","protected":false},"author":19,"featured_media":0,"parent":0,"menu_order":13,"comment_status":"closed","ping_status":"closed","template":"page-landing.php","meta":{"footnotes":""},"class_list":["post-809","page","type-page","status-publish","hentry"],"yoast_head":"<!-- This site is optimized with the Yoast SEO plugin v27.5 - https:\/\/yoast.com\/product\/yoast-seo-wordpress\/ -->\n<title>Preparing for Bariatric Surgery | Preparing for Weight Loss Surgery | Dr.feiz<\/title>\n<meta name=\"description\" content=\"Feeling nervous before bariatric surgery? Don\u2019t be. Click to see the recommendations of Dr. Feiz on preparing for bariatric surgery.\" \/>\n<meta name=\"robots\" content=\"index, follow, max-snippet:-1, max-image-preview:large, max-video-preview:-1\" \/>\n<link rel=\"canonical\" href=\"https:\/\/drfeiz.com\/es\/preparing-for-weight-loss-surgery.html\/\" \/>\n<meta property=\"og:locale\" content=\"es_ES\" \/>\n<meta property=\"og:type\" content=\"article\" \/>\n<meta property=\"og:title\" content=\"Preparing for Bariatric Surgery | Preparing for Weight Loss Surgery | Dr.feiz\" \/>\n<meta property=\"og:description\" content=\"Feeling nervous before bariatric surgery? Don\u2019t be. Click to see the recommendations of Dr. Feiz on preparing for bariatric surgery.\" \/>\n<meta property=\"og:url\" content=\"https:\/\/drfeiz.com\/es\/preparing-for-weight-loss-surgery.html\/\" \/>\n<meta property=\"og:site_name\" content=\"Weight Loss Surgery Los Angeles | Bariatric Surgeon &amp; Weight Loss Surgery\" \/>\n<meta property=\"article:publisher\" content=\"https:\/\/www.facebook.com\/DrFeiz\/\" \/>\n<meta property=\"article:modified_time\" content=\"2021-06-21T10:03:30+00:00\" \/>\n<meta name=\"twitter:card\" content=\"summary_large_image\" \/>\n<meta name=\"twitter:site\" content=\"@DrFeiz\" \/>\n<meta name=\"twitter:label1\" content=\"Tiempo de lectura\" \/>\n\t<meta name=\"twitter:data1\" content=\"3 minutos\" \/>\n<!-- \/ Yoast SEO plugin. -->","yoast_head_json":{"title":"Preparing for Bariatric Surgery | Preparing for Weight Loss Surgery | Dr.feiz","description":"Feeling nervous before bariatric surgery? Don\u2019t be. Click to see the recommendations of Dr. Feiz on preparing for bariatric surgery.","robots":{"index":"index","follow":"follow","max-snippet":"max-snippet:-1","max-image-preview":"max-image-preview:large","max-video-preview":"max-video-preview:-1"},"canonical":"https:\/\/drfeiz.com\/es\/preparing-for-weight-loss-surgery.html\/","og_locale":"es_ES","og_type":"article","og_title":"Preparing for Bariatric Surgery | Preparing for Weight Loss Surgery | Dr.feiz","og_description":"Feeling nervous before bariatric surgery? Don\u2019t be. Click to see the recommendations of Dr. Feiz on preparing for bariatric surgery.","og_url":"https:\/\/drfeiz.com\/es\/preparing-for-weight-loss-surgery.html\/","og_site_name":"Weight Loss Surgery Los Angeles | Bariatric Surgeon &amp; Weight Loss Surgery","article_publisher":"https:\/\/www.facebook.com\/DrFeiz\/","article_modified_time":"2021-06-21T10:03:30+00:00","twitter_card":"summary_large_image","twitter_site":"@DrFeiz","twitter_misc":{"Tiempo de lectura":"3 minutos"},"schema":{"@context":"https:\/\/schema.org","@graph":[{"@type":"WebPage","@id":"https:\/\/drfeiz.com\/preparing-for-weight-loss-surgery.html","url":"https:\/\/drfeiz.com\/preparing-for-weight-loss-surgery.html","name":"Preparing for Bariatric Surgery | Preparing for Weight Loss Surgery | Dr.feiz","isPartOf":{"@id":"https:\/\/drfeiz.com\/#website"},"datePublished":"2009-04-16T21:27:15+00:00","dateModified":"2021-06-21T10:03:30+00:00","description":"Feeling nervous before bariatric surgery? Don\u2019t be. Click to see the recommendations of Dr. Feiz on preparing for bariatric surgery.","breadcrumb":{"@id":"https:\/\/drfeiz.com\/preparing-for-weight-loss-surgery.html#breadcrumb"},"inLanguage":"es","potentialAction":[{"@type":"ReadAction","target":["https:\/\/drfeiz.com\/preparing-for-weight-loss-surgery.html"]}]},{"@type":"BreadcrumbList","@id":"https:\/\/drfeiz.com\/preparing-for-weight-loss-surgery.html#breadcrumb","itemListElement":[{"@type":"ListItem","position":1,"name":"Home","item":"https:\/\/drfeiz.com\/"},{"@type":"ListItem","position":2,"name":"Preparing for Weight Loss Surgery"}]},{"@type":"WebSite","@id":"https:\/\/drfeiz.com\/#website","url":"https:\/\/drfeiz.com\/","name":"Weight Loss Surgery Los Angeles | Bariatric Surgeon &amp; Weight Loss Surgery","description":"Gastric Sleeve Gastrectomy in Los Angeles","potentialAction":[{"@type":"SearchAction","target":{"@type":"EntryPoint","urlTemplate":"https:\/\/drfeiz.com\/?s={search_term_string}"},"query-input":{"@type":"PropertyValueSpecification","valueRequired":true,"valueName":"search_term_string"}}],"inLanguage":"es"}]}},"_links":{"self":[{"href":"https:\/\/drfeiz.com\/es\/wp-json\/wp\/v2\/pages\/809","targetHints":{"allow":["GET"]}}],"collection":[{"href":"https:\/\/drfeiz.com\/es\/wp-json\/wp\/v2\/pages"}],"about":[{"href":"https:\/\/drfeiz.com\/es\/wp-json\/wp\/v2\/types\/page"}],"author":[{"embeddable":true,"href":"https:\/\/drfeiz.com\/es\/wp-json\/wp\/v2\/users\/19"}],"replies":[{"embeddable":true,"href":"https:\/\/drfeiz.com\/es\/wp-json\/wp\/v2\/comments?post=809"}],"version-history":[{"count":30,"href":"https:\/\/drfeiz.com\/es\/wp-json\/wp\/v2\/pages\/809\/revisions"}],"predecessor-version":[{"id":7525,"href":"https:\/\/drfeiz.com\/es\/wp-json\/wp\/v2\/pages\/809\/revisions\/7525"}],"wp:attachment":[{"href":"https:\/\/drfeiz.com\/es\/wp-json\/wp\/v2\/media?parent=809"}],"curies":[{"name":"wp","href":"https:\/\/api.w.org\/{rel}","templated":true}]}}