{"id":811,"date":"2009-04-16T21:47:02","date_gmt":"2009-04-16T21:47:02","guid":{"rendered":"http:\/\/drfeiz.flywheelsites.com\/instructions-for-day-of-surgery\/"},"modified":"2021-06-21T10:05:28","modified_gmt":"2021-06-21T10:05:28","slug":"instructions-for-day-of-surgery","status":"publish","type":"page","link":"https:\/\/drfeiz.com\/es\/instructions-for-day-of-surgery.html","title":{"rendered":"Instrucciones para el d\u00eda de la cirug\u00eda"},"content":{"rendered":"<div class=\"brz-root__container brz-reset-all\">\n<section data-uid=\"jpqqunsaej\" id=\"jpqqunsaej\" class=\"brz-section brz-css-eewpf\">\n<div class=\"brz-section__content brz-section--fullWidth brz-css-crcvl brz-css-yuojk\" data-custom-id=\"dkwohycwlh\">\n<div class=\"brz-bg\">\n<div class=\"brz-bg-color\"><\/div>\n<\/div>\n<div class=\"brz-container brz-css-apixb brz-css-tsjtz\">\n<div class=\"brz-row__container brz-css-ihlwf\" data-custom-id=\"kwutgowegw\">\n<div class=\"brz-row brz-css-jelin brz-css-imsfy\">\n<div class=\"brz-columns brz-css-avlqg brz-css-eelze\" data-custom-id=\"tlptthjnce\">\n<div class=\"brz-bg\">\n<div class=\"brz-bg-image\"><\/div>\n<div class=\"brz-bg-color\"><\/div>\n<\/div>\n<div class=\"brz-column__items brz-css-jzorp brz-css-hasgn\">\n<div class=\"brz-css-sonhf brz-css-ryuvj brz-wrapper\">\n<div class=\"brz-rich-text brz-css-ipqdj\" data-custom-id=\"nhavlfttsf\">\n<h1 class=\"brz-text-lg-center brz-tp-heading1\"><span class=\"brz-cp-color8\">Instructions\u00a0For the Day of Surgery<\/span><\/h1>\n<\/div>\n<\/div>\n<\/div>\n<\/div>\n<div class=\"brz-columns brz-css-avlqg brz-css-dripq\" data-custom-id=\"igevyrwgah\">\n<div class=\"brz-bg\">\n<div class=\"brz-bg-image\"><\/div>\n<\/div>\n<div class=\"brz-column__items brz-css-jzorp brz-css-ibrju\"><\/div>\n<\/div>\n<div class=\"brz-columns brz-css-avlqg brz-css-lnzmu\" data-custom-id=\"bymjhnlycr\">\n<div class=\"brz-bg\">\n<div class=\"brz-bg-image\"><\/div>\n<\/div>\n<div class=\"brz-column__items brz-css-jzorp brz-css-xsgty\"><\/div>\n<\/div>\n<div class=\"brz-columns brz-css-avlqg brz-css-jiofi\" data-custom-id=\"dmztberxjj\">\n<div class=\"brz-bg\">\n<div class=\"brz-bg-image\"><\/div>\n<\/div>\n<div class=\"brz-column__items brz-css-jzorp brz-css-nhwpn\"><\/div>\n<\/div>\n<\/div>\n<\/div>\n<\/div>\n<\/div>\n<\/section>\n<section data-uid=\"jqgktfuley\" id=\"jqgktfuley\" class=\"brz-section brz-css-eewpf\">\n<div class=\"brz-section__content brz-section--fullWidth brz-css-crcvl brz-css-elqwn\" data-custom-id=\"wfokwdkjhs\">\n<div class=\"brz-container brz-css-apixb brz-css-snmdg\">\n<div class=\"brz-row__container brz-css-ihlwf\" data-custom-id=\"xecjzhbcvw\">\n<div class=\"brz-row brz-css-jelin\">\n<div class=\"brz-columns brz-css-avlqg brz-css-rakxr\" data-custom-id=\"hnrpzraehw\">\n<div class=\"brz-column__items brz-css-jzorp brz-css-uvsgf\">\n<div class=\"brz-row__container brz-css-ihlwf\" data-custom-id=\"yftfmxpnhq\">\n<div class=\"brz-row brz-row--inner brz-css-jelin\">\n<div class=\"brz-columns brz-css-avlqg brz-css-tkvbl\" data-custom-id=\"mzecqeiefy\">\n<div class=\"brz-column__items brz-css-jzorp\">\n<div class=\"brz-css-sonhf brz-css-wdbgc brz-wrapper\">\n<div class=\"brz-rich-text brz-css-ipqdj\" data-custom-id=\"xyzcztszut\">\n<p class=\"brz-tp-paragraph\">\u00c9stas son pautas generales. Debe discutir estas instrucciones con su m\u00e9dico para asegurarse de que se apliquen a usted. Deje de tomar todos los analg\u00e9sicos que puedan diluir la sangre al menos 7 d\u00edas antes de la cirug\u00eda. Estos incluyen: ibuprofeno (Advil, Motrin), aspirina, naproxeno (Naprosyn, Aleve), Midol, etc. Los analg\u00e9sicos que contienen Tylenol o acetaminof\u00e9n est\u00e1n bien. Deje de tomar TODOS los medicamentos a base de hierbas al menos 10 d\u00edas antes del d\u00eda de la cirug\u00eda.<\/p>\n<\/div>\n<\/div>\n<div class=\"brz-css-sonhf brz-wrapper\">\n<div class=\"brz-embed-code brz-css-tijnf\" data-custom-id=\"hmshufakvc\">\n<div class=\"brz-embed-content\">\n<div class>\n<ul>\n<li>Start a Clear Liquid Diet 48 hours prior to the day of surgery. Clear liquids include apple and cranberry juice, broth, jello, popsicles, and most sodas. If you are having Gastric Bypass surgery you will need a bowel cleansing (also referred to as a \u201cprep\u201d). You must drink two bottles of of Fleets Phosphosoda (over the counter, 45 milliliters each)--one at 2pm and the second bottle at 6pm. Each dose should be followed with six glasses of water or sugar-free liquids.<\/li>\n<\/ul>\n<ul>\n<li>No beba ni coma nada a partir de la medianoche del d\u00eda anterior al d\u00eda de la cirug\u00eda.<\/li>\n<\/ul>\n<ul>\n<li>La mayor\u00eda de los medicamentos se pueden tomar el d\u00eda de la cirug\u00eda, solo con peque\u00f1os sorbos de agua (sin embargo, su m\u00e9dico tendr\u00e1 instrucciones sobre medicamentos espec\u00edficos).<\/li>\n<\/ul>\n<ul>\n<li>Traiga su respirador CPAP, si tiene uno, para usarlo en el hospital.<\/li>\n<\/ul>\n<ul>\n<li>\u00a1Llega temprano! Algunos hospitales y centros quir\u00fargicos requieren que los pacientes lleguen dos horas antes.<\/li>\n<\/ul>\n<\/div>\n<\/div>\n<\/div>\n<\/div>\n<\/div>\n<\/div>\n<div class=\"brz-columns brz-css-avlqg brz-css-zugia\" data-custom-id=\"eushvqxfaj\">\n<div class=\"brz-column__items brz-css-jzorp\">\n<div class=\"brz-css-sonhf brz-wrapper\">\n<div class=\"brz-image brz-css-tmqfx brz-css-befkn\"><picture class=\"brz-picture brz-d-block brz-p-relative brz-css-nszmv\" data-custom-id=\"ftpnwfaaxb\"><source srcset=\"{@brizy_SITE_URL_PLACEHOLDER@}\/?brizy_media=wp-9f4e33e4379b59a361a09aedce913da6&brizy_crop=iW%3D468%26iH%3D382%26oX%3D123%26oY%3D0%26cW%3D223%26cH%3D382&brizy_post=811 1x, {@brizy_SITE_URL_PLACEHOLDER@}\/?brizy_media=wp-9f4e33e4379b59a361a09aedce913da6&brizy_crop=iW%3D936%26iH%3D764%26oX%3D246%26oY%3D0%26cW%3D446%26cH%3D764&brizy_post=811 2x\" media=\"(min-width: 992px)\"><source srcset=\"{@brizy_SITE_URL_PLACEHOLDER@}\/?brizy_media=wp-9f4e33e4379b59a361a09aedce913da6&brizy_crop=iW%3D336%26iH%3D274%26oX%3D88%26oY%3D0%26cW%3D160%26cH%3D274&brizy_post=811 1x, {@brizy_SITE_URL_PLACEHOLDER@}\/?brizy_media=wp-9f4e33e4379b59a361a09aedce913da6&brizy_crop=iW%3D672%26iH%3D548%26oX%3D176%26oY%3D0%26cW%3D320%26cH%3D548&brizy_post=811 2x\" media=\"(min-width: 768px)\"><img decoding=\"async\" class=\"brz-img brz-p-absolute\" srcset=\"{@brizy_SITE_URL_PLACEHOLDER@}\/?brizy_media=wp-9f4e33e4379b59a361a09aedce913da6&brizy_crop=iW%3D840%26iH%3D684%26oX%3D220%26oY%3D0%26cW%3D400%26cH%3D684&brizy_post=811 1x, {@brizy_SITE_URL_PLACEHOLDER@}\/?brizy_media=wp-9f4e33e4379b59a361a09aedce913da6&brizy_crop=iW%3D1680%26iH%3D1368%26oX%3D440%26oY%3D0%26cW%3D800%26cH%3D1368&brizy_post=811 2x\" src=\"{@brizy_SITE_URL_PLACEHOLDER@}\/?brizy_media=wp-9f4e33e4379b59a361a09aedce913da6&brizy_crop=iW%3D468%26iH%3D382%26oX%3D123%26oY%3D0%26cW%3D223%26cH%3D382&brizy_post=811\" alt=\"{{ brizy_dc_image_alt uid='wp-9f4e33e4379b59a361a09aedce913da6' }}\" draggable=\"false\" loading=\"lazy\"><\/picture><\/div>\n<\/div>\n<\/div>\n<\/div>\n<\/div>\n<\/div>\n<div class=\"brz-css-sonhf brz-wrapper\">\n<div class=\"brz-rich-text brz-css-ipqdj\" data-custom-id=\"nickgaxpau\">\n<p class=\"brz-tp-paragraph\"><span style=\"color: rgb(44, 174, 226);\">Nota:<\/span> Su cirujano le dar\u00e1 instrucciones espec\u00edficas, especialmente con respecto a sus medicamentos, para prepararlo para la cirug\u00eda.<\/p>\n<\/div>\n<\/div>\n<div class=\"brz-css-sonhf brz-wrapper\">\n<div class=\"brz-rich-text brz-css-ipqdj\" data-custom-id=\"yyaybbxbyq\">\n<p class=\"brz-tp-paragraph\">Cuando llegue, se someter\u00e1n a algunos pasos preparatorios. Se quitar\u00e1 la ropa y se pondr\u00e1 una bata de hospital. Ver\u00e1 a sus enfermeras, a su anestesi\u00f3logo y, a menudo, a su cirujano. Se le colocar\u00e1 una v\u00eda intravenosa (\u201cIV\u201d) para mantenerlo hidratado y para administrarle medicamentos como antibi\u00f3ticos. Poco despu\u00e9s, lo trasladar\u00e1n al quir\u00f3fano.<\/p>\n<\/div>\n<\/div>\n<div class=\"brz-css-sonhf brz-wrapper\">\n<div class=\"brz-rich-text brz-css-ipqdj\" data-custom-id=\"bgfmmpluvz\">\n<p class=\"brz-tp-heading6\"><span style=\"color: rgb(44, 174, 226);\">Recursos adicionales para la recuperaci\u00f3n y las pautas posteriores a la operaci\u00f3n:<\/span><\/p>\n<\/div>\n<\/div>\n<div class=\"brz-css-sonhf brz-wrapper\">\n<div class=\"brz-embed-code brz-css-tijnf\" data-custom-id=\"pnrzfxjpkp\">\n<div class=\"brz-embed-content\">\n<div class><a class=\"button-style2\" href=\"\/es\/recovering-from-weight-loss-surgery.html\/\">Recuperaci\u00f3n de la cirug\u00eda para bajar de peso<\/a><br \/><a class=\"button-style2\" href=\"\/es\/maintaining-excess-weight-loss.html\/\">Maintaining Excess Weight Loss<\/a><\/div>\n<\/div>\n<\/div>\n<\/div>\n<\/div>\n<\/div>\n<div class=\"brz-columns brz-css-avlqg brz-css-pvkgs\" data-custom-id=\"lksnfcpsvu\">\n<div class=\"brz-column__items brz-css-jzorp brz-css-upnoh\">\n<div class=\"brz-css-sonhf brz-wrapper\">\n<div class=\"brz-embed-code brz-css-tijnf\" data-custom-id=\"dcnmjlnyzj\">\n<div class=\"brz-embed-content\">\n<div class>\n<div class=\"mySidebarcontainer\">\n<div class=\"mySidebarlink\">\n<div class=\"text\"><a href=\"\/es\/begin-your-journey.html\/\">Comience su viaje<\/a><\/div>\n<\/p><\/div>\n<div class=\"mySidebarlink\">\n<div class=\"text\"><a href=\"\/es\/qualifying-for-weight-loss-surgery.html\/\">Qualification<\/a><\/div>\n<\/p><\/div>\n<div class=\"mySidebarlink\">\n<div class=\"text\"><a href=\"\/es\/preparing-for-weight-loss-surgery.html\/\">Preparation<\/a><\/div>\n<\/p><\/div>\n<div class=\"mySidebarlink\">\n<div class=\"text\"><a href=\"\/es\/instructions-for-day-of-surgery.html\/\">The Day of Surgery<\/a><\/div>\n<\/p><\/div>\n<div class=\"mySidebarlink\">\n<div class=\"text\"><a href=\"\/es\/financing.html\/\">Financiaci\u00f3n<\/a><\/div>\n<\/p><\/div>\n<\/div>\n<\/div>\n<\/div>\n<\/div>\n<\/div>\n<\/div>\n<\/div>\n<\/div>\n<\/div>\n<\/div>\n<\/div>\n<\/section>\n<\/div>\n<p><!-- version:1609775946 --><\/p>","protected":false},"excerpt":{"rendered":"<p>Instructions\u00a0For the Day of Surgery These are general guidelines. You must discuss these instructions with your physician to insure that they apply to you. Please stop all Pain Medications that can thin your blood at least 7 days before surgery. These include:Ibuprofen (Advil, Motrin), Aspirin, Naproxen (Naprosyn, Aleve), Midol, etc. Pain medications that have Tylenol [&hellip;]<\/p>\n","protected":false},"author":19,"featured_media":810,"parent":0,"menu_order":12,"comment_status":"closed","ping_status":"closed","template":"page-landing.php","meta":{"footnotes":""},"class_list":["post-811","page","type-page","status-publish","has-post-thumbnail","hentry"],"yoast_head":"<!-- This site is optimized with the Yoast SEO plugin v27.5 - https:\/\/yoast.com\/product\/yoast-seo-wordpress\/ -->\n<title>The Day of Surgery Guide | Weight Loss Surgery Guide | Dr.Feiz<\/title>\n<meta name=\"description\" content=\"Scared of getting bariatric surgery? Dr. Feiz is here to help. Click on the link to access the day of surgery guide. Contact for more details!\" \/>\n<meta name=\"robots\" content=\"index, follow, max-snippet:-1, max-image-preview:large, max-video-preview:-1\" \/>\n<link rel=\"canonical\" href=\"https:\/\/drfeiz.com\/es\/instructions-for-day-of-surgery.html\/\" \/>\n<meta property=\"og:locale\" content=\"es_ES\" \/>\n<meta property=\"og:type\" content=\"article\" \/>\n<meta property=\"og:title\" content=\"The Day of Surgery Guide | Weight Loss Surgery Guide | Dr.Feiz\" \/>\n<meta property=\"og:description\" content=\"Scared of getting bariatric surgery? Dr. Feiz is here to help. Click on the link to access the day of surgery guide. Contact for more details!\" \/>\n<meta property=\"og:url\" content=\"https:\/\/drfeiz.com\/es\/instructions-for-day-of-surgery.html\/\" \/>\n<meta property=\"og:site_name\" content=\"Weight Loss Surgery Los Angeles | Bariatric Surgeon &amp; Weight Loss Surgery\" \/>\n<meta property=\"article:publisher\" content=\"https:\/\/www.facebook.com\/DrFeiz\/\" \/>\n<meta property=\"article:modified_time\" content=\"2021-06-21T10:05:28+00:00\" \/>\n<meta property=\"og:image\" content=\"https:\/\/secureservercdn.net\/72.167.242.158\/qpd.390.myftpupload.com\/wp-content\/uploads\/2009\/04\/surgery.png?time=1653079297\" \/>\n\t<meta property=\"og:image:width\" content=\"324\" \/>\n\t<meta property=\"og:image:height\" content=\"264\" \/>\n\t<meta property=\"og:image:type\" content=\"image\/png\" \/>\n<meta name=\"twitter:card\" content=\"summary_large_image\" \/>\n<meta name=\"twitter:site\" content=\"@DrFeiz\" \/>\n<meta name=\"twitter:label1\" content=\"Tiempo de lectura\" \/>\n\t<meta name=\"twitter:data1\" content=\"2 minutos\" \/>\n<!-- \/ Yoast SEO plugin. -->","yoast_head_json":{"title":"The Day of Surgery Guide | Weight Loss Surgery Guide | Dr.Feiz","description":"Scared of getting bariatric surgery? Dr. Feiz is here to help. Click on the link to access the day of surgery guide. Contact for more details!","robots":{"index":"index","follow":"follow","max-snippet":"max-snippet:-1","max-image-preview":"max-image-preview:large","max-video-preview":"max-video-preview:-1"},"canonical":"https:\/\/drfeiz.com\/es\/instructions-for-day-of-surgery.html\/","og_locale":"es_ES","og_type":"article","og_title":"The Day of Surgery Guide | Weight Loss Surgery Guide | Dr.Feiz","og_description":"Scared of getting bariatric surgery? Dr. Feiz is here to help. Click on the link to access the day of surgery guide. Contact for more details!","og_url":"https:\/\/drfeiz.com\/es\/instructions-for-day-of-surgery.html\/","og_site_name":"Weight Loss Surgery Los Angeles | Bariatric Surgeon &amp; Weight Loss Surgery","article_publisher":"https:\/\/www.facebook.com\/DrFeiz\/","article_modified_time":"2021-06-21T10:05:28+00:00","og_image":[{"width":324,"height":264,"url":"https:\/\/secureservercdn.net\/72.167.242.158\/qpd.390.myftpupload.com\/wp-content\/uploads\/2009\/04\/surgery.png?time=1653079297","type":"image\/png"}],"twitter_card":"summary_large_image","twitter_site":"@DrFeiz","twitter_misc":{"Tiempo de lectura":"2 minutos"},"schema":{"@context":"https:\/\/schema.org","@graph":[{"@type":"WebPage","@id":"https:\/\/drfeiz.com\/instructions-for-day-of-surgery.html","url":"https:\/\/drfeiz.com\/instructions-for-day-of-surgery.html","name":"The Day of Surgery Guide | Weight Loss Surgery Guide | Dr.Feiz","isPartOf":{"@id":"https:\/\/drfeiz.com\/#website"},"primaryImageOfPage":{"@id":"https:\/\/drfeiz.com\/instructions-for-day-of-surgery.html#primaryimage"},"image":{"@id":"https:\/\/drfeiz.com\/instructions-for-day-of-surgery.html#primaryimage"},"thumbnailUrl":"https:\/\/drfeiz.com\/wp-content\/uploads\/2009\/04\/surgery.png","datePublished":"2009-04-16T21:47:02+00:00","dateModified":"2021-06-21T10:05:28+00:00","description":"Scared of getting bariatric surgery? Dr. Feiz is here to help. Click on the link to access the day of surgery guide. Contact for more details!","breadcrumb":{"@id":"https:\/\/drfeiz.com\/instructions-for-day-of-surgery.html#breadcrumb"},"inLanguage":"es","potentialAction":[{"@type":"ReadAction","target":["https:\/\/drfeiz.com\/instructions-for-day-of-surgery.html"]}]},{"@type":"ImageObject","inLanguage":"es","@id":"https:\/\/drfeiz.com\/instructions-for-day-of-surgery.html#primaryimage","url":"https:\/\/drfeiz.com\/wp-content\/uploads\/2009\/04\/surgery.png","contentUrl":"https:\/\/drfeiz.com\/wp-content\/uploads\/2009\/04\/surgery.png","width":324,"height":264,"caption":"Instruction for Surgery"},{"@type":"BreadcrumbList","@id":"https:\/\/drfeiz.com\/instructions-for-day-of-surgery.html#breadcrumb","itemListElement":[{"@type":"ListItem","position":1,"name":"Home","item":"https:\/\/drfeiz.com\/"},{"@type":"ListItem","position":2,"name":"Instructions For the Day of Surgery"}]},{"@type":"WebSite","@id":"https:\/\/drfeiz.com\/#website","url":"https:\/\/drfeiz.com\/","name":"Weight Loss Surgery Los Angeles | Bariatric Surgeon &amp; Weight Loss Surgery","description":"Gastric Sleeve Gastrectomy in Los Angeles","potentialAction":[{"@type":"SearchAction","target":{"@type":"EntryPoint","urlTemplate":"https:\/\/drfeiz.com\/?s={search_term_string}"},"query-input":{"@type":"PropertyValueSpecification","valueRequired":true,"valueName":"search_term_string"}}],"inLanguage":"es"}]}},"_links":{"self":[{"href":"https:\/\/drfeiz.com\/es\/wp-json\/wp\/v2\/pages\/811","targetHints":{"allow":["GET"]}}],"collection":[{"href":"https:\/\/drfeiz.com\/es\/wp-json\/wp\/v2\/pages"}],"about":[{"href":"https:\/\/drfeiz.com\/es\/wp-json\/wp\/v2\/types\/page"}],"author":[{"embeddable":true,"href":"https:\/\/drfeiz.com\/es\/wp-json\/wp\/v2\/users\/19"}],"replies":[{"embeddable":true,"href":"https:\/\/drfeiz.com\/es\/wp-json\/wp\/v2\/comments?post=811"}],"version-history":[{"count":24,"href":"https:\/\/drfeiz.com\/es\/wp-json\/wp\/v2\/pages\/811\/revisions"}],"predecessor-version":[{"id":7527,"href":"https:\/\/drfeiz.com\/es\/wp-json\/wp\/v2\/pages\/811\/revisions\/7527"}],"wp:featuredmedia":[{"embeddable":true,"href":"https:\/\/drfeiz.com\/es\/wp-json\/wp\/v2\/media\/810"}],"wp:attachment":[{"href":"https:\/\/drfeiz.com\/es\/wp-json\/wp\/v2\/media?parent=811"}],"curies":[{"name":"wp","href":"https:\/\/api.w.org\/{rel}","templated":true}]}}