{"id":837,"date":"2009-04-17T00:31:08","date_gmt":"2009-04-17T00:31:08","guid":{"rendered":"http:\/\/drfeiz.flywheelsites.com\/gallstones-surgery-california\/"},"modified":"2021-06-21T09:37:17","modified_gmt":"2021-06-21T09:37:17","slug":"gallstones-surgery-california","status":"publish","type":"page","link":"https:\/\/drfeiz.com\/es\/gallstones-surgery-california.html","title":{"rendered":"Cirug\u00eda de ves\u00edcula biliar"},"content":{"rendered":"<section class=\"fw-main-row\">\n<div class=\"fw-container\">\n<div class=\"fw-row\">\n<div class=\"fw-col-xs-12 fw-col-sm-9\">\n<div class=\"fw-divider-space\" style=\"padding-top: 50px\"><\/div>\n<p><p class=\"post-content\">Los c\u00e1lculos biliares son peque\u00f1os dep\u00f3sitos similares a rocas que pueden formarse dentro de la ves\u00edcula biliar de una persona.Muchas personas de California que sufren de c\u00e1lculos biliares eventualmente requieren <strong>cirug\u00eda de ves\u00edcula biliar<\/strong>. Afortunadamente, gracias a los avances tecnol\u00f3gicos modernos, la cirug\u00eda de ves\u00edcula biliar en California no es tan invasiva y arriesgada como sol\u00eda ser.Hoy en d\u00eda la cirug\u00eda de ves\u00edcula biliar se realiza laparosc\u00f3picamente, por lo que el \u00fanico recordatorio despu\u00e9s de la operaci\u00f3n es una peque\u00f1a cicatriz de incisi\u00f3n cerca del ombligo. Dr. Michael Feiz, M.D., FACS es un especialista en cirug\u00edas relacionadas con el sistema digestivo. El Dr. Feiz ha realizado miles de cirug\u00edas de est\u00f3mago, intestinales, es\u00f3fago y c\u00e1lculos biliares en pacientes con resultados de recuperaci\u00f3n sobresalientes. Aunque podr\u00eda ser aterrador saber su necesidad de extirparle la ves\u00edcula biliar o los c\u00e1lculos biliares, los estudios han demostrado que la cirug\u00eda de ves\u00edcula biliar no tiene ning\u00fan efecto en la digesti\u00f3n de nuestros pacientes de California despu\u00e9s de la cirug\u00eda. M\u00e1s com\u00fanmente <strong>cirug\u00eda de ves\u00edcula biliar<\/strong> es un procedimiento ambulatorio seguro y r\u00e1pido que se puede hacer en nuestra oficina, y los pacientes pueden volver a casa poco despu\u00e9s de la cirug\u00eda para descansar y recuperarse.<\/p>\n<p><\/p>\n<p class=\"post-content\">Algunos de los s\u00edntomas m\u00e1s comunes de c\u00e1lculos biliares experimentados por nuestros pacientes de California antes de la cirug\u00eda incluyen dolor abdominal, calambres, fiebre, acidez estomacal, n\u00e1useas y v\u00f3mitos, junto con una sensaci\u00f3n de plenitud.estos <strong>c\u00e1lculos biliares s\u00edntomas<\/strong> generalmente ocurren en un corto per\u00edodo de tiempo despu\u00e9s de que una persona ha consumido alimentos desde que se libera la bilis almacenada en este momento.Damos la bienvenida a los pacientes de California que sufren estos s\u00edntomas de c\u00e1lculos biliares para visitar a nuestro equipo de expertos en gastrointestinales y digesti\u00f3n.Incluso si sus c\u00e1lculos biliares no son lo suficientemente malos como para justificar una cirug\u00eda de ves\u00edcula biliar, nuestro nutricionista puede ayudar a recomendar una dieta para controlar los s\u00edntomas y disminuir el impacto en su vida diaria.<\/p>\n<\/p>\n<div class=\"fw-divider-space\" style=\"padding-top: 25px\"><\/div>\n<div class=\"fw-row\">\n<div class=\"fw-col-sm-6\">\n<p class=\"post-content\"><strong>INTRODUCCI\u00d3N<\/strong> - Este a\u00f1o m\u00e1s de un mill\u00f3n de estadounidenses descubrir\u00e1n que tienen <strong>C\u00e1lculos biliares<\/strong> (colelitiasis), uni\u00e9ndose a unos 25 millones de personas que ya tienen el trastorno. El desarrollo de <a title=\"C\u00e1lculos biliares\" href=\"\/es\/gallstones-surgery-california.html\/\">C\u00e1lculos biliares<\/a> es una enfermedad digestiva com\u00fan.<\/p>\n<p><\/p>\n<p class=\"post-content\"><strong>LA VES\u00cdCULA BILIAR<\/strong> - La ves\u00edcula biliar es un \u00f3rgano muscular similar a un saco en forma de pera de aproximadamente 3 a 6 pulgadas de largo, situado en la parte superior derecha del abdomen justo debajo del h\u00edgado.Se conecta con el h\u00edgado y el intestino a trav\u00e9s de tubos peque\u00f1os llamados conductos biliares.El prop\u00f3sito principal de la ves\u00edcula biliar es almacenar y concentrar la bilis.<\/p>\n<p><\/p>\n<p class=\"post-content\">La bilis es un l\u00edquido a base de agua que contiene sales biliares, colesterol y otras sustancias grasas (l\u00edpidos), as\u00ed como productos de desecho, como la bilirrubina, un pigmento que le da a la bilis su color distintivo.<\/p>\n<p><\/p>\n<p class=\"post-content\"><strong>C\u00c1LCULOS BILIARES<\/strong> - <a title=\"C\u00e1lculos biliares\" href=\"\/es\/gallstones-surgery-california.html\/\">C\u00e1lculos biliares<\/a> son bultos de material similar a una roca que se forman dentro de la ves\u00edcula biliar.El colesterol u otros componentes biliares pueden \"precipitarse\" o establecerse de la bilis l\u00edquida en forma de cristales que luego se agrupar\u00edan, lo que conduce a piedras.<\/p>\n<\/div>\n<div class=\"fw-col-sm-6\"><img decoding=\"async\" class=\"size-full wp-image-836\" src=\"\/wp-content\/uploads\/2009\/04\/gallstones.png\" alt=\"C\u00e1lculos biliares\" width=\"100%\" srcset=\"https:\/\/drfeiz.com\/wp-content\/uploads\/2009\/04\/gallstones.png 800w, https:\/\/drfeiz.com\/wp-content\/uploads\/2009\/04\/gallstones-150x150.png 150w, https:\/\/drfeiz.com\/wp-content\/uploads\/2009\/04\/gallstones-300x300.png 300w, https:\/\/drfeiz.com\/wp-content\/uploads\/2009\/04\/gallstones-768x768.png 768w, https:\/\/drfeiz.com\/wp-content\/uploads\/2009\/04\/gallstones-300x300@2x.png 600w\" sizes=\"(max-width: 800px) 100vw, 800px\" \/><\/div>\n<\/div>\n<div class=\"fw-divider-space\" style=\"padding-top: 25px\"><\/div>\n<p><h4 class=\"h6\"><a title=\"Gallstone Disease\" href=\"\/es\/gallstones-surgery-california.html\/\"><strong>ENFERMEDAD DE GALLSTONE<\/strong><\/a>:<\/h4>\n<p><\/p>\n<p class=\"post-content\"><strong>SINTOMAS<\/strong> - Una vez que un paciente experimenta el primer episodio de s\u00edntomas, la probabilidad de tener s\u00edntomas cada vez m\u00e1s graves se vuelve m\u00e1s probable, lo que indica la necesidad de tratamiento.<\/p>\n<p><\/p>\n<p class=\"post-content\">Se caracteriza por ataques epis\u00f3dicos de dolor abdominal, que se encuentra con mayor frecuencia en la parte superior derecha del abdomen justo debajo del margen de las costillas, pero tambi\u00e9n se puede sentir en la espalda y el hombro derecho.Otros s\u00edntomas asociados incluyen n\u00e1useas, v\u00f3mitos e intolerancia a los alimentos grasos.<\/p>\n<p><\/p>\n<h4 class=\"h6\">COLECISTITIS AGUDA<\/h4>\n<p class=\"post-content\">El dolor billiario recurrente y los bloqueos de conductos qu\u00edsticos pueden progresar a obstrucci\u00f3n total, causando inflamaci\u00f3n aguda de la ves\u00edcula biliar, que est\u00e1 marcada por tener fiebre adem\u00e1s de otros s\u00edntomas.<\/p>\n<p><\/p>\n<p class=\"post-content\">Por lo general, se recomienda la extirpaci\u00f3n quir\u00fargica de la ves\u00edcula biliar durante la hospitalizaci\u00f3n o poco despu\u00e9s.<\/p>\n<\/p>\n<div class=\"fw-divider-space\" style=\"padding-top: 25px\"><\/div>\n<p><h3 class=\"h4\">S\u00cdNTOMAS DE LOS C\u00c1LCULOS BILIARES BEVERLY HILLS<\/h3>\n<p><\/p>\n<p class=\"post-content\">Creemos que un sistema digestivo saludable es un elemento cr\u00edtico para vivir una vida larga y saludable. Todos los alimentos, vitaminas y minerales que ingerimos deben descompon\u00e9rirse y absorberse adecuadamente en el sistema digestivo para alimentar nuestro cuerpo. En beverly hills integral <strong>Centro de p\u00e9rdida de peso<\/strong>, hacemos todo lo que est\u00e1 a nuestro alcance para garantizar que nuestros pacientes tengan acceso a asesoramiento nutricional de primer nivel para mantener un sistema digestivo saludable. Sin embargo, la p\u00e9rdida r\u00e1pida de peso a menudo va acompa\u00f1ada de <a title=\"C\u00e1lculos Biliares S\u00edntomas\" href=\"\/es\/gallstones-surgery-california.html\/\">c\u00e1lculos biliares s\u00edntomas<\/a> experimentado por nuestros pacientes de Beverly Hills. La obesidad y el embarazo son otros dos factores que a menudo conducen a <strong>c\u00e1lculos biliares s\u00edntomas<\/strong> debido a la cantidad fluctuante de colesterol en el cuerpo. Dado que los c\u00e1lculos biliares se componen en gran parte por el colesterol, el exceso de colesterol en el cuerpo contribuye a los s\u00edntomas de c\u00e1lculos biliares y la formaci\u00f3n en nuestros pacientes de Beverly Hills que tienen sobrepeso.<\/p>\n<p><\/p>\n<p class=\"post-content\">T\u00edpico <strong><a title=\"C\u00e1lculos Biliares S\u00edntomas\" href=\"\/es\/gallstones-surgery-california.html\/\">c\u00e1lculos biliares s\u00edntomas<\/a><\/strong> descrito por los pacientes de la Beverly Hills Comprehensive <a title=\"Centro de p\u00e9rdida de peso\" href=\"\/es\/weight-loss-surgery-california.html\/\">Centro de p\u00e9rdida de peso<\/a> dolor abdominal, fiebre, n\u00e1useas, acidez estomacal y v\u00f3mitos. Muchos de esos pacientes de Beverly Hills que experimentan estos s\u00edntomas de c\u00e1lculos biliares entran dentro de las categor\u00edas de alto riesgo \"Cuatro F\" para c\u00e1lculos biliares: hembra, f\u00e9rtil, gorda y flatulenta. <strong>S\u00edntomas de c\u00e1lculos biliares<\/strong> por lo general son a\u00fan peores despu\u00e9s de una comida grasa, cuando el exceso de colesterol se libera en el cuerpo. Una vez que los s\u00edntomas de c\u00e1lculos biliares interfieren con la vida de un paciente, se recomienda extirpar la ves\u00edcula biliar. La cirug\u00eda de ves\u00edcula biliar es un procedimiento ambulatorio r\u00e1pido que es muy bajo en riesgo y efectos secundarios. El Dr. Feiz ha realizado innumerables cirug\u00edas de extracci\u00f3n de ves\u00edcula biliar para nuestros pacientes de Beverly Hills. Es un procedimiento relativamente indoloro y f\u00e1cil que puede aliviar r\u00e1pida y permanentemente los s\u00edntomas de los c\u00e1lculos biliares para siempre.<\/p>\n<\/p>\n<div class=\"fw-divider-space\" style=\"padding-top: 50px\"><\/div>\n<\/div>\n<div class=\"fw-col-xs-12 fw-col-sm-3\">\n<div class=\"shortcode-widget-area\">\n<div class=\"textwidget custom-html-widget\">\n<div class=\"fw-divider-space\" style=\"padding-top: 50px\"><\/div>\n<p>\t<b> Procedures<\/b>\t<\/p>\n<div class=\"Mysidenav\">\n\t<a href=\"\/es\/bariatric-surgery.html\/\" target=\"\" rel=\"noopener noreferrer\">Cirug\u00eda bari\u00e1trica<\/a><br \/>\n\t<a href=\"\/es\/convert-lap-band-to-sleeve.html\/\" target=\"\" rel=\"noopener noreferrer\">Sleeve Revision<\/a><br \/>\n\t\t<a href=\"\/es\/needlescopic-sleeve-gastrectomy.html\/\" target=\"\" rel=\"noopener noreferrer\">Needlescopic Sleeve Gastrectomy<\/a><br \/>\n\t<a href=\"\/es\/sleeve-gastrectomy.html\/\" target=\"\" rel=\"noopener noreferrer\">Revisi\u00f3n de la banda g\u00e1strica a manga g\u00e1strica<\/a><br \/>\n\t<a href=\"\/es\/lap-gastric-bypass.html\/\" target=\"\" rel=\"noopener noreferrer\">Bypass g\u00e1strico<\/a><br \/>\n\t\t<a href=\"\/es\/lap-band-beverly-hills.html\/\" target=\"\" rel=\"noopener noreferrer\">Banda de vuelta<\/a><br \/>\n\t<a href=\"\/es\/gallstones-surgery-california.html\/\" target=\"\" rel=\"noopener noreferrer\">Cirug\u00eda de ves\u00edcula biliar<\/a><br \/>\n\t<a href=\"\/es\/gastroesophageal-reflux-disease.html\/\" target=\"\" rel=\"noopener noreferrer\">Anti-Reflux Disease<\/a><br \/>\n\t<a href=\"\/es\/gastroesophageal-reflux-disease.html\/\" target=\"\" rel=\"noopener noreferrer\">Hiatal Hernia<\/a><\/p>\n<\/div>\n<div class=\"fw-divider-space\" style=\"padding-top: 20px\"><\/div>\n<\/div>\n<\/div>\n<div class=\"shortcode-widget-area\">\n<div class=\"textwidget custom-html-widget\"><a id=\"formAnchor653218838\" name=\"form653218838\"><\/a><\/p>\n<\/div>\n<\/div>\n<\/div>\n<\/div><\/div>\n<\/section>\n<p><!-- 8dc4553ce93c40c7bbd7444d41f2bb2d --><\/p>","protected":false},"excerpt":{"rendered":"<p>Gallstones are small, rock-like deposits that can form inside a person\u2019s gallbladder. Many California people suffering from gallstones eventually require gallbladder surgery. Luckily, thanks to modern technological advancements, gallbladder surgery in California is not as invasive and risky as it used to be. Today gallbladder surgery is performed laparoscopically, so the only reminder post-operation is [&hellip;]<\/p>\n","protected":false},"author":19,"featured_media":836,"parent":0,"menu_order":35,"comment_status":"closed","ping_status":"closed","template":"page-landing.php","meta":{"footnotes":""},"class_list":["post-837","page","type-page","status-publish","has-post-thumbnail","hentry"],"yoast_head":"<!-- This site is optimized with the Yoast SEO plugin v27.5 - https:\/\/yoast.com\/product\/yoast-seo-wordpress\/ -->\n<title>Gallbladder Surgery In California | Gallbladder Surgeon Near Me | Dr.Feiz<\/title>\n<meta name=\"description\" content=\"Are you suffering from fevers, abdominal pain, or heartburn? Contact us now for safe &amp; quick gallbladder surgery in california with Dr Feiz.\" \/>\n<meta name=\"robots\" content=\"index, follow, max-snippet:-1, max-image-preview:large, max-video-preview:-1\" \/>\n<link rel=\"canonical\" href=\"https:\/\/drfeiz.com\/es\/gallstones-surgery-california.html\/\" \/>\n<meta property=\"og:locale\" content=\"es_ES\" \/>\n<meta property=\"og:type\" content=\"article\" \/>\n<meta property=\"og:title\" content=\"Gallbladder Surgery In California | Gallbladder Surgeon Near Me | Dr.Feiz\" \/>\n<meta property=\"og:description\" content=\"Are you suffering from fevers, abdominal pain, or heartburn? Contact us now for safe &amp; quick gallbladder surgery in california with Dr Feiz.\" \/>\n<meta property=\"og:url\" content=\"https:\/\/drfeiz.com\/es\/gallstones-surgery-california.html\/\" \/>\n<meta property=\"og:site_name\" content=\"Weight Loss Surgery Los Angeles | Bariatric Surgeon &amp; Weight Loss Surgery\" \/>\n<meta property=\"article:publisher\" content=\"https:\/\/www.facebook.com\/DrFeiz\/\" \/>\n<meta property=\"article:modified_time\" content=\"2021-06-21T09:37:17+00:00\" \/>\n<meta property=\"og:image\" content=\"https:\/\/secureservercdn.net\/72.167.242.158\/qpd.390.myftpupload.com\/wp-content\/uploads\/2009\/04\/gallstones.png?time=1653020767\" \/>\n\t<meta property=\"og:image:width\" content=\"800\" \/>\n\t<meta property=\"og:image:height\" content=\"800\" \/>\n\t<meta property=\"og:image:type\" content=\"image\/png\" \/>\n<meta name=\"twitter:card\" content=\"summary_large_image\" \/>\n<meta name=\"twitter:site\" content=\"@DrFeiz\" \/>\n<meta name=\"twitter:label1\" content=\"Tiempo de lectura\" \/>\n\t<meta name=\"twitter:data1\" content=\"4 minutos\" \/>\n<!-- \/ Yoast SEO plugin. -->","yoast_head_json":{"title":"Gallbladder Surgery In California | Gallbladder Surgeon Near Me | Dr.Feiz","description":"Are you suffering from fevers, abdominal pain, or heartburn? Contact us now for safe & quick gallbladder surgery in california with Dr Feiz.","robots":{"index":"index","follow":"follow","max-snippet":"max-snippet:-1","max-image-preview":"max-image-preview:large","max-video-preview":"max-video-preview:-1"},"canonical":"https:\/\/drfeiz.com\/es\/gallstones-surgery-california.html\/","og_locale":"es_ES","og_type":"article","og_title":"Gallbladder Surgery In California | Gallbladder Surgeon Near Me | Dr.Feiz","og_description":"Are you suffering from fevers, abdominal pain, or heartburn? Contact us now for safe & quick gallbladder surgery in california with Dr Feiz.","og_url":"https:\/\/drfeiz.com\/es\/gallstones-surgery-california.html\/","og_site_name":"Weight Loss Surgery Los Angeles | Bariatric Surgeon &amp; Weight Loss Surgery","article_publisher":"https:\/\/www.facebook.com\/DrFeiz\/","article_modified_time":"2021-06-21T09:37:17+00:00","og_image":[{"width":800,"height":800,"url":"https:\/\/secureservercdn.net\/72.167.242.158\/qpd.390.myftpupload.com\/wp-content\/uploads\/2009\/04\/gallstones.png?time=1653020767","type":"image\/png"}],"twitter_card":"summary_large_image","twitter_site":"@DrFeiz","twitter_misc":{"Tiempo de lectura":"4 minutos"},"schema":{"@context":"https:\/\/schema.org","@graph":[{"@type":"WebPage","@id":"https:\/\/drfeiz.com\/gallstones-surgery-california.html","url":"https:\/\/drfeiz.com\/gallstones-surgery-california.html","name":"Gallbladder Surgery In California | Gallbladder Surgeon Near Me | Dr.Feiz","isPartOf":{"@id":"https:\/\/drfeiz.com\/#website"},"primaryImageOfPage":{"@id":"https:\/\/drfeiz.com\/gallstones-surgery-california.html#primaryimage"},"image":{"@id":"https:\/\/drfeiz.com\/gallstones-surgery-california.html#primaryimage"},"thumbnailUrl":"https:\/\/drfeiz.com\/wp-content\/uploads\/2009\/04\/gallstones.png","datePublished":"2009-04-17T00:31:08+00:00","dateModified":"2021-06-21T09:37:17+00:00","description":"Are you suffering from fevers, abdominal pain, or heartburn? Contact us now for safe & quick gallbladder surgery in california with Dr Feiz.","breadcrumb":{"@id":"https:\/\/drfeiz.com\/gallstones-surgery-california.html#breadcrumb"},"inLanguage":"es","potentialAction":[{"@type":"ReadAction","target":["https:\/\/drfeiz.com\/gallstones-surgery-california.html"]}]},{"@type":"ImageObject","inLanguage":"es","@id":"https:\/\/drfeiz.com\/gallstones-surgery-california.html#primaryimage","url":"https:\/\/drfeiz.com\/wp-content\/uploads\/2009\/04\/gallstones.png","contentUrl":"https:\/\/drfeiz.com\/wp-content\/uploads\/2009\/04\/gallstones.png","width":800,"height":800,"caption":"Gallstones"},{"@type":"BreadcrumbList","@id":"https:\/\/drfeiz.com\/gallstones-surgery-california.html#breadcrumb","itemListElement":[{"@type":"ListItem","position":1,"name":"Home","item":"https:\/\/drfeiz.com\/"},{"@type":"ListItem","position":2,"name":"Gallbladder Surgery"}]},{"@type":"WebSite","@id":"https:\/\/drfeiz.com\/#website","url":"https:\/\/drfeiz.com\/","name":"Weight Loss Surgery Los Angeles | Bariatric Surgeon &amp; Weight Loss Surgery","description":"Gastric Sleeve Gastrectomy in Los Angeles","potentialAction":[{"@type":"SearchAction","target":{"@type":"EntryPoint","urlTemplate":"https:\/\/drfeiz.com\/?s={search_term_string}"},"query-input":{"@type":"PropertyValueSpecification","valueRequired":true,"valueName":"search_term_string"}}],"inLanguage":"es"}]}},"_links":{"self":[{"href":"https:\/\/drfeiz.com\/es\/wp-json\/wp\/v2\/pages\/837","targetHints":{"allow":["GET"]}}],"collection":[{"href":"https:\/\/drfeiz.com\/es\/wp-json\/wp\/v2\/pages"}],"about":[{"href":"https:\/\/drfeiz.com\/es\/wp-json\/wp\/v2\/types\/page"}],"author":[{"embeddable":true,"href":"https:\/\/drfeiz.com\/es\/wp-json\/wp\/v2\/users\/19"}],"replies":[{"embeddable":true,"href":"https:\/\/drfeiz.com\/es\/wp-json\/wp\/v2\/comments?post=837"}],"version-history":[{"count":11,"href":"https:\/\/drfeiz.com\/es\/wp-json\/wp\/v2\/pages\/837\/revisions"}],"predecessor-version":[{"id":5454,"href":"https:\/\/drfeiz.com\/es\/wp-json\/wp\/v2\/pages\/837\/revisions\/5454"}],"wp:featuredmedia":[{"embeddable":true,"href":"https:\/\/drfeiz.com\/es\/wp-json\/wp\/v2\/media\/836"}],"wp:attachment":[{"href":"https:\/\/drfeiz.com\/es\/wp-json\/wp\/v2\/media?parent=837"}],"curies":[{"name":"wp","href":"https:\/\/api.w.org\/{rel}","templated":true}]}}