{"id":840,"date":"2009-04-20T20:51:32","date_gmt":"2009-04-20T20:51:32","guid":{"rendered":"http:\/\/drfeiz.flywheelsites.com\/type-2-diabetes\/"},"modified":"2021-06-21T09:49:21","modified_gmt":"2021-06-21T09:49:21","slug":"type-2-diabetes","status":"publish","type":"page","link":"https:\/\/drfeiz.com\/es\/type-2-diabetes.html","title":{"rendered":"Diabetes tipo 2"},"content":{"rendered":"<div class=\"brz-root__container brz-reset-all\">\n<section data-uid=\"exxerxxsgb\" id=\"exxerxxsgb\" class=\"brz-section brz-css-jhsib\">\n<div class=\"brz-section__content brz-section--fullWidth brz-css-rapor brz-css-lvwzc\" data-custom-id=\"hvdgmmcxyr\">\n<div class=\"brz-bg\">\n<div class=\"brz-bg-color\"><\/div>\n<\/div>\n<div class=\"brz-container brz-css-ipqfr brz-css-qrnco\">\n<div class=\"brz-row__container brz-css-uiwrh\" data-custom-id=\"nwtmeohaut\">\n<div class=\"brz-row brz-css-ituve brz-css-pyrbt\">\n<div class=\"brz-columns brz-css-wdtgq brz-css-qjqdf\" data-custom-id=\"xdihzhixef\">\n<div class=\"brz-bg\">\n<div class=\"brz-bg-image\"><\/div>\n<div class=\"brz-bg-color\"><\/div>\n<\/div>\n<div class=\"brz-column__items brz-css-ijmyd brz-css-uzjze\">\n<div class=\"brz-css-hnwzu brz-css-jasoo brz-wrapper\">\n<div class=\"brz-rich-text brz-css-bybko\" data-custom-id=\"ukuchoiwxl\">\n<h1 class=\"brz-text-lg-center brz-tp-heading1\"><span class=\"brz-cp-color8\">Type\u00a02 Diabetes<\/span><\/h1>\n<\/div>\n<\/div>\n<\/div>\n<\/div>\n<div class=\"brz-columns brz-css-wdtgq brz-css-qmtdj\" data-custom-id=\"riwlvdfcdp\">\n<div class=\"brz-bg\">\n<div class=\"brz-bg-image\"><\/div>\n<\/div>\n<div class=\"brz-column__items brz-css-ijmyd brz-css-rkltt\"><\/div>\n<\/div>\n<div class=\"brz-columns brz-css-wdtgq brz-css-rsvcu\" data-custom-id=\"zfehjrwwlz\">\n<div class=\"brz-bg\">\n<div class=\"brz-bg-image\"><\/div>\n<\/div>\n<div class=\"brz-column__items brz-css-ijmyd brz-css-sxxgo\"><\/div>\n<\/div>\n<div class=\"brz-columns brz-css-wdtgq brz-css-rimfn\" data-custom-id=\"qceunaypxc\">\n<div class=\"brz-bg\">\n<div class=\"brz-bg-image\"><\/div>\n<\/div>\n<div class=\"brz-column__items brz-css-ijmyd brz-css-ehgcg\"><\/div>\n<\/div>\n<\/div>\n<\/div>\n<\/div>\n<\/div>\n<\/section>\n<section data-uid=\"mrkiokytcg\" id=\"mrkiokytcg\" class=\"brz-section brz-css-jhsib\">\n<div class=\"brz-section__content brz-section--fullWidth brz-css-rapor brz-css-icdwt\" data-custom-id=\"hemgkpswey\">\n<div class=\"brz-container brz-css-ipqfr brz-css-fbvdw\">\n<div class=\"brz-row__container brz-css-uiwrh\" data-custom-id=\"klnseoibxr\">\n<div class=\"brz-row brz-css-ituve\">\n<div class=\"brz-columns brz-css-wdtgq brz-css-gafsb\" data-custom-id=\"taawpogzbk\">\n<div class=\"brz-column__items brz-css-ijmyd brz-css-dknnj\">\n<div class=\"brz-css-hnwzu brz-wrapper h4\">\n<div class=\"brz-rich-text brz-css-bybko\" data-custom-id=\"nroryabduq\">\n<h3 class=\"brz-tp-heading4\">\u00bfQu\u00e9 es la diabetes tipo 2?<\/h3>\n<\/div>\n<\/div>\n<div class=\"brz-css-hnwzu brz-wrapper pt30 pb10\">\n<div class=\"brz-rich-text brz-css-bybko\" data-custom-id=\"ummozhmhzy\">\n<p class=\"brz-tp-paragraph\">Type 2 diabetes is a long-term metabolic disorder where the body produces insulin, but the insulin cannot perform its function because the body resists it. Insulin is necessary for the body to be able to break down sugar as a source of energy. The result of insulin resistance is an excessive buildup of sugar in your blood.<\/p>\n<\/div>\n<\/div>\n<div class=\"brz-css-hnwzu brz-wrapper h4\">\n<div class=\"brz-rich-text brz-css-bybko\" data-custom-id=\"mecoffwtkv\">\n<h3 class=\"brz-tp-heading4\">\u00bfC\u00f3mo se ve afectada la diabetes tipo 2 por la cirug\u00eda bari\u00e1trica?<\/h3>\n<\/div>\n<\/div>\n<div class=\"brz-css-hnwzu brz-css-qvwhz brz-wrapper\">\n<div class=\"brz-rich-text brz-css-bybko\" data-custom-id=\"peobvdixpl\">\n<p class=\"brz-tp-paragraph\">Los pacientes que se han sometido a una cirug\u00eda para bajar de peso tienen menos resistencia a la insulina. Su riesgo de s\u00edndrome metab\u00f3lico, presi\u00f3n arterial alta, y alta cantidad de grasas en la sangre tambi\u00e9n disminuye.<\/p>\n<\/div>\n<\/div>\n<div class=\"brz-css-hnwzu brz-wrapper\">\n<div class=\"brz-rich-text brz-css-bybko\" data-custom-id=\"ajffkskjkv\">\n<p class=\"brz-tp-heading6\"><span style=\"color: rgb(44, 174, 226);\">\u00bfQu\u00e9 \u00e9xito han encontrado los pacientes con diabetes tipo 2 a trav\u00e9s de la cirug\u00eda para bajar de peso?<\/span><\/p>\n<\/div>\n<\/div>\n<div class=\"brz-css-hnwzu brz-wrapper\">\n<div class=\"brz-rich-text brz-css-bybko\" data-custom-id=\"aujuiskpwr\">\n<p class=\"brz-tp-paragraph\">Un estudio reciente de investigaci\u00f3n de metan\u00e1lisis muestra que el 76,8% de los pacientes que se someti\u00f3 a una cirug\u00eda para bajar de peso ten\u00edan una cura del 100% de la diabetes tipo 2, y el 86% ten\u00eda una mejora en su control de la diabetes. Muchos pacientes con diabetes tipo 2 han demostrado poca o ninguna necesidad de tomar medicamentos para la diabetes o insulina despu\u00e9s de la cirug\u00eda para bajar de peso. Estos estudios demuestran que la remisi\u00f3n completa de la diabetes tipo 2 es posible con\u00a0<a href=\"\/es\/qualifying-for-weight-loss-surgery.html\/\" style class=\"link--external\" data-brz-link-type=\"external\">algunos pacientes<\/a> que han perdido con \u00e9xito una cantidad significativa de exceso de peso con la cirug\u00eda bari\u00e1trica.<\/p>\n<\/div>\n<\/div>\n<\/div>\n<\/div>\n<div class=\"brz-columns brz-css-wdtgq brz-css-szful\" data-custom-id=\"nrlnqrpjzv\">\n<div class=\"brz-column__items brz-css-ijmyd brz-css-khwdy\">\n<div class=\"brz-css-hnwzu brz-wrapper\">\n<div class=\"brz-embed-code brz-css-bhoei\" data-custom-id=\"zdrvlmrmff\">\n<div class=\"brz-embed-content\">\n<div class>\n<div class=\"mySidebarcontainer\">\n<div class=\"mySidebarlink\">\n<div class=\"text\"><a href=\"\/es\/health-benefits.html\/\">Los beneficios para la salud<\/a><\/div>\n<\/p><\/div>\n<div class=\"mySidebarlink\">\n<div class=\"text\"><a href=\"\/es\/type-2-diabetes.html\/\">Diabetes tipo 2<\/a><\/div>\n<\/p><\/div>\n<div class=\"mySidebarlink\">\n<div class=\"text\"><a href=\"\/es\/high-blood-pressure-heart-disease.html\/\">Cardiopat\u00eda<\/a><\/div>\n<\/p><\/div>\n<div class=\"mySidebarlink\">\n<div class=\"text\"><a href=\"\/es\/dyslipidemia-high-cholesterol.html\/\">Colesterol alto<\/a><\/div>\n<\/p><\/div>\n<div class=\"mySidebarlink\">\n<div class=\"text\"><a href=\"\/es\/bone-and-joint-pain-arthritis.html\/\">Dolor de huesos y articulaciones<\/a><\/div>\n<\/p><\/div>\n<div class=\"mySidebarlink\">\n<div class=\"text\"><a href=\"\/es\/depression.html\/\">Depresi\u00f3n<\/a><\/div>\n<\/p><\/div>\n<div class=\"mySidebarlink\">\n<div class=\"text\"><a href=\"\/es\/sleep-apnea-and-respiratory-problems.html\/\">Apnea del sue\u00f1o<\/a><\/div>\n<\/p><\/div>\n<div class=\"mySidebarlink\">\n<div class=\"text\"><a href=\"\/es\/gastroesophageal-reflux-disease-gerd.html\/\">GERD<\/a><\/div>\n<\/p><\/div>\n<div class=\"mySidebarlink\">\n<div class=\"text\"><a href=\"\/es\/urinary-stress-incontinence.html\/\">Incontinencia urinaria<\/a><\/div>\n<\/p><\/div>\n<div class=\"mySidebarlink\">\n<div class=\"text\"><a href=\"\/es\/reproductive-health.html\/\">Salud reproductiva<\/a><\/div>\n<\/p><\/div>\n<\/div>\n<\/div>\n<\/div>\n<\/div>\n<\/div>\n<\/div>\n<\/div>\n<\/div>\n<\/div>\n<\/div>\n<\/div>\n<\/section>\n<section data-uid=\"laqtjuclnj\" id=\"laqtjuclnj\" class=\"brz-section brz-css-jhsib\">\n<div class=\"brz-section__content brz-section--boxed brz-css-rapor brz-css-mkgwf\" data-custom-id=\"itjqoxgzbm\">\n<div class=\"brz-bg\">\n<div class=\"brz-bg-image\"><\/div>\n<div class=\"brz-bg-map\"><iframe class=\"brz-iframe intrinsic-ignore brz-bg-map__cover\" src=\"https:\/\/www.google.com\/maps\/embed\/v1\/place?key=AIzaSyCcywKcxXeMZiMwLDcLgyEnNglcLOyB_qw&q=Los Angeles&zoom=9\" style=\"display:block\"><\/iframe><\/div>\n<div class=\"brz-bg-color\"><\/div>\n<\/div>\n<div class=\"brz-container brz-css-ipqfr brz-css-drgai\">\n<div class=\"brz-css-hnwzu brz-css-enqvv brz-css-hmaip brz-wrapper\">\n<div class=\"brz-spacer brz-css-ieusj brz-css-grnvf\"><\/div>\n<\/div>\n<div class=\"brz-row__container brz-css-uiwrh\" data-custom-id=\"qzjltexkas\">\n<div class=\"brz-row brz-css-ituve brz-css-pyrbt\">\n<div class=\"brz-columns brz-css-wdtgq brz-css-znnui\" data-custom-id=\"abtzxvqmji\">\n<div class=\"brz-column__items brz-css-ijmyd brz-css-hocvx\">\n<div class=\"brz-css-hnwzu brz-css-mjzbv brz-wrapper\">\n<div class=\"brz-embed-code brz-css-bhoei brz-css-vjarv\" data-custom-id=\"xaeapkbsul\">\n<div class=\"brz-embed-content\">\n<div class><iframe frameborder=\"0\" id=\"frame-one653218838\" scrolling=\"yes\" src=\"https:\/\/fs17.formsite.com\/res\/showFormEmbed?EParam=B6fiTn%2BRcO6qS53MV5P2nGrgI846v8s2FzpUCZwnDno%3D&653218838&EmbedId=653218838&MobileResponsive\" title style=\"border: 0px; margin: 0px; padding: 0px; width: 100%;\" height=\"493\"><\/iframe><\/div>\n<\/div>\n<\/div>\n<\/div>\n<\/div>\n<\/div>\n<\/div>\n<\/div>\n<\/div>\n<\/div>\n<\/section>\n<\/div>\n<p><!-- version:1609787782 --><\/p>","protected":false},"excerpt":{"rendered":"<p>Type\u00a02 Diabetes What is Type 2 Diabetes? Type 2 diabetes is a long-term metabolic disorder where the body produces insulin, but the insulin cannot perform its function because the body resists it. Insulin is necessary for the body to be able to break down sugar as a source of energy. The result of insulin resistance [&hellip;]<\/p>\n","protected":false},"author":19,"featured_media":0,"parent":0,"menu_order":9,"comment_status":"closed","ping_status":"closed","template":"page-landing.php","meta":{"footnotes":""},"class_list":["post-840","page","type-page","status-publish","hentry"],"yoast_head":"<!-- This site is optimized with the Yoast SEO plugin v27.5 - https:\/\/yoast.com\/product\/yoast-seo-wordpress\/ -->\n<title>Weight Loss Type 2 Diabetes | Bariatric Surgery Cures Type 2 Diabetes<\/title>\n<meta name=\"description\" content=\"Obesity &amp; diabetes can result in life-threatening issues. So, if you have both, contact Dr Feiz, as the bariatric surgery cures type 2 diabetes.\" \/>\n<meta name=\"robots\" content=\"index, follow, max-snippet:-1, max-image-preview:large, max-video-preview:-1\" \/>\n<link rel=\"canonical\" href=\"https:\/\/drfeiz.com\/es\/type-2-diabetes.html\" \/>\n<meta property=\"og:locale\" content=\"es_ES\" \/>\n<meta property=\"og:type\" content=\"article\" \/>\n<meta property=\"og:title\" content=\"Weight Loss Type 2 Diabetes | Bariatric Surgery Cures Type 2 Diabetes\" \/>\n<meta property=\"og:description\" content=\"Obesity &amp; diabetes can result in life-threatening issues. So, if you have both, contact Dr Feiz, as the bariatric surgery cures type 2 diabetes.\" \/>\n<meta property=\"og:url\" content=\"https:\/\/drfeiz.com\/es\/type-2-diabetes.html\" \/>\n<meta property=\"og:site_name\" content=\"Weight Loss Surgery Los Angeles | Bariatric Surgeon &amp; Weight Loss Surgery\" \/>\n<meta property=\"article:publisher\" content=\"https:\/\/www.facebook.com\/DrFeiz\/\" \/>\n<meta property=\"article:modified_time\" content=\"2021-06-21T09:49:21+00:00\" \/>\n<meta name=\"twitter:card\" content=\"summary_large_image\" \/>\n<meta name=\"twitter:site\" content=\"@DrFeiz\" \/>\n<meta name=\"twitter:label1\" content=\"Tiempo de lectura\" \/>\n\t<meta name=\"twitter:data1\" content=\"1 minuto\" \/>\n<!-- \/ Yoast SEO plugin. -->","yoast_head_json":{"title":"Weight Loss Type 2 Diabetes | Bariatric Surgery Cures Type 2 Diabetes","description":"Obesity & diabetes can result in life-threatening issues. So, if you have both, contact Dr Feiz, as the bariatric surgery cures type 2 diabetes.","robots":{"index":"index","follow":"follow","max-snippet":"max-snippet:-1","max-image-preview":"max-image-preview:large","max-video-preview":"max-video-preview:-1"},"canonical":"https:\/\/drfeiz.com\/es\/type-2-diabetes.html","og_locale":"es_ES","og_type":"article","og_title":"Weight Loss Type 2 Diabetes | Bariatric Surgery Cures Type 2 Diabetes","og_description":"Obesity & diabetes can result in life-threatening issues. So, if you have both, contact Dr Feiz, as the bariatric surgery cures type 2 diabetes.","og_url":"https:\/\/drfeiz.com\/es\/type-2-diabetes.html","og_site_name":"Weight Loss Surgery Los Angeles | Bariatric Surgeon &amp; Weight Loss Surgery","article_publisher":"https:\/\/www.facebook.com\/DrFeiz\/","article_modified_time":"2021-06-21T09:49:21+00:00","twitter_card":"summary_large_image","twitter_site":"@DrFeiz","twitter_misc":{"Tiempo de lectura":"1 minuto"},"schema":{"@context":"https:\/\/schema.org","@graph":[{"@type":"WebPage","@id":"https:\/\/drfeiz.com\/es\/type-2-diabetes.html","url":"https:\/\/drfeiz.com\/es\/type-2-diabetes.html","name":"Weight Loss Type 2 Diabetes | Bariatric Surgery Cures Type 2 Diabetes","isPartOf":{"@id":"https:\/\/drfeiz.com\/#website"},"datePublished":"2009-04-20T20:51:32+00:00","dateModified":"2021-06-21T09:49:21+00:00","description":"Obesity & diabetes can result in life-threatening issues. So, if you have both, contact Dr Feiz, as the bariatric surgery cures type 2 diabetes.","breadcrumb":{"@id":"https:\/\/drfeiz.com\/es\/type-2-diabetes.html#breadcrumb"},"inLanguage":"es","potentialAction":[{"@type":"ReadAction","target":["https:\/\/drfeiz.com\/es\/type-2-diabetes.html"]}]},{"@type":"BreadcrumbList","@id":"https:\/\/drfeiz.com\/es\/type-2-diabetes.html#breadcrumb","itemListElement":[{"@type":"ListItem","position":1,"name":"Home","item":"https:\/\/drfeiz.com\/"},{"@type":"ListItem","position":2,"name":"Type 2 Diabetes"}]},{"@type":"WebSite","@id":"https:\/\/drfeiz.com\/#website","url":"https:\/\/drfeiz.com\/","name":"Weight Loss Surgery Los Angeles | Bariatric Surgeon &amp; Weight Loss Surgery","description":"Gastric Sleeve Gastrectomy in Los Angeles","potentialAction":[{"@type":"SearchAction","target":{"@type":"EntryPoint","urlTemplate":"https:\/\/drfeiz.com\/?s={search_term_string}"},"query-input":{"@type":"PropertyValueSpecification","valueRequired":true,"valueName":"search_term_string"}}],"inLanguage":"es"}]}},"_links":{"self":[{"href":"https:\/\/drfeiz.com\/es\/wp-json\/wp\/v2\/pages\/840","targetHints":{"allow":["GET"]}}],"collection":[{"href":"https:\/\/drfeiz.com\/es\/wp-json\/wp\/v2\/pages"}],"about":[{"href":"https:\/\/drfeiz.com\/es\/wp-json\/wp\/v2\/types\/page"}],"author":[{"embeddable":true,"href":"https:\/\/drfeiz.com\/es\/wp-json\/wp\/v2\/users\/19"}],"replies":[{"embeddable":true,"href":"https:\/\/drfeiz.com\/es\/wp-json\/wp\/v2\/comments?post=840"}],"version-history":[{"count":15,"href":"https:\/\/drfeiz.com\/es\/wp-json\/wp\/v2\/pages\/840\/revisions"}],"predecessor-version":[{"id":7508,"href":"https:\/\/drfeiz.com\/es\/wp-json\/wp\/v2\/pages\/840\/revisions\/7508"}],"wp:attachment":[{"href":"https:\/\/drfeiz.com\/es\/wp-json\/wp\/v2\/media?parent=840"}],"curies":[{"name":"wp","href":"https:\/\/api.w.org\/{rel}","templated":true}]}}