{"id":841,"date":"2009-04-20T20:56:11","date_gmt":"2009-04-20T20:56:11","guid":{"rendered":"http:\/\/drfeiz.flywheelsites.com\/high-blood-pressureheart-disease\/"},"modified":"2021-06-21T09:50:13","modified_gmt":"2021-06-21T09:50:13","slug":"high-blood-pressure-heart-disease","status":"publish","type":"page","link":"https:\/\/drfeiz.com\/es\/high-blood-pressure-heart-disease.html","title":{"rendered":"High Blood Pressure\/Heart Disease"},"content":{"rendered":"<div class=\"brz-root__container brz-reset-all\">\n<section data-uid=\"brfoqisfwu\" id=\"brfoqisfwu\" class=\"brz-section brz-css-pgnhh\">\n<div class=\"brz-section__content brz-section--fullWidth brz-css-ghkhb brz-css-agkoa\" data-custom-id=\"rmsvxxkavk\">\n<div class=\"brz-bg\">\n<div class=\"brz-bg-color\"><\/div>\n<\/div>\n<div class=\"brz-container brz-css-areay brz-css-trrco\">\n<div class=\"brz-row__container brz-css-rpysr\" data-custom-id=\"nmnraotvbs\">\n<div class=\"brz-row brz-css-xxrmj brz-css-qcjzm\">\n<div class=\"brz-columns brz-css-iritg brz-css-caadr\" data-custom-id=\"zssnqmeijc\">\n<div class=\"brz-bg\">\n<div class=\"brz-bg-image\"><\/div>\n<div class=\"brz-bg-color\"><\/div>\n<\/div>\n<div class=\"brz-column__items brz-css-ylrnx brz-css-fncwo\">\n<div class=\"brz-css-iwsmd brz-css-tdccu brz-wrapper\">\n<div class=\"brz-rich-text brz-css-dfybf\" data-custom-id=\"lofwlrvued\">\n<h1 class=\"brz-text-lg-center brz-tp-heading1\"><span class=\"brz-cp-color8\">High\u00a0Blood Pressure\/Heart Disease<\/span><\/h1>\n<\/div>\n<\/div>\n<\/div>\n<\/div>\n<div class=\"brz-columns brz-css-iritg brz-css-gyoyd\" data-custom-id=\"hfgfsexxmn\">\n<div class=\"brz-bg\">\n<div class=\"brz-bg-image\"><\/div>\n<\/div>\n<div class=\"brz-column__items brz-css-ylrnx brz-css-sgyme\"><\/div>\n<\/div>\n<div class=\"brz-columns brz-css-iritg brz-css-irrat\" data-custom-id=\"dzwsrbbzqq\">\n<div class=\"brz-bg\">\n<div class=\"brz-bg-image\"><\/div>\n<\/div>\n<div class=\"brz-column__items brz-css-ylrnx brz-css-nadlr\"><\/div>\n<\/div>\n<div class=\"brz-columns brz-css-iritg brz-css-betbk\" data-custom-id=\"frgtyikywh\">\n<div class=\"brz-bg\">\n<div class=\"brz-bg-image\"><\/div>\n<\/div>\n<div class=\"brz-column__items brz-css-ylrnx brz-css-ybelb\"><\/div>\n<\/div>\n<\/div>\n<\/div>\n<\/div>\n<\/div>\n<\/section>\n<section data-uid=\"qgufugcemd\" id=\"qgufugcemd\" class=\"brz-section brz-css-pgnhh\">\n<div class=\"brz-section__content brz-section--fullWidth brz-css-ghkhb brz-css-qtqyx\" data-custom-id=\"oanypzynri\">\n<div class=\"brz-container brz-css-areay brz-css-jspwi\">\n<div class=\"brz-row__container brz-css-rpysr\" data-custom-id=\"jgprczqhsw\">\n<div class=\"brz-row brz-css-xxrmj\">\n<div class=\"brz-columns brz-css-iritg brz-css-kkrly\" data-custom-id=\"rghkiyvkrw\">\n<div class=\"brz-column__items brz-css-ylrnx brz-css-mptwx\">\n<div class=\"brz-css-iwsmd brz-wrapper h4\">\n<div class=\"brz-rich-text brz-css-dfybf\" data-custom-id=\"jaumybeptc\">\n<h3 class=\"brz-tp-heading4\">\u00bfC\u00f3mo aumenta el exceso de peso corporal el riesgo de enfermedades card\u00edacas?<\/h3>\n<\/div>\n<\/div>\n<div class=\"brz-css-iwsmd brz-wrapper pt30 pb10\">\n<div class=\"brz-rich-text brz-css-dfybf\" data-custom-id=\"ghruqiaqqa\">\n<p class=\"brz-tp-paragraph\">El exceso de peso corporal impide que el coraz\u00f3n funcione correctamente. El resultado puede ser presi\u00f3n arterial alta (hipertensi\u00f3n), que puede causar accidentes cerebrovasculares y puede causar da\u00f1o card\u00edaco y renal. La evidencia muestra que el riesgo de hipertensi\u00f3n de por vida relacionado con la edad en hombres y mujeres de 45 a 54 a\u00f1os se duplicar\u00e1 a medida que su IMC promedio aumente de 25 a 35,7<\/p>\n<\/div>\n<\/div>\n<div class=\"brz-css-iwsmd brz-wrapper h4\">\n<div class=\"brz-rich-text brz-css-dfybf\" data-custom-id=\"ssdptizgbz\">\n<h3 class=\"brz-tp-heading4\">\u00bfC\u00f3mo se ven afectados la presi\u00f3n arterial alta y las enfermedades card\u00edacas por la cirug\u00eda para bajar de peso?<\/h3>\n<\/div>\n<\/div>\n<div class=\"brz-css-iwsmd brz-css-jiejo brz-wrapper\">\n<div class=\"brz-rich-text brz-css-dfybf\" data-custom-id=\"pqlyqvdfxv\">\n<p class=\"brz-tp-paragraph\">La cirug\u00eda para bajar de peso reduce el exceso de peso corporal con el tiempo, lo que elimina parte de la tensi\u00f3n en el coraz\u00f3n. Los cambios en la dieta y el ejercicio despu\u00e9s de la cirug\u00eda pueden conducir a una mejora significativa de la hipertensi\u00f3n y otros problemas cardiovasculares. Los estudios han demostrado reducciones en los niveles totales de colesterol y LDL y aumento de los niveles de HDL.<\/p>\n<\/div>\n<\/div>\n<div class=\"brz-css-iwsmd brz-wrapper blue-color\">\n<div class=\"brz-rich-text brz-css-dfybf\" data-custom-id=\"ryytqxhfal\">\n<h6 class=\"brz-tp-heading6\">\u00bfQu\u00e9 \u00e9xito han encontrado los pacientes con enfermedades card\u00edacas a trav\u00e9s de la cirug\u00eda para bajar de peso?<\/h6>\n<\/div>\n<\/div>\n<div class=\"brz-css-iwsmd brz-wrapper\">\n<div class=\"brz-rich-text brz-css-dfybf\" data-custom-id=\"arskvalfky\">\n<p class=\"brz-tp-paragraph\">Un metan\u00e1lisis reciente mostr\u00f3 que la hipertensi\u00f3n se resolvi\u00f3 o mejor\u00f3 en el 78,5 por ciento de los pacientes. Un estudio de 500 pacientes mostr\u00f3 una resoluci\u00f3n del 92 por ciento de la hipertensi\u00f3n. Si tiene presi\u00f3n arterial alta, o cualquier otra co-morbilidad relacionada con el exceso de peso, visite nuestra\u00a0<a href=\"\/es\/qualifying-for-weight-loss-surgery.html\/\" style class=\"link--external\" data-brz-link-type=\"external\">p\u00e1gina de calificaci\u00f3n<\/a> para ver si la cirug\u00eda para bajar de peso puede ser adecuada para usted.<\/p>\n<\/div>\n<\/div>\n<\/div>\n<\/div>\n<div class=\"brz-columns brz-css-iritg brz-css-qlsty\" data-custom-id=\"oxckrflaof\">\n<div class=\"brz-column__items brz-css-ylrnx brz-css-uzgye\">\n<div class=\"brz-css-iwsmd brz-wrapper\">\n<div class=\"brz-embed-code brz-css-pxovo\" data-custom-id=\"rpifmacatq\">\n<div class=\"brz-embed-content\">\n<div class>\n<div class=\"mySidebarcontainer\">\n<div class=\"mySidebarlink\">\n<div class=\"text\"><a href=\"\/es\/health-benefits.html\/\">Los beneficios para la salud<\/a><\/div>\n<\/p><\/div>\n<div class=\"mySidebarlink\">\n<div class=\"text\"><a href=\"\/es\/type-2-diabetes.html\/\">Diabetes tipo 2<\/a><\/div>\n<\/p><\/div>\n<div class=\"mySidebarlink\">\n<div class=\"text\"><a href=\"\/es\/high-blood-pressure-heart-disease.html\/\">Cardiopat\u00eda<\/a><\/div>\n<\/p><\/div>\n<div class=\"mySidebarlink\">\n<div class=\"text\"><a href=\"\/es\/dyslipidemia-high-cholesterol.html\/\">Colesterol alto<\/a><\/div>\n<\/p><\/div>\n<div class=\"mySidebarlink\">\n<div class=\"text\"><a href=\"\/es\/bone-and-joint-pain-arthritis.html\/\">Dolor de huesos y articulaciones<\/a><\/div>\n<\/p><\/div>\n<div class=\"mySidebarlink\">\n<div class=\"text\"><a href=\"\/es\/depression.html\/\">Depresi\u00f3n<\/a><\/div>\n<\/p><\/div>\n<div class=\"mySidebarlink\">\n<div class=\"text\"><a href=\"\/es\/sleep-apnea-and-respiratory-problems.html\/\">Apnea del sue\u00f1o<\/a><\/div>\n<\/p><\/div>\n<div class=\"mySidebarlink\">\n<div class=\"text\"><a href=\"\/es\/gastroesophageal-reflux-disease-gerd.html\/\">GERD<\/a><\/div>\n<\/p><\/div>\n<div class=\"mySidebarlink\">\n<div class=\"text\"><a href=\"\/es\/urinary-stress-incontinence.html\/\">Incontinencia urinaria<\/a><\/div>\n<\/p><\/div>\n<div class=\"mySidebarlink\">\n<div class=\"text\"><a href=\"\/es\/reproductive-health.html\/\">Salud reproductiva<\/a><\/div>\n<\/p><\/div>\n<\/div>\n<\/div>\n<\/div>\n<\/div>\n<\/div>\n<\/div>\n<\/div>\n<\/div>\n<\/div>\n<\/div>\n<\/div>\n<\/section>\n<section data-uid=\"gtgjgsfddn\" id=\"gtgjgsfddn\" class=\"brz-section brz-css-pgnhh\">\n<div class=\"brz-section__content brz-section--boxed brz-css-ghkhb brz-css-fybzo\" data-custom-id=\"zttobgowoi\">\n<div class=\"brz-bg\">\n<div class=\"brz-bg-image\"><\/div>\n<div class=\"brz-bg-map\"><iframe class=\"brz-iframe intrinsic-ignore brz-bg-map__cover\" src=\"https:\/\/www.google.com\/maps\/embed\/v1\/place?key=AIzaSyCcywKcxXeMZiMwLDcLgyEnNglcLOyB_qw&q=Los Angeles&zoom=9\" style=\"display:block\"><\/iframe><\/div>\n<div class=\"brz-bg-color\"><\/div>\n<\/div>\n<div class=\"brz-container brz-css-areay brz-css-wedwb\">\n<div class=\"brz-css-iwsmd brz-css-ldbuf brz-css-jooah brz-wrapper\">\n<div class=\"brz-spacer brz-css-jnlnf brz-css-grqle\"><\/div>\n<\/div>\n<div class=\"brz-row__container brz-css-rpysr\" data-custom-id=\"mcescmkwxq\">\n<div class=\"brz-row brz-css-xxrmj brz-css-qcjzm\">\n<div class=\"brz-columns brz-css-iritg brz-css-ygfzs\" data-custom-id=\"qtbqxsvhil\">\n<div class=\"brz-column__items brz-css-ylrnx brz-css-snong\">\n<div class=\"brz-css-iwsmd brz-css-dijpc brz-wrapper\">\n<div class=\"brz-embed-code brz-css-pxovo brz-css-borxh\" data-custom-id=\"zchucyxuou\">\n<div class=\"brz-embed-content\">\n<div class><iframe frameborder=\"0\" id=\"frame-one653218838\" scrolling=\"yes\" src=\"https:\/\/fs17.formsite.com\/res\/showFormEmbed?EParam=B6fiTn%2BRcO6qS53MV5P2nGrgI846v8s2FzpUCZwnDno%3D&653218838&EmbedId=653218838&MobileResponsive\" title style=\"border: 0px; margin: 0px; padding: 0px; width: 100%;\" height=\"493\"><\/iframe><\/div>\n<\/div>\n<\/div>\n<\/div>\n<\/div>\n<\/div>\n<\/div>\n<\/div>\n<\/div>\n<\/div>\n<\/section>\n<\/div>\n<p><!-- version:1609791000 --><\/p>","protected":false},"excerpt":{"rendered":"<p>High\u00a0Blood Pressure\/Heart Disease How does excess body weight increase the risk of heart disease Excess body weight keeps the heart from working properly. The result can be high blood pressure (hypertension), which can cause strokes and can cause heart and kidney damage. Evidence shows that the age-related lifetime risk of hypertension in men and women [&hellip;]<\/p>\n","protected":false},"author":19,"featured_media":0,"parent":0,"menu_order":8,"comment_status":"closed","ping_status":"closed","template":"page-landing.php","meta":{"footnotes":""},"class_list":["post-841","page","type-page","status-publish","hentry"],"yoast_head":"<!-- This site is optimized with the Yoast SEO plugin v27.5 - https:\/\/yoast.com\/product\/yoast-seo-wordpress\/ -->\n<title>Heart Disease And Weight Loss | Can Heart Disease Cause Weight Loss<\/title>\n<meta name=\"description\" content=\"If you have heart-related disease\/problems like high blood pressure, then visit or consult Dr Feiz to see if you qualify for weight loss surgery.\" \/>\n<meta name=\"robots\" content=\"index, follow, max-snippet:-1, max-image-preview:large, max-video-preview:-1\" \/>\n<link rel=\"canonical\" href=\"https:\/\/drfeiz.com\/es\/high-blood-pressure-heart-disease.html\/\" \/>\n<meta property=\"og:locale\" content=\"es_ES\" \/>\n<meta property=\"og:type\" content=\"article\" \/>\n<meta property=\"og:title\" content=\"Heart Disease And Weight Loss | Can Heart Disease Cause Weight Loss\" \/>\n<meta property=\"og:description\" content=\"If you have heart-related disease\/problems like high blood pressure, then visit or consult Dr Feiz to see if you qualify for weight loss surgery.\" \/>\n<meta property=\"og:url\" content=\"https:\/\/drfeiz.com\/es\/high-blood-pressure-heart-disease.html\/\" \/>\n<meta property=\"og:site_name\" content=\"Weight Loss Surgery Los Angeles | Bariatric Surgeon &amp; Weight Loss Surgery\" \/>\n<meta property=\"article:publisher\" content=\"https:\/\/www.facebook.com\/DrFeiz\/\" \/>\n<meta property=\"article:modified_time\" content=\"2021-06-21T09:50:13+00:00\" \/>\n<meta name=\"twitter:card\" content=\"summary_large_image\" \/>\n<meta name=\"twitter:site\" content=\"@DrFeiz\" \/>\n<meta name=\"twitter:label1\" content=\"Tiempo de lectura\" \/>\n\t<meta name=\"twitter:data1\" content=\"1 minuto\" \/>\n<!-- \/ Yoast SEO plugin. -->","yoast_head_json":{"title":"Heart Disease And Weight Loss | Can Heart Disease Cause Weight Loss","description":"If you have heart-related disease\/problems like high blood pressure, then visit or consult Dr Feiz to see if you qualify for weight loss surgery.","robots":{"index":"index","follow":"follow","max-snippet":"max-snippet:-1","max-image-preview":"max-image-preview:large","max-video-preview":"max-video-preview:-1"},"canonical":"https:\/\/drfeiz.com\/es\/high-blood-pressure-heart-disease.html\/","og_locale":"es_ES","og_type":"article","og_title":"Heart Disease And Weight Loss | Can Heart Disease Cause Weight Loss","og_description":"If you have heart-related disease\/problems like high blood pressure, then visit or consult Dr Feiz to see if you qualify for weight loss surgery.","og_url":"https:\/\/drfeiz.com\/es\/high-blood-pressure-heart-disease.html\/","og_site_name":"Weight Loss Surgery Los Angeles | Bariatric Surgeon &amp; Weight Loss Surgery","article_publisher":"https:\/\/www.facebook.com\/DrFeiz\/","article_modified_time":"2021-06-21T09:50:13+00:00","twitter_card":"summary_large_image","twitter_site":"@DrFeiz","twitter_misc":{"Tiempo de lectura":"1 minuto"},"schema":{"@context":"https:\/\/schema.org","@graph":[{"@type":"WebPage","@id":"https:\/\/drfeiz.com\/high-blood-pressure-heart-disease.html","url":"https:\/\/drfeiz.com\/high-blood-pressure-heart-disease.html","name":"Heart Disease And Weight Loss | Can Heart Disease Cause Weight Loss","isPartOf":{"@id":"https:\/\/drfeiz.com\/#website"},"datePublished":"2009-04-20T20:56:11+00:00","dateModified":"2021-06-21T09:50:13+00:00","description":"If you have heart-related disease\/problems like high blood pressure, then visit or consult Dr Feiz to see if you qualify for weight loss surgery.","breadcrumb":{"@id":"https:\/\/drfeiz.com\/high-blood-pressure-heart-disease.html#breadcrumb"},"inLanguage":"es","potentialAction":[{"@type":"ReadAction","target":["https:\/\/drfeiz.com\/high-blood-pressure-heart-disease.html"]}]},{"@type":"BreadcrumbList","@id":"https:\/\/drfeiz.com\/high-blood-pressure-heart-disease.html#breadcrumb","itemListElement":[{"@type":"ListItem","position":1,"name":"Home","item":"https:\/\/drfeiz.com\/"},{"@type":"ListItem","position":2,"name":"High Blood Pressure\/Heart Disease"}]},{"@type":"WebSite","@id":"https:\/\/drfeiz.com\/#website","url":"https:\/\/drfeiz.com\/","name":"Weight Loss Surgery Los Angeles | Bariatric Surgeon &amp; Weight Loss Surgery","description":"Gastric Sleeve Gastrectomy in Los Angeles","potentialAction":[{"@type":"SearchAction","target":{"@type":"EntryPoint","urlTemplate":"https:\/\/drfeiz.com\/?s={search_term_string}"},"query-input":{"@type":"PropertyValueSpecification","valueRequired":true,"valueName":"search_term_string"}}],"inLanguage":"es"}]}},"_links":{"self":[{"href":"https:\/\/drfeiz.com\/es\/wp-json\/wp\/v2\/pages\/841","targetHints":{"allow":["GET"]}}],"collection":[{"href":"https:\/\/drfeiz.com\/es\/wp-json\/wp\/v2\/pages"}],"about":[{"href":"https:\/\/drfeiz.com\/es\/wp-json\/wp\/v2\/types\/page"}],"author":[{"embeddable":true,"href":"https:\/\/drfeiz.com\/es\/wp-json\/wp\/v2\/users\/19"}],"replies":[{"embeddable":true,"href":"https:\/\/drfeiz.com\/es\/wp-json\/wp\/v2\/comments?post=841"}],"version-history":[{"count":13,"href":"https:\/\/drfeiz.com\/es\/wp-json\/wp\/v2\/pages\/841\/revisions"}],"predecessor-version":[{"id":7509,"href":"https:\/\/drfeiz.com\/es\/wp-json\/wp\/v2\/pages\/841\/revisions\/7509"}],"wp:attachment":[{"href":"https:\/\/drfeiz.com\/es\/wp-json\/wp\/v2\/media?parent=841"}],"curies":[{"name":"wp","href":"https:\/\/api.w.org\/{rel}","templated":true}]}}