{"id":842,"date":"2009-04-20T20:59:37","date_gmt":"2009-04-20T20:59:37","guid":{"rendered":"http:\/\/drfeiz.flywheelsites.com\/dyslipidemiahigh-cholesterol\/"},"modified":"2021-06-21T09:51:05","modified_gmt":"2021-06-21T09:51:05","slug":"dyslipidemia-high-cholesterol","status":"publish","type":"page","link":"https:\/\/drfeiz.com\/es\/dyslipidemia-high-cholesterol.html","title":{"rendered":"Colesterol alto"},"content":{"rendered":"<div class=\"brz-root__container brz-reset-all\">\n<section data-uid=\"iwtakiwtrv\" id=\"iwtakiwtrv\" class=\"brz-section brz-css-cbilk\">\n<div class=\"brz-section__content brz-section--fullWidth brz-css-kyiva brz-css-mtgyy\" data-custom-id=\"ijxllmeoux\">\n<div class=\"brz-bg\">\n<div class=\"brz-bg-color\"><\/div>\n<\/div>\n<div class=\"brz-container brz-css-arpcf brz-css-syqlm\">\n<div class=\"brz-row__container brz-css-fzylg\" data-custom-id=\"eblnblgykv\">\n<div class=\"brz-row brz-css-rxnpl brz-css-pypga\">\n<div class=\"brz-columns brz-css-smlus brz-css-qrxra\" data-custom-id=\"yxocbmybsy\">\n<div class=\"brz-bg\">\n<div class=\"brz-bg-image\"><\/div>\n<div class=\"brz-bg-color\"><\/div>\n<\/div>\n<div class=\"brz-column__items brz-css-pxumb brz-css-riish\">\n<div class=\"brz-css-dawkk brz-css-czhnc brz-wrapper\">\n<div class=\"brz-rich-text brz-css-xakqk\" data-custom-id=\"zoziatgupl\">\n<h1 class=\"brz-text-lg-center brz-tp-heading1\"><span class=\"brz-cp-color8\">Dyslipidemia\/High\u00a0Cholesterol<\/span><\/h1>\n<\/div>\n<\/div>\n<\/div>\n<\/div>\n<div class=\"brz-columns brz-css-smlus brz-css-jmhpc\" data-custom-id=\"hemnwtefit\">\n<div class=\"brz-bg\">\n<div class=\"brz-bg-image\"><\/div>\n<\/div>\n<div class=\"brz-column__items brz-css-pxumb brz-css-eeuwx\"><\/div>\n<\/div>\n<div class=\"brz-columns brz-css-smlus brz-css-kyjuw\" data-custom-id=\"mifhggnsdk\">\n<div class=\"brz-bg\">\n<div class=\"brz-bg-image\"><\/div>\n<\/div>\n<div class=\"brz-column__items brz-css-pxumb brz-css-bezjk\"><\/div>\n<\/div>\n<div class=\"brz-columns brz-css-smlus brz-css-vwtnt\" data-custom-id=\"bnkbdzanno\">\n<div class=\"brz-bg\">\n<div class=\"brz-bg-image\"><\/div>\n<\/div>\n<div class=\"brz-column__items brz-css-pxumb brz-css-wezll\"><\/div>\n<\/div>\n<\/div>\n<\/div>\n<\/div>\n<\/div>\n<\/section>\n<section data-uid=\"qkcpvfscux\" id=\"qkcpvfscux\" class=\"brz-section brz-css-cbilk\">\n<div class=\"brz-section__content brz-section--fullWidth brz-css-kyiva brz-css-foroz\" data-custom-id=\"zskfwitbta\">\n<div class=\"brz-container brz-css-arpcf brz-css-swsnz\">\n<div class=\"brz-row__container brz-css-fzylg\" data-custom-id=\"nzmijapnll\">\n<div class=\"brz-row brz-css-rxnpl\">\n<div class=\"brz-columns brz-css-smlus brz-css-npxng\" data-custom-id=\"ccoscthvdd\">\n<div class=\"brz-column__items brz-css-pxumb brz-css-zkmjd\">\n<div class=\"brz-css-dawkk brz-wrapper h4\">\n<div class=\"brz-rich-text brz-css-xakqk\" data-custom-id=\"hdgptkrayn\">\n<h3 class=\"brz-tp-heading4\">Qu\u00e9 son la dislipidemia y el colesterol alto<\/h3>\n<\/div>\n<\/div>\n<div class=\"brz-css-dawkk brz-wrapper pt30 pb10\">\n<div class=\"brz-rich-text brz-css-xakqk\" data-custom-id=\"sesyuettkg\">\n<p class=\"brz-tp-paragraph\">Una forma com\u00fan de dislipidemia es la hiperlipidemia (o colesterol alto). La hiperlipidemia ocurre cuando alguien tiene demasiados l\u00edpidos o grasas en la sangre. A medida que estos l\u00edpidos se acumulan dentro de las paredes de las arterias, el tejido cicatricial da\u00f1ino y otros desechos espesan y endurecen las arterias. Los m\u00e9dicos se refieren a esta condici\u00f3n de endurecimiento de las arterias como aterosclerosis.<\/p>\n<\/div>\n<\/div>\n<div class=\"brz-css-dawkk brz-wrapper\">\n<div class=\"brz-rich-text brz-css-xakqk\" data-custom-id=\"zmhhjkwhsd\">\n<h1 class=\"brz-tp-heading5\">\u00bfQu\u00e9 \u00e9xito han encontrado los pacientes con dislipidemia o colesterol alto a trav\u00e9s de la cirug\u00eda bari\u00e1trica?<\/h1>\n<\/div>\n<\/div>\n<div class=\"brz-css-dawkk brz-css-rkmvw brz-wrapper\">\n<div class=\"brz-rich-text brz-css-xakqk\" data-custom-id=\"qojjbuhhqz\">\n<p class=\"brz-tp-paragraph\">Recent research on the impact of weight loss surgery found that hyperlipidemia and hypercholesterolemia were improved in more than 93% of patients. Not all patients with high cholestoral may\u00a0<a href=\"\/es\/qualifying-for-weight-loss-surgery.html\/\" style class=\"link--external\" data-brz-link-type=\"external\">calificar para la cirug\u00eda de p\u00e9rdida de peso<\/a>, pero para aquellos que lo hacen, puede ser una bendici\u00f3n significativa para su salud general.<\/p>\n<\/div>\n<\/div>\n<\/div>\n<\/div>\n<div class=\"brz-columns brz-css-smlus brz-css-ibjvz\" data-custom-id=\"lcpizcbhsv\">\n<div class=\"brz-column__items brz-css-pxumb brz-css-jvxrl\">\n<div class=\"brz-css-dawkk brz-wrapper\">\n<div class=\"brz-embed-code brz-css-neoxg\" data-custom-id=\"tsjtefipgb\">\n<div class=\"brz-embed-content\">\n<div class>\n<div class=\"mySidebarcontainer\">\n<div class=\"mySidebarlink\">\n<div class=\"text\"><a href=\"\/es\/health-benefits.html\/\">Los beneficios para la salud<\/a><\/div>\n<\/p><\/div>\n<div class=\"mySidebarlink\">\n<div class=\"text\"><a href=\"\/es\/type-2-diabetes.html\/\">Diabetes tipo 2<\/a><\/div>\n<\/p><\/div>\n<div class=\"mySidebarlink\">\n<div class=\"text\"><a href=\"\/es\/high-blood-pressure-heart-disease.html\/\">Cardiopat\u00eda<\/a><\/div>\n<\/p><\/div>\n<div class=\"mySidebarlink\">\n<div class=\"text\"><a href=\"\/es\/dyslipidemia-high-cholesterol.html\/\">Colesterol alto<\/a><\/div>\n<\/p><\/div>\n<div class=\"mySidebarlink\">\n<div class=\"text\"><a href=\"\/es\/bone-and-joint-pain-arthritis.html\/\">Dolor de huesos y articulaciones<\/a><\/div>\n<\/p><\/div>\n<div class=\"mySidebarlink\">\n<div class=\"text\"><a href=\"\/es\/depression.html\/\">Depresi\u00f3n<\/a><\/div>\n<\/p><\/div>\n<div class=\"mySidebarlink\">\n<div class=\"text\"><a href=\"\/es\/sleep-apnea-and-respiratory-problems.html\/\">Apnea del sue\u00f1o<\/a><\/div>\n<\/p><\/div>\n<div class=\"mySidebarlink\">\n<div class=\"text\"><a href=\"\/es\/gastroesophageal-reflux-disease-gerd.html\/\">GERD<\/a><\/div>\n<\/p><\/div>\n<div class=\"mySidebarlink\">\n<div class=\"text\"><a href=\"\/es\/urinary-stress-incontinence.html\/\">Incontinencia urinaria<\/a><\/div>\n<\/p><\/div>\n<div class=\"mySidebarlink\">\n<div class=\"text\"><a href=\"\/es\/reproductive-health.html\/\">Salud reproductiva<\/a><\/div>\n<\/p><\/div>\n<\/div>\n<\/div>\n<\/div>\n<\/div>\n<\/div>\n<\/div>\n<\/div>\n<\/div>\n<\/div>\n<\/div>\n<\/div>\n<\/section>\n<section data-uid=\"tbibxfsdsl\" id=\"tbibxfsdsl\" class=\"brz-section brz-css-cbilk\">\n<div class=\"brz-section__content brz-section--boxed brz-css-kyiva brz-css-ryscw\" data-custom-id=\"eftlbhxeyo\">\n<div class=\"brz-bg\">\n<div class=\"brz-bg-image\"><\/div>\n<div class=\"brz-bg-map\"><iframe class=\"brz-iframe intrinsic-ignore brz-bg-map__cover\" src=\"https:\/\/www.google.com\/maps\/embed\/v1\/place?key=AIzaSyCcywKcxXeMZiMwLDcLgyEnNglcLOyB_qw&q=Los Angeles&zoom=9\" style=\"display:block\"><\/iframe><\/div>\n<div class=\"brz-bg-color\"><\/div>\n<\/div>\n<div class=\"brz-container brz-css-arpcf brz-css-jczxf\">\n<div class=\"brz-css-dawkk brz-css-ghbtk brz-css-acvsu brz-wrapper\">\n<div class=\"brz-spacer brz-css-pcjhl brz-css-xchas\"><\/div>\n<\/div>\n<div class=\"brz-row__container brz-css-fzylg\" data-custom-id=\"xnysgjwnqb\">\n<div class=\"brz-row brz-css-rxnpl brz-css-pypga\">\n<div class=\"brz-columns brz-css-smlus brz-css-mdrxx\" data-custom-id=\"bahpbhwsxe\">\n<div class=\"brz-column__items brz-css-pxumb brz-css-hwzsp\">\n<div class=\"brz-css-dawkk brz-css-doluk brz-wrapper\">\n<div class=\"brz-embed-code brz-css-neoxg brz-css-kxuad\" data-custom-id=\"dtouyozeal\">\n<div class=\"brz-embed-content\">\n<div class><iframe frameborder=\"0\" id=\"frame-one653218838\" scrolling=\"yes\" src=\"https:\/\/fs17.formsite.com\/res\/showFormEmbed?EParam=B6fiTn%2BRcO6qS53MV5P2nGrgI846v8s2FzpUCZwnDno%3D&653218838&EmbedId=653218838&MobileResponsive\" title style=\"border: 0px; margin: 0px; padding: 0px; width: 100%;\" height=\"493\"><\/iframe><\/div>\n<\/div>\n<\/div>\n<\/div>\n<\/div>\n<\/div>\n<\/div>\n<\/div>\n<\/div>\n<\/div>\n<\/section>\n<\/div>\n<p><!-- version:1609803934 --><\/p>","protected":false},"excerpt":{"rendered":"<p>Dyslipidemia\/High\u00a0Cholesterol What are dyslipidemia and high cholesterol A common form of dyslipidemia is hyperlipidemia (or high cholesterol). Hyperlipidemia occurs when someone has too much of certain lipids or fats in the blood. As these lipids build up inside the artery walls, harmful scar tissue and other debris thicken and harden the arteries. Doctors refer to [&hellip;]<\/p>\n","protected":false},"author":19,"featured_media":0,"parent":0,"menu_order":7,"comment_status":"closed","ping_status":"closed","template":"page-landing.php","meta":{"footnotes":""},"class_list":["post-842","page","type-page","status-publish","hentry"],"yoast_head":"<!-- This site is optimized with the Yoast SEO plugin v27.5 - https:\/\/yoast.com\/product\/yoast-seo-wordpress\/ -->\n<title>High Cholesterol Weight Loss | Gastric Bypass And High Cholesterol<\/title>\n<meta name=\"description\" content=\"Around 93% of people with high cholesterol feel improvement with gastric bypass. Contact us today to find out if you qualify for the procedure.\" \/>\n<meta name=\"robots\" content=\"index, follow, max-snippet:-1, max-image-preview:large, max-video-preview:-1\" \/>\n<link rel=\"canonical\" href=\"https:\/\/drfeiz.com\/es\/dyslipidemia-high-cholesterol.html\/\" \/>\n<meta property=\"og:locale\" content=\"es_ES\" \/>\n<meta property=\"og:type\" content=\"article\" \/>\n<meta property=\"og:title\" content=\"High Cholesterol Weight Loss | Gastric Bypass And High Cholesterol\" \/>\n<meta property=\"og:description\" content=\"Around 93% of people with high cholesterol feel improvement with gastric bypass. Contact us today to find out if you qualify for the procedure.\" \/>\n<meta property=\"og:url\" content=\"https:\/\/drfeiz.com\/es\/dyslipidemia-high-cholesterol.html\/\" \/>\n<meta property=\"og:site_name\" content=\"Weight Loss Surgery Los Angeles | Bariatric Surgeon &amp; Weight Loss Surgery\" \/>\n<meta property=\"article:publisher\" content=\"https:\/\/www.facebook.com\/DrFeiz\/\" \/>\n<meta property=\"article:modified_time\" content=\"2021-06-21T09:51:05+00:00\" \/>\n<meta name=\"twitter:card\" content=\"summary_large_image\" \/>\n<meta name=\"twitter:site\" content=\"@DrFeiz\" \/>\n<meta name=\"twitter:label1\" content=\"Tiempo de lectura\" \/>\n\t<meta name=\"twitter:data1\" content=\"1 minuto\" \/>\n<!-- \/ Yoast SEO plugin. -->","yoast_head_json":{"title":"High Cholesterol Weight Loss | Gastric Bypass And High Cholesterol","description":"Around 93% of people with high cholesterol feel improvement with gastric bypass. Contact us today to find out if you qualify for the procedure.","robots":{"index":"index","follow":"follow","max-snippet":"max-snippet:-1","max-image-preview":"max-image-preview:large","max-video-preview":"max-video-preview:-1"},"canonical":"https:\/\/drfeiz.com\/es\/dyslipidemia-high-cholesterol.html\/","og_locale":"es_ES","og_type":"article","og_title":"High Cholesterol Weight Loss | Gastric Bypass And High Cholesterol","og_description":"Around 93% of people with high cholesterol feel improvement with gastric bypass. Contact us today to find out if you qualify for the procedure.","og_url":"https:\/\/drfeiz.com\/es\/dyslipidemia-high-cholesterol.html\/","og_site_name":"Weight Loss Surgery Los Angeles | Bariatric Surgeon &amp; Weight Loss Surgery","article_publisher":"https:\/\/www.facebook.com\/DrFeiz\/","article_modified_time":"2021-06-21T09:51:05+00:00","twitter_card":"summary_large_image","twitter_site":"@DrFeiz","twitter_misc":{"Tiempo de lectura":"1 minuto"},"schema":{"@context":"https:\/\/schema.org","@graph":[{"@type":"WebPage","@id":"https:\/\/drfeiz.com\/dyslipidemia-high-cholesterol.html","url":"https:\/\/drfeiz.com\/dyslipidemia-high-cholesterol.html","name":"High Cholesterol Weight Loss | Gastric Bypass And High Cholesterol","isPartOf":{"@id":"https:\/\/drfeiz.com\/#website"},"datePublished":"2009-04-20T20:59:37+00:00","dateModified":"2021-06-21T09:51:05+00:00","description":"Around 93% of people with high cholesterol feel improvement with gastric bypass. Contact us today to find out if you qualify for the procedure.","breadcrumb":{"@id":"https:\/\/drfeiz.com\/dyslipidemia-high-cholesterol.html#breadcrumb"},"inLanguage":"es","potentialAction":[{"@type":"ReadAction","target":["https:\/\/drfeiz.com\/dyslipidemia-high-cholesterol.html"]}]},{"@type":"BreadcrumbList","@id":"https:\/\/drfeiz.com\/dyslipidemia-high-cholesterol.html#breadcrumb","itemListElement":[{"@type":"ListItem","position":1,"name":"Home","item":"https:\/\/drfeiz.com\/"},{"@type":"ListItem","position":2,"name":"High Cholesterol"}]},{"@type":"WebSite","@id":"https:\/\/drfeiz.com\/#website","url":"https:\/\/drfeiz.com\/","name":"Weight Loss Surgery Los Angeles | Bariatric Surgeon &amp; Weight Loss Surgery","description":"Gastric Sleeve Gastrectomy in Los Angeles","potentialAction":[{"@type":"SearchAction","target":{"@type":"EntryPoint","urlTemplate":"https:\/\/drfeiz.com\/?s={search_term_string}"},"query-input":{"@type":"PropertyValueSpecification","valueRequired":true,"valueName":"search_term_string"}}],"inLanguage":"es"}]}},"_links":{"self":[{"href":"https:\/\/drfeiz.com\/es\/wp-json\/wp\/v2\/pages\/842","targetHints":{"allow":["GET"]}}],"collection":[{"href":"https:\/\/drfeiz.com\/es\/wp-json\/wp\/v2\/pages"}],"about":[{"href":"https:\/\/drfeiz.com\/es\/wp-json\/wp\/v2\/types\/page"}],"author":[{"embeddable":true,"href":"https:\/\/drfeiz.com\/es\/wp-json\/wp\/v2\/users\/19"}],"replies":[{"embeddable":true,"href":"https:\/\/drfeiz.com\/es\/wp-json\/wp\/v2\/comments?post=842"}],"version-history":[{"count":12,"href":"https:\/\/drfeiz.com\/es\/wp-json\/wp\/v2\/pages\/842\/revisions"}],"predecessor-version":[{"id":7510,"href":"https:\/\/drfeiz.com\/es\/wp-json\/wp\/v2\/pages\/842\/revisions\/7510"}],"wp:attachment":[{"href":"https:\/\/drfeiz.com\/es\/wp-json\/wp\/v2\/media?parent=842"}],"curies":[{"name":"wp","href":"https:\/\/api.w.org\/{rel}","templated":true}]}}