{"id":843,"date":"2009-04-20T21:04:45","date_gmt":"2009-04-20T21:04:45","guid":{"rendered":"http:\/\/drfeiz.flywheelsites.com\/bone-and-joint-pain-arthritis\/"},"modified":"2021-06-21T09:52:16","modified_gmt":"2021-06-21T09:52:16","slug":"bone-and-joint-pain-arthritis","status":"publish","type":"page","link":"https:\/\/drfeiz.com\/es\/bone-and-joint-pain-arthritis.html","title":{"rendered":"Dolor de huesos y articulaciones"},"content":{"rendered":"<div class=\"brz-root__container brz-reset-all\">\n<section data-uid=\"rmawlcehex\" id=\"rmawlcehex\" class=\"brz-section brz-css-mtbeg\">\n<div class=\"brz-section__content brz-section--fullWidth brz-css-vuvpb brz-css-xmxlt\" data-custom-id=\"rciobfwoes\">\n<div class=\"brz-bg\">\n<div class=\"brz-bg-color\"><\/div>\n<\/div>\n<div class=\"brz-container brz-css-xkiao brz-css-ywtuv\">\n<div class=\"brz-row__container brz-css-rtuvs\" data-custom-id=\"hdoogwxwdk\">\n<div class=\"brz-row brz-css-oxboy brz-css-hcsnn\">\n<div class=\"brz-columns brz-css-eprhd brz-css-xtnsq\" data-custom-id=\"micusezgnm\">\n<div class=\"brz-bg\">\n<div class=\"brz-bg-image\"><\/div>\n<div class=\"brz-bg-color\"><\/div>\n<\/div>\n<div class=\"brz-column__items brz-css-pdluh brz-css-mphlq\">\n<div class=\"brz-css-nlfeg brz-css-bwxmv brz-wrapper\">\n<div class=\"brz-rich-text brz-css-rgkrx\" data-custom-id=\"qbnzhkhiyj\">\n<h1 class=\"brz-text-lg-center brz-tp-heading1\"><span class=\"brz-cp-color8\">Bone\u00a0and Joint Pain\/ Arthritis<\/span><\/h1>\n<\/div>\n<\/div>\n<\/div>\n<\/div>\n<div class=\"brz-columns brz-css-eprhd brz-css-kinqf\" data-custom-id=\"sbtywzdvye\">\n<div class=\"brz-bg\">\n<div class=\"brz-bg-image\"><\/div>\n<\/div>\n<div class=\"brz-column__items brz-css-pdluh brz-css-krvtc\"><\/div>\n<\/div>\n<div class=\"brz-columns brz-css-eprhd brz-css-hrdim\" data-custom-id=\"rfyoixzpws\">\n<div class=\"brz-bg\">\n<div class=\"brz-bg-image\"><\/div>\n<\/div>\n<div class=\"brz-column__items brz-css-pdluh brz-css-tkebt\"><\/div>\n<\/div>\n<div class=\"brz-columns brz-css-eprhd brz-css-ezfab\" data-custom-id=\"yvxlreggff\">\n<div class=\"brz-bg\">\n<div class=\"brz-bg-image\"><\/div>\n<\/div>\n<div class=\"brz-column__items brz-css-pdluh brz-css-aslgu\"><\/div>\n<\/div>\n<\/div>\n<\/div>\n<\/div>\n<\/div>\n<\/section>\n<section data-uid=\"coyxadpmgh\" id=\"coyxadpmgh\" class=\"brz-section brz-css-mtbeg\">\n<div class=\"brz-section__content brz-section--fullWidth brz-css-vuvpb brz-css-yzycn\" data-custom-id=\"wgrsrnrbmg\">\n<div class=\"brz-container brz-css-xkiao brz-css-bazng\">\n<div class=\"brz-row__container brz-css-rtuvs\" data-custom-id=\"xtinmudmlv\">\n<div class=\"brz-row brz-css-oxboy\">\n<div class=\"brz-columns brz-css-eprhd brz-css-htknh\" data-custom-id=\"rifpiqdwec\">\n<div class=\"brz-column__items brz-css-pdluh brz-css-elmkk\">\n<div class=\"brz-css-nlfeg brz-wrapper h4\">\n<div class=\"brz-rich-text brz-css-rgkrx\" data-custom-id=\"puwgpujtje\">\n<h3 class=\"brz-tp-heading4\">Obesidad y dolor articular<\/h3>\n<\/div>\n<\/div>\n<div class=\"brz-css-nlfeg brz-wrapper pt30 pb10\">\n<div class=\"brz-rich-text brz-css-rgkrx\" data-custom-id=\"oolahnlfrv\">\n<p class=\"brz-tp-paragraph\">Osteoarthritis is one of the most common forms of arthritis. Known as the wear-and-tear kind of arthritis, osteoarthritis is a chronic condition which involves breakdown of a joint\u2019s cartilage. Morbidly obese patients are at particularly high risk for osteoarthritis, as excess body weight placed on joints, particularly knees and hips, results in rapid wear and tear, and pain caused by inflammation. Similarly, bones and muscles of the back are constantly strained, causing disk problems, pain, and decreased mobility. This disability results in difficulty walking, working, and also losing weight.<\/p>\n<\/div>\n<\/div>\n<div class=\"brz-css-nlfeg brz-wrapper\">\n<div class=\"brz-rich-text brz-css-rgkrx\" data-custom-id=\"lacjtcwfqh\">\n<p class=\"brz-tp-heading4\">\u00bfC\u00f3mo puede la cirug\u00eda bari\u00e1trica aliviar el dolor articular?<\/p>\n<\/div>\n<\/div>\n<div class=\"brz-css-nlfeg brz-css-lqxqi brz-wrapper\">\n<div class=\"brz-rich-text brz-css-rgkrx\" data-custom-id=\"vqezuyzgfr\">\n<p class=\"brz-tp-paragraph\">Cuanto menos peso se coloca en las articulaciones, menos tensi\u00f3n se coloca en estas articulaciones. La cirug\u00eda para bajar de peso puede reducir gran parte de este peso durante un largo per\u00edodo de tiempo y puede ser muy eficaz para revertir o prevenir la osteoartritis.<\/p>\n<\/div>\n<\/div>\n<div class=\"brz-css-nlfeg brz-wrapper blue-color\">\n<div class=\"brz-rich-text brz-css-rgkrx\" data-custom-id=\"tkgwpgmewv\">\n<h6 class=\"brz-tp-heading6\">\u00bfQu\u00e9 \u00e9xito han encontrado los pacientes con dolor articular o \u00f3seo a trav\u00e9s de la cirug\u00eda bari\u00e1trica?<\/h6>\n<\/div>\n<\/div>\n<div class=\"brz-css-nlfeg brz-wrapper\">\n<div class=\"brz-rich-text brz-css-rgkrx\" data-custom-id=\"wfmabnhpba\">\n<p class=\"brz-tp-paragraph\">Un estudio reciente de 500 pacientes mostr\u00f3 una resoluci\u00f3n del 90% de la artritis entre los pacientes quir\u00fargicos. Para obtener m\u00e1s informaci\u00f3n sobre si usted puede o no ser un candidato para la cirug\u00eda de p\u00e9rdida de peso, visite\u00a0<a href=\"\/es\/qualifying-for-weight-loss-surgery.html\/\" style class=\"link--external\" data-brz-link-type=\"external\">p\u00e1gina de calificaciones<\/a>.<\/p>\n<\/div>\n<\/div>\n<\/div>\n<\/div>\n<div class=\"brz-columns brz-css-eprhd brz-css-xszvx\" data-custom-id=\"fqfdwnvgke\">\n<div class=\"brz-column__items brz-css-pdluh brz-css-iwmub\">\n<div class=\"brz-css-nlfeg brz-wrapper\">\n<div class=\"brz-embed-code brz-css-enljt\" data-custom-id=\"kqyubxkilz\">\n<div class=\"brz-embed-content\">\n<div class>\n<div class=\"mySidebarcontainer\">\n<div class=\"mySidebarlink\">\n<div class=\"text\"><a href=\"\/es\/health-benefits.html\/\">Los beneficios para la salud<\/a><\/div>\n<\/p><\/div>\n<div class=\"mySidebarlink\">\n<div class=\"text\"><a href=\"\/es\/type-2-diabetes.html\/\">Diabetes tipo 2<\/a><\/div>\n<\/p><\/div>\n<div class=\"mySidebarlink\">\n<div class=\"text\"><a href=\"\/es\/high-blood-pressure-heart-disease.html\/\">Cardiopat\u00eda<\/a><\/div>\n<\/p><\/div>\n<div class=\"mySidebarlink\">\n<div class=\"text\"><a href=\"\/es\/dyslipidemia-high-cholesterol.html\/\">Colesterol alto<\/a><\/div>\n<\/p><\/div>\n<div class=\"mySidebarlink\">\n<div class=\"text\"><a href=\"\/es\/bone-and-joint-pain-arthritis.html\/\">Dolor de huesos y articulaciones<\/a><\/div>\n<\/p><\/div>\n<div class=\"mySidebarlink\">\n<div class=\"text\"><a href=\"\/es\/depression.html\/\">Depresi\u00f3n<\/a><\/div>\n<\/p><\/div>\n<div class=\"mySidebarlink\">\n<div class=\"text\"><a href=\"\/es\/sleep-apnea-and-respiratory-problems.html\/\">Apnea del sue\u00f1o<\/a><\/div>\n<\/p><\/div>\n<div class=\"mySidebarlink\">\n<div class=\"text\"><a href=\"\/es\/gastroesophageal-reflux-disease-gerd.html\/\">GERD<\/a><\/div>\n<\/p><\/div>\n<div class=\"mySidebarlink\">\n<div class=\"text\"><a href=\"\/es\/urinary-stress-incontinence.html\/\">Incontinencia urinaria<\/a><\/div>\n<\/p><\/div>\n<div class=\"mySidebarlink\">\n<div class=\"text\"><a href=\"\/es\/reproductive-health.html\/\">Salud reproductiva<\/a><\/div>\n<\/p><\/div>\n<\/div>\n<\/div>\n<\/div>\n<\/div>\n<\/div>\n<\/div>\n<\/div>\n<\/div>\n<\/div>\n<\/div>\n<\/div>\n<\/section>\n<section data-uid=\"msyoycdtza\" id=\"msyoycdtza\" class=\"brz-section brz-css-mtbeg\">\n<div class=\"brz-section__content brz-section--boxed brz-css-vuvpb brz-css-mlhgc\" data-custom-id=\"cltcpnptgf\">\n<div class=\"brz-bg\">\n<div class=\"brz-bg-image\"><\/div>\n<div class=\"brz-bg-map\"><iframe class=\"brz-iframe intrinsic-ignore brz-bg-map__cover\" src=\"https:\/\/www.google.com\/maps\/embed\/v1\/place?key=AIzaSyCcywKcxXeMZiMwLDcLgyEnNglcLOyB_qw&q=Los Angeles&zoom=9\" style=\"display:block\"><\/iframe><\/div>\n<div class=\"brz-bg-color\"><\/div>\n<\/div>\n<div class=\"brz-container brz-css-xkiao brz-css-extzj\">\n<div class=\"brz-css-nlfeg brz-css-fqfbu brz-css-ltjmd brz-wrapper\">\n<div class=\"brz-spacer brz-css-ijrpr brz-css-tmiso\"><\/div>\n<\/div>\n<div class=\"brz-row__container brz-css-rtuvs\" data-custom-id=\"ytwwvbvgra\">\n<div class=\"brz-row brz-css-oxboy brz-css-hcsnn\">\n<div class=\"brz-columns brz-css-eprhd brz-css-ccfps\" data-custom-id=\"lpbbquknaj\">\n<div class=\"brz-column__items brz-css-pdluh brz-css-mvhrm\">\n<div class=\"brz-css-nlfeg brz-css-lxbpd brz-wrapper\">\n<div class=\"brz-embed-code brz-css-enljt brz-css-hrdih\" data-custom-id=\"izilstxetv\">\n<div class=\"brz-embed-content\">\n<div class><iframe frameborder=\"0\" id=\"frame-one653218838\" scrolling=\"yes\" src=\"https:\/\/fs17.formsite.com\/res\/showFormEmbed?EParam=B6fiTn%2BRcO6qS53MV5P2nGrgI846v8s2FzpUCZwnDno%3D&653218838&EmbedId=653218838&MobileResponsive\" title style=\"border: 0px; margin: 0px; padding: 0px; width: 100%;\" height=\"493\"><\/iframe><\/div>\n<\/div>\n<\/div>\n<\/div>\n<\/div>\n<\/div>\n<\/div>\n<\/div>\n<\/div>\n<\/div>\n<\/section>\n<\/div>\n<p><!-- version:1609774075 --><\/p>","protected":false},"excerpt":{"rendered":"<p>Bone\u00a0and Joint Pain\/ Arthritis Obesity and Joint Pain Osteoarthritis is one of the most common forms of arthritis. Known as the wear-and-tear kind of arthritis, osteoarthritis is a chronic condition which involves breakdown of a joint\u2019s cartilage. Morbidly obese patients are at particularly high risk for osteoarthritis, as excess body weight placed on joints, particularly [&hellip;]<\/p>\n","protected":false},"author":19,"featured_media":0,"parent":0,"menu_order":6,"comment_status":"closed","ping_status":"closed","template":"page-landing.php","meta":{"footnotes":""},"class_list":["post-843","page","type-page","status-publish","hentry"],"yoast_head":"<!-- This site is optimized with the Yoast SEO plugin v27.5 - https:\/\/yoast.com\/product\/yoast-seo-wordpress\/ -->\n<title>Joint Pain After Bariatric Surgery | Joint Pain after Gastric Bypass | Dr.Feiz<\/title>\n<meta name=\"description\" content=\"Is your obesity causing joint pain? Book a consultation with Dr Feiz today for Bariatric Surgery. Contact us to begin your weight loss journey!\" \/>\n<meta name=\"robots\" content=\"index, follow, max-snippet:-1, max-image-preview:large, max-video-preview:-1\" \/>\n<link rel=\"canonical\" href=\"https:\/\/drfeiz.com\/es\/bone-and-joint-pain-arthritis.html\/\" \/>\n<meta property=\"og:locale\" content=\"es_ES\" \/>\n<meta property=\"og:type\" content=\"article\" \/>\n<meta property=\"og:title\" content=\"Joint Pain After Bariatric Surgery | Joint Pain after Gastric Bypass | Dr.Feiz\" \/>\n<meta property=\"og:description\" content=\"Is your obesity causing joint pain? Book a consultation with Dr Feiz today for Bariatric Surgery. Contact us to begin your weight loss journey!\" \/>\n<meta property=\"og:url\" content=\"https:\/\/drfeiz.com\/es\/bone-and-joint-pain-arthritis.html\/\" \/>\n<meta property=\"og:site_name\" content=\"Weight Loss Surgery Los Angeles | Bariatric Surgeon &amp; Weight Loss Surgery\" \/>\n<meta property=\"article:publisher\" content=\"https:\/\/www.facebook.com\/DrFeiz\/\" \/>\n<meta property=\"article:modified_time\" content=\"2021-06-21T09:52:16+00:00\" \/>\n<meta name=\"twitter:card\" content=\"summary_large_image\" \/>\n<meta name=\"twitter:site\" content=\"@DrFeiz\" \/>\n<meta name=\"twitter:label1\" content=\"Tiempo de lectura\" \/>\n\t<meta name=\"twitter:data1\" content=\"1 minuto\" \/>\n<!-- \/ Yoast SEO plugin. -->","yoast_head_json":{"title":"Joint Pain After Bariatric Surgery | Joint Pain after Gastric Bypass | Dr.Feiz","description":"Is your obesity causing joint pain? Book a consultation with Dr Feiz today for Bariatric Surgery. Contact us to begin your weight loss journey!","robots":{"index":"index","follow":"follow","max-snippet":"max-snippet:-1","max-image-preview":"max-image-preview:large","max-video-preview":"max-video-preview:-1"},"canonical":"https:\/\/drfeiz.com\/es\/bone-and-joint-pain-arthritis.html\/","og_locale":"es_ES","og_type":"article","og_title":"Joint Pain After Bariatric Surgery | Joint Pain after Gastric Bypass | Dr.Feiz","og_description":"Is your obesity causing joint pain? Book a consultation with Dr Feiz today for Bariatric Surgery. Contact us to begin your weight loss journey!","og_url":"https:\/\/drfeiz.com\/es\/bone-and-joint-pain-arthritis.html\/","og_site_name":"Weight Loss Surgery Los Angeles | Bariatric Surgeon &amp; Weight Loss Surgery","article_publisher":"https:\/\/www.facebook.com\/DrFeiz\/","article_modified_time":"2021-06-21T09:52:16+00:00","twitter_card":"summary_large_image","twitter_site":"@DrFeiz","twitter_misc":{"Tiempo de lectura":"1 minuto"},"schema":{"@context":"https:\/\/schema.org","@graph":[{"@type":"WebPage","@id":"https:\/\/drfeiz.com\/bone-and-joint-pain-arthritis.html","url":"https:\/\/drfeiz.com\/bone-and-joint-pain-arthritis.html","name":"Joint Pain After Bariatric Surgery | Joint Pain after Gastric Bypass | Dr.Feiz","isPartOf":{"@id":"https:\/\/drfeiz.com\/#website"},"datePublished":"2009-04-20T21:04:45+00:00","dateModified":"2021-06-21T09:52:16+00:00","description":"Is your obesity causing joint pain? Book a consultation with Dr Feiz today for Bariatric Surgery. Contact us to begin your weight loss journey!","breadcrumb":{"@id":"https:\/\/drfeiz.com\/bone-and-joint-pain-arthritis.html#breadcrumb"},"inLanguage":"es","potentialAction":[{"@type":"ReadAction","target":["https:\/\/drfeiz.com\/bone-and-joint-pain-arthritis.html"]}]},{"@type":"BreadcrumbList","@id":"https:\/\/drfeiz.com\/bone-and-joint-pain-arthritis.html#breadcrumb","itemListElement":[{"@type":"ListItem","position":1,"name":"Home","item":"https:\/\/drfeiz.com\/"},{"@type":"ListItem","position":2,"name":"Bone and Joint Pain"}]},{"@type":"WebSite","@id":"https:\/\/drfeiz.com\/#website","url":"https:\/\/drfeiz.com\/","name":"Weight Loss Surgery Los Angeles | Bariatric Surgeon &amp; Weight Loss Surgery","description":"Gastric Sleeve Gastrectomy in Los Angeles","potentialAction":[{"@type":"SearchAction","target":{"@type":"EntryPoint","urlTemplate":"https:\/\/drfeiz.com\/?s={search_term_string}"},"query-input":{"@type":"PropertyValueSpecification","valueRequired":true,"valueName":"search_term_string"}}],"inLanguage":"es"}]}},"_links":{"self":[{"href":"https:\/\/drfeiz.com\/es\/wp-json\/wp\/v2\/pages\/843","targetHints":{"allow":["GET"]}}],"collection":[{"href":"https:\/\/drfeiz.com\/es\/wp-json\/wp\/v2\/pages"}],"about":[{"href":"https:\/\/drfeiz.com\/es\/wp-json\/wp\/v2\/types\/page"}],"author":[{"embeddable":true,"href":"https:\/\/drfeiz.com\/es\/wp-json\/wp\/v2\/users\/19"}],"replies":[{"embeddable":true,"href":"https:\/\/drfeiz.com\/es\/wp-json\/wp\/v2\/comments?post=843"}],"version-history":[{"count":15,"href":"https:\/\/drfeiz.com\/es\/wp-json\/wp\/v2\/pages\/843\/revisions"}],"predecessor-version":[{"id":7511,"href":"https:\/\/drfeiz.com\/es\/wp-json\/wp\/v2\/pages\/843\/revisions\/7511"}],"wp:attachment":[{"href":"https:\/\/drfeiz.com\/es\/wp-json\/wp\/v2\/media?parent=843"}],"curies":[{"name":"wp","href":"https:\/\/api.w.org\/{rel}","templated":true}]}}