{"id":844,"date":"2009-04-20T21:06:33","date_gmt":"2009-04-20T21:06:33","guid":{"rendered":"http:\/\/drfeiz.flywheelsites.com\/depression\/"},"modified":"2021-06-21T09:53:23","modified_gmt":"2021-06-21T09:53:23","slug":"depression","status":"publish","type":"page","link":"https:\/\/drfeiz.com\/es\/depression.html","title":{"rendered":"Depresi\u00f3n"},"content":{"rendered":"<div class=\"brz-root__container brz-reset-all\">\n<section data-uid=\"rhdkahtzyd\" id=\"rhdkahtzyd\" class=\"brz-section brz-css-vbnyt\">\n<div class=\"brz-section__content brz-section--fullWidth brz-css-ypmbu brz-css-rwiit\" data-custom-id=\"jdlrnjzmxp\">\n<div class=\"brz-bg\">\n<div class=\"brz-bg-color\"><\/div>\n<\/div>\n<div class=\"brz-container brz-css-qqowz brz-css-nhwcp\">\n<div class=\"brz-row__container brz-css-bsjcr\" data-custom-id=\"qzkbiazhuc\">\n<div class=\"brz-row brz-css-oyyug brz-css-focud\">\n<div class=\"brz-columns brz-css-kyvtu brz-css-dyuas\" data-custom-id=\"inykviagfk\">\n<div class=\"brz-bg\">\n<div class=\"brz-bg-image\"><\/div>\n<div class=\"brz-bg-color\"><\/div>\n<\/div>\n<div class=\"brz-column__items brz-css-texap brz-css-wajzd\">\n<div class=\"brz-css-hgopu brz-css-gdsjv brz-wrapper\">\n<div class=\"brz-rich-text brz-css-quupw\" data-custom-id=\"nidshjyeau\">\n<h1 class=\"brz-text-lg-center brz-tp-heading1\"><span class=\"brz-cp-color8\">Depresi\u00f3n<\/span><\/h1>\n<\/div>\n<\/div>\n<\/div>\n<\/div>\n<div class=\"brz-columns brz-css-kyvtu brz-css-klecf\" data-custom-id=\"pljpatiuhh\">\n<div class=\"brz-bg\">\n<div class=\"brz-bg-image\"><\/div>\n<\/div>\n<div class=\"brz-column__items brz-css-texap brz-css-ewbdm\"><\/div>\n<\/div>\n<div class=\"brz-columns brz-css-kyvtu brz-css-hezcv\" data-custom-id=\"deascntbep\">\n<div class=\"brz-bg\">\n<div class=\"brz-bg-image\"><\/div>\n<\/div>\n<div class=\"brz-column__items brz-css-texap brz-css-wilzo\"><\/div>\n<\/div>\n<div class=\"brz-columns brz-css-kyvtu brz-css-ejxay\" data-custom-id=\"bbkrqvyjom\">\n<div class=\"brz-bg\">\n<div class=\"brz-bg-image\"><\/div>\n<\/div>\n<div class=\"brz-column__items brz-css-texap brz-css-gczgw\"><\/div>\n<\/div>\n<\/div>\n<\/div>\n<\/div>\n<\/div>\n<\/section>\n<section data-uid=\"xlbqgvfthc\" id=\"xlbqgvfthc\" class=\"brz-section brz-css-vbnyt\">\n<div class=\"brz-section__content brz-section--fullWidth brz-css-ypmbu brz-css-xsafe\" data-custom-id=\"zoyobtxpgf\">\n<div class=\"brz-container brz-css-qqowz brz-css-zeczc\">\n<div class=\"brz-row__container brz-css-bsjcr\" data-custom-id=\"plqabezejr\">\n<div class=\"brz-row brz-css-oyyug\">\n<div class=\"brz-columns brz-css-kyvtu brz-css-xyvgg\" data-custom-id=\"ntkztqskie\">\n<div class=\"brz-column__items brz-css-texap brz-css-dzzbg\">\n<div class=\"brz-css-hgopu brz-wrapper h4\">\n<div class=\"brz-rich-text brz-css-quupw\" data-custom-id=\"mmpbshroeu\">\n<h3 class=\"brz-tp-heading4\">Depresi\u00f3n y obesidad<\/h3>\n<\/div>\n<\/div>\n<div class=\"brz-css-hgopu brz-wrapper pt30 pb10\">\n<div class=\"brz-rich-text brz-css-quupw\" data-custom-id=\"dqklewtygt\">\n<p class=\"brz-tp-paragraph\">Depression and obesity are two of the most common medical conditions out there, and among the most complex. The team of weight loss professionals at Dr. Feiz & Associates wants you to understand that both of these are serious conditions that need to be addressed.<\/p>\n<\/div>\n<\/div>\n<div class=\"brz-css-hgopu brz-wrapper blue-color\">\n<div class=\"brz-rich-text brz-css-quupw\" data-custom-id=\"vazneydxfl\">\n<h6 class=\"brz-tp-heading6\">\u00bfC\u00f3mo se relacionan la depresi\u00f3n y la obesidad?<\/h6>\n<\/div>\n<\/div>\n<div class=\"brz-css-hgopu brz-css-oaqcd brz-wrapper\">\n<div class=\"brz-rich-text brz-css-quupw\" data-custom-id=\"iukinrjynt\">\n<p class=\"brz-tp-paragraph\">Si est\u00e1s leyendo esto, probablemente sabes algo de obesidad, pero es importante entender de lo que estamos hablando cuando hablamos de depresi\u00f3n. No es s\u00f3lo sentirse triste o triste debido a un contratiempo, una tragedia o una situaci\u00f3n personal con la que no estamos contentos. Ni siquiera se siente simplemente bajo durante unas horas o un d\u00eda o dos sin ninguna raz\u00f3n en particular. La depresi\u00f3n cl\u00ednica es un per\u00edodo prolongado de infelicidad que puede tomar una serie de formas diferentes.Los signos evidentes de tristeza, como el llanto frecuente, pueden o no estar involucrados.En algunos casos, es posible que los enfermos ni siquiera piensen que se sienten particularmente tristes. Toma muchas formas, pero la depresi\u00f3n cl\u00ednica est\u00e1 marcada por una sensaci\u00f3n continua de desesperanza, dificultad con la motivaci\u00f3n y una p\u00e9rdida de inter\u00e9s en los pasatiempos o sujetos favoritos de una persona. Por otro lado, a pesar de que la depresi\u00f3n es m\u00e1s que simple tristeza o dolor, puede desencadenarse por una grave p\u00e9rdida o decepci\u00f3n personal.\u00a0En estos casos, la diferencia es que el dolor y la tristeza por un evento eventualmente se disipan, mientras que la depresi\u00f3n persiste indefinidamente.<\/p>\n<\/div>\n<\/div>\n<div class=\"brz-css-hgopu brz-wrapper\">\n<div class=\"brz-rich-text brz-css-quupw\" data-custom-id=\"ksapvoebnr\">\n<p class=\"brz-tp-heading6\"><span style=\"color: rgb(44, 174, 226);\">\u00bfC\u00f3mo se relacionan la depresi\u00f3n y la obesidad?<\/span><\/p>\n<\/div>\n<\/div>\n<div class=\"brz-css-hgopu brz-css-shjxr brz-wrapper\">\n<div class=\"brz-rich-text brz-css-quupw\" data-custom-id=\"anxklqhdhh\">\n<p class=\"brz-tp-paragraph\">Por supuesto, no todas las personas obesas tienen depresi\u00f3n y no todas las personas deprimidas son obesas. De hecho, la depresi\u00f3n hace que algunas personas ganen peso porque est\u00e1n usando la comida como un escape, mientras que otras personas pierden peso porque han perdido su inter\u00e9s en comer. A pesar de todo, la evidencia es clara de que las personas obesas tienden a sufrir de depresi\u00f3n con m\u00e1s frecuencia que otras. Las personas obesas son m\u00e1s propensas a estar socialmente aisladas, desempleadas, tienen baja autoestima o sufren de dolor muscular y articular, as\u00ed como ciertas enfermedades cr\u00f3nicas, todas las cuales pueden desencadenar depresi\u00f3n.<\/p>\n<\/div>\n<\/div>\n<div class=\"brz-css-hgopu brz-wrapper\">\n<div class=\"brz-rich-text brz-css-quupw\" data-custom-id=\"btkcgbisxh\">\n<p class=\"brz-tp-heading4\">Estoy deprimido y severamente obeso. \u00bfQu\u00e9 debo hacer?<\/p>\n<\/div>\n<\/div>\n<div class=\"brz-css-hgopu brz-css-svpkq brz-wrapper\">\n<div class=\"brz-rich-text brz-css-quupw\" data-custom-id=\"upelubqzqi\">\n<p class=\"brz-tp-paragraph\">Because clinical depression can be a serious, potentially life-threatening, issue that can destroy a person\u2019s quality of life, it\u2019s a problem that needs to be addressed quickly with the help of mental health professionals. Don\u2019t wait to seek medical help and counseling. (If you are troubled by suicidal thoughts or feelings, please seek treatment immediately. One place to get started is the National Suicide Prevention Lifeline at 1-800-273-8255.)\u00a0However, one way of improving the situation of someone whose depression may be related to a greater or lesser extent to their weight is for them to adopt a healthier lifestyle; exercise and sensible eating genuinely make people feel better. And, yes, individuals who are suffering from severe obesity \u2013 defined as having a BMI (body mass index) of 40 or above or 35 and above with related medical problems \u2013 may be candidates for a bariatric procedure, which can make significant long term weight loss vastly more achievable. Losing weight can definitely put you on a path to a healthier and happier life, as long as you are prepared to make the changes you need. An important note: defeating obesity can definitely help to alleviate depression in many cases, but it should never be thought of as a cure-all for sad or depressed feelings. Indeed, in some cases, people may mistakenly believe that all of their problems are due to their obesity and then feel disappointed when they are thinner, but not necessarily that much happier. Obtaining mental health counseling while working on your weight is never a bad idea. I\u2019m ready for a weight loss procedure. What now? Procedures like a sleeve gastrectomy are safe and effective, but you need the help of a competent weight loss physician to ensure a positive outcome. Los Angeles area bariatric surgeon Michael Feiz, M.D., F.A.C.S. has performed countless procedures for people from all walks of life. To get started, contact Dr. Feiz & Associates at the phone number above or reach out via\u00a0<a href=\"\/es\/contact-us.html\/\" style class=\"link--external\" data-brz-link-type=\"external\">nuestra pagina de contacto<\/a>.<\/p>\n<\/div>\n<\/div>\n<\/div>\n<\/div>\n<div class=\"brz-columns brz-css-kyvtu brz-css-dxwhw\" data-custom-id=\"qpemktwzzs\">\n<div class=\"brz-column__items brz-css-texap brz-css-mpsry\">\n<div class=\"brz-css-hgopu brz-wrapper\">\n<div class=\"brz-embed-code brz-css-vseui\" data-custom-id=\"cwbyxfbeny\">\n<div class=\"brz-embed-content\">\n<div class>\n<div class=\"mySidebarcontainer\">\n<div class=\"mySidebarlink\">\n<div class=\"text\"><a href=\"\/es\/health-benefits.html\/\">Los beneficios para la salud<\/a><\/div>\n<\/p><\/div>\n<div class=\"mySidebarlink\">\n<div class=\"text\"><a href=\"\/es\/type-2-diabetes.html\/\">Diabetes tipo 2<\/a><\/div>\n<\/p><\/div>\n<div class=\"mySidebarlink\">\n<div class=\"text\"><a href=\"\/es\/high-blood-pressure-heart-disease.html\/\">Cardiopat\u00eda<\/a><\/div>\n<\/p><\/div>\n<div class=\"mySidebarlink\">\n<div class=\"text\"><a href=\"\/es\/dyslipidemia-high-cholesterol.html\/\">Colesterol alto<\/a><\/div>\n<\/p><\/div>\n<div class=\"mySidebarlink\">\n<div class=\"text\"><a href=\"\/es\/bone-and-joint-pain-arthritis.html\/\">Dolor de huesos y articulaciones<\/a><\/div>\n<\/p><\/div>\n<div class=\"mySidebarlink\">\n<div class=\"text\"><a href=\"\/es\/depression.html\/\">Depresi\u00f3n<\/a><\/div>\n<\/p><\/div>\n<div class=\"mySidebarlink\">\n<div class=\"text\"><a href=\"\/es\/sleep-apnea-and-respiratory-problems.html\/\">Apnea del sue\u00f1o<\/a><\/div>\n<\/p><\/div>\n<div class=\"mySidebarlink\">\n<div class=\"text\"><a href=\"\/es\/gastroesophageal-reflux-disease-gerd.html\/\">GERD<\/a><\/div>\n<\/p><\/div>\n<div class=\"mySidebarlink\">\n<div class=\"text\"><a href=\"\/es\/urinary-stress-incontinence.html\/\">Incontinencia urinaria<\/a><\/div>\n<\/p><\/div>\n<div class=\"mySidebarlink\">\n<div class=\"text\"><a href=\"\/es\/reproductive-health.html\/\">Salud reproductiva<\/a><\/div>\n<\/p><\/div>\n<\/div>\n<\/div>\n<\/div>\n<\/div>\n<\/div>\n<\/div>\n<\/div>\n<\/div>\n<\/div>\n<\/div>\n<\/div>\n<\/section>\n<section data-uid=\"mxytapsoeq\" id=\"mxytapsoeq\" class=\"brz-section brz-css-vbnyt\">\n<div class=\"brz-section__content brz-section--boxed brz-css-ypmbu brz-css-gfcqp\" data-custom-id=\"znuzuspabh\">\n<div class=\"brz-bg\">\n<div class=\"brz-bg-image\"><\/div>\n<div class=\"brz-bg-map\"><iframe class=\"brz-iframe intrinsic-ignore brz-bg-map__cover\" src=\"https:\/\/www.google.com\/maps\/embed\/v1\/place?key=AIzaSyCcywKcxXeMZiMwLDcLgyEnNglcLOyB_qw&q=Los Angeles&zoom=9\" style=\"display:block\"><\/iframe><\/div>\n<div class=\"brz-bg-color\"><\/div>\n<\/div>\n<div class=\"brz-container brz-css-qqowz brz-css-tvzdd\">\n<div class=\"brz-css-hgopu brz-css-tmgln brz-css-cvbkx brz-wrapper\">\n<div class=\"brz-spacer brz-css-wyzdf brz-css-uqnzf\"><\/div>\n<\/div>\n<div class=\"brz-row__container brz-css-bsjcr\" data-custom-id=\"pwvkqehifm\">\n<div class=\"brz-row brz-css-oyyug brz-css-focud\">\n<div class=\"brz-columns brz-css-kyvtu brz-css-qtgzr\" data-custom-id=\"lcpwgiyqaf\">\n<div class=\"brz-column__items brz-css-texap brz-css-xkihu\">\n<div class=\"brz-css-hgopu brz-css-pzkjk brz-wrapper\">\n<div class=\"brz-embed-code brz-css-vseui brz-css-fbupp\" data-custom-id=\"raedfnoozc\">\n<div class=\"brz-embed-content\">\n<div class><iframe frameborder=\"0\" id=\"frame-one653218838\" scrolling=\"yes\" src=\"https:\/\/fs17.formsite.com\/res\/showFormEmbed?EParam=B6fiTn%2BRcO6qS53MV5P2nGrgI846v8s2FzpUCZwnDno%3D&653218838&EmbedId=653218838&MobileResponsive\" title style=\"border: 0px; margin: 0px; padding: 0px; width: 100%;\" height=\"493\"><\/iframe><\/div>\n<\/div>\n<\/div>\n<\/div>\n<\/div>\n<\/div>\n<\/div>\n<\/div>\n<\/div>\n<\/div>\n<\/section>\n<\/div>\n<p><!-- version:1609777821 --><\/p>","protected":false},"excerpt":{"rendered":"<p>Depression Depression and Obesity Depression and obesity are two of the most common medical conditions out there, and among the most complex. The team of weight loss professionals at Dr. Feiz &#038; Associates wants you to understand that both of these are serious conditions that need to be addressed. How are depression and obesity related? [&hellip;]<\/p>\n","protected":false},"author":19,"featured_media":0,"parent":0,"menu_order":5,"comment_status":"closed","ping_status":"closed","template":"page-landing.php","meta":{"footnotes":""},"class_list":["post-844","page","type-page","status-publish","hentry"],"yoast_head":"<!-- This site is optimized with the Yoast SEO plugin v27.5 - https:\/\/yoast.com\/product\/yoast-seo-wordpress\/ -->\n<title>Obesity and Depression | Gastric Sleeve Surgery And Depression | Dr.Feiz<\/title>\n<meta name=\"description\" content=\"Depression is a life-threatening condition that comes with obesity. It can be improved with Dr Feiz\u2019s Gastric Sleeve Surgery. Click for details!\" \/>\n<meta name=\"robots\" content=\"index, follow, max-snippet:-1, max-image-preview:large, max-video-preview:-1\" \/>\n<link rel=\"canonical\" href=\"https:\/\/drfeiz.com\/es\/depression.html\/\" \/>\n<meta property=\"og:locale\" content=\"es_ES\" \/>\n<meta property=\"og:type\" content=\"article\" \/>\n<meta property=\"og:title\" content=\"Obesity and Depression | Gastric Sleeve Surgery And Depression | Dr.Feiz\" \/>\n<meta property=\"og:description\" content=\"Depression is a life-threatening condition that comes with obesity. It can be improved with Dr Feiz\u2019s Gastric Sleeve Surgery. Click for details!\" \/>\n<meta property=\"og:url\" content=\"https:\/\/drfeiz.com\/es\/depression.html\/\" \/>\n<meta property=\"og:site_name\" content=\"Weight Loss Surgery Los Angeles | Bariatric Surgeon &amp; Weight Loss Surgery\" \/>\n<meta property=\"article:publisher\" content=\"https:\/\/www.facebook.com\/DrFeiz\/\" \/>\n<meta property=\"article:modified_time\" content=\"2021-06-21T09:53:23+00:00\" \/>\n<meta name=\"twitter:card\" content=\"summary_large_image\" \/>\n<meta name=\"twitter:site\" content=\"@DrFeiz\" \/>\n<meta name=\"twitter:label1\" content=\"Tiempo de lectura\" \/>\n\t<meta name=\"twitter:data1\" content=\"4 minutos\" \/>\n<!-- \/ Yoast SEO plugin. -->","yoast_head_json":{"title":"Obesity and Depression | Gastric Sleeve Surgery And Depression | Dr.Feiz","description":"Depression is a life-threatening condition that comes with obesity. It can be improved with Dr Feiz\u2019s Gastric Sleeve Surgery. Click for details!","robots":{"index":"index","follow":"follow","max-snippet":"max-snippet:-1","max-image-preview":"max-image-preview:large","max-video-preview":"max-video-preview:-1"},"canonical":"https:\/\/drfeiz.com\/es\/depression.html\/","og_locale":"es_ES","og_type":"article","og_title":"Obesity and Depression | Gastric Sleeve Surgery And Depression | Dr.Feiz","og_description":"Depression is a life-threatening condition that comes with obesity. It can be improved with Dr Feiz\u2019s Gastric Sleeve Surgery. Click for details!","og_url":"https:\/\/drfeiz.com\/es\/depression.html\/","og_site_name":"Weight Loss Surgery Los Angeles | Bariatric Surgeon &amp; Weight Loss Surgery","article_publisher":"https:\/\/www.facebook.com\/DrFeiz\/","article_modified_time":"2021-06-21T09:53:23+00:00","twitter_card":"summary_large_image","twitter_site":"@DrFeiz","twitter_misc":{"Tiempo de lectura":"4 minutos"},"schema":{"@context":"https:\/\/schema.org","@graph":[{"@type":"WebPage","@id":"https:\/\/drfeiz.com\/depression.html","url":"https:\/\/drfeiz.com\/depression.html","name":"Obesity and Depression | Gastric Sleeve Surgery And Depression | Dr.Feiz","isPartOf":{"@id":"https:\/\/drfeiz.com\/#website"},"datePublished":"2009-04-20T21:06:33+00:00","dateModified":"2021-06-21T09:53:23+00:00","description":"Depression is a life-threatening condition that comes with obesity. It can be improved with Dr Feiz\u2019s Gastric Sleeve Surgery. Click for details!","breadcrumb":{"@id":"https:\/\/drfeiz.com\/depression.html#breadcrumb"},"inLanguage":"es","potentialAction":[{"@type":"ReadAction","target":["https:\/\/drfeiz.com\/depression.html"]}]},{"@type":"BreadcrumbList","@id":"https:\/\/drfeiz.com\/depression.html#breadcrumb","itemListElement":[{"@type":"ListItem","position":1,"name":"Home","item":"https:\/\/drfeiz.com\/"},{"@type":"ListItem","position":2,"name":"Depression"}]},{"@type":"WebSite","@id":"https:\/\/drfeiz.com\/#website","url":"https:\/\/drfeiz.com\/","name":"Weight Loss Surgery Los Angeles | Bariatric Surgeon &amp; Weight Loss Surgery","description":"Gastric Sleeve Gastrectomy in Los Angeles","potentialAction":[{"@type":"SearchAction","target":{"@type":"EntryPoint","urlTemplate":"https:\/\/drfeiz.com\/?s={search_term_string}"},"query-input":{"@type":"PropertyValueSpecification","valueRequired":true,"valueName":"search_term_string"}}],"inLanguage":"es"}]}},"_links":{"self":[{"href":"https:\/\/drfeiz.com\/es\/wp-json\/wp\/v2\/pages\/844","targetHints":{"allow":["GET"]}}],"collection":[{"href":"https:\/\/drfeiz.com\/es\/wp-json\/wp\/v2\/pages"}],"about":[{"href":"https:\/\/drfeiz.com\/es\/wp-json\/wp\/v2\/types\/page"}],"author":[{"embeddable":true,"href":"https:\/\/drfeiz.com\/es\/wp-json\/wp\/v2\/users\/19"}],"replies":[{"embeddable":true,"href":"https:\/\/drfeiz.com\/es\/wp-json\/wp\/v2\/comments?post=844"}],"version-history":[{"count":16,"href":"https:\/\/drfeiz.com\/es\/wp-json\/wp\/v2\/pages\/844\/revisions"}],"predecessor-version":[{"id":7512,"href":"https:\/\/drfeiz.com\/es\/wp-json\/wp\/v2\/pages\/844\/revisions\/7512"}],"wp:attachment":[{"href":"https:\/\/drfeiz.com\/es\/wp-json\/wp\/v2\/media?parent=844"}],"curies":[{"name":"wp","href":"https:\/\/api.w.org\/{rel}","templated":true}]}}