{"id":845,"date":"2009-04-20T21:08:12","date_gmt":"2009-04-20T21:08:12","guid":{"rendered":"http:\/\/drfeiz.flywheelsites.com\/sleep-apnea-and-respiratory-problems\/"},"modified":"2021-06-21T09:54:15","modified_gmt":"2021-06-21T09:54:15","slug":"sleep-apnea-and-respiratory-problems","status":"publish","type":"page","link":"https:\/\/drfeiz.com\/es\/sleep-apnea-and-respiratory-problems.html","title":{"rendered":"Apnea del sue\u00f1o y problemas respiratorios"},"content":{"rendered":"<div class=\"brz-root__container brz-reset-all\">\n<section data-uid=\"qavfizuros\" id=\"qavfizuros\" class=\"brz-section brz-css-glkcn\">\n<div class=\"brz-section__content brz-section--fullWidth brz-css-rvtfx brz-css-cltot\" data-custom-id=\"ktjzhnfyys\">\n<div class=\"brz-bg\">\n<div class=\"brz-bg-color\"><\/div>\n<\/div>\n<div class=\"brz-container brz-css-pzczv brz-css-ydobt\">\n<div class=\"brz-row__container brz-css-gpedp\" data-custom-id=\"gdekzwpdlf\">\n<div class=\"brz-row brz-css-orevp brz-css-agqrl\">\n<div class=\"brz-columns brz-css-vzjco brz-css-onpcd\" data-custom-id=\"dvibnikcdx\">\n<div class=\"brz-bg\">\n<div class=\"brz-bg-image\"><\/div>\n<div class=\"brz-bg-color\"><\/div>\n<\/div>\n<div class=\"brz-column__items brz-css-tbwki brz-css-prlgb\">\n<div class=\"brz-css-cjxhx brz-css-qdbyk brz-wrapper\">\n<div class=\"brz-rich-text brz-css-gqkwq\" data-custom-id=\"sezrvthwcq\">\n<h1 class=\"brz-text-lg-center brz-tp-heading1\"><span class=\"brz-cp-color8\">Sleep\u00a0Apnea and Respiratory Problems<\/span><\/h1>\n<\/div>\n<\/div>\n<\/div>\n<\/div>\n<div class=\"brz-columns brz-css-vzjco brz-css-sgcib\" data-custom-id=\"azurkingpi\">\n<div class=\"brz-bg\">\n<div class=\"brz-bg-image\"><\/div>\n<\/div>\n<div class=\"brz-column__items brz-css-tbwki brz-css-cuawj\"><\/div>\n<\/div>\n<div class=\"brz-columns brz-css-vzjco brz-css-vfmom\" data-custom-id=\"mtcurmgkrj\">\n<div class=\"brz-bg\">\n<div class=\"brz-bg-image\"><\/div>\n<\/div>\n<div class=\"brz-column__items brz-css-tbwki brz-css-ffzws\"><\/div>\n<\/div>\n<div class=\"brz-columns brz-css-vzjco brz-css-qyedc\" data-custom-id=\"ixmroisitg\">\n<div class=\"brz-bg\">\n<div class=\"brz-bg-image\"><\/div>\n<\/div>\n<div class=\"brz-column__items brz-css-tbwki brz-css-zipul\"><\/div>\n<\/div>\n<\/div>\n<\/div>\n<\/div>\n<\/div>\n<\/section>\n<section data-uid=\"osfwluxers\" id=\"osfwluxers\" class=\"brz-section brz-css-glkcn\">\n<div class=\"brz-section__content brz-section--fullWidth brz-css-rvtfx brz-css-venlr\" data-custom-id=\"wsbeqlxwbg\">\n<div class=\"brz-container brz-css-pzczv brz-css-zaxls\">\n<div class=\"brz-row__container brz-css-gpedp\" data-custom-id=\"dvmobqsfll\">\n<div class=\"brz-row brz-css-orevp\">\n<div class=\"brz-columns brz-css-vzjco brz-css-mpycl\" data-custom-id=\"wncvbdtxyv\">\n<div class=\"brz-column__items brz-css-tbwki brz-css-nnsid\">\n<div class=\"brz-css-cjxhx brz-wrapper h4\">\n<div class=\"brz-rich-text brz-css-gqkwq\" data-custom-id=\"vybufmstqq\">\n<h3 class=\"brz-tp-heading4\">Obesidad y apnea del sue\u00f1o<\/h3>\n<\/div>\n<\/div>\n<div class=\"brz-css-cjxhx brz-wrapper pt30 pb10\">\n<div class=\"brz-rich-text brz-css-gqkwq\" data-custom-id=\"llwwolwgjt\">\n<p class=\"brz-tp-paragraph\">Obstructive sleep apnea is when you stop breathing during sleep because soft tissue in the back of your throat collapses and closes your airway. Snoring can be an early sign of someone with obstructive sleep apnea. Morbid obesity is a leading cause of sleep apnea and other respiratory problems. The more your excess body weight, the more fat is pressing down on your chest and lungs. The result is a potentially dangerous disease.<\/p>\n<\/div>\n<\/div>\n<div class=\"brz-css-cjxhx brz-wrapper\">\n<div class=\"brz-rich-text brz-css-gqkwq\" data-custom-id=\"ccfhfkzqfj\">\n<p class=\"brz-tp-heading5\">\u00bfC\u00f3mo se mejora la apnea del sue\u00f1o y los problemas respiratorios a trav\u00e9s de la cirug\u00eda bari\u00e1trica?<\/p>\n<\/div>\n<\/div>\n<div class=\"brz-css-cjxhx brz-css-sknxg brz-wrapper\">\n<div class=\"brz-rich-text brz-css-gqkwq\" data-custom-id=\"dgtqjnwxjl\">\n<p class=\"brz-tp-paragraph\">Los datos cl\u00ednicos muestran que la apnea obstructiva del sue\u00f1o est\u00e1 presente en el 60% de los pacientes sometidos a una cirug\u00eda para bajar de peso.Reducir el exceso de peso corporal general reduce los dep\u00f3sitos de grasa en la lengua y el cuello que pueden causar apnea del sue\u00f1o.<\/p>\n<\/div>\n<\/div>\n<div class=\"brz-css-cjxhx brz-wrapper\">\n<div class=\"brz-rich-text brz-css-gqkwq\" data-custom-id=\"mrcxmsycon\">\n<p class=\"brz-tp-heading6\"><span style=\"color: rgb(44, 174, 226);\">\u00bfQu\u00e9 \u00e9xito han encontrado los pacientes con problemas respiratorios a trav\u00e9s de la cirug\u00eda bari\u00e1trica?<\/span><\/p>\n<\/div>\n<\/div>\n<div class=\"brz-css-cjxhx brz-wrapper\">\n<div class=\"brz-rich-text brz-css-gqkwq\" data-custom-id=\"laqiillsur\">\n<p class=\"brz-tp-paragraph\">Investigaciones recientes encontraron que la apnea obstructiva del sue\u00f1o se resolvi\u00f3 en el 85,7% de los pacientes despu\u00e9s de la cirug\u00eda de bypass g\u00e1strico. Muchas personas que padecen apnea del sue\u00f1o no est\u00e1n diagnosticadas. Si es obeso y se siente cansado y se queda dormido durante el d\u00eda y \/ o ronca mucho por la noche, hable con su m\u00e9dico sobre si\u00a0<a href=\"\/es\/qualifying-for-weight-loss-surgery.html\/\" style class=\"link--external\" data-brz-link-type=\"external\">calificar para la cirug\u00eda de p\u00e9rdida de peso<\/a>.<\/p>\n<\/div>\n<\/div>\n<\/div>\n<\/div>\n<div class=\"brz-columns brz-css-vzjco brz-css-uwkev\" data-custom-id=\"vqgrueevno\">\n<div class=\"brz-column__items brz-css-tbwki brz-css-ickyd\">\n<div class=\"brz-css-cjxhx brz-wrapper\">\n<div class=\"brz-embed-code brz-css-assjx\" data-custom-id=\"hlqnsqhkxo\">\n<div class=\"brz-embed-content\">\n<div class>\n<div class=\"mySidebarcontainer\">\n<div class=\"mySidebarlink\">\n<div class=\"text\"><a href=\"\/es\/health-benefits.html\/\">Los beneficios para la salud<\/a><\/div>\n<\/p><\/div>\n<div class=\"mySidebarlink\">\n<div class=\"text\"><a href=\"\/es\/type-2-diabetes.html\/\">Diabetes tipo 2<\/a><\/div>\n<\/p><\/div>\n<div class=\"mySidebarlink\">\n<div class=\"text\"><a href=\"\/es\/high-blood-pressure-heart-disease.html\/\">Cardiopat\u00eda<\/a><\/div>\n<\/p><\/div>\n<div class=\"mySidebarlink\">\n<div class=\"text\"><a href=\"\/es\/dyslipidemia-high-cholesterol.html\/\">Colesterol alto<\/a><\/div>\n<\/p><\/div>\n<div class=\"mySidebarlink\">\n<div class=\"text\"><a href=\"\/es\/bone-and-joint-pain-arthritis.html\/\">Dolor de huesos y articulaciones<\/a><\/div>\n<\/p><\/div>\n<div class=\"mySidebarlink\">\n<div class=\"text\"><a href=\"\/es\/depression.html\/\">Depresi\u00f3n<\/a><\/div>\n<\/p><\/div>\n<div class=\"mySidebarlink\">\n<div class=\"text\"><a href=\"\/es\/sleep-apnea-and-respiratory-problems.html\/\">Apnea del sue\u00f1o<\/a><\/div>\n<\/p><\/div>\n<div class=\"mySidebarlink\">\n<div class=\"text\"><a href=\"\/es\/gastroesophageal-reflux-disease-gerd.html\/\">GERD<\/a><\/div>\n<\/p><\/div>\n<div class=\"mySidebarlink\">\n<div class=\"text\"><a href=\"\/es\/urinary-stress-incontinence.html\/\">Incontinencia urinaria<\/a><\/div>\n<\/p><\/div>\n<div class=\"mySidebarlink\">\n<div class=\"text\"><a href=\"\/es\/reproductive-health.html\/\">Salud reproductiva<\/a><\/div>\n<\/p><\/div>\n<\/div>\n<\/div>\n<\/div>\n<\/div>\n<\/div>\n<\/div>\n<\/div>\n<\/div>\n<\/div>\n<\/div>\n<\/div>\n<\/section>\n<section data-uid=\"ekzygbvdlf\" id=\"ekzygbvdlf\" class=\"brz-section brz-css-glkcn\">\n<div class=\"brz-section__content brz-section--boxed brz-css-rvtfx brz-css-perha\" data-custom-id=\"zwmwfngsnp\">\n<div class=\"brz-bg\">\n<div class=\"brz-bg-image\"><\/div>\n<div class=\"brz-bg-map\"><iframe class=\"brz-iframe intrinsic-ignore brz-bg-map__cover\" src=\"https:\/\/www.google.com\/maps\/embed\/v1\/place?key=AIzaSyCcywKcxXeMZiMwLDcLgyEnNglcLOyB_qw&q=Los Angeles&zoom=9\" style=\"display:block\"><\/iframe><\/div>\n<div class=\"brz-bg-color\"><\/div>\n<\/div>\n<div class=\"brz-container brz-css-pzczv brz-css-mqlrz\">\n<div class=\"brz-css-cjxhx brz-css-cgdyv brz-css-zjzuw brz-wrapper\">\n<div class=\"brz-spacer brz-css-ykneh brz-css-ccgjf\"><\/div>\n<\/div>\n<div class=\"brz-row__container brz-css-gpedp\" data-custom-id=\"ccasjduyll\">\n<div class=\"brz-row brz-css-orevp brz-css-agqrl\">\n<div class=\"brz-columns brz-css-vzjco brz-css-wckbo\" data-custom-id=\"wgkzykjnch\">\n<div class=\"brz-column__items brz-css-tbwki brz-css-cxujl\">\n<div class=\"brz-css-cjxhx brz-css-hspnn brz-wrapper\">\n<div class=\"brz-embed-code brz-css-assjx brz-css-tocdg\" data-custom-id=\"cfihvtlgms\">\n<div class=\"brz-embed-content\">\n<div class><iframe frameborder=\"0\" id=\"frame-one653218838\" scrolling=\"yes\" src=\"https:\/\/fs17.formsite.com\/res\/showFormEmbed?EParam=B6fiTn%2BRcO6qS53MV5P2nGrgI846v8s2FzpUCZwnDno%3D&653218838&EmbedId=653218838&MobileResponsive\" title style=\"border: 0px; margin: 0px; padding: 0px; width: 100%;\" height=\"493\"><\/iframe><\/div>\n<\/div>\n<\/div>\n<\/div>\n<\/div>\n<\/div>\n<\/div>\n<\/div>\n<\/div>\n<\/div>\n<\/section>\n<\/div>\n<p><!-- version:1609839532 --><\/p>","protected":false},"excerpt":{"rendered":"<p>Sleep\u00a0Apnea and Respiratory Problems Obesity and Sleep Apnea Obstructive sleep apnea is when you stop breathing during sleep because soft tissue in the back of your throat collapses and closes your airway. Snoring can be an early sign of someone with obstructive sleep apnea. Morbid obesity is a leading cause of sleep apnea and other [&hellip;]<\/p>\n","protected":false},"author":19,"featured_media":0,"parent":0,"menu_order":4,"comment_status":"closed","ping_status":"closed","template":"page-landing.php","meta":{"footnotes":""},"class_list":["post-845","page","type-page","status-publish","hentry"],"yoast_head":"<!-- This site is optimized with the Yoast SEO plugin v27.5 - https:\/\/yoast.com\/product\/yoast-seo-wordpress\/ -->\n<title>Bariatric Surgery Sleep Apnea | Sleep Apnea And Weight Loss Surgery<\/title>\n<meta name=\"description\" content=\"Does your obesity make you feel tired &amp; sleepy? Visit Dr Feiz now. 85.7% of sleep apnea patients have seen progress with Bariatric Surgery.\" \/>\n<meta name=\"robots\" content=\"index, follow, max-snippet:-1, max-image-preview:large, max-video-preview:-1\" \/>\n<link rel=\"canonical\" href=\"https:\/\/drfeiz.com\/es\/sleep-apnea-and-respiratory-problems.html\" \/>\n<meta property=\"og:locale\" content=\"es_ES\" \/>\n<meta property=\"og:type\" content=\"article\" \/>\n<meta property=\"og:title\" content=\"Bariatric Surgery Sleep Apnea | Sleep Apnea And Weight Loss Surgery\" \/>\n<meta property=\"og:description\" content=\"Does your obesity make you feel tired &amp; sleepy? Visit Dr Feiz now. 85.7% of sleep apnea patients have seen progress with Bariatric Surgery.\" \/>\n<meta property=\"og:url\" content=\"https:\/\/drfeiz.com\/es\/sleep-apnea-and-respiratory-problems.html\" \/>\n<meta property=\"og:site_name\" content=\"Weight Loss Surgery Los Angeles | Bariatric Surgeon &amp; Weight Loss Surgery\" \/>\n<meta property=\"article:publisher\" content=\"https:\/\/www.facebook.com\/DrFeiz\/\" \/>\n<meta property=\"article:modified_time\" content=\"2021-06-21T09:54:15+00:00\" \/>\n<meta name=\"twitter:card\" content=\"summary_large_image\" \/>\n<meta name=\"twitter:site\" content=\"@DrFeiz\" \/>\n<meta name=\"twitter:label1\" content=\"Tiempo de lectura\" \/>\n\t<meta name=\"twitter:data1\" content=\"1 minuto\" \/>\n<!-- \/ Yoast SEO plugin. -->","yoast_head_json":{"title":"Bariatric Surgery Sleep Apnea | Sleep Apnea And Weight Loss Surgery","description":"Does your obesity make you feel tired & sleepy? Visit Dr Feiz now. 85.7% of sleep apnea patients have seen progress with Bariatric Surgery.","robots":{"index":"index","follow":"follow","max-snippet":"max-snippet:-1","max-image-preview":"max-image-preview:large","max-video-preview":"max-video-preview:-1"},"canonical":"https:\/\/drfeiz.com\/es\/sleep-apnea-and-respiratory-problems.html","og_locale":"es_ES","og_type":"article","og_title":"Bariatric Surgery Sleep Apnea | Sleep Apnea And Weight Loss Surgery","og_description":"Does your obesity make you feel tired & sleepy? Visit Dr Feiz now. 85.7% of sleep apnea patients have seen progress with Bariatric Surgery.","og_url":"https:\/\/drfeiz.com\/es\/sleep-apnea-and-respiratory-problems.html","og_site_name":"Weight Loss Surgery Los Angeles | Bariatric Surgeon &amp; Weight Loss Surgery","article_publisher":"https:\/\/www.facebook.com\/DrFeiz\/","article_modified_time":"2021-06-21T09:54:15+00:00","twitter_card":"summary_large_image","twitter_site":"@DrFeiz","twitter_misc":{"Tiempo de lectura":"1 minuto"},"schema":{"@context":"https:\/\/schema.org","@graph":[{"@type":"WebPage","@id":"https:\/\/drfeiz.com\/es\/sleep-apnea-and-respiratory-problems.html","url":"https:\/\/drfeiz.com\/es\/sleep-apnea-and-respiratory-problems.html","name":"Bariatric Surgery Sleep Apnea | Sleep Apnea And Weight Loss Surgery","isPartOf":{"@id":"https:\/\/drfeiz.com\/#website"},"datePublished":"2009-04-20T21:08:12+00:00","dateModified":"2021-06-21T09:54:15+00:00","description":"Does your obesity make you feel tired & sleepy? Visit Dr Feiz now. 85.7% of sleep apnea patients have seen progress with Bariatric Surgery.","breadcrumb":{"@id":"https:\/\/drfeiz.com\/es\/sleep-apnea-and-respiratory-problems.html#breadcrumb"},"inLanguage":"es","potentialAction":[{"@type":"ReadAction","target":["https:\/\/drfeiz.com\/es\/sleep-apnea-and-respiratory-problems.html"]}]},{"@type":"BreadcrumbList","@id":"https:\/\/drfeiz.com\/es\/sleep-apnea-and-respiratory-problems.html#breadcrumb","itemListElement":[{"@type":"ListItem","position":1,"name":"Home","item":"https:\/\/drfeiz.com\/"},{"@type":"ListItem","position":2,"name":"Sleep Apnea and Respiratory Problems"}]},{"@type":"WebSite","@id":"https:\/\/drfeiz.com\/#website","url":"https:\/\/drfeiz.com\/","name":"Weight Loss Surgery Los Angeles | Bariatric Surgeon &amp; Weight Loss Surgery","description":"Gastric Sleeve Gastrectomy in Los Angeles","potentialAction":[{"@type":"SearchAction","target":{"@type":"EntryPoint","urlTemplate":"https:\/\/drfeiz.com\/?s={search_term_string}"},"query-input":{"@type":"PropertyValueSpecification","valueRequired":true,"valueName":"search_term_string"}}],"inLanguage":"es"}]}},"_links":{"self":[{"href":"https:\/\/drfeiz.com\/es\/wp-json\/wp\/v2\/pages\/845","targetHints":{"allow":["GET"]}}],"collection":[{"href":"https:\/\/drfeiz.com\/es\/wp-json\/wp\/v2\/pages"}],"about":[{"href":"https:\/\/drfeiz.com\/es\/wp-json\/wp\/v2\/types\/page"}],"author":[{"embeddable":true,"href":"https:\/\/drfeiz.com\/es\/wp-json\/wp\/v2\/users\/19"}],"replies":[{"embeddable":true,"href":"https:\/\/drfeiz.com\/es\/wp-json\/wp\/v2\/comments?post=845"}],"version-history":[{"count":13,"href":"https:\/\/drfeiz.com\/es\/wp-json\/wp\/v2\/pages\/845\/revisions"}],"predecessor-version":[{"id":7514,"href":"https:\/\/drfeiz.com\/es\/wp-json\/wp\/v2\/pages\/845\/revisions\/7514"}],"wp:attachment":[{"href":"https:\/\/drfeiz.com\/es\/wp-json\/wp\/v2\/media?parent=845"}],"curies":[{"name":"wp","href":"https:\/\/api.w.org\/{rel}","templated":true}]}}