{"id":846,"date":"2009-04-20T21:10:19","date_gmt":"2009-04-20T21:10:19","guid":{"rendered":"http:\/\/drfeiz.flywheelsites.com\/gastroesophageal-reflux-disease-gerd-2\/"},"modified":"2021-06-21T09:55:59","modified_gmt":"2021-06-21T09:55:59","slug":"gastroesophageal-reflux-disease-gerd","status":"publish","type":"page","link":"https:\/\/drfeiz.com\/es\/gastroesophageal-reflux-disease-gerd.html","title":{"rendered":"Enfermedad por reflujo gastroesof\u00e1gico (ERGE)"},"content":{"rendered":"<section class=\"fw-main-row\">\n<div class=\"fw-container\">\n<div class=\"fw-row\">\n<div class=\"fw-col-xs-12 fw-col-sm-9\">\n<div class=\"fw-divider-space\" style=\"padding-top: 50px\"><\/div>\n<p><p class=\"post-content\">Conocida com\u00fanmente como acidez de est\u00f3mago, la ERGE no solo es inc\u00f3moda, es un factor de riesgo para una serie de enfermedades graves, incluido el c\u00e1ncer de es\u00f3fago, y a menudo se asocia con la obesidad. Este es uno de los problemas m\u00e1s comunes que afectan tanto al sistema digestivo como al respiratorio. Sin embargo, mucho m\u00e1s grave, la ERGE tambi\u00e9n puede ser un factor de riesgo para una serie de problemas de salud graves, incluido el c\u00e1ncer de es\u00f3fago. Adem\u00e1s, en algunos casos, los s\u00edntomas en s\u00ed pueden ir m\u00e1s all\u00e1 del dolor y el malestar ocasional en el pecho y pueden incluir dificultad para tragar, ronquera persistente o dolor de garganta, problemas dentales, sensaciones de ahogo e incluso neumon\u00eda recurrente. La ERGE a menudo se relaciona con una hernia de hiato, en la que una parte del est\u00f3mago sobresale a trav\u00e9s del diafragma, lo que hace que el \u00e1cido ingrese al es\u00f3fago.<\/p>\n<p class=\"post-content\">Michael Feiz, M.D., F.A.C.S. ha realizado reparaciones de hernias de hiato durante muchos a\u00f1os y ha ayudado a innumerables pacientes al aliviar el dolor, el estr\u00e9s y los riesgos de salud a largo plazo asociados con la ERGE. Este procedimiento est\u00e1 dise\u00f1ado para evitar que las partes externas del est\u00f3mago y el diafragma entren en contacto. Puede ser especialmente recomendable para los pacientes que no experimentan alivio con los medicamentos o que pueden tener motivos para querer evitarlos.<\/p>\n<\/p>\n<div class=\"fw-divider-space\" style=\"padding-top: 25px\"><\/div>\n<p><h3 class=\"h4\">\u00bfC\u00f3mo se realiza hiatal hernia repair?<\/h3>\n<p class=\"post-content\">Al igual que muchos procedimientos modernos, la reparaci\u00f3n de una hernia de hiato se realiza t\u00edpicamente con el uso de cirug\u00eda laparosc\u00f3pica m\u00ednimamente invasiva. En este tipo de procedimiento, el uso de una c\u00e1mara altamente miniaturizada e instrumentos avanzados en miniatura permite un n\u00famero m\u00ednimo de incisiones extremadamente peque\u00f1as para corregir la hernia de hiato. Cuando es ejecutado por un cirujano altamente calificado y experimentado como el Dr. Feiz, el procedimiento tiene un historial constante de \u00e9xito.<\/p>\n<\/p>\n<div class=\"fw-divider-space\" style=\"padding-top: 25px\"><\/div>\n<p><h4 class=\"h6\">Hernias hiatos y obesidad<\/h4>\n<p class=\"post-content\">Many cases of GERD and hiatal hernia are directly related to obesity.&nbsp; In cases where patients have severe obesity, it may make sense to obtain both a weight loss procedure and a hiatal hernia repair at the same time. As one of Southern California\u2019s best known and most respected board certified bariatric surgeons, Dr. Feiz has often performed procedures such as a sleeve gastrectomy in combination with a hiatal hernia repair.<\/p>\n<p class=\"post-content\">Si bien siempre es recomendable que los pacientes controlen su peso por s\u00ed mismos cuando sea posible, como la mayor\u00eda de nosotros sabemos, perder peso y mantenerlo puede ser una tarea extremadamente dif\u00edcil, y mucho m\u00e1s dif\u00edcil para las personas con problemas de peso m\u00e1s graves. Un paciente que tiene un IMC (\u00edndice de masa corporal) de 40 o m\u00e1s, o de 35 o m\u00e1s con problemas de salud relacionados con el peso, incluida la ERGE, puede calificar para un procedimiento.<\/p>\n<\/p>\n<div class=\"fw-divider-space\" style=\"padding-top: 25px\"><\/div>\n<p><h4 class=\"h6\">Empezar<\/h4>\n<p class=\"post-content\">La \u00fanica forma de saber si es candidato para una hernia de hiato y \/ o un procedimiento de p\u00e9rdida de peso es mediante una consulta con un m\u00e9dico calificado. El Dr. Feiz se complace en conocer a cualquier persona que sufra de ERGE persistente y \/ o obesidad severa. Para comenzar, ll\u00e1menos al n\u00famero que aparece en esta p\u00e1gina o comun\u00edquese con nosotros por correo electr\u00f3nico a trav\u00e9s de <a href=\"\/es\/contact-us.html\/\">nuestra pagina de contacto<\/a>.<\/p>\n<\/p>\n<div class=\"fw-divider-space\" style=\"padding-top: 50px\"><\/div>\n<\/div>\n<div class=\"fw-col-xs-12 fw-col-sm-3\">\n<div class=\"shortcode-widget-area\">\n<div class=\"textwidget custom-html-widget\">\n<div class=\"fw-divider-space\" style=\"padding-top: 50px\"><\/div>\n<div class=\"Mysidenav\">\n\t<a href=\"\/es\/health-benefits.html\/\" target=\"\" rel=\"noopener\">Beneficios de la salud<\/a><br \/>\n\t<a href=\"\/es\/type-2-diabetes.html\/\" target=\"\" rel=\"noopener\">Diabetes tipo 2<\/a><br \/>\n\t<a href=\"\/es\/high-blood-pressure-heart-disease.html\/\" target=\"\" rel=\"noopener\">Cardiopat\u00eda<\/a><br \/>\n\t<a href=\"\/es\/dyslipidemia-high-cholesterol.html\/\" target=\"\" rel=\"noopener\">Colesterol alto<\/a><br \/>\n\t<a href=\"\/es\/bone-and-joint-pain-arthritis.html\/\" target=\"\" rel=\"noopener\">Dolor de huesos y articulaciones<\/a><br \/>\n\t<a href=\"\/es\/depression.html\/\" target=\"\" rel=\"noopener\">Depresi\u00f3n<\/a><br \/>\n\t<a href=\"\/es\/sleep-apnea-and-respiratory-problems.html\/\" target=\"\" rel=\"noopener\">Apnea del sue\u00f1o<\/a><br \/>\n\t<a href=\"\/es\/gastroesophageal-reflux-disease-gerd.html\/\" target=\"\" rel=\"noopener\">GERD<\/a><br \/>\n\t<a href=\"\/es\/urinary-stress-incontinence.html\/\" target=\"\" rel=\"noopener\">Incontinencia urinaria<\/a><br \/>\n\t<a href=\"\/es\/reproductive-health.html\/\" target=\"\" rel=\"noopener\">Salud reproductiva<\/a>\n<\/div>\n<div class=\"fw-divider-space\" style=\"padding-top: 20px\"><\/div>\n<\/div>\n<\/div>\n<div class=\"shortcode-widget-area\">\n<div class=\"textwidget custom-html-widget\"><a id=\"formAnchor653218838\" name=\"form653218838\"><\/a><\/p>\n<\/div>\n<\/div>\n<\/div>\n<\/div><\/div>\n<\/section>\n<p><!-- 2619a19146c7bc8e279a4a38bfacb351 --><\/p>","protected":false},"excerpt":{"rendered":"<p>Known commonly as heartburn, GERD is not only uncomfortable, it is a risk factor for a number of serious illnesses including esophageal cancer and is often associated with obesity. This is one of the most common problems impacting both the digestive and the respiratory system. Much more seriously, however, GERD can also be a risk [&hellip;]<\/p>\n","protected":false},"author":19,"featured_media":0,"parent":0,"menu_order":3,"comment_status":"closed","ping_status":"closed","template":"page-landing.php","meta":{"footnotes":""},"class_list":["post-846","page","type-page","status-publish","hentry"],"yoast_head":"<!-- This site is optimized with the Yoast SEO plugin v27.5 - https:\/\/yoast.com\/product\/yoast-seo-wordpress\/ -->\n<title>Gerd And Bariatric Surgery | Best Weight Loss Surgery For Gerd<\/title>\n<meta name=\"description\" content=\"GERD can become the reason for many serious illnesses, but it can be improved by relieving stress and pain with bariatric surgery. Contact Now!\" \/>\n<meta name=\"robots\" content=\"index, follow, max-snippet:-1, max-image-preview:large, max-video-preview:-1\" \/>\n<link rel=\"canonical\" href=\"https:\/\/drfeiz.com\/es\/gastroesophageal-reflux-disease-gerd.html\" \/>\n<meta property=\"og:locale\" content=\"es_ES\" \/>\n<meta property=\"og:type\" content=\"article\" \/>\n<meta property=\"og:title\" content=\"Gerd And Bariatric Surgery | Best Weight Loss Surgery For Gerd\" \/>\n<meta property=\"og:description\" content=\"GERD can become the reason for many serious illnesses, but it can be improved by relieving stress and pain with bariatric surgery. Contact Now!\" \/>\n<meta property=\"og:url\" content=\"https:\/\/drfeiz.com\/es\/gastroesophageal-reflux-disease-gerd.html\" \/>\n<meta property=\"og:site_name\" content=\"Weight Loss Surgery Los Angeles | Bariatric Surgeon &amp; Weight Loss Surgery\" \/>\n<meta property=\"article:publisher\" content=\"https:\/\/www.facebook.com\/DrFeiz\/\" \/>\n<meta property=\"article:modified_time\" content=\"2021-06-21T09:55:59+00:00\" \/>\n<meta name=\"twitter:card\" content=\"summary_large_image\" \/>\n<meta name=\"twitter:site\" content=\"@DrFeiz\" \/>\n<meta name=\"twitter:label1\" content=\"Tiempo de lectura\" \/>\n\t<meta name=\"twitter:data1\" content=\"3 minutos\" \/>\n<!-- \/ Yoast SEO plugin. -->","yoast_head_json":{"title":"Gerd And Bariatric Surgery | Best Weight Loss Surgery For Gerd","description":"GERD can become the reason for many serious illnesses, but it can be improved by relieving stress and pain with bariatric surgery. Contact Now!","robots":{"index":"index","follow":"follow","max-snippet":"max-snippet:-1","max-image-preview":"max-image-preview:large","max-video-preview":"max-video-preview:-1"},"canonical":"https:\/\/drfeiz.com\/es\/gastroesophageal-reflux-disease-gerd.html","og_locale":"es_ES","og_type":"article","og_title":"Gerd And Bariatric Surgery | Best Weight Loss Surgery For Gerd","og_description":"GERD can become the reason for many serious illnesses, but it can be improved by relieving stress and pain with bariatric surgery. Contact Now!","og_url":"https:\/\/drfeiz.com\/es\/gastroesophageal-reflux-disease-gerd.html","og_site_name":"Weight Loss Surgery Los Angeles | Bariatric Surgeon &amp; Weight Loss Surgery","article_publisher":"https:\/\/www.facebook.com\/DrFeiz\/","article_modified_time":"2021-06-21T09:55:59+00:00","twitter_card":"summary_large_image","twitter_site":"@DrFeiz","twitter_misc":{"Tiempo de lectura":"3 minutos"},"schema":{"@context":"https:\/\/schema.org","@graph":[{"@type":"WebPage","@id":"https:\/\/drfeiz.com\/es\/gastroesophageal-reflux-disease-gerd.html","url":"https:\/\/drfeiz.com\/es\/gastroesophageal-reflux-disease-gerd.html","name":"Gerd And Bariatric Surgery | Best Weight Loss Surgery For Gerd","isPartOf":{"@id":"https:\/\/drfeiz.com\/#website"},"datePublished":"2009-04-20T21:10:19+00:00","dateModified":"2021-06-21T09:55:59+00:00","description":"GERD can become the reason for many serious illnesses, but it can be improved by relieving stress and pain with bariatric surgery. Contact Now!","breadcrumb":{"@id":"https:\/\/drfeiz.com\/es\/gastroesophageal-reflux-disease-gerd.html#breadcrumb"},"inLanguage":"es","potentialAction":[{"@type":"ReadAction","target":["https:\/\/drfeiz.com\/es\/gastroesophageal-reflux-disease-gerd.html"]}]},{"@type":"BreadcrumbList","@id":"https:\/\/drfeiz.com\/es\/gastroesophageal-reflux-disease-gerd.html#breadcrumb","itemListElement":[{"@type":"ListItem","position":1,"name":"Home","item":"https:\/\/drfeiz.com\/"},{"@type":"ListItem","position":2,"name":"Gastroesophageal Reflux Disease (GERD)"}]},{"@type":"WebSite","@id":"https:\/\/drfeiz.com\/#website","url":"https:\/\/drfeiz.com\/","name":"Weight Loss Surgery Los Angeles | Bariatric Surgeon &amp; Weight Loss Surgery","description":"Gastric Sleeve Gastrectomy in Los Angeles","potentialAction":[{"@type":"SearchAction","target":{"@type":"EntryPoint","urlTemplate":"https:\/\/drfeiz.com\/?s={search_term_string}"},"query-input":{"@type":"PropertyValueSpecification","valueRequired":true,"valueName":"search_term_string"}}],"inLanguage":"es"}]}},"_links":{"self":[{"href":"https:\/\/drfeiz.com\/es\/wp-json\/wp\/v2\/pages\/846","targetHints":{"allow":["GET"]}}],"collection":[{"href":"https:\/\/drfeiz.com\/es\/wp-json\/wp\/v2\/pages"}],"about":[{"href":"https:\/\/drfeiz.com\/es\/wp-json\/wp\/v2\/types\/page"}],"author":[{"embeddable":true,"href":"https:\/\/drfeiz.com\/es\/wp-json\/wp\/v2\/users\/19"}],"replies":[{"embeddable":true,"href":"https:\/\/drfeiz.com\/es\/wp-json\/wp\/v2\/comments?post=846"}],"version-history":[{"count":9,"href":"https:\/\/drfeiz.com\/es\/wp-json\/wp\/v2\/pages\/846\/revisions"}],"predecessor-version":[{"id":7515,"href":"https:\/\/drfeiz.com\/es\/wp-json\/wp\/v2\/pages\/846\/revisions\/7515"}],"wp:attachment":[{"href":"https:\/\/drfeiz.com\/es\/wp-json\/wp\/v2\/media?parent=846"}],"curies":[{"name":"wp","href":"https:\/\/api.w.org\/{rel}","templated":true}]}}