{"id":847,"date":"2009-04-20T21:17:22","date_gmt":"2009-04-20T21:17:22","guid":{"rendered":"http:\/\/drfeiz.flywheelsites.com\/urinary-stress-incontinence\/"},"modified":"2021-06-21T09:56:50","modified_gmt":"2021-06-21T09:56:50","slug":"urinary-stress-incontinence","status":"publish","type":"page","link":"https:\/\/drfeiz.com\/es\/urinary-stress-incontinence.html","title":{"rendered":"Incontinencia urinaria de esfuerzo"},"content":{"rendered":"<section class=\"fw-main-row\">\n<div class=\"fw-container\">\n<div class=\"fw-row\">\n<div class=\"fw-col-xs-12 fw-col-sm-9\">\n<div class=\"fw-divider-space\" style=\"padding-top: 50px\"><\/div>\n<p><h2 class=\"h3\">Incontinencia urinaria y obesidad<\/h2>\n<p class=\"post-content\">La micci\u00f3n involuntaria es un problema frecuente que afecta a las mujeres obesas porque el exceso de peso puede debilitar los m\u00fasculos p\u00e9lvicos.Los estudios han demostrado que la cirug\u00eda bari\u00e1trica puede ayudar a revertir el problema en la gran mayor\u00eda de los casos. <\/p>\n<\/p>\n<div class=\"fw-divider-space\" style=\"padding-top: 25px\"><\/div>\n<p><h3 class=\"h4\">\u00bfLa cirug\u00eda para bajar de peso ayuda con la incontinencia urinaria?<\/h3>\n<p class=\"post-content\">Bariatric surgery has been found to improve urinary stress incontinence.&nbsp; Less weight is placed on the bladder, and other physical changes take place to improve this condition.<\/p>\n<\/p>\n<div class=\"fw-divider-space\" style=\"padding-top: 25px\"><\/div>\n<p><h4 class=\"h6\">\u00bfQu\u00e9 \u00e9xito han obtenido los pacientes mediante la cirug\u00eda bari\u00e1trica?<\/h4>\n<p class=\"post-content\">Un estudio de 2000 de 500 pacientes mostr\u00f3 una resoluci\u00f3n del 97% de la incontinencia urinaria de esfuerzo en pacientes despu\u00e9s de una cirug\u00eda de bypass g\u00e1strico.<\/p>\n<\/p>\n<\/div>\n<div class=\"fw-col-xs-12 fw-col-sm-3\">\n<div class=\"shortcode-widget-area\">\n<div class=\"textwidget custom-html-widget\">\n<div class=\"fw-divider-space\" style=\"padding-top: 50px\"><\/div>\n<div class=\"Mysidenav\">\n\t<a href=\"\/es\/health-benefits.html\/\" target=\"\" rel=\"noopener\">Beneficios de la salud<\/a><br \/>\n\t<a href=\"\/es\/type-2-diabetes.html\/\" target=\"\" rel=\"noopener\">Diabetes tipo 2<\/a><br \/>\n\t<a href=\"\/es\/high-blood-pressure-heart-disease.html\/\" target=\"\" rel=\"noopener\">Cardiopat\u00eda<\/a><br \/>\n\t<a href=\"\/es\/dyslipidemia-high-cholesterol.html\/\" target=\"\" rel=\"noopener\">Colesterol alto<\/a><br \/>\n\t<a href=\"\/es\/bone-and-joint-pain-arthritis.html\/\" target=\"\" rel=\"noopener\">Dolor de huesos y articulaciones<\/a><br \/>\n\t<a href=\"\/es\/depression.html\/\" target=\"\" rel=\"noopener\">Depresi\u00f3n<\/a><br \/>\n\t<a href=\"\/es\/sleep-apnea-and-respiratory-problems.html\/\" target=\"\" rel=\"noopener\">Apnea del sue\u00f1o<\/a><br \/>\n\t<a href=\"\/es\/gastroesophageal-reflux-disease-gerd.html\/\" target=\"\" rel=\"noopener\">GERD<\/a><br \/>\n\t<a href=\"\/es\/urinary-stress-incontinence.html\/\" target=\"\" rel=\"noopener\">Incontinencia urinaria<\/a><br \/>\n\t<a href=\"\/es\/reproductive-health.html\/\" target=\"\" rel=\"noopener\">Salud reproductiva<\/a>\n<\/div>\n<div class=\"fw-divider-space\" style=\"padding-top: 20px\"><\/div>\n<\/div>\n<\/div>\n<div class=\"shortcode-widget-area\">\n<div class=\"textwidget custom-html-widget\"><a id=\"formAnchor653218838\" name=\"form653218838\"><\/a><\/p>\n<\/div>\n<\/div>\n<\/div>\n<\/div><\/div>\n<\/section>\n<p><!-- 6f60285ede2500a69eab01e4099d60d6 --><\/p>","protected":false},"excerpt":{"rendered":"<p>Urinary Incontinence and Obesity Involuntary urination is a frequent issue affecting obese women because excess weight can weaken pelvic muscles. Studies have shown that bariatric surgery can help to reverse the issue in the large majority of cases. Does weight loss surgery help with urinary incontinence? Bariatric surgery has been found to improve urinary stress [&hellip;]<\/p>\n","protected":false},"author":19,"featured_media":0,"parent":0,"menu_order":2,"comment_status":"closed","ping_status":"closed","template":"page-landing.php","meta":{"footnotes":""},"class_list":["post-847","page","type-page","status-publish","hentry"],"yoast_head":"<!-- This site is optimized with the Yoast SEO plugin v27.5 - https:\/\/yoast.com\/product\/yoast-seo-wordpress\/ -->\n<title>Weight Loss And Urinary Incontinence | Urinary Stress Incontinence<\/title>\n<meta name=\"description\" content=\"Are you struggling with involuntary urination? Our weight loss procedures and urinary incontinence are linked &amp; will help to reverse the issue.\" \/>\n<meta name=\"robots\" content=\"index, follow, max-snippet:-1, max-image-preview:large, max-video-preview:-1\" \/>\n<link rel=\"canonical\" href=\"https:\/\/drfeiz.com\/es\/urinary-stress-incontinence.html\/\" \/>\n<meta property=\"og:locale\" content=\"es_ES\" \/>\n<meta property=\"og:type\" content=\"article\" \/>\n<meta property=\"og:title\" content=\"Weight Loss And Urinary Incontinence | Urinary Stress Incontinence\" \/>\n<meta property=\"og:description\" content=\"Are you struggling with involuntary urination? Our weight loss procedures and urinary incontinence are linked &amp; will help to reverse the issue.\" \/>\n<meta property=\"og:url\" content=\"https:\/\/drfeiz.com\/es\/urinary-stress-incontinence.html\/\" \/>\n<meta property=\"og:site_name\" content=\"Weight Loss Surgery Los Angeles | Bariatric Surgeon &amp; Weight Loss Surgery\" \/>\n<meta property=\"article:publisher\" content=\"https:\/\/www.facebook.com\/DrFeiz\/\" \/>\n<meta property=\"article:modified_time\" content=\"2021-06-21T09:56:50+00:00\" \/>\n<meta name=\"twitter:card\" content=\"summary_large_image\" \/>\n<meta name=\"twitter:site\" content=\"@DrFeiz\" \/>\n<meta name=\"twitter:label1\" content=\"Tiempo de lectura\" \/>\n\t<meta name=\"twitter:data1\" content=\"1 minuto\" \/>\n<!-- \/ Yoast SEO plugin. -->","yoast_head_json":{"title":"Weight Loss And Urinary Incontinence | Urinary Stress Incontinence","description":"Are you struggling with involuntary urination? Our weight loss procedures and urinary incontinence are linked & will help to reverse the issue.","robots":{"index":"index","follow":"follow","max-snippet":"max-snippet:-1","max-image-preview":"max-image-preview:large","max-video-preview":"max-video-preview:-1"},"canonical":"https:\/\/drfeiz.com\/es\/urinary-stress-incontinence.html\/","og_locale":"es_ES","og_type":"article","og_title":"Weight Loss And Urinary Incontinence | Urinary Stress Incontinence","og_description":"Are you struggling with involuntary urination? Our weight loss procedures and urinary incontinence are linked & will help to reverse the issue.","og_url":"https:\/\/drfeiz.com\/es\/urinary-stress-incontinence.html\/","og_site_name":"Weight Loss Surgery Los Angeles | Bariatric Surgeon &amp; Weight Loss Surgery","article_publisher":"https:\/\/www.facebook.com\/DrFeiz\/","article_modified_time":"2021-06-21T09:56:50+00:00","twitter_card":"summary_large_image","twitter_site":"@DrFeiz","twitter_misc":{"Tiempo de lectura":"1 minuto"},"schema":{"@context":"https:\/\/schema.org","@graph":[{"@type":"WebPage","@id":"https:\/\/drfeiz.com\/urinary-stress-incontinence.html","url":"https:\/\/drfeiz.com\/urinary-stress-incontinence.html","name":"Weight Loss And Urinary Incontinence | Urinary Stress Incontinence","isPartOf":{"@id":"https:\/\/drfeiz.com\/#website"},"datePublished":"2009-04-20T21:17:22+00:00","dateModified":"2021-06-21T09:56:50+00:00","description":"Are you struggling with involuntary urination? Our weight loss procedures and urinary incontinence are linked & will help to reverse the issue.","breadcrumb":{"@id":"https:\/\/drfeiz.com\/urinary-stress-incontinence.html#breadcrumb"},"inLanguage":"es","potentialAction":[{"@type":"ReadAction","target":["https:\/\/drfeiz.com\/urinary-stress-incontinence.html"]}]},{"@type":"BreadcrumbList","@id":"https:\/\/drfeiz.com\/urinary-stress-incontinence.html#breadcrumb","itemListElement":[{"@type":"ListItem","position":1,"name":"Home","item":"https:\/\/drfeiz.com\/"},{"@type":"ListItem","position":2,"name":"Urinary Stress Incontinence"}]},{"@type":"WebSite","@id":"https:\/\/drfeiz.com\/#website","url":"https:\/\/drfeiz.com\/","name":"Weight Loss Surgery Los Angeles | Bariatric Surgeon &amp; Weight Loss Surgery","description":"Gastric Sleeve Gastrectomy in Los Angeles","potentialAction":[{"@type":"SearchAction","target":{"@type":"EntryPoint","urlTemplate":"https:\/\/drfeiz.com\/?s={search_term_string}"},"query-input":{"@type":"PropertyValueSpecification","valueRequired":true,"valueName":"search_term_string"}}],"inLanguage":"es"}]}},"_links":{"self":[{"href":"https:\/\/drfeiz.com\/es\/wp-json\/wp\/v2\/pages\/847","targetHints":{"allow":["GET"]}}],"collection":[{"href":"https:\/\/drfeiz.com\/es\/wp-json\/wp\/v2\/pages"}],"about":[{"href":"https:\/\/drfeiz.com\/es\/wp-json\/wp\/v2\/types\/page"}],"author":[{"embeddable":true,"href":"https:\/\/drfeiz.com\/es\/wp-json\/wp\/v2\/users\/19"}],"replies":[{"embeddable":true,"href":"https:\/\/drfeiz.com\/es\/wp-json\/wp\/v2\/comments?post=847"}],"version-history":[{"count":8,"href":"https:\/\/drfeiz.com\/es\/wp-json\/wp\/v2\/pages\/847\/revisions"}],"predecessor-version":[{"id":7517,"href":"https:\/\/drfeiz.com\/es\/wp-json\/wp\/v2\/pages\/847\/revisions\/7517"}],"wp:attachment":[{"href":"https:\/\/drfeiz.com\/es\/wp-json\/wp\/v2\/media?parent=847"}],"curies":[{"name":"wp","href":"https:\/\/api.w.org\/{rel}","templated":true}]}}