{"id":848,"date":"2009-04-20T21:20:12","date_gmt":"2009-04-20T21:20:12","guid":{"rendered":"http:\/\/drfeiz.flywheelsites.com\/reproductive-health\/"},"modified":"2021-06-21T09:57:45","modified_gmt":"2021-06-21T09:57:45","slug":"reproductive-health","status":"publish","type":"page","link":"https:\/\/drfeiz.com\/es\/reproductive-health.html","title":{"rendered":"Salud reproductiva"},"content":{"rendered":"<section class=\"fw-main-row\">\n<div class=\"fw-container\">\n<div class=\"fw-row\">\n<div class=\"fw-col-xs-12 fw-col-sm-9\">\n<div class=\"fw-divider-space\" style=\"padding-top: 50px\"><\/div>\n<p><h2 class=\"h3\">Salud reproductiva y obesidad<\/h2>\n<p class=\"post-content\">La obesidad grave puede hacer que las mujeres experimenten una serie de problemas que pueden interferir con el ciclo menstrual y causar infertilidad, malestar y otros s\u00edntomas angustiosos.Muchas mujeres experimentan una reversi\u00f3n en estos problemas despu\u00e9s de un procedimiento de p\u00e9rdida de peso.<\/p>\n<p>Los problemas de menstruaci\u00f3n incluyen interrupci\u00f3n del ciclo, flujo anormal y dolor adicional durante su ciclo menstrual. Los problemas de fertilidad incluyen posible aborto espont\u00e1neo, reducci\u00f3n del \u00e9xito de los tratamientos de fertilidad y s\u00edndrome de ovario poliqu\u00edstico (SOP).<\/p>\n<\/p>\n<p><p class=\"post-content\">El SOP es un trastorno endocrino en mujeres en edad f\u00e9rtil que puede causar infertilidad y otras afecciones de salud reproductiva. Los s\u00edntomas cl\u00e1sicos incluyen obesidad, aumento del vello facial y corporal, acn\u00e9, ciclos menstruales irregulares e infertilidad.<\/p>\n<\/p>\n<div class=\"fw-divider-space\" style=\"padding-top: 25px\"><\/div>\n<p><h3 class=\"h4\">\u00bfPuede la cirug\u00eda bari\u00e1trica mejorar la salud reproductiva?<\/h3>\n<p class=\"post-content\">Se ha descubierto que la cirug\u00eda para bajar de peso mejora o resuelve afecciones que pueden interferir con el embarazo, como el s\u00edndrome de ovario poliqu\u00edstico y la hipertensi\u00f3n. Este procedimiento tambi\u00e9n reduce el peso de los \u00f3rganos reproductores e influye en otros cambios fisiol\u00f3gicos que afectan la fertilidad.<\/p>\n<p class=\"post-content\">Los cirujanos suelen solicitar que las pacientes bari\u00e1tricas tomen medidas para prevenir el embarazo durante el primer a\u00f1o despu\u00e9s de la cirug\u00eda. Por lo tanto, es importante conocer cualquier cambio en la fertilidad despu\u00e9s de la cirug\u00eda para que no quede embarazada demasiado pronto.<\/p>\n<\/p>\n<div class=\"fw-divider-space\" style=\"padding-top: 25px\"><\/div>\n<p><h4 class=\"h6\">\u00bfQu\u00e9 \u00e9xito han obtenido los pacientes mediante la cirug\u00eda para adelgazar?<\/h4>\n<p class=\"post-content\">Un estudio reciente de mujeres que se sometieron a una cirug\u00eda para bajar de peso mostr\u00f3 una mejor\u00eda de m\u00faltiples problemas cl\u00ednicos relacionados con la infertilidad y el s\u00edndrome de ovario poliqu\u00edstico. Todas las mujeres continuaron teniendo ciclos menstruales normales dentro de los tres meses posteriores a la cirug\u00eda. De las mujeres que experimentaron un aumento del vello facial y corporal, el 52% tuvo una resoluci\u00f3n completa. En las mujeres con sobrepeso, una p\u00e9rdida de peso tan peque\u00f1a como un 5% puede restaurar la ovulaci\u00f3n y la fertilidad.<\/p>\n<\/p>\n<\/div>\n<div class=\"fw-col-xs-12 fw-col-sm-3\">\n<div class=\"shortcode-widget-area\">\n<div class=\"textwidget custom-html-widget\">\n<div class=\"fw-divider-space\" style=\"padding-top: 50px\"><\/div>\n<div class=\"Mysidenav\">\n\t<a href=\"\/es\/health-benefits.html\/\" target=\"\" rel=\"noopener\">Beneficios de la salud<\/a><br \/>\n\t<a href=\"\/es\/type-2-diabetes.html\/\" target=\"\" rel=\"noopener\">Diabetes tipo 2<\/a><br \/>\n\t<a href=\"\/es\/high-blood-pressure-heart-disease.html\/\" target=\"\" rel=\"noopener\">Cardiopat\u00eda<\/a><br \/>\n\t<a href=\"\/es\/dyslipidemia-high-cholesterol.html\/\" target=\"\" rel=\"noopener\">Colesterol alto<\/a><br \/>\n\t<a href=\"\/es\/bone-and-joint-pain-arthritis.html\/\" target=\"\" rel=\"noopener\">Dolor de huesos y articulaciones<\/a><br \/>\n\t<a href=\"\/es\/depression.html\/\" target=\"\" rel=\"noopener\">Depresi\u00f3n<\/a><br \/>\n\t<a href=\"\/es\/sleep-apnea-and-respiratory-problems.html\/\" target=\"\" rel=\"noopener\">Apnea del sue\u00f1o<\/a><br \/>\n\t<a href=\"\/es\/gastroesophageal-reflux-disease-gerd.html\/\" target=\"\" rel=\"noopener\">GERD<\/a><br \/>\n\t<a href=\"\/es\/urinary-stress-incontinence.html\/\" target=\"\" rel=\"noopener\">Incontinencia urinaria<\/a><br \/>\n\t<a href=\"\/es\/reproductive-health.html\/\" target=\"\" rel=\"noopener\">Salud reproductiva<\/a>\n<\/div>\n<div class=\"fw-divider-space\" style=\"padding-top: 20px\"><\/div>\n<\/div>\n<\/div>\n<div class=\"shortcode-widget-area\">\n<div class=\"textwidget custom-html-widget\"><a id=\"formAnchor653218838\" name=\"form653218838\"><\/a><\/p>\n<\/div>\n<\/div>\n<\/div>\n<\/div><\/div>\n<\/section>\n<p><!-- cce579774bffa8895ba4f0edd8ac5012 --><\/p>","protected":false},"excerpt":{"rendered":"<p>Reproductive Health and Obesity Severe obesity can cause women to experience a number of problems that may interfere with the menstrual cycle, and cause infertility, discomfort, and other distressing symptoms. Many women experience a reversal in these issues following a weight loss procedure. Menstruation problems include cycle interruption, abnormal flow, and added pain during your [&hellip;]<\/p>\n","protected":false},"author":19,"featured_media":0,"parent":0,"menu_order":1,"comment_status":"closed","ping_status":"closed","template":"page-landing.php","meta":{"footnotes":""},"class_list":["post-848","page","type-page","status-publish","hentry"],"yoast_head":"<!-- This site is optimized with the Yoast SEO plugin v27.5 - https:\/\/yoast.com\/product\/yoast-seo-wordpress\/ -->\n<title>Reproductive Health And Obesity | Bariatric Surgery Female Reproduction<\/title>\n<meta name=\"description\" content=\"Obesity impacts the reproductive health of many women. If that\u2019s the case with you, contact Dr Feiz to see improvement with our procedures.\" \/>\n<meta name=\"robots\" content=\"index, follow, max-snippet:-1, max-image-preview:large, max-video-preview:-1\" \/>\n<link rel=\"canonical\" href=\"https:\/\/drfeiz.com\/es\/reproductive-health.html\" \/>\n<meta property=\"og:locale\" content=\"es_ES\" \/>\n<meta property=\"og:type\" content=\"article\" \/>\n<meta property=\"og:title\" content=\"Reproductive Health And Obesity | Bariatric Surgery Female Reproduction\" \/>\n<meta property=\"og:description\" content=\"Obesity impacts the reproductive health of many women. If that\u2019s the case with you, contact Dr Feiz to see improvement with our procedures.\" \/>\n<meta property=\"og:url\" content=\"https:\/\/drfeiz.com\/es\/reproductive-health.html\" \/>\n<meta property=\"og:site_name\" content=\"Weight Loss Surgery Los Angeles | Bariatric Surgeon &amp; Weight Loss Surgery\" \/>\n<meta property=\"article:publisher\" content=\"https:\/\/www.facebook.com\/DrFeiz\/\" \/>\n<meta property=\"article:modified_time\" content=\"2021-06-21T09:57:45+00:00\" \/>\n<meta name=\"twitter:card\" content=\"summary_large_image\" \/>\n<meta name=\"twitter:site\" content=\"@DrFeiz\" \/>\n<meta name=\"twitter:label1\" content=\"Tiempo de lectura\" \/>\n\t<meta name=\"twitter:data1\" content=\"1 minuto\" \/>\n<!-- \/ Yoast SEO plugin. -->","yoast_head_json":{"title":"Reproductive Health And Obesity | Bariatric Surgery Female Reproduction","description":"Obesity impacts the reproductive health of many women. If that\u2019s the case with you, contact Dr Feiz to see improvement with our procedures.","robots":{"index":"index","follow":"follow","max-snippet":"max-snippet:-1","max-image-preview":"max-image-preview:large","max-video-preview":"max-video-preview:-1"},"canonical":"https:\/\/drfeiz.com\/es\/reproductive-health.html","og_locale":"es_ES","og_type":"article","og_title":"Reproductive Health And Obesity | Bariatric Surgery Female Reproduction","og_description":"Obesity impacts the reproductive health of many women. If that\u2019s the case with you, contact Dr Feiz to see improvement with our procedures.","og_url":"https:\/\/drfeiz.com\/es\/reproductive-health.html","og_site_name":"Weight Loss Surgery Los Angeles | Bariatric Surgeon &amp; Weight Loss Surgery","article_publisher":"https:\/\/www.facebook.com\/DrFeiz\/","article_modified_time":"2021-06-21T09:57:45+00:00","twitter_card":"summary_large_image","twitter_site":"@DrFeiz","twitter_misc":{"Tiempo de lectura":"1 minuto"},"schema":{"@context":"https:\/\/schema.org","@graph":[{"@type":"WebPage","@id":"https:\/\/drfeiz.com\/es\/reproductive-health.html","url":"https:\/\/drfeiz.com\/es\/reproductive-health.html","name":"Reproductive Health And Obesity | Bariatric Surgery Female Reproduction","isPartOf":{"@id":"https:\/\/drfeiz.com\/#website"},"datePublished":"2009-04-20T21:20:12+00:00","dateModified":"2021-06-21T09:57:45+00:00","description":"Obesity impacts the reproductive health of many women. If that\u2019s the case with you, contact Dr Feiz to see improvement with our procedures.","breadcrumb":{"@id":"https:\/\/drfeiz.com\/es\/reproductive-health.html#breadcrumb"},"inLanguage":"es","potentialAction":[{"@type":"ReadAction","target":["https:\/\/drfeiz.com\/es\/reproductive-health.html"]}]},{"@type":"BreadcrumbList","@id":"https:\/\/drfeiz.com\/es\/reproductive-health.html#breadcrumb","itemListElement":[{"@type":"ListItem","position":1,"name":"Home","item":"https:\/\/drfeiz.com\/"},{"@type":"ListItem","position":2,"name":"Reproductive Health"}]},{"@type":"WebSite","@id":"https:\/\/drfeiz.com\/#website","url":"https:\/\/drfeiz.com\/","name":"Weight Loss Surgery Los Angeles | Bariatric Surgeon &amp; Weight Loss Surgery","description":"Gastric Sleeve Gastrectomy in Los Angeles","potentialAction":[{"@type":"SearchAction","target":{"@type":"EntryPoint","urlTemplate":"https:\/\/drfeiz.com\/?s={search_term_string}"},"query-input":{"@type":"PropertyValueSpecification","valueRequired":true,"valueName":"search_term_string"}}],"inLanguage":"es"}]}},"_links":{"self":[{"href":"https:\/\/drfeiz.com\/es\/wp-json\/wp\/v2\/pages\/848","targetHints":{"allow":["GET"]}}],"collection":[{"href":"https:\/\/drfeiz.com\/es\/wp-json\/wp\/v2\/pages"}],"about":[{"href":"https:\/\/drfeiz.com\/es\/wp-json\/wp\/v2\/types\/page"}],"author":[{"embeddable":true,"href":"https:\/\/drfeiz.com\/es\/wp-json\/wp\/v2\/users\/19"}],"replies":[{"embeddable":true,"href":"https:\/\/drfeiz.com\/es\/wp-json\/wp\/v2\/comments?post=848"}],"version-history":[{"count":10,"href":"https:\/\/drfeiz.com\/es\/wp-json\/wp\/v2\/pages\/848\/revisions"}],"predecessor-version":[{"id":7519,"href":"https:\/\/drfeiz.com\/es\/wp-json\/wp\/v2\/pages\/848\/revisions\/7519"}],"wp:attachment":[{"href":"https:\/\/drfeiz.com\/es\/wp-json\/wp\/v2\/media?parent=848"}],"curies":[{"name":"wp","href":"https:\/\/api.w.org\/{rel}","templated":true}]}}