{"id":879,"date":"2009-07-28T21:50:34","date_gmt":"2009-07-28T21:50:34","guid":{"rendered":"http:\/\/drfeiz.flywheelsites.com\/lapband-and-realize-band-videos\/"},"modified":"2021-06-21T09:41:09","modified_gmt":"2021-06-21T09:41:09","slug":"lap-band-and-realize-band-videos","status":"publish","type":"page","link":"https:\/\/drfeiz.com\/es\/lap-band-and-realize-band-videos.html","title":{"rendered":"Sleeve Gastrectomy, Lap band and Realize Band Videos"},"content":{"rendered":"<section class=\"fw-main-row\">\n<div class=\"fw-container\">\n<div class=\"fw-row\">\n<div class=\"fw-col-xs-12 fw-col-sm-9\">\n<div class=\"fw-divider-space\" style=\"padding-top: 50px\"><\/div>\n<p><h3 class=\"h4\">Manga g\u00e1strica explicada en la televisi\u00f3n de los m\u00e9dicos por el Dr. Feiz<\/h3>\n<\/p>\n<div class=\"fw-divider-space\" style=\"padding-top: 25px\"><\/div>\n<\/p>\n<\/p>\n<div class=\"fw-divider-space\" style=\"padding-top: 25px\"><\/div>\n<p><h4 class=\"h6\">REALIZAR BANDA<\/h4>\n<\/p>\n<div class=\"fw-divider-space\" style=\"padding-top: 25px\"><\/div>\n<p><h4 class=\"h6\">BANDA LAP<\/h4>\n<\/p>\n<div class=\"fw-divider-space\" style=\"padding-top: 25px\"><\/div>\n<\/div>\n<div class=\"fw-col-xs-12 fw-col-sm-3\">\n<div class=\"shortcode-widget-area\">\n<div class=\"textwidget custom-html-widget\">\n<div class=\"fw-divider-space\" style=\"padding-top: 50px\"><\/div>\n<div class=\"Mysidenav\">\n\t<a href=\"\/es\/lap-band-southern-california.html\/\" target=\"\" rel=\"noopener\">Procedures<\/a><br \/>\n\t<a href=\"\/es\/sleeve-gastrectomy.html\/\" target=\"\" rel=\"noopener\">Banda g\u00e1strica<\/a><br \/>\n\t<a href=\"\/es\/needlescopic-sleeve-gastrectomy.html\/\" target=\"\" rel=\"noopener\">Needlescopic Sleeve Gastrectomy<\/a><br \/>\n\t<a href=\"\/es\/convert-lap-band-to-sleeve.html\/\" target=\"\" rel=\"noopener\">Band to Sleeve<\/a><br \/>\n\t<a href=\"\/es\/lap-band-beverly-hills.html\/\" target=\"\" rel=\"noopener\">Banda de vuelta<\/a><br \/>\n\t<a href=\"\/es\/lap-gastric-bypass.html\/\" target=\"\" rel=\"noopener\">Lap Gastric Bypass<\/a><br \/>\n\t<a href=\"\/es\/gastroesophageal-reflux-disease.html\/\" target=\"\" rel=\"noopener\">Gastro-Reflux Disease<\/a><br \/>\n\t<a href=\"\/es\/gallstones-surgery-california.html\/\" target=\"\" rel=\"noopener\">Cirug\u00eda de ves\u00edcula biliar<\/a><br \/>\n\t<a href=\"\/es\/starr-treatment-surgical-approach.html\/\" target=\"\" rel=\"noopener\">STARR Treatment<\/a><\/p>\n<ul>\n<li><a href=\"\/es\/micro-lap-band-surgery.html\/\"><span>Cirug\u00eda de micro banda de vuelta<\/span><\/a><\/li>\n<li><a href=\"\/es\/procedures\/micro-gastric-sleeve-surgery.html\/\"><span>Micro Gastric Sleeve<\/span><\/a><\/li>\n<li><a href=\"\/es\/micro-sleeve-gastrectomy-surgery.html\/\"><span>Micro Sleeve Gastrectomy<\/span><\/a><\/li>\n<\/ul>\n<p>\t<a href=\"\/es\/achalasia-surgery-beverly-hills.html\/\" target=\"\" rel=\"noopener\">Achalasia<\/a><br \/>\n\t<a href=\"\/es\/lap-band-and-realize-band-videos.html\/\" target=\"\" rel=\"noopener\">Videos quir\u00fargicos<\/a><br \/>\n\t<a href=\"\/es\/risks-of-surgery.html\/\" target=\"\" rel=\"noopener\">Riesgos de la cirug\u00eda<\/a><br \/>\n\t<a href=\"\/es\/laparoscopic-adrenalectomy.html\/\" target=\"\" rel=\"noopener\">Lap Adrenalectomy<\/a>\n<\/div>\n<div class=\"fw-divider-space\" style=\"padding-top: 20px\"><\/div>\n<\/div>\n<\/div>\n<\/div>\n<\/div><\/div>\n<\/section>\n<section class=\"fw-main-row\">\n<div class=\"fw-container\">\n<div class=\"fw-row\">\n<div class=\"fw-col-xs-12\">\n<p><div class=\"wondercarousellightbox_options\"><\/div>\n<p>@import url(https:\/\/fonts.googleapis.com\/css?family=Open+Sans);   #wonderplugincarousel-1 .amazingcarousel-image {\t \tposition: relative; \tpadding: 4px; }  #wonderplugincarousel-1 .amazingcarousel-image img { \tdisplay: block; \twidth: 100%; \tmax-width: 100%; \tborder: 0; \tmargin: 0; \tpadding: 0; \t-moz-border-radius: 0px; \t-webkit-border-radius: 0px; \tborder-radius: 0px; \t-moz-box-shadow:  0 1px 4px rgba(0, 0, 0, 0.2); \t-webkit-box-shadow: 0 1px 4px rgba(0, 0, 0, 0.2); \tbox-shadow: 0 1px 4px rgba(0, 0, 0, 0.2); }  #wonderplugincarousel-1 .amazingcarousel-title { \tposition:relative; \tfont:14px \"Open Sans\", sans-serif; \tcolor:#333333; \tmargin:6px; \ttext-align:center; \ttext-shadow:0px 1px 1px #fff; }  #wonderplugincarousel-1 .amazingcarousel-list-container {  \tpadding: 16px 0; }  #wonderplugincarousel-1 .amazingcarousel-item-container { \ttext-align: center; \tpadding: 4px; \tbackground-color: #fff; \tborder: 1px solid #ddd; \t-moz-box-shadow: 0px 0px 5px 1px rgba(96, 96, 96, 0.1); \t-webkit-box-shadow: 0px 0px 5px 1px rgba(96, 96, 96, 0.1); \tbox-shadow: 0px 0px 5px 1px rgba(96, 96, 96, 0.1); }  #wonderplugincarousel-1 .amazingcarousel-prev { \tleft: 0%; \ttop: 50%; \tmargin-left: -48px; \tmargin-top: -16px; }  #wonderplugincarousel-1 .amazingcarousel-next { \tright: 0%; \ttop: 50%; \tmargin-right: -48px; \tmargin-top: -16px; }  #wonderplugincarousel-1 .amazingcarousel-nav { \tposition: absolute; \twidth: 100%; \ttop: 100%; }  #wonderplugincarousel-1 .amazingcarousel-bullet-wrapper { \tmargin: 4px auto; }  .amazingcarousel-socialmedia-button { \tdisplay: inline-block; \tmargin: 4px; }  .amazingcarousel-socialmedia-button a { \tbox-shadow: none; }  .amazingcarousel-socialmedia-icon { \tdisplay:table-cell; \twidth:32px; \theight:32px; \tfont-size:18px; \tborder-radius:50%; \tcolor:#fff; \tvertical-align:middle; \ttext-align:center; \tcursor:pointer; \tpadding:0; }  .amazingcarousel-socialmedia-rotate { \ttransition: transform .4s ease-in;  }   .amazingcarousel-socialmedia-rotate:hover {  \ttransform: rotate(360deg);  }<\/p>\n<div class=\"wonderplugincarousel-container\" id=\"wonderplugincarousel-container-1\">\n<div class=\"wonderplugincarousel\" id=\"wonderplugincarousel-1\" style=\"margin:0 auto;width:100%;max-width:1200px\">\n<div class=\"amazingcarousel-list-container\" style=\"overflow:hidden\">\n<ul class=\"amazingcarousel-list\">\n<li class=\"amazingcarousel-item\">\n<div class=\"amazingcarousel-item-container\">\n<div class=\"amazingcarousel-image\"><a href=\"https:\/\/drfeiz.com\/wp-content\/uploads\/2018\/11\/slide3.jpg\" title=\"slide3\" class=\"wondercarousellightbox wondercarousellightbox-1\"><img decoding=\"async\" class=\"amazingcarousel-image-img\" src=\"https:\/\/drfeiz.com\/wp-content\/uploads\/2018\/11\/slide3.jpg\" alt=\"slide3\" \/><\/a><\/div>\n<\/div>\n<\/li>\n<li class=\"amazingcarousel-item\">\n<div class=\"amazingcarousel-item-container\">\n<div class=\"amazingcarousel-image\"><a href=\"https:\/\/drfeiz.com\/wp-content\/uploads\/2018\/11\/slide5.jpg\" title=\"slide5\" class=\"wondercarousellightbox wondercarousellightbox-1\"><img decoding=\"async\" class=\"amazingcarousel-image-img\" src=\"https:\/\/drfeiz.com\/wp-content\/uploads\/2018\/11\/slide5.jpg\" alt=\"slide5\" \/><\/a><\/div>\n<\/div>\n<\/li>\n<li class=\"amazingcarousel-item\">\n<div class=\"amazingcarousel-item-container\">\n<div class=\"amazingcarousel-image\"><a href=\"https:\/\/drfeiz.com\/wp-content\/uploads\/2018\/11\/slide1.jpg\" title=\"slide1\" class=\"wondercarousellightbox wondercarousellightbox-1\"><img decoding=\"async\" class=\"amazingcarousel-image-img\" src=\"https:\/\/drfeiz.com\/wp-content\/uploads\/2018\/11\/slide1.jpg\" alt=\"slide1\" \/><\/a><\/div>\n<\/div>\n<\/li>\n<li class=\"amazingcarousel-item\">\n<div class=\"amazingcarousel-item-container\">\n<div class=\"amazingcarousel-image\"><a href=\"https:\/\/drfeiz.com\/wp-content\/uploads\/2018\/11\/slide6.jpg\" title=\"slide6\" class=\"wondercarousellightbox wondercarousellightbox-1\"><img decoding=\"async\" class=\"amazingcarousel-image-img\" src=\"https:\/\/drfeiz.com\/wp-content\/uploads\/2018\/11\/slide6.jpg\" alt=\"slide6\" \/><\/a><\/div>\n<\/div>\n<\/li>\n<li class=\"amazingcarousel-item\">\n<div class=\"amazingcarousel-item-container\">\n<div class=\"amazingcarousel-image\"><a href=\"https:\/\/drfeiz.com\/wp-content\/uploads\/2018\/11\/slide7.jpg\" title=\"slide7\" class=\"wondercarousellightbox wondercarousellightbox-1\"><img decoding=\"async\" class=\"amazingcarousel-image-img\" src=\"https:\/\/drfeiz.com\/wp-content\/uploads\/2018\/11\/slide7.jpg\" alt=\"slide7\" \/><\/a><\/div>\n<\/div>\n<\/li>\n<li class=\"amazingcarousel-item\">\n<div class=\"amazingcarousel-item-container\">\n<div class=\"amazingcarousel-image\"><a href=\"https:\/\/drfeiz.com\/wp-content\/uploads\/2018\/11\/slide8.jpg\" title=\"slide8\" class=\"wondercarousellightbox wondercarousellightbox-1\"><img decoding=\"async\" class=\"amazingcarousel-image-img\" src=\"https:\/\/drfeiz.com\/wp-content\/uploads\/2018\/11\/slide8.jpg\" alt=\"slide8\" \/><\/a><\/div>\n<\/div>\n<\/li>\n<li class=\"amazingcarousel-item\">\n<div class=\"amazingcarousel-item-container\">\n<div class=\"amazingcarousel-image\"><a href=\"https:\/\/drfeiz.com\/wp-content\/uploads\/2018\/11\/slide9.jpg\" title=\"slide9\" class=\"wondercarousellightbox wondercarousellightbox-1\"><img decoding=\"async\" class=\"amazingcarousel-image-img\" src=\"https:\/\/drfeiz.com\/wp-content\/uploads\/2018\/11\/slide9.jpg\" alt=\"\" \/><\/a><\/div>\n<\/div>\n<\/li>\n<li class=\"amazingcarousel-item\">\n<div class=\"amazingcarousel-item-container\">\n<div class=\"amazingcarousel-image\"><a href=\"https:\/\/drfeiz.com\/wp-content\/uploads\/2018\/11\/slide10.jpg\" title=\"slide10\" class=\"wondercarousellightbox wondercarousellightbox-1\"><img decoding=\"async\" class=\"amazingcarousel-image-img\" src=\"https:\/\/drfeiz.com\/wp-content\/uploads\/2018\/11\/slide10.jpg\" alt=\"\" \/><\/a><\/div>\n<\/div>\n<\/li>\n<li class=\"amazingcarousel-item\">\n<div class=\"amazingcarousel-item-container\">\n<div class=\"amazingcarousel-image\"><a href=\"https:\/\/drfeiz.com\/wp-content\/uploads\/2018\/11\/slide11.jpg\" title=\"slide11\" class=\"wondercarousellightbox wondercarousellightbox-1\"><img decoding=\"async\" class=\"amazingcarousel-image-img\" src=\"https:\/\/drfeiz.com\/wp-content\/uploads\/2018\/11\/slide11.jpg\" alt=\"\" \/><\/a><\/div>\n<\/div>\n<\/li>\n<\/ul>\n<div class=\"amazingcarousel-prev\"><\/div>\n<div class=\"amazingcarousel-next\"><\/div>\n<\/div>\n<div class=\"amazingcarousel-nav\"><\/div>\n<div class=\"wonderplugin-engine\"><a href=\"http:\/\/www.wonderplugin.com\/wordpress-carousel\/\" title=\"WordPress Image Scroller Plugin\">WordPress Image Scroller Plugin<\/a><\/div>\n<\/div>\n<\/div>\n<\/div>\n<\/div>\n<div class=\"fw-row\">\n<div class=\"fw-col-xs-12\">\n<div class=\"fw-divider-space\" style=\"padding-top: 50px\"><\/div>\n<\/div>\n<\/div><\/div>\n<\/section>\n<p><!-- b0f178b07c05ce2c8a951a0223f82d94 --><\/p>","protected":false},"excerpt":{"rendered":"<p>Gastric Sleeve Explained on the Doctors TV by Dr. Feiz REALIZE BAND LAP BAND Procedures Sleeve Gastrectomy Needlescopic Sleeve Gastrectomy Band to Sleeve Lap Band Lap Gastric Bypass Gastro-Reflux Disease Gallbladder Surgery STARR Treatment Micro Lap Band Surgery Micro Gastric Sleeve Micro Sleeve Gastrectomy Achalasia Surgical Videos Risks of Surgery Lap Adrenalectomy @import url(https:\/\/fonts.googleapis.com\/css?family=Open+Sans); #wonderplugincarousel-1 [&hellip;]<\/p>\n","protected":false},"author":19,"featured_media":0,"parent":0,"menu_order":32,"comment_status":"closed","ping_status":"closed","template":"page-landing.php","meta":{"footnotes":""},"class_list":["post-879","page","type-page","status-publish","hentry"],"yoast_head":"<!-- This site is optimized with the Yoast SEO plugin v27.5 - https:\/\/yoast.com\/product\/yoast-seo-wordpress\/ -->\n<title>Lap band and Realize Band Videos | Sleeve Gastrectomy Videos | Dr.Feiz<\/title>\n<meta name=\"description\" content=\"New technology is making it easier for patients to understand how surgery will affect them. Dr Feiz explaining on doctor tv about Lap band and Realize Band.\" \/>\n<meta name=\"robots\" content=\"index, follow, max-snippet:-1, max-image-preview:large, max-video-preview:-1\" \/>\n<link rel=\"canonical\" href=\"https:\/\/drfeiz.com\/es\/lap-band-and-realize-band-videos.html\/\" \/>\n<meta property=\"og:locale\" content=\"es_ES\" \/>\n<meta property=\"og:type\" content=\"article\" \/>\n<meta property=\"og:title\" content=\"Lap band and Realize Band Videos | Sleeve Gastrectomy Videos | Dr.Feiz\" \/>\n<meta property=\"og:description\" content=\"New technology is making it easier for patients to understand how surgery will affect them. Dr Feiz explaining on doctor tv about Lap band and Realize Band.\" \/>\n<meta property=\"og:url\" content=\"https:\/\/drfeiz.com\/es\/lap-band-and-realize-band-videos.html\/\" \/>\n<meta property=\"og:site_name\" content=\"Weight Loss Surgery Los Angeles | Bariatric Surgeon &amp; Weight Loss Surgery\" \/>\n<meta property=\"article:publisher\" content=\"https:\/\/www.facebook.com\/DrFeiz\/\" \/>\n<meta property=\"article:modified_time\" content=\"2021-06-21T09:41:09+00:00\" \/>\n<meta property=\"og:image\" content=\"https:\/\/drfeiz.com\/wp-content\/uploads\/2018\/11\/slide3.jpg\" \/>\n<meta name=\"twitter:card\" content=\"summary_large_image\" \/>\n<meta name=\"twitter:site\" content=\"@DrFeiz\" \/>\n<meta name=\"twitter:label1\" content=\"Tiempo de lectura\" \/>\n\t<meta name=\"twitter:data1\" content=\"1 minuto\" \/>\n<!-- \/ Yoast SEO plugin. -->","yoast_head_json":{"title":"Lap band and Realize Band Videos | Sleeve Gastrectomy Videos | Dr.Feiz","description":"New technology is making it easier for patients to understand how surgery will affect them. Dr Feiz explaining on doctor tv about Lap band and Realize Band.","robots":{"index":"index","follow":"follow","max-snippet":"max-snippet:-1","max-image-preview":"max-image-preview:large","max-video-preview":"max-video-preview:-1"},"canonical":"https:\/\/drfeiz.com\/es\/lap-band-and-realize-band-videos.html\/","og_locale":"es_ES","og_type":"article","og_title":"Lap band and Realize Band Videos | Sleeve Gastrectomy Videos | Dr.Feiz","og_description":"New technology is making it easier for patients to understand how surgery will affect them. Dr Feiz explaining on doctor tv about Lap band and Realize Band.","og_url":"https:\/\/drfeiz.com\/es\/lap-band-and-realize-band-videos.html\/","og_site_name":"Weight Loss Surgery Los Angeles | Bariatric Surgeon &amp; Weight Loss Surgery","article_publisher":"https:\/\/www.facebook.com\/DrFeiz\/","article_modified_time":"2021-06-21T09:41:09+00:00","og_image":[{"url":"https:\/\/drfeiz.com\/wp-content\/uploads\/2018\/11\/slide3.jpg","type":"","width":"","height":""}],"twitter_card":"summary_large_image","twitter_site":"@DrFeiz","twitter_misc":{"Tiempo de lectura":"1 minuto"},"schema":{"@context":"https:\/\/schema.org","@graph":[{"@type":"WebPage","@id":"https:\/\/drfeiz.com\/lap-band-and-realize-band-videos.html","url":"https:\/\/drfeiz.com\/lap-band-and-realize-band-videos.html","name":"Lap band and Realize Band Videos | Sleeve Gastrectomy Videos | Dr.Feiz","isPartOf":{"@id":"https:\/\/drfeiz.com\/#website"},"primaryImageOfPage":{"@id":"https:\/\/drfeiz.com\/lap-band-and-realize-band-videos.html#primaryimage"},"image":{"@id":"https:\/\/drfeiz.com\/lap-band-and-realize-band-videos.html#primaryimage"},"thumbnailUrl":"https:\/\/drfeiz.com\/wp-content\/uploads\/2018\/11\/slide3.jpg","datePublished":"2009-07-28T21:50:34+00:00","dateModified":"2021-06-21T09:41:09+00:00","description":"New technology is making it easier for patients to understand how surgery will affect them. Dr Feiz explaining on doctor tv about Lap band and Realize Band.","breadcrumb":{"@id":"https:\/\/drfeiz.com\/lap-band-and-realize-band-videos.html#breadcrumb"},"inLanguage":"es","potentialAction":[{"@type":"ReadAction","target":["https:\/\/drfeiz.com\/lap-band-and-realize-band-videos.html"]}]},{"@type":"ImageObject","inLanguage":"es","@id":"https:\/\/drfeiz.com\/lap-band-and-realize-band-videos.html#primaryimage","url":"https:\/\/drfeiz.com\/wp-content\/uploads\/2018\/11\/slide3.jpg","contentUrl":"https:\/\/drfeiz.com\/wp-content\/uploads\/2018\/11\/slide3.jpg"},{"@type":"BreadcrumbList","@id":"https:\/\/drfeiz.com\/lap-band-and-realize-band-videos.html#breadcrumb","itemListElement":[{"@type":"ListItem","position":1,"name":"Home","item":"https:\/\/drfeiz.com\/"},{"@type":"ListItem","position":2,"name":"Sleeve Gastrectomy, Lap band and Realize Band Videos"}]},{"@type":"WebSite","@id":"https:\/\/drfeiz.com\/#website","url":"https:\/\/drfeiz.com\/","name":"Weight Loss Surgery Los Angeles | Bariatric Surgeon &amp; Weight Loss Surgery","description":"Gastric Sleeve Gastrectomy in Los Angeles","potentialAction":[{"@type":"SearchAction","target":{"@type":"EntryPoint","urlTemplate":"https:\/\/drfeiz.com\/?s={search_term_string}"},"query-input":{"@type":"PropertyValueSpecification","valueRequired":true,"valueName":"search_term_string"}}],"inLanguage":"es"}]}},"_links":{"self":[{"href":"https:\/\/drfeiz.com\/es\/wp-json\/wp\/v2\/pages\/879","targetHints":{"allow":["GET"]}}],"collection":[{"href":"https:\/\/drfeiz.com\/es\/wp-json\/wp\/v2\/pages"}],"about":[{"href":"https:\/\/drfeiz.com\/es\/wp-json\/wp\/v2\/types\/page"}],"author":[{"embeddable":true,"href":"https:\/\/drfeiz.com\/es\/wp-json\/wp\/v2\/users\/19"}],"replies":[{"embeddable":true,"href":"https:\/\/drfeiz.com\/es\/wp-json\/wp\/v2\/comments?post=879"}],"version-history":[{"count":8,"href":"https:\/\/drfeiz.com\/es\/wp-json\/wp\/v2\/pages\/879\/revisions"}],"predecessor-version":[{"id":7505,"href":"https:\/\/drfeiz.com\/es\/wp-json\/wp\/v2\/pages\/879\/revisions\/7505"}],"wp:attachment":[{"href":"https:\/\/drfeiz.com\/es\/wp-json\/wp\/v2\/media?parent=879"}],"curies":[{"name":"wp","href":"https:\/\/api.w.org\/{rel}","templated":true}]}}