{"id":881,"date":"2009-07-31T18:09:19","date_gmt":"2009-07-31T18:09:19","guid":{"rendered":"http:\/\/drfeiz.flywheelsites.com\/patients-videos\/"},"modified":"2021-06-21T10:13:03","modified_gmt":"2021-06-21T10:13:03","slug":"patients-videos","status":"publish","type":"page","link":"https:\/\/drfeiz.com\/es\/patients-videos.html","title":{"rendered":"Videos de pacientes"},"content":{"rendered":"<section class=\"fw-main-row\">\n<div class=\"fw-container\">\n<div class=\"fw-row\">\n<div class=\"fw-col-xs-12\">\n<div class=\"fw-divider-space\" style=\"padding-top: 50px\"><\/div>\n<\/div>\n<\/div><\/div>\n<\/section>\n<section class=\"fw-main-row\">\n<div class=\"fw-container\">\n<div class=\"fw-row\">\n<div class=\"fw-col-xs-12 fw-col-sm-3\">\n\t<\/div>\n<div class=\"fw-col-xs-12 fw-col-sm-6\">\n<div class=\"wistia_responsive_padding\" style=\"padding:52.29% 0 0 0\">\n<div class=\"wistia_responsive_wrapper\" style=\"height:100%;width:100%\">\n<div class=\"wistia_embed wistia_async_ov1n0erdl9 seo=false videoFoam=true\" style=\"height:100%;width:100%\">&nbsp;<\/div>\n<\/div>\n<\/div>\n<\/div>\n<div class=\"fw-col-xs-12 fw-col-sm-3\">\n\t<\/div>\n<\/div>\n<div class=\"fw-row\">\n<div class=\"fw-col-xs-12\">\n<div class=\"fw-divider-space\" style=\"padding-top: 50px\"><\/div>\n<\/div>\n<\/div>\n<div class=\"fw-row\">\n<div class=\"fw-col-xs-12\">\n<p><h3 class=\"h4\">Vea historias reales de transformaci\u00f3n de la salud<\/h3>\n<\/p>\n<\/div>\n<\/div><\/div>\n<\/section>\n<section class=\"fw-main-row\" id=\"wistia_custom_height\">\n<div class=\"fw-container\">\n<div class=\"fw-row\">\n<div class=\"fw-col-xs-12 fw-col-sm-4\">\n<div class=\"wistia_responsive_padding\" style=\"padding:56.25% 0 0 0\">\n<div class=\"wistia_responsive_wrapper\" style=\"height:100%;width:100%\">\n<div class=\"wistia_embed wistia_async_48iau7ghoq seo=false videoFoam=true\" style=\"height:100%;width:100%\">\n<div class=\"wistia_swatch\" style=\"height:100%;overflow:hidden;width:100%\"><img decoding=\"async\" src=\"https:\/\/fast.wistia.com\/embed\/medias\/48iau7ghoq\/swatch\" style=\"height:100%;width:100%\" alt=\"\" aria-hidden=\"true\" \/><\/div>\n<\/div>\n<\/div>\n<\/div>\n<\/div>\n<div class=\"fw-col-xs-12 fw-col-sm-4\">\n<div class=\"wistia_responsive_padding\" style=\"padding:56.25% 0 0 0\">\n<div class=\"wistia_responsive_wrapper\" style=\"height:100%;width:100%\">\n<div class=\"wistia_embed wistia_async_vvaa5bm5sc seo=false videoFoam=true\" style=\"height:100%;width:100%\">\n<div class=\"wistia_swatch\" style=\"height:100%;overflow:hidden;width:100%\"><img decoding=\"async\" src=\"https:\/\/fast.wistia.com\/embed\/medias\/vvaa5bm5sc\/swatch\" style=\"height:100%;width:100%\" alt=\"\" aria-hidden=\"true\" \/><\/div>\n<\/div>\n<\/div>\n<\/div>\n<\/div>\n<div class=\"fw-col-xs-12 fw-col-sm-4\">\n<div class=\"wistia_responsive_padding\" style=\"padding:56.25% 0 0 0\">\n<div class=\"wistia_responsive_wrapper\" style=\"height:100%;width:100%\">\n<div class=\"wistia_embed wistia_async_684s09s64l seo=false videoFoam=true\" style=\"height:100%;width:100%\">\n<div class=\"wistia_swatch\" style=\"height:100%;overflow:hidden;width:100%\"><img decoding=\"async\" src=\"https:\/\/fast.wistia.com\/embed\/medias\/684s09s64l\/swatch\" style=\"height:100%;width:100%\" alt=\"\" aria-hidden=\"true\" \/><\/div>\n<\/div>\n<\/div>\n<\/div>\n<\/div>\n<\/div>\n<div class=\"fw-row\">\n<div class=\"fw-col-xs-12\">\n<div class=\"fw-divider-space\" style=\"padding-top: 50px\"><\/div>\n<\/div>\n<\/div><\/div>\n<\/section>\n<section class=\"fw-main-row\" id=\"wistia_custom_height\">\n<div class=\"fw-container\">\n<div class=\"fw-row\">\n<div class=\"fw-col-xs-12 fw-col-sm-4\">\n<div class=\"wistia_responsive_padding\" style=\"padding:56.25% 0 0 0\">\n<div class=\"wistia_responsive_wrapper\" style=\"height:100%;width:100%\">\n<div class=\"wistia_embed wistia_async_6x7o2cs8m0 seo=false videoFoam=true\" style=\"height:100%;width:100%\">\n<div class=\"wistia_swatch\" style=\"height:100%;overflow:hidden;width:100%\"><img decoding=\"async\" src=\"https:\/\/fast.wistia.com\/embed\/medias\/6x7o2cs8m0\/swatch\" style=\"height:100%;width:100%\" alt=\"\" aria-hidden=\"true\" \/><\/div>\n<\/div>\n<\/div>\n<\/div>\n<\/div>\n<div class=\"fw-col-xs-12 fw-col-sm-4\">\n<div class=\"wistia_responsive_padding\" style=\"padding:56.25% 0 0 0\">\n<div class=\"wistia_responsive_wrapper\" style=\"height:100%;width:100%\">\n<div class=\"wistia_embed wistia_async_rqh5bhedfw seo=false videoFoam=true\" style=\"height:100%;width:100%\">\n<div class=\"wistia_swatch\" style=\"height:100%;overflow:hidden;width:100%\"><img decoding=\"async\" src=\"https:\/\/fast.wistia.com\/embed\/medias\/rqh5bhedfw\/swatch\" style=\"height:100%;width:100%\" alt=\"\" aria-hidden=\"true\" \/><\/div>\n<\/div>\n<\/div>\n<\/div>\n<\/div>\n<div class=\"fw-col-xs-12 fw-col-sm-4\">\n<div class=\"wistia_responsive_padding\" style=\"padding:56.25% 0 0 0\">\n<div class=\"wistia_responsive_wrapper\" style=\"height:100%;width:100%\">\n<div class=\"wistia_embed wistia_async_s4677rzc13 seo=false videoFoam=true\" style=\"height:100%;width:100%\">\n<div class=\"wistia_swatch\" style=\"height:100%;overflow:hidden;width:100%\"><img decoding=\"async\" src=\"https:\/\/fast.wistia.com\/embed\/medias\/s4677rzc13\/swatch\" style=\"height:100%;width:100%\" alt=\"\" aria-hidden=\"true\" \/><\/div>\n<\/div>\n<\/div>\n<\/div>\n<\/div>\n<\/div>\n<div class=\"fw-row\">\n<div class=\"fw-col-xs-12\">\n<div class=\"fw-divider-space\" style=\"padding-top: 50px\"><\/div>\n<\/div>\n<\/div><\/div>\n<\/section>\n<section class=\"fw-main-row\" id=\"wistia_custom_height\">\n<div class=\"fw-container\">\n<div class=\"fw-row\">\n<div class=\"fw-col-xs-12 fw-col-sm-4\">\n<div class=\"wistia_responsive_padding\" style=\"padding:56.25% 0 0 0\">\n<div class=\"wistia_responsive_wrapper\" style=\"height:100%;width:100%\">\n<div class=\"wistia_embed wistia_async_aipuo5u5ux seo=false videoFoam=true\" style=\"height:100%;width:100%\">\n<div class=\"wistia_swatch\" style=\"height:100%;overflow:hidden;width:100%\"><img decoding=\"async\" src=\"https:\/\/fast.wistia.com\/embed\/medias\/aipuo5u5ux\/swatch\" style=\"height:100%;width:100%\" alt=\"\" aria-hidden=\"true\" \/><\/div>\n<\/div>\n<\/div>\n<\/div>\n<\/div>\n<div class=\"fw-col-xs-12 fw-col-sm-4\">\n<div class=\"wistia_responsive_padding\" style=\"padding:56.25% 0 0 0\">\n<div class=\"wistia_responsive_wrapper\" style=\"height:100%;width:100%\">\n<div class=\"wistia_embed wistia_async_25ijyedlps seo=false videoFoam=true\" style=\"height:100%;width:100%\">\n<div class=\"wistia_swatch\" style=\"height:100%;overflow:hidden;width:100%\"><img decoding=\"async\" src=\"https:\/\/fast.wistia.com\/embed\/medias\/25ijyedlps\/swatch\" style=\"height:100%;width:100%\" alt=\"\" aria-hidden=\"true\" \/><\/div>\n<\/div>\n<\/div>\n<\/div>\n<\/div>\n<div class=\"fw-col-xs-12 fw-col-sm-4\">\n<div class=\"wistia_responsive_padding\" style=\"padding: 66.56% 0 0 0\">\n<div class=\"wistia_responsive_wrapper\" style=\"max-height: 203px;height: 100%;width: 100%\">\n<div class=\"wistia_embed wistia_async_fibrbpzlfu seo=false videoFoam=true\" style=\"max-height: 203px;height: 100%;width: 100%\">\n<div class=\"wistia_swatch\" style=\"height: 100%;overflow: hidden;width: 100%\"><img decoding=\"async\" style=\"max-height: 203px;height: 100%;width: 100%\" src=\"https:\/\/fast.wistia.com\/embed\/medias\/fibrbpzlfu\/swatch\" alt=\"\" aria-hidden=\"true\" \/><\/div>\n<\/div>\n<\/div>\n<\/div>\n<\/div>\n<\/div>\n<div class=\"fw-row\">\n<div class=\"fw-col-xs-12\">\n<div class=\"fw-divider-space\" style=\"padding-top: 50px\"><\/div>\n<\/div>\n<\/div><\/div>\n<\/section>\n<section class=\"fw-main-row\" id=\"wistia_custom_height\">\n<div class=\"fw-container\">\n<div class=\"fw-row\">\n<div class=\"fw-col-xs-12 fw-col-sm-4\">\n<div class=\"wistia_responsive_padding\" style=\"padding:56.25% 0 0 0\">\n<div class=\"wistia_responsive_wrapper\" style=\"height:100%;width:100%\">\n<div class=\"wistia_embed wistia_async_c8hd3xlhe4 seo=false videoFoam=true\" style=\"height:100%;width:100%\">\n<div class=\"wistia_swatch\" style=\"height:100%;overflow:hidden;width:100%\"><img decoding=\"async\" src=\"https:\/\/fast.wistia.com\/embed\/medias\/c8hd3xlhe4\/swatch\" style=\"height:100%;width:100%\" alt=\"\" aria-hidden=\"true\" \/><\/div>\n<\/div>\n<\/div>\n<\/div>\n<\/div>\n<div class=\"fw-col-xs-12 fw-col-sm-4\">\n<div class=\"wistia_responsive_padding\" style=\"padding:56.25% 0 0 0\">\n<div class=\"wistia_responsive_wrapper\" style=\"height:100%;width:100%\">\n<div class=\"wistia_embed wistia_async_pmkjw0qa7g seo=false videoFoam=true\" style=\"height:100%;width:100%\">\n<div class=\"wistia_swatch\" style=\"height:100%;overflow:hidden;width:100%\"><img decoding=\"async\" src=\"https:\/\/fast.wistia.com\/embed\/medias\/pmkjw0qa7g\/swatch\" style=\"height:100%;width:100%\" alt=\"\" aria-hidden=\"true\" \/><\/div>\n<\/div>\n<\/div>\n<\/div>\n<\/div>\n<div class=\"fw-col-xs-12 fw-col-sm-4\">\n<div class=\"wistia_responsive_padding\" style=\"padding:66.56% 0 0 0\">\n<div class=\"wistia_responsive_wrapper\" style=\"height:100%;width:100%\">\n<div class=\"wistia_embed wistia_async_yidwfl0mes seo=false videoFoam=true\" style=\"height:100%;width:100%\">\n<div class=\"wistia_swatch\" style=\"height:100%;overflow:hidden;width:100%\"><img decoding=\"async\" src=\"https:\/\/fast.wistia.com\/embed\/medias\/yidwfl0mes\/swatch\" style=\"height:100%;width:100%\" alt=\"\" aria-hidden=\"true\" \/><\/div>\n<\/div>\n<\/div>\n<\/div>\n<\/div>\n<\/div>\n<div class=\"fw-row\">\n<div class=\"fw-col-xs-12\">\n<div class=\"fw-divider-space\" style=\"padding-top: 50px\"><\/div>\n<\/div>\n<\/div><\/div>\n<\/section>\n<section class=\"fw-main-row\" id=\"wistia_custom_height\">\n<div class=\"fw-container\">\n<div class=\"fw-row\">\n<div class=\"fw-col-xs-12 fw-col-sm-4\">\n<div class=\"wistia_responsive_padding\" style=\"padding:56.25% 0 0 0\">\n<div class=\"wistia_responsive_wrapper\" style=\"height:100%;width:100%\">\n<div class=\"wistia_embed wistia_async_obnogaz6fr seo=false videoFoam=true\" style=\"height:100%;width:100%\">\n<div class=\"wistia_swatch\" style=\"height:100%;overflow:hidden;width:100%\"><img decoding=\"async\" src=\"https:\/\/fast.wistia.com\/embed\/medias\/obnogaz6fr\/swatch\" style=\"height:100%;width:100%\" alt=\"\" aria-hidden=\"true\" \/><\/div>\n<\/div>\n<\/div>\n<\/div>\n<\/div>\n<div class=\"fw-col-xs-12 fw-col-sm-4\">\n<div class=\"wistia_responsive_padding\" style=\"padding:66.56% 0 0 0\">\n<div class=\"wistia_responsive_wrapper\" style=\"height:100%;width:100%\">\n<div class=\"wistia_embed wistia_async_3wt1ps34lh seo=false videoFoam=true\" style=\"height:100%;width:100%\">\n<div class=\"wistia_swatch\" style=\"height:100%;overflow:hidden;width:100%\"><img decoding=\"async\" src=\"https:\/\/fast.wistia.com\/embed\/medias\/3wt1ps34lh\/swatch\" style=\"height:100%;width:100%\" alt=\"\" aria-hidden=\"true\" \/><\/div>\n<\/div>\n<\/div>\n<\/div>\n<\/div>\n<div class=\"fw-col-xs-12 fw-col-sm-4\">\n<div class=\"wistia_responsive_padding\" style=\"padding:66.56% 0 0 0\">\n<div class=\"wistia_responsive_wrapper\" style=\"height:100%;width:100%\">\n<div class=\"wistia_embed wistia_async_kje5bl9z6r seo=false videoFoam=true\" style=\"height:100%;width:100%\">\n<div class=\"wistia_swatch\" style=\"height:100%;overflow:hidden;width:100%\"><img decoding=\"async\" src=\"https:\/\/fast.wistia.com\/embed\/medias\/kje5bl9z6r\/swatch\" style=\"height:100%;width:100%\" alt=\"\" aria-hidden=\"true\" \/><\/div>\n<\/div>\n<\/div>\n<\/div>\n<\/div>\n<\/div>\n<div class=\"fw-row\">\n<div class=\"fw-col-xs-12\">\n<div class=\"fw-divider-space\" style=\"padding-top: 50px\"><\/div>\n<\/div>\n<\/div><\/div>\n<\/section>\n<section class=\"fw-main-row\" id=\"wistia_custom_height\">\n<div class=\"fw-container\">\n<div class=\"fw-row\">\n<div class=\"fw-col-xs-12 fw-col-sm-4\">\n<div class=\"wistia_responsive_padding\" style=\"padding:56.25% 0 0 0\">\n<div class=\"wistia_responsive_wrapper\" style=\"height:100%;width:100%\">\n<div class=\"wistia_embed wistia_async_vgxy11sibm seo=false videoFoam=true\" style=\"height:100%;width:100%\">\n<div class=\"wistia_swatch\" style=\"height:100%;overflow:hidden;width:100%\"><img decoding=\"async\" src=\"https:\/\/fast.wistia.com\/embed\/medias\/vgxy11sibm\/swatch\" style=\"height:100%;width:100%\" alt=\"\" aria-hidden=\"true\" \/><\/div>\n<\/div>\n<\/div>\n<\/div>\n<\/div>\n<div class=\"fw-col-xs-12 fw-col-sm-4\">\n\t<\/div>\n<div class=\"fw-col-xs-12 fw-col-sm-4\">\n\t<\/div>\n<\/div>\n<div class=\"fw-row\">\n<div class=\"fw-col-xs-12\">\n<div class=\"fw-divider-space\" style=\"padding-top: 50px\"><\/div>\n<\/div>\n<\/div><\/div>\n<\/section>\n<div class=\"fw-main-row\">\n<div class=\"fw-container no-padding\">\n<div class=\"fw-row\">\n<div class=\"fw-col-xs-12\">\n<h3 style=\"text-align: center\"><strong>\u00danase a nosotras para una pr\u00f3xima experiencia educativa<\/strong><\/h3>\n<div class=\"fw-divider-space\" style=\"padding-top: 40px\"><\/div>\n<p><p class=\"post-content\">\u00bfSientes que lo has intentado todo para adelgazar? \u00bfYa se someti\u00f3 a una cirug\u00eda de p\u00e9rdida de peso sin \u00e9xito? El Dr. Michael Feiz y su equipo le proporcionar\u00e1n toda la informaci\u00f3n y los recursos que necesita para tomar una decisi\u00f3n informada sobre la cirug\u00eda para bajar de peso. Aunque los detalles var\u00edan de un paciente a otro, estaremos con usted en cada paso del camino. De la cirug\u00eda\u2014&gt; a la recuperaci\u00f3n\u2014&gt; \u00a1a un estilo de vida saludable permanente!<\/p>\n<\/p>\n<p><p class=\"post-content\"><strong>Fill out the form below -&gt;<\/strong> We will coordinate a time and location that best fits your needs. We can't wait to meet you.<\/p>\n<\/p>\n<\/div>\n<\/div>\n<div class=\"fw-row\">\n<div class=\"fw-col-xs-12 fw-col-sm-6\">\n<div class=\"fw-divider-space\" style=\"padding-top: 30px\"><\/div>\n<p><\/p>\n<div class=\"fw-divider-space\" style=\"padding-top: 50px\"><\/div>\n<\/div>\n<div class=\"fw-col-xs-12 fw-col-sm-6\">\n<div class=\"fw-divider-space\" style=\"padding-top: 70px\"><\/div>\n<p><img decoding=\"async\" src=\"\/\/drfeiz.com\/wp-content\/uploads\/2019\/03\/featuredimage.png\" alt=\"\/\/drfeiz.com\/wp-content\/uploads\/2019\/03\/featuredimage.png\" \/><\/p>\n<div class=\"fw-divider-space\" style=\"padding-top: 50px\"><\/div>\n<\/div>\n<\/div>\n<div class=\"fw-row\">\n<div class=\"fw-col-xs-12 fw-col-sm-4\">\n<div class=\"shortcode-widget-area\"><\/div>\n<div class=\"shortcode-widget-area\"><\/div>\n<\/div>\n<\/div><\/div>\n<\/div>\n<p><!-- 1375c95fce4bf7572c80238d9e5ea43a --><\/p>","protected":false},"excerpt":{"rendered":"<p>&nbsp; Watch Real Stories of Health Transformation Join Us for an Upcoming Educational Experience Do you feel like you have tried everything to lose weight? Have you already had an unsuccessful weight loss surgery? Dr. Michael Feiz and his team will provide you with all the information and resources you need to make an educated [&hellip;]<\/p>\n","protected":false},"author":19,"featured_media":0,"parent":0,"menu_order":570,"comment_status":"closed","ping_status":"closed","template":"page-landing.php","meta":{"footnotes":""},"class_list":["post-881","page","type-page","status-publish","hentry"],"yoast_head":"<!-- This site is optimized with the Yoast SEO plugin v27.5 - https:\/\/yoast.com\/product\/yoast-seo-wordpress\/ -->\n<title>Patients Videos | Watch Real Stories of Health Transformation | Dr.Feiz<\/title>\n<meta name=\"description\" content=\"Looking to get weight loss surgery? Start your new life with us today! Click to see our patients videos &amp; their stories of transformation.\" \/>\n<meta name=\"robots\" content=\"index, follow, max-snippet:-1, max-image-preview:large, max-video-preview:-1\" \/>\n<link rel=\"canonical\" href=\"https:\/\/drfeiz.com\/es\/patients-videos.html\/\" \/>\n<meta property=\"og:locale\" content=\"es_ES\" \/>\n<meta property=\"og:type\" content=\"article\" \/>\n<meta property=\"og:title\" content=\"Patients Videos | Watch Real Stories of Health Transformation | Dr.Feiz\" \/>\n<meta property=\"og:description\" content=\"Looking to get weight loss surgery? Start your new life with us today! Click to see our patients videos &amp; their stories of transformation.\" \/>\n<meta property=\"og:url\" content=\"https:\/\/drfeiz.com\/es\/patients-videos.html\/\" \/>\n<meta property=\"og:site_name\" content=\"Weight Loss Surgery Los Angeles | Bariatric Surgeon &amp; Weight Loss Surgery\" \/>\n<meta property=\"article:publisher\" content=\"https:\/\/www.facebook.com\/DrFeiz\/\" \/>\n<meta property=\"article:modified_time\" content=\"2021-06-21T10:13:03+00:00\" \/>\n<meta property=\"og:image\" content=\"https:\/\/fast.wistia.com\/embed\/medias\/48iau7ghoq\/swatch\" \/>\n<meta name=\"twitter:card\" content=\"summary_large_image\" \/>\n<meta name=\"twitter:site\" content=\"@DrFeiz\" \/>\n<meta name=\"twitter:label1\" content=\"Tiempo de lectura\" \/>\n\t<meta name=\"twitter:data1\" content=\"1 minuto\" \/>\n<!-- \/ Yoast SEO plugin. -->","yoast_head_json":{"title":"Patients Videos | Watch Real Stories of Health Transformation | Dr.Feiz","description":"Looking to get weight loss surgery? Start your new life with us today! Click to see our patients videos & their stories of transformation.","robots":{"index":"index","follow":"follow","max-snippet":"max-snippet:-1","max-image-preview":"max-image-preview:large","max-video-preview":"max-video-preview:-1"},"canonical":"https:\/\/drfeiz.com\/es\/patients-videos.html\/","og_locale":"es_ES","og_type":"article","og_title":"Patients Videos | Watch Real Stories of Health Transformation | Dr.Feiz","og_description":"Looking to get weight loss surgery? Start your new life with us today! Click to see our patients videos & their stories of transformation.","og_url":"https:\/\/drfeiz.com\/es\/patients-videos.html\/","og_site_name":"Weight Loss Surgery Los Angeles | Bariatric Surgeon &amp; Weight Loss Surgery","article_publisher":"https:\/\/www.facebook.com\/DrFeiz\/","article_modified_time":"2021-06-21T10:13:03+00:00","og_image":[{"url":"https:\/\/fast.wistia.com\/embed\/medias\/48iau7ghoq\/swatch","type":"","width":"","height":""}],"twitter_card":"summary_large_image","twitter_site":"@DrFeiz","twitter_misc":{"Tiempo de lectura":"1 minuto"},"schema":{"@context":"https:\/\/schema.org","@graph":[{"@type":"WebPage","@id":"https:\/\/drfeiz.com\/patients-videos.html","url":"https:\/\/drfeiz.com\/patients-videos.html","name":"Patients Videos | Watch Real Stories of Health Transformation | Dr.Feiz","isPartOf":{"@id":"https:\/\/drfeiz.com\/#website"},"primaryImageOfPage":{"@id":"https:\/\/drfeiz.com\/patients-videos.html#primaryimage"},"image":{"@id":"https:\/\/drfeiz.com\/patients-videos.html#primaryimage"},"thumbnailUrl":"https:\/\/fast.wistia.com\/embed\/medias\/48iau7ghoq\/swatch","datePublished":"2009-07-31T18:09:19+00:00","dateModified":"2021-06-21T10:13:03+00:00","description":"Looking to get weight loss surgery? Start your new life with us today! Click to see our patients videos & their stories of transformation.","breadcrumb":{"@id":"https:\/\/drfeiz.com\/patients-videos.html#breadcrumb"},"inLanguage":"es","potentialAction":[{"@type":"ReadAction","target":["https:\/\/drfeiz.com\/patients-videos.html"]}]},{"@type":"ImageObject","inLanguage":"es","@id":"https:\/\/drfeiz.com\/patients-videos.html#primaryimage","url":"https:\/\/fast.wistia.com\/embed\/medias\/48iau7ghoq\/swatch","contentUrl":"https:\/\/fast.wistia.com\/embed\/medias\/48iau7ghoq\/swatch"},{"@type":"BreadcrumbList","@id":"https:\/\/drfeiz.com\/patients-videos.html#breadcrumb","itemListElement":[{"@type":"ListItem","position":1,"name":"Home","item":"https:\/\/drfeiz.com\/"},{"@type":"ListItem","position":2,"name":"Patients Videos"}]},{"@type":"WebSite","@id":"https:\/\/drfeiz.com\/#website","url":"https:\/\/drfeiz.com\/","name":"Weight Loss Surgery Los Angeles | Bariatric Surgeon &amp; Weight Loss Surgery","description":"Gastric Sleeve Gastrectomy in Los Angeles","potentialAction":[{"@type":"SearchAction","target":{"@type":"EntryPoint","urlTemplate":"https:\/\/drfeiz.com\/?s={search_term_string}"},"query-input":{"@type":"PropertyValueSpecification","valueRequired":true,"valueName":"search_term_string"}}],"inLanguage":"es"}]}},"_links":{"self":[{"href":"https:\/\/drfeiz.com\/es\/wp-json\/wp\/v2\/pages\/881","targetHints":{"allow":["GET"]}}],"collection":[{"href":"https:\/\/drfeiz.com\/es\/wp-json\/wp\/v2\/pages"}],"about":[{"href":"https:\/\/drfeiz.com\/es\/wp-json\/wp\/v2\/types\/page"}],"author":[{"embeddable":true,"href":"https:\/\/drfeiz.com\/es\/wp-json\/wp\/v2\/users\/19"}],"replies":[{"embeddable":true,"href":"https:\/\/drfeiz.com\/es\/wp-json\/wp\/v2\/comments?post=881"}],"version-history":[{"count":54,"href":"https:\/\/drfeiz.com\/es\/wp-json\/wp\/v2\/pages\/881\/revisions"}],"predecessor-version":[{"id":10416,"href":"https:\/\/drfeiz.com\/es\/wp-json\/wp\/v2\/pages\/881\/revisions\/10416"}],"wp:attachment":[{"href":"https:\/\/drfeiz.com\/es\/wp-json\/wp\/v2\/media?parent=881"}],"curies":[{"name":"wp","href":"https:\/\/api.w.org\/{rel}","templated":true}]}}