{"id":882,"date":"2009-08-06T17:57:42","date_gmt":"2009-08-06T17:57:42","guid":{"rendered":"http:\/\/drfeiz.flywheelsites.com\/office-locations-a-maps\/"},"modified":"2025-09-17T21:01:30","modified_gmt":"2025-09-17T21:01:30","slug":"office-locations-a-maps","status":"publish","type":"page","link":"https:\/\/drfeiz.com\/es\/office-locations-a-maps.html","title":{"rendered":"Office Locations &#038; Maps"},"content":{"rendered":"<section class=\"fw-main-row\">\n<div class=\"fw-container\">\n<div class=\"fw-row\">\n<div class=\"fw-col-xs-12 fw-col-sm-4\">\n<div class=\"fw-divider-space\" style=\"padding-top: 50px;\"><\/div>\n<div style=\"text-align: center;\">\n<p><a class=\"button-style1\" style=\"width: 100%;\" href=\"\/es\/valencia-town-center.html\/\" target=\"_self\" rel=\"noopener noreferrer\">Valencia<\/a><\/p>\n<h4 class=\"h6\">24510 Town Center Drive, Suite 180, Valencia, CA, 91355<\/h4>\n<\/div>\n<div class=\"fw-divider-space\" style=\"padding-top: 50px;\"><\/div>\n<div style=\"text-align: center;\">\n<p><a class=\"button-style1\" style=\"width: 100%;\" href=\"#\" target=\"_self\" rel=\"noopener noreferrer\">Rancho Cucamonga<\/a><\/p>\n<h4 class=\"h6\">10841 White Oak Ave. #201\u00a0Rancho Cucamonga, CA 91730<\/h4>\n<\/div>\n<div class=\"fw-divider-space\" style=\"padding-top: 50px;\"><\/div>\n<\/div>\n<div class=\"fw-col-xs-12 fw-col-sm-4\">\n<div class=\"fw-divider-space\" style=\"padding-top: 50px;\"><\/div>\n<div style=\"text-align: center;\">\n<p><a class=\"button-style1\" style=\"width: 100%;\" href=\"\/es\/beverly-hills-roxbury.html\/\" target=\"_self\" rel=\"noopener noreferrer\">Beverly Hills<\/a><\/p>\n<h4 class=\"h6\">433 N Camden Drive, Suite 550, Beverly Hills, CA 90220<\/h4>\n<\/div>\n<div class=\"fw-divider-space\" style=\"padding-top: 50px;\"><\/div>\n<div style=\"text-align: center;\">\n<p><a class=\"button-style1\" style=\"width: 100%;\" href=\"\/es\/apple-valley.html\/\" target=\"_self\" rel=\"noopener noreferrer\">Apple Valley<\/a><\/p>\n<h4 class=\"h6\">12998 Hesperia Rd #101 Victorville, CA 92395<\/h4>\n<\/div>\n<div class=\"fw-divider-space\" style=\"padding-top: 50px;\"><\/div>\n<div style=\"text-align: center;\">\n<p><a class=\"button-style1\" style=\"width: 100%;\" href=\"\/es\/palmdale.html\/\" target=\"_self\" rel=\"noopener noreferrer\">Lancaster\/ Palmdale<\/a><\/p>\n<h4 class=\"h6\">41210 11th Street West, Suite A, Palmdale, CA, 93551<\/h4>\n<\/div>\n<\/div>\n<div class=\"fw-col-xs-12 fw-col-sm-4\">\n<p style=\"text-align: center;\">Llama ahora<br \/>\n310-817-6911 \/ 800-868-5946<\/p>\n<p style=\"text-align: left;\">Junto con las ubicaciones a la izquierda, tambi\u00e9n atendemos a pacientes en el condado de Orange y m\u00e1s.<br \/>\nPara solicitar informaci\u00f3n sobre una ubicaci\u00f3n espec\u00edfica que no figura en la lista anterior, comun\u00edquese con nosotros.<\/p>\n<div class=\"shortcode-widget-area\">\n<div class=\"textwidget custom-html-widget\">\n<p><a id=\"formAnchor653218838\" name=\"form653218838\"><\/a><\/p>\n<\/div>\n<\/div>\n<\/div>\n<\/div>\n<\/div>\n<\/section>\n<p><!-- e2740393decef64dc7bf6d52da33dec0 --><\/p>","protected":false},"excerpt":{"rendered":"<p>Valencia 24510 Town Center Drive, Suite 180, Valencia, CA, 91355 Rancho Cucamonga 10841 White Oak Ave. #201\u00a0Rancho Cucamonga, CA 91730 Beverly Hills 433 N Camden Drive, Suite 550, Beverly Hills, CA 90220 Apple Valley 12998 Hesperia Rd #101 Victorville, CA 92395 Lancaster\/ Palmdale 41210 11th Street West, Suite A, Palmdale, CA, 93551 Call Now 310-817-6911 [&hellip;]<\/p>\n","protected":false},"author":19,"featured_media":0,"parent":0,"menu_order":22,"comment_status":"closed","ping_status":"closed","template":"page-landing.php","meta":{"footnotes":""},"class_list":["post-882","page","type-page","status-publish","hentry"],"yoast_head":"<!-- This site is optimized with the Yoast SEO plugin v27.5 - https:\/\/yoast.com\/product\/yoast-seo-wordpress\/ -->\n<title>Office Locations &amp; Maps - Weight Loss Surgery Los Angeles | Bariatric Surgeon &amp; Weight Loss Surgery<\/title>\n<meta name=\"robots\" content=\"index, follow, max-snippet:-1, max-image-preview:large, max-video-preview:-1\" \/>\n<link rel=\"canonical\" href=\"https:\/\/drfeiz.com\/es\/office-locations-a-maps.html\/\" \/>\n<meta property=\"og:locale\" content=\"es_ES\" \/>\n<meta property=\"og:type\" content=\"article\" \/>\n<meta property=\"og:title\" content=\"Office Locations &amp; Maps - Weight Loss Surgery Los Angeles | Bariatric Surgeon &amp; Weight Loss Surgery\" \/>\n<meta property=\"og:description\" content=\"Valencia 24510 Town Center Drive, Suite 180, Valencia, CA, 91355 Rancho Cucamonga 10841 White Oak Ave. #201\u00a0Rancho Cucamonga, CA 91730 Beverly Hills 433 N Camden Drive, Suite 550, Beverly Hills, CA 90220 Apple Valley 12998 Hesperia Rd #101 Victorville, CA 92395 Lancaster\/ Palmdale 41210 11th Street West, Suite A, Palmdale, CA, 93551 Call Now 310-817-6911 [&hellip;]\" \/>\n<meta property=\"og:url\" content=\"https:\/\/drfeiz.com\/es\/office-locations-a-maps.html\/\" \/>\n<meta property=\"og:site_name\" content=\"Weight Loss Surgery Los Angeles | Bariatric Surgeon &amp; Weight Loss Surgery\" \/>\n<meta property=\"article:publisher\" content=\"https:\/\/www.facebook.com\/DrFeiz\/\" \/>\n<meta property=\"article:modified_time\" content=\"2025-09-17T21:01:30+00:00\" \/>\n<meta name=\"twitter:card\" content=\"summary_large_image\" \/>\n<meta name=\"twitter:site\" content=\"@DrFeiz\" \/>\n<meta name=\"twitter:label1\" content=\"Tiempo de lectura\" \/>\n\t<meta name=\"twitter:data1\" content=\"1 minuto\" \/>\n<!-- \/ Yoast SEO plugin. -->","yoast_head_json":{"title":"Office Locations & Maps - Weight Loss Surgery Los Angeles | Bariatric Surgeon &amp; Weight Loss Surgery","robots":{"index":"index","follow":"follow","max-snippet":"max-snippet:-1","max-image-preview":"max-image-preview:large","max-video-preview":"max-video-preview:-1"},"canonical":"https:\/\/drfeiz.com\/es\/office-locations-a-maps.html\/","og_locale":"es_ES","og_type":"article","og_title":"Office Locations & Maps - Weight Loss Surgery Los Angeles | Bariatric Surgeon &amp; Weight Loss Surgery","og_description":"Valencia 24510 Town Center Drive, Suite 180, Valencia, CA, 91355 Rancho Cucamonga 10841 White Oak Ave. #201\u00a0Rancho Cucamonga, CA 91730 Beverly Hills 433 N Camden Drive, Suite 550, Beverly Hills, CA 90220 Apple Valley 12998 Hesperia Rd #101 Victorville, CA 92395 Lancaster\/ Palmdale 41210 11th Street West, Suite A, Palmdale, CA, 93551 Call Now 310-817-6911 [&hellip;]","og_url":"https:\/\/drfeiz.com\/es\/office-locations-a-maps.html\/","og_site_name":"Weight Loss Surgery Los Angeles | Bariatric Surgeon &amp; Weight Loss Surgery","article_publisher":"https:\/\/www.facebook.com\/DrFeiz\/","article_modified_time":"2025-09-17T21:01:30+00:00","twitter_card":"summary_large_image","twitter_site":"@DrFeiz","twitter_misc":{"Tiempo de lectura":"1 minuto"},"schema":{"@context":"https:\/\/schema.org","@graph":[{"@type":"WebPage","@id":"https:\/\/drfeiz.com\/office-locations-a-maps.html","url":"https:\/\/drfeiz.com\/office-locations-a-maps.html","name":"Office Locations & Maps - Weight Loss Surgery Los Angeles | Bariatric Surgeon &amp; Weight Loss Surgery","isPartOf":{"@id":"https:\/\/drfeiz.com\/#website"},"datePublished":"2009-08-06T17:57:42+00:00","dateModified":"2025-09-17T21:01:30+00:00","breadcrumb":{"@id":"https:\/\/drfeiz.com\/office-locations-a-maps.html#breadcrumb"},"inLanguage":"es","potentialAction":[{"@type":"ReadAction","target":["https:\/\/drfeiz.com\/office-locations-a-maps.html"]}]},{"@type":"BreadcrumbList","@id":"https:\/\/drfeiz.com\/office-locations-a-maps.html#breadcrumb","itemListElement":[{"@type":"ListItem","position":1,"name":"Home","item":"https:\/\/drfeiz.com\/"},{"@type":"ListItem","position":2,"name":"Office Locations &#038; Maps"}]},{"@type":"WebSite","@id":"https:\/\/drfeiz.com\/#website","url":"https:\/\/drfeiz.com\/","name":"Weight Loss Surgery Los Angeles | Bariatric Surgeon &amp; Weight Loss Surgery","description":"Gastric Sleeve Gastrectomy in Los Angeles","potentialAction":[{"@type":"SearchAction","target":{"@type":"EntryPoint","urlTemplate":"https:\/\/drfeiz.com\/?s={search_term_string}"},"query-input":{"@type":"PropertyValueSpecification","valueRequired":true,"valueName":"search_term_string"}}],"inLanguage":"es"}]}},"_links":{"self":[{"href":"https:\/\/drfeiz.com\/es\/wp-json\/wp\/v2\/pages\/882","targetHints":{"allow":["GET"]}}],"collection":[{"href":"https:\/\/drfeiz.com\/es\/wp-json\/wp\/v2\/pages"}],"about":[{"href":"https:\/\/drfeiz.com\/es\/wp-json\/wp\/v2\/types\/page"}],"author":[{"embeddable":true,"href":"https:\/\/drfeiz.com\/es\/wp-json\/wp\/v2\/users\/19"}],"replies":[{"embeddable":true,"href":"https:\/\/drfeiz.com\/es\/wp-json\/wp\/v2\/comments?post=882"}],"version-history":[{"count":20,"href":"https:\/\/drfeiz.com\/es\/wp-json\/wp\/v2\/pages\/882\/revisions"}],"predecessor-version":[{"id":10751,"href":"https:\/\/drfeiz.com\/es\/wp-json\/wp\/v2\/pages\/882\/revisions\/10751"}],"wp:attachment":[{"href":"https:\/\/drfeiz.com\/es\/wp-json\/wp\/v2\/media?parent=882"}],"curies":[{"name":"wp","href":"https:\/\/api.w.org\/{rel}","templated":true}]}}